{"id":5901,"date":"2024-09-19T19:23:09","date_gmt":"2024-09-19T17:23:09","guid":{"rendered":"https:\/\/topol.org.pl\/?page_id=5901"},"modified":"2025-02-24T15:40:50","modified_gmt":"2025-02-24T14:40:50","slug":"podroze-i-rejs-wlasnym-jachtem","status":"publish","type":"page","link":"https:\/\/topol.org.pl\/?page_id=5901","title":{"rendered":"Podr\u00f3\u017ce i rejs w\u0142asnym jachtem &#8222;Grot&#8221;"},"content":{"rendered":"\n<p>19.09.2024 19.21 <strong>Mie\u0107 marzenia. Mo\u017ce o podr\u00f3\u017cach i rejsie w\u0142asnym jachtem. Jacht nazw\u0119 &#8222;Grot&#8221;.<\/strong> <strong>Chcia\u0142bym upami\u0119tni\u0107 s\u0142awnego polskiego podr\u00f3\u017cnika <a href=\"https:\/\/pl.wikipedia.org\/wiki\/W%C5%82adys%C5%82aw_Wagner\">W\u0142adys\u0142awa Wagnera<\/a> kt\u00f3ry op\u0142yn\u0105\u0142 \u015bwiat dooko\u0142a na jachcie &#8222;Zjawa&#8221;.<\/strong> <strong>19 marca 1932 r. jacht&nbsp;<em>Zjawa<\/em>&nbsp;zosta\u0142 zwodowany.<\/strong><\/p>\n\n\n\n<p><strong>K\u0105pielisko Lubianka im. W\u0142adys\u0142awa Wagnera<\/strong> w Starachowicach.<\/p>\n\n\n\n<p>Verte &gt;<a href=\"https:\/\/topol.org.pl\/?page_id=6187\">Fundacja Narodowe Si\u0142y Samoobrony \u201eGrot\u201d<\/a><\/p>\n\n\n\n<p><\/p>\n","protected":false},"excerpt":{"rendered":"<p>19.09.2024 19.21 Mie\u0107 marzenia. Mo\u017ce o podr\u00f3\u017cach i rejsie w\u0142asnym jachtem. Jacht nazw\u0119 &#8222;Grot&#8221;. Chcia\u0142bym upami\u0119tni\u0107 s\u0142awnego polskiego podr\u00f3\u017cnika W\u0142adys\u0142awa Wagnera kt\u00f3ry op\u0142yn\u0105\u0142 \u015bwiat dooko\u0142a na jachcie &#8222;Zjawa&#8221;. 19 marca 1932 r. jacht&nbsp;Zjawa&nbsp;zosta\u0142 zwodowany. K\u0105pielisko Lubianka im. W\u0142adys\u0142awa Wagnera w Starachowicach. Verte &gt;Fundacja Narodowe Si\u0142y Samoobrony \u201eGrot\u201d<\/p>\n","protected":false},"author":1,"featured_media":0,"parent":0,"menu_order":209,"comment_status":"closed","ping_status":"closed","template":"","meta":{"footnotes":""},"class_list":["post-5901","page","type-page","status-publish","hentry"],"_links":{"self":[{"href":"https:\/\/topol.org.pl\/index.php?rest_route=\/wp\/v2\/pages\/5901","targetHints":{"allow":["GET"]}}],"collection":[{"href":"https:\/\/topol.org.pl\/index.php?rest_route=\/wp\/v2\/pages"}],"about":[{"href":"https:\/\/topol.org.pl\/index.php?rest_route=\/wp\/v2\/types\/page"}],"author":[{"embeddable":true,"href":"https:\/\/topol.org.pl\/index.php?rest_route=\/wp\/v2\/users\/1"}],"replies":[{"embeddable":true,"href":"https:\/\/topol.org.pl\/index.php?rest_route=%2Fwp%2Fv2%2Fcomments&post=5901"}],"version-history":[{"count":6,"href":"https:\/\/topol.org.pl\/index.php?rest_route=\/wp\/v2\/pages\/5901\/revisions"}],"predecessor-version":[{"id":7140,"href":"https:\/\/topol.org.pl\/index.php?rest_route=\/wp\/v2\/pages\/5901\/revisions\/7140"}],"wp:attachment":[{"href":"https:\/\/topol.org.pl\/index.php?rest_route=%2Fwp%2Fv2%2Fmedia&parent=5901"}],"curies":[{"name":"wp","href":"https:\/\/api.w.org\/{rel}","templated":true}]}}