{"id":5946,"date":"2024-09-22T08:10:09","date_gmt":"2024-09-22T06:10:09","guid":{"rendered":"https:\/\/topol.org.pl\/?page_id=5946"},"modified":"2026-01-09T10:54:37","modified_gmt":"2026-01-09T09:54:37","slug":"jest-jak-proch-strzelniczy","status":"publish","type":"page","link":"https:\/\/topol.org.pl\/?page_id=5946","title":{"rendered":"\u201ejest jak proch strzelniczy\u201d."},"content":{"rendered":"\n<p>22.09.2024 08.11 Ta technologia \u201e<a href=\"https:\/\/cyfrowa.rp.pl\/technologie\/art41132931-ta-technologia-jest-jak-proch-strzelniczy-wojna-w-ukrainie-pokazala-jej-znaczenie\">jest jak proch strzelniczy<\/a>\u201d. \u0179r\u00f3d\u0142o: rp.pl<\/p>\n\n\n\n<p><strong>Drony i ich technologia to b\u0119dzie zmora ludzi.<\/strong><\/p>\n\n\n\n<p><strong>Jak mia\u0142em kilkana\u015bcie lat w latach 70 wymy\u015bli\u0142em <a href=\"https:\/\/sjp.pwn.pl\/slowniki\/pod%C5%9Bwiadomie\">pod\u015bwiadomie<\/a> drona, w moich za\u0142o\u017ceniach z dzieci\u0144stwa nie mia\u0142 dobrze s\u0142u\u017cy\u0107.<\/strong> <\/p>\n\n\n\n<p><strong>Ci\u0105gle bawili\u015bmy si\u0119 w wojn\u0119. Grali\u015bmy no\u017cem w &#8222;<a href=\"https:\/\/pl.wikipedia.org\/wiki\/Pikuty\">pikuty<\/a>&#8222;. Strzelali\u015bmy z procy* i \u0142uku*. Sami robili\u015bmy, budowali\u015bmy te\u017c sza\u0142as w lesie. Jak przyje\u017cd\u017ca\u0142em do dziadka na ca\u0142e wakacje, ganiali\u015bmy po podw\u00f3rku je\u017adzili\u015bmy na rowerze po ca\u0142ej okolicy, k\u0105pali\u015bmy si\u0119 w rzece. Ale podstaw\u0105 by\u0142y przygotowania do walki. Je\u017adzi\u0142em te\u017c na Wielkanoc, wtedy strzelali\u015bmy z 1 litrowej puszki. W puszce robi\u0142em otw\u00f3r od spodu. Wrzuca\u0142em grudk\u0119 &#8222;<a href=\"https:\/\/pl.wikipedia.org\/wiki\/Acetylenek_wapnia\">karbidu<\/a>&#8222;, na karbid trzeba by\u0142 naplu\u0107. Zacz\u0105\u0142 wydziela\u0107 gaz. Wtedy puszk\u0119 zamyka\u0142em. K\u0142ad\u0142em j\u0105 na boku i przyciska\u0142em butem. Podpala\u0142em zapa\u0142k\u0119 i przystawia\u0142em do otworu w puszce. Nast\u0119powa\u0142 ogromny huk i dekiel z puszki lecia\u0142 na kilkana\u015bcie metr\u00f3w.<br>W czasie \u015awi\u0105t Bo\u017cego Narodzenia by\u0142o du\u017co \u015bniegu. Czyli wsz\u0119dzie zamarzni\u0119ta woda. Wtedy w kiosku by\u0142y <a href=\"https:\/\/allegro.pl\/oferta\/zapalki-sztormowe-militarne-survivalowe-14778697287?utm_feed=aa34192d-eee2-4419-9a9a-de66b9dfae24&amp;utm_source=google&amp;utm_medium=cpc&amp;utm_campaign=_uzsd_sport_turystyka_pla_pmax&amp;ev_campaign_id=17959731294&amp;gad_source=1&amp;gclid=Cj0KCQjwgL-3BhDnARIsAL6KZ68-AF6vLqpEK-95ogNkV8kNwYGJv4twVKYSEr-QEye0S1S7tQb8B6UaArQjEALw_wcB\">zapa\u0142ki &#8222;sztormowe&#8221;<\/a> z siark\u0105 na centymetr wzd\u0142u\u017c od \u0142epka zapa\u0142ki. Robili\u015bmy pistolet z dw\u00f3ch drewnianych spinaczy do bielizny. 3 elementy u\u0142o\u017cone w odpowiedni spos\u00f3b i czwarty do naci\u0105gania spr\u0119\u017cyny. Po naci\u0105gni\u0119ciu spr\u0119\u017cyny czwartym drewnianym elementem spinacza wk\u0142ada\u0142em zapa\u0142k\u0119 zbli\u017caj\u0105c do spr\u0119\u017cyny. Po naci\u015bni\u0119ciu spustu spr\u0119\u017cyny zapalona zapa\u0142ka lecia\u0142a na kilkadziesi\u0105t metr\u00f3w. Mo\u017cna by\u0142o strzela\u0107 w okresie \u015bwi\u0105tecznym zamiast pali\u0107 znicze.<br>Czwarty spos\u00f3b na wielki huk to dwie \u015bruby i nakr\u0119tka. Na \u015brub\u0119 10 mm. Nakr\u0119camy nakr\u0119tk\u0119 do po\u0142owy gwintu. Zeskrobujemy siark\u0119 z zapa\u0142ki sztormowej do otworu nakr\u0119tki. Drug\u0105 \u015brub\u0119 10 mm zakr\u0119camy z drugiej strony i \u015bciskamy siark\u0119 w \u015brodku. \u015arub\u0119 z wysoko\u015bci 1,5 metra spuszczamy w pionie. Uciekamy bo jak dotknie twardego betonu lub asfaltu to wybuchnie. Si\u0142a spalanej siarki i gaz\u00f3w rozkr\u0119ci \u015brub\u0119 i g\u00f3rny element mo\u017ce nas uderzy\u0107. Trzeba zachowa\u0107 ostro\u017cno\u015b\u0107 w czasie zabawy.<br>Dobr\u0105 zabaw\u0105 by\u0142o obieranie kork\u00f3w do korkowca, czasami przy nieostro\u017cnym obieraniu wypali\u0142 w palcach. W czasie obierania trzeba si\u0119 odwr\u00f3ci\u0107 i nie patrze\u0107 na korek. Wybuch mo\u017ce pozbawi\u0107 wzroku. Zabawy uczy\u0142y odpowiedzialno\u015bci, \u017ceby nikomu nie zrobi\u0107 krzywdy. Strza\u0142a wypuszczona z mojego \u0142uku lecia\u0142a na wysoko\u015b\u0107 i nie by\u0142a widoczna jak spada\u0142a trzeba by\u0142o si\u0119 schowa\u0107. <\/strong><a href=\"https:\/\/sjp.pwn.pl\/slowniki\/proc.\">Proca<\/a><strong>* to bro\u0144 z kt\u00f3rej mo\u017cna str\u0105ci\u0107 drona.<\/strong><\/p>\n\n\n\n<p>*<a href=\"https:\/\/sjp.pwn.pl\/sjp\/luk;2480150.html\">\u0142uk<\/a> \u00abbro\u0144 wyrzucaj\u0105ca strza\u0142y\u00bb<\/p>\n\n\n\n<p>*<a href=\"https:\/\/sjp.pwn.pl\/sjp\/proca;2508443.html\">proca<\/a> \u00abdawna my\u015bliwska i bojowa bro\u0144 miotaj\u0105ca w postaci z\u0142o\u017conego we dwoje rzemienia lub sznura\u00bb<\/p>\n\n\n\n<p>\u00abdrewniane wide\u0142ki z przymocowanymi do nich gumkami, u\u017cywane dla zabawy do strzelania kamykami lub walki\u00bb<\/p>\n\n\n\n<p>Verte ><a href=\"https:\/\/topol.org.pl\/?page_id=6187\">Fundacja Narodowe Si\u0142y Samoobrony \u201eGrot\u201d<\/a><\/p>\n","protected":false},"excerpt":{"rendered":"<p>22.09.2024 08.11 Ta technologia \u201ejest jak proch strzelniczy\u201d. \u0179r\u00f3d\u0142o: rp.pl Drony i ich technologia to b\u0119dzie zmora ludzi. Jak mia\u0142em kilkana\u015bcie lat w latach 70 wymy\u015bli\u0142em pod\u015bwiadomie drona, w moich za\u0142o\u017ceniach z dzieci\u0144stwa nie mia\u0142 dobrze s\u0142u\u017cy\u0107. Ci\u0105gle bawili\u015bmy si\u0119 w wojn\u0119. Grali\u015bmy no\u017cem w &#8222;pikuty&#8222;. Strzelali\u015bmy z procy* i \u0142uku*. Sami robili\u015bmy, budowali\u015bmy te\u017c [&hellip;]<\/p>\n","protected":false},"author":1,"featured_media":0,"parent":0,"menu_order":207,"comment_status":"closed","ping_status":"closed","template":"","meta":{"footnotes":""},"class_list":["post-5946","page","type-page","status-publish","hentry"],"_links":{"self":[{"href":"https:\/\/topol.org.pl\/index.php?rest_route=\/wp\/v2\/pages\/5946","targetHints":{"allow":["GET"]}}],"collection":[{"href":"https:\/\/topol.org.pl\/index.php?rest_route=\/wp\/v2\/pages"}],"about":[{"href":"https:\/\/topol.org.pl\/index.php?rest_route=\/wp\/v2\/types\/page"}],"author":[{"embeddable":true,"href":"https:\/\/topol.org.pl\/index.php?rest_route=\/wp\/v2\/users\/1"}],"replies":[{"embeddable":true,"href":"https:\/\/topol.org.pl\/index.php?rest_route=%2Fwp%2Fv2%2Fcomments&post=5946"}],"version-history":[{"count":19,"href":"https:\/\/topol.org.pl\/index.php?rest_route=\/wp\/v2\/pages\/5946\/revisions"}],"predecessor-version":[{"id":6442,"href":"https:\/\/topol.org.pl\/index.php?rest_route=\/wp\/v2\/pages\/5946\/revisions\/6442"}],"wp:attachment":[{"href":"https:\/\/topol.org.pl\/index.php?rest_route=%2Fwp%2Fv2%2Fmedia&parent=5946"}],"curies":[{"name":"wp","href":"https:\/\/api.w.org\/{rel}","templated":true}]}}