{"id":5980,"date":"2024-09-24T07:30:49","date_gmt":"2024-09-24T05:30:49","guid":{"rendered":"https:\/\/topol.org.pl\/?page_id=5980"},"modified":"2026-01-09T10:54:49","modified_gmt":"2026-01-09T09:54:49","slug":"do-rzeczy","status":"publish","type":"page","link":"https:\/\/topol.org.pl\/?page_id=5980","title":{"rendered":"OSP"},"content":{"rendered":"\n<p>16000 OSP system scentralizowany. <a href=\"https:\/\/pl.wikipedia.org\/wiki\/Ochotnicza_stra%C5%BC_po%C5%BCarna_w_Polsce\">Ochotnicza stra\u017c po\u017carna w Polsce.<\/a><\/p>\n\n\n\n<h6 class=\"wp-block-heading\"><a href=\"https:\/\/www.gov.pl\/web\/kgpsp\">Komenda G\u0142\u00f3wna<br>Pa\u0144stwowej Stra\u017cy Po\u017carnej<\/a><\/h6>\n\n\n\n<p><a href=\"https:\/\/remiza.com.pl\/\">Polski serwis po\u017carniczy.<\/a><\/p>\n\n\n\n<p><a href=\"https:\/\/www.gazetaprawna.pl\/praca\/artykuly\/9397281,pieniadze-i-obowiazki-w-osp-ile-zarabiaja-strazacy-ochotnicy.html\">Pieni\u0105dze i obowi\u0105zki w OSP. Ile zarabiaj\u0105 stra\u017cacy ochotnicy?<\/a><\/p>\n\n\n\n<h2 class=\"wp-block-heading\" id=\"ile-jest-osp-w-polsce\">Ile jest OSP w Polsce?<\/h2>\n\n\n\n<p>&#8222;Wed\u0142ug stanu umieszczonego na stronie Rady Ministr\u00f3w Krajowego Systemu Ratownictwa Ga\u015bniczego w\u0142\u0105czonych jest 4738 jednostek&nbsp;<strong>OSP<\/strong>. Ponadto w Polsce funkcjonuje r\u00f3wnie\u017c ponad 11 000 jednostek spoza systemu. \u0141\u0105cznie przy OSP dzia\u0142a prawie 700 000 os\u00f3b, spo\u015br\u00f3d kt\u00f3rych 228 394 stra\u017cak\u00f3w mo\u017ce bra\u0107 bezpo\u015brednio udzia\u0142 w akcjach ratowniczo-ga\u015bniczych&#8221;. \u0179r\u00f3d\u0142o: (<a href=\"https:\/\/www.gazetaprawna.pl\/\">gazetaprawna.pl)<\/a><\/p>\n\n\n\n<p><a href=\"https:\/\/www.copernicus.eu\/pl\">Program Copernicus<\/a> to&nbsp;<strong>unijny program obserwacji Ziemi, w ramach kt\u00f3rego analizuje si\u0119 nasz\u0105 planet\u0119 i jej \u015brodowisko, aby uzyska\u0107 maksymalne korzy\u015bci dla wszystkich obywateli Unii<\/strong>. W ramach programu dost\u0119pne s\u0105 us\u0142ugi informacji oparte na obserwacji satelitarnej Ziemi oraz dane in situ (inne ni\u017c dotycz\u0105ce kosmosu). \u0179r\u00f3d\u0142o: (<a href=\"https:\/\/www.copernicus.eu\/pl\">copernicus.eu\/pl<\/a>)<\/p>\n\n\n\n<p><strong>DOST\u0118P:&nbsp;<\/strong><a href=\"https:\/\/confluence.ecmwf.int\/display\/CEMS\/FTP\" target=\"_blank\" rel=\"noreferrer noopener\">Wi\u0119cej informacji<\/a>&nbsp;znajdziesz na stronie wiki dotycz\u0105cej dost\u0119pu do danych EFAS za po\u015brednictwem ftp \u0179r\u00f3d\u0142o: (<a href=\"https:\/\/confluence.ecmwf.int\/\">confluence.ecmwf.int\/<\/a>)<\/p>\n\n\n\n<p>Verte &gt;<a href=\"https:\/\/topol.org.pl\/?page_id=6187\">Fundacja Narodowe Si\u0142y Samoobrony \u201eGrot\u201d<\/a><\/p>\n\n\n\n<p><\/p>\n","protected":false},"excerpt":{"rendered":"<p>16000 OSP system scentralizowany. Ochotnicza stra\u017c po\u017carna w Polsce. Komenda G\u0142\u00f3wnaPa\u0144stwowej Stra\u017cy Po\u017carnej Polski serwis po\u017carniczy. Pieni\u0105dze i obowi\u0105zki w OSP. Ile zarabiaj\u0105 stra\u017cacy ochotnicy? Ile jest OSP w Polsce? &#8222;Wed\u0142ug stanu umieszczonego na stronie Rady Ministr\u00f3w Krajowego Systemu Ratownictwa Ga\u015bniczego w\u0142\u0105czonych jest 4738 jednostek&nbsp;OSP. Ponadto w Polsce funkcjonuje r\u00f3wnie\u017c ponad 11 000 jednostek spoza [&hellip;]<\/p>\n","protected":false},"author":1,"featured_media":0,"parent":0,"menu_order":210,"comment_status":"closed","ping_status":"closed","template":"","meta":{"footnotes":""},"class_list":["post-5980","page","type-page","status-publish","hentry"],"_links":{"self":[{"href":"https:\/\/topol.org.pl\/index.php?rest_route=\/wp\/v2\/pages\/5980","targetHints":{"allow":["GET"]}}],"collection":[{"href":"https:\/\/topol.org.pl\/index.php?rest_route=\/wp\/v2\/pages"}],"about":[{"href":"https:\/\/topol.org.pl\/index.php?rest_route=\/wp\/v2\/types\/page"}],"author":[{"embeddable":true,"href":"https:\/\/topol.org.pl\/index.php?rest_route=\/wp\/v2\/users\/1"}],"replies":[{"embeddable":true,"href":"https:\/\/topol.org.pl\/index.php?rest_route=%2Fwp%2Fv2%2Fcomments&post=5980"}],"version-history":[{"count":7,"href":"https:\/\/topol.org.pl\/index.php?rest_route=\/wp\/v2\/pages\/5980\/revisions"}],"predecessor-version":[{"id":6253,"href":"https:\/\/topol.org.pl\/index.php?rest_route=\/wp\/v2\/pages\/5980\/revisions\/6253"}],"wp:attachment":[{"href":"https:\/\/topol.org.pl\/index.php?rest_route=%2Fwp%2Fv2%2Fmedia&parent=5980"}],"curies":[{"name":"wp","href":"https:\/\/api.w.org\/{rel}","templated":true}]}}