{"id":6056,"date":"2024-09-26T06:45:54","date_gmt":"2024-09-26T04:45:54","guid":{"rendered":"https:\/\/topol.org.pl\/?page_id=6056"},"modified":"2026-01-09T10:57:40","modified_gmt":"2026-01-09T09:57:40","slug":"sdm","status":"publish","type":"page","link":"https:\/\/topol.org.pl\/?page_id=6056","title":{"rendered":"\u015aDM"},"content":{"rendered":"\n<p>24 wrze\u015bnia w Watkanie odby\u0142a si\u0119 wa\u017cna konferencja, dotycz\u0105ca <a href=\"https:\/\/sdmpolska.pl\/aktualnosci\/756,jakie-beda-sdm-w-korei-o-nadziejach-i-krzyzu-ktory-wkrotce-otrzymaja-mlodzi\">\u015aDM w Seulu<\/a>.<\/p>\n\n\n\n<p><a href=\"https:\/\/dorzeczy.pl\/opinie\/636694\/w-kosciele-synodalnym-jest-tylko-jeden-temat-gejowski-seks.html\">&#8222;<em>Teraz jako m\u0142odzi z Korei Po\u0142udniowej jeste\u015bmy zaproszeni do odnowy \u017cycia w duchu Synodu&#8221;.<\/em><\/a><\/p>\n\n\n\n<p>27.09.2024 16.48 <a href=\"https:\/\/dorzeczy.pl\/plus\/antysystem\/636094\/cejrowski-modle-sie-o-nawrocenie-franciszka-lisicki-reaguje.html\">Kiedy\u015b za\u0142atwi\u0142by to&nbsp;cesarz<\/a>.<\/p>\n\n\n\n<p>29.09.2024 11.57 <a href=\"https:\/\/dorzeczy.pl\/swiat\/638047\/louvain-la-neuve-papiez-franciszek-spotkal-sie-ze-studentami.html\">Louvain-la-Neuve: Papie\u017c spotka\u0142 si\u0119 ze&nbsp;studentami<\/a><\/p>\n\n\n\n<p>29.09.2024 11.58 <a href=\"https:\/\/dorzeczy.pl\/religia\/638098\/papiez-nieoczekiwanie-odwiedzil-festiwal-mlodziezy-w-brukseli.html\">Nieoczekiwana wizyta papie\u017ca Franciszka. &#8222;By\u0142a zapowiedziana w&nbsp;ostatniej chwili&#8221;<\/a><\/p>\n\n\n\n<p>04.10.2024 07.24 <a href=\"https:\/\/dorzeczy.pl\/swiat\/640036\/franciszek-oburzyl-premiera-belgii-poszlo-o-aborcje.html\">Papie\u017c w&nbsp;Belgii krytykowa\u0142 aborcj\u0119. Premier wezwa\u0142 na&nbsp;dywanik nuncjusza<\/a><\/p>\n\n\n\n<p>23.03.2025 16.16 <a href=\"https:\/\/www.youtube.com\/watch?v=w9x5zbHg0Ao\">Polityczne skutki idei \u0142aski i wolnej woli<\/a> &#8211; prof. Adam Wielomski<\/p>\n\n\n\n<p>Verte &gt;<a href=\"https:\/\/topol.org.pl\/?page_id=6187\">Fundacja Narodowe Si\u0142y Samoobrony \u201eGrot\u201d<\/a><\/p>\n\n\n\n<p><\/p>\n","protected":false},"excerpt":{"rendered":"<p>24 wrze\u015bnia w Watkanie odby\u0142a si\u0119 wa\u017cna konferencja, dotycz\u0105ca \u015aDM w Seulu. &#8222;Teraz jako m\u0142odzi z Korei Po\u0142udniowej jeste\u015bmy zaproszeni do odnowy \u017cycia w duchu Synodu&#8221;. 27.09.2024 16.48 Kiedy\u015b za\u0142atwi\u0142by to&nbsp;cesarz. 29.09.2024 11.57 Louvain-la-Neuve: Papie\u017c spotka\u0142 si\u0119 ze&nbsp;studentami 29.09.2024 11.58 Nieoczekiwana wizyta papie\u017ca Franciszka. &#8222;By\u0142a zapowiedziana w&nbsp;ostatniej chwili&#8221; 04.10.2024 07.24 Papie\u017c w&nbsp;Belgii krytykowa\u0142 aborcj\u0119. Premier [&hellip;]<\/p>\n","protected":false},"author":1,"featured_media":0,"parent":0,"menu_order":220,"comment_status":"closed","ping_status":"closed","template":"","meta":{"footnotes":""},"class_list":["post-6056","page","type-page","status-publish","hentry"],"_links":{"self":[{"href":"https:\/\/topol.org.pl\/index.php?rest_route=\/wp\/v2\/pages\/6056","targetHints":{"allow":["GET"]}}],"collection":[{"href":"https:\/\/topol.org.pl\/index.php?rest_route=\/wp\/v2\/pages"}],"about":[{"href":"https:\/\/topol.org.pl\/index.php?rest_route=\/wp\/v2\/types\/page"}],"author":[{"embeddable":true,"href":"https:\/\/topol.org.pl\/index.php?rest_route=\/wp\/v2\/users\/1"}],"replies":[{"embeddable":true,"href":"https:\/\/topol.org.pl\/index.php?rest_route=%2Fwp%2Fv2%2Fcomments&post=6056"}],"version-history":[{"count":11,"href":"https:\/\/topol.org.pl\/index.php?rest_route=\/wp\/v2\/pages\/6056\/revisions"}],"predecessor-version":[{"id":10678,"href":"https:\/\/topol.org.pl\/index.php?rest_route=\/wp\/v2\/pages\/6056\/revisions\/10678"}],"wp:attachment":[{"href":"https:\/\/topol.org.pl\/index.php?rest_route=%2Fwp%2Fv2%2Fmedia&parent=6056"}],"curies":[{"name":"wp","href":"https:\/\/api.w.org\/{rel}","templated":true}]}}