{"id":61,"date":"2023-10-13T07:15:25","date_gmt":"2023-10-13T05:15:25","guid":{"rendered":"https:\/\/topol.org.pl\/?page_id=61"},"modified":"2026-03-16T10:34:22","modified_gmt":"2026-03-16T09:34:22","slug":"historia-15","status":"publish","type":"page","link":"https:\/\/topol.org.pl\/?page_id=61","title":{"rendered":"Historia"},"content":{"rendered":"\n<p>5.06.2024 21.54 <a href=\"https:\/\/pl.wikipedia.org\/wiki\/Kronika_wielkopolska\">Kronika wielkopolska<\/a><\/p>\n\n\n\n<p><a href=\"https:\/\/books.google.pl\/books?id=k2xVAAAAcAAJ&amp;printsec=frontcover&amp;hl=pl#v=onepage&amp;q&amp;f=false\">Kronika Lechit\u00f3w i Polak\u00f3w autor Godzis\u0142aw Baszko<\/a><\/p>\n\n\n\n<p>02.05.2024 17.08 <a href=\"https:\/\/pl.wikipedia.org\/wiki\/Polanie_(plemi%C4%99_wschodnios%C5%82owia%C5%84skie)\">Polanie w <em>Powie\u015bci minionych lat<\/em><\/a><\/p>\n\n\n\n<p>02.04.2024 16.35 <a href=\"https:\/\/www.youtube.com\/watch?v=w0i-5wwu0xs\">Wi\u015blica<\/a><\/p>\n\n\n\n<p>30.03.2024 7.36 <a href=\"https:\/\/topol.org.pl\/wp-content\/uploads\/2024\/03\/Polska-za-panowania-Boleslawa-Chrobrego.webp\">Polskie Ziemie Zachodnie.<\/a> <a href=\"https:\/\/pl.wikipedia.org\/wiki\/S%C5%82owianie\">S\u0142owia\u0144szczyzna Zachodnia<\/a>. <a href=\"https:\/\/www.youtube.com\/watch?v=fob3jv-fvTs\">\u017beby znale\u017a\u0107 \u015blady trzeba kopa\u0107 g\u0142\u0119biej<\/a>.<\/p>\n\n\n\n<p>29.03.2024 6.31 <a href=\"https:\/\/www.onet.pl\/informacje\/onetwiadomosci\/polski-general-zginal-w-bieszczadach-wielka-zagadka-prl\/mkdvd9e,79cfc278\">Polski genera\u0142 zgin\u0105\u0142 w Bieszczadach. Dziura w plecach do dzisiaj budzi w\u0105tpliwo\u015bci<\/a><\/p>\n\n\n\n<p>25.03.2024 <a href=\"https:\/\/www.youtube.com\/watch?v=ESlBiJ63zhA\">Bez Ziem Zachodnich NIE MA POLSKI &#8211; dr Wojciech Lizak<\/a><\/p>\n\n\n\n<p><a href=\"https:\/\/topol.org.pl\/?page_id=192\">S\u0142owianie zajmowali ziemie do \u0141aby<\/a>. Przez ponad 1000 lat byli spychani przez Niemc\u00f3w na wsch\u00f3d. Ziemie do Odry s\u0105 w granicach jakie zajmowa\u0142 Piast Boles\u0142aw Chrobry. W tej chwili ziemie do Odry zamieszkuje ponad 10 mln. Polak\u00f3w.<\/p>\n\n\n\n<p>23.03.2024 <strong>Dariusz Goworek<\/strong><img decoding=\"async\" src=\"https:\/\/dorzeczy.pl\/_i\/flags\/pl.png\" alt=\"\"> dzisiaj 17:14 <a href=\"https:\/\/www.youtube.com\/watch?v=YlqtJk570LI\">Dlaczego ten film jest firmowany przez Ministra Kultury i&nbsp;Dziedzictwa Narodowego<\/a>. Mamy w&nbsp;tej chwili granice na&nbsp;ziemiach odwiecznie polskich. Film przedstawia to&nbsp;w&nbsp;inny spos\u00f3b. To&nbsp;zorganizowana akcja, kt\u00f3ra ma&nbsp;na&nbsp;celu <a href=\"https:\/\/rumble.com\/c\/c-1960254\">przywr\u00f3cenie granic 2RP<\/a>. <a href=\"https:\/\/www.youtube.com\/watch?v=e8fLhr-hid0\">Zawi\u0105za\u0142 si\u0119 spisek<\/a>. Wzywam Prezydenta, Premiera, Marsza\u0142ka i&nbsp;<a href=\"https:\/\/www.youtube.com\/watch?v=qLTyrh-aUr0\">Wicemarsza\u0142ka<\/a> <a href=\"https:\/\/dorzeczy.pl\/opinie\/565632\/kaczynski-ostrzega-to-bardzo-mocno-uderzy-w-polske.html\">do&nbsp;zawi\u0105zania komisji \u015bledczej w&nbsp;Sejmie<\/a>. <\/p>\n\n\n\n<p><a href=\"https:\/\/www.bibula.com\/?p=140512\">Reasumuj\u0105c<\/a>. Wy\u015bl\u0105 nas na wojn\u0119. Niemcy zajm\u0105 ziemie zachodnie, Ukraina zajmie ziemie 2RP. Wch\u0142onie nas Unia Europejska. <a href=\"https:\/\/dorzeczy.pl\/sondaz\/569139\/sondaz-euro-w-polsce-polacy-mowia-zdecydowane-nie.html\">Waluta cyfrowe euro<\/a>, wsp\u00f3lne si\u0142y zbrojne, wsp\u00f3lne prawodawstwo, Zielony \u0141ad. U nas b\u0119dzie wewn\u0119trzna wojna domowa. Taka <a href=\"https:\/\/www.youtube.com\/watch?v=6vO8j_NipjI\">nowa &#8222;wo\u0142ynka&#8221;<\/a>.<\/p>\n\n\n\n<figure class=\"wp-block-image size-full\"><img loading=\"lazy\" decoding=\"async\" width=\"840\" height=\"753\" src=\"https:\/\/topol.org.pl\/wp-content\/uploads\/2024\/03\/Polska-za-panowania-Boleslawa-Chrobrego.webp\" alt=\"\" class=\"wp-image-2040\" srcset=\"https:\/\/topol.org.pl\/wp-content\/uploads\/2024\/03\/Polska-za-panowania-Boleslawa-Chrobrego.webp 840w, https:\/\/topol.org.pl\/wp-content\/uploads\/2024\/03\/Polska-za-panowania-Boleslawa-Chrobrego-300x269.webp 300w, https:\/\/topol.org.pl\/wp-content\/uploads\/2024\/03\/Polska-za-panowania-Boleslawa-Chrobrego-768x688.webp 768w\" sizes=\"auto, (max-width: 840px) 100vw, 840px\" \/><\/figure>\n\n\n\n<p>23.03.2024 <a href=\"https:\/\/www.youtube.com\/watch?v=Kkn1XtjJeFE\">Zamek &#8211; 50 lat odbudowy<\/a> Pami\u0119tam taki <strong>Zamek Kr\u00f3lewski<\/strong><\/p>\n\n\n\n<p>Od imienia Warsz wzi\u0119\u0142a nazw\u0119 dzisiejsza stolica Polski. Nie zachowa\u0142 si\u0119 <a href=\"https:\/\/www.youtube.com\/watch?v=YtyeJJY21Vo\">dokument lokacyjny Warszawy<\/a>, mo\u017cna jednak s\u0105dzi\u0107, \u017ce miasto powsta\u0142o na prze\u0142omie XIII i XIV w., <a href=\"https:\/\/www.youtube.com\/watch?v=Rqub-fnlzaI\">kiedy uformowa\u0142a si\u0119 Stara Warszawa<\/a>. Nadana nazwa (pierwotnie Warszowa lub Warszewa) pochodzi od <a href=\"https:\/\/polona.pl\/item-view\/9806c562-f69f-4312-a0d6-c99c95b60ec4?page=429\">rycerza<\/a> z <a href=\"https:\/\/pl.wikipedia.org\/wiki\/Rawicz_(herb_szlachecki)\">rodu Rawicz\u00f3w<\/a> imieniem Warsz, do kt\u00f3rego nale\u017ca\u0142a wie\u015b z XII lub XIII w., le\u017c\u0105ca w obr\u0119bie dzisiejszego Mariensztatu. \u0179r\u00f3d\u0142o: podaj\u0105, \u017ce Warsz mieszka\u0142 w miejscu gdzie jest <a href=\"https:\/\/pl.wikipedia.org\/wiki\/Pa%C5%82ac_Pod_Blach%C4%85\">Pa\u0142ac Pod Blach\u0105<\/a><\/p>\n\n\n\n<figure class=\"wp-block-image size-full\"><a href=\"https:\/\/pl.wikipedia.org\/wiki\/Warsz\"><img loading=\"lazy\" decoding=\"async\" width=\"219\" height=\"239\" src=\"https:\/\/topol.org.pl\/wp-content\/uploads\/2024\/04\/Rawicz_stanica_runiczna.svg_.png\" alt=\"\" class=\"wp-image-2781\"\/><\/a><\/figure>\n\n\n\n<p>Imiona protoplast\u00f3w rodu to: Prandota, Goworek, Grot, Warsz. pochodz\u0105ce z czas\u00f3w monarch\u00f3w poga\u0144skich.<\/p>\n\n\n\n<figure class=\"wp-block-image size-full\"><a href=\"https:\/\/www.youtube.com\/watch?v=Kkn1XtjJeFE\"><img loading=\"lazy\" decoding=\"async\" width=\"1018\" height=\"498\" src=\"https:\/\/topol.org.pl\/wp-content\/uploads\/2024\/03\/Zamek-Krolewski-jaki-pamietam.jpg\" alt=\"\" class=\"wp-image-2027\" srcset=\"https:\/\/topol.org.pl\/wp-content\/uploads\/2024\/03\/Zamek-Krolewski-jaki-pamietam.jpg 1018w, https:\/\/topol.org.pl\/wp-content\/uploads\/2024\/03\/Zamek-Krolewski-jaki-pamietam-300x147.jpg 300w, https:\/\/topol.org.pl\/wp-content\/uploads\/2024\/03\/Zamek-Krolewski-jaki-pamietam-768x376.jpg 768w\" sizes=\"auto, (max-width: 1018px) 100vw, 1018px\" \/><\/a><\/figure>\n\n\n\n<p>22.03.2024 <a href=\"https:\/\/historia.dorzeczy.pl\/nowozytnosc\/565191\/jan-kazimierz-waza-wladca-nieszczesliwy-czy-nieudolny.html\">Rok 1657<\/a><\/p>\n\n\n\n<figure class=\"wp-block-image size-large\"><a href=\"https:\/\/www.youtube.com\/watch?v=FsV0Vuhm3zw\"><img loading=\"lazy\" decoding=\"async\" width=\"1024\" height=\"574\" src=\"https:\/\/topol.org.pl\/wp-content\/uploads\/2024\/03\/DLACZEGO-SZLACHTA-ZDRADZILA-PODCZAS-POTOPU-1657-1024x574.jpg\" alt=\"\" class=\"wp-image-2018\" srcset=\"https:\/\/topol.org.pl\/wp-content\/uploads\/2024\/03\/DLACZEGO-SZLACHTA-ZDRADZILA-PODCZAS-POTOPU-1657-1024x574.jpg 1024w, https:\/\/topol.org.pl\/wp-content\/uploads\/2024\/03\/DLACZEGO-SZLACHTA-ZDRADZILA-PODCZAS-POTOPU-1657-300x168.jpg 300w, https:\/\/topol.org.pl\/wp-content\/uploads\/2024\/03\/DLACZEGO-SZLACHTA-ZDRADZILA-PODCZAS-POTOPU-1657-768x431.jpg 768w, https:\/\/topol.org.pl\/wp-content\/uploads\/2024\/03\/DLACZEGO-SZLACHTA-ZDRADZILA-PODCZAS-POTOPU-1657.jpg 1279w\" sizes=\"auto, (max-width: 1024px) 100vw, 1024px\" \/><\/a><\/figure>\n\n\n\n<p><strong>2<\/strong>0.02.2024 <strong>Dariusz Goworek<\/strong><img decoding=\"async\" src=\"https:\/\/historia.dorzeczy.pl\/_i\/flags\/pl.png\" alt=\"\"> dzisiaj 21:26<\/p>\n\n\n\n<p>Chodzi o&nbsp;oczernianie Polskich w\u0142adc\u00f3w. To, \u017ce&nbsp;Matejko 600 lat p\u00f3\u017aniej tak przedstawi\u0142 na&nbsp;imaginowanym portrecie w\u0142adc\u0119 <a href=\"https:\/\/historia.dorzeczy.pl\/sredniowiecze\/551838\/lubicki-dwa-mordy-konrada.html\">Konrada Mazowieckiego<\/a>, dziadka W\u0142adys\u0142awa \u0141okietka i&nbsp;protoplast\u0119 p\u00f3\u017aniejszych potomk\u00f3w kr\u00f3lewskich przypomina mi pom\u00f3wienia, \u017ce&nbsp;Polacy s\u0105 odpowiedzialni za&nbsp;zbrodnie drugiej wojny \u015bwiatowej. Kto na&nbsp;tym zyska. Polska na&nbsp;tym nie&nbsp;zyska. Mo\u017ce Niemcy zyskaj\u0105, ziemie zachodnie, \u015al\u0105sk, Tatry i&nbsp;Mazury. &#8222;Co oczywi\u015bcie nie&nbsp;przes\u0105dza, \u017ce&nbsp;ksi\u0105\u017c\u0119 w\u0142asnor\u0119cznie dokona\u0142 zab\u00f3jstwa swojego wojewody Krystyna czy&nbsp;scholastyka Jana Czapli&#8221; Mo\u017ce go&nbsp;zdradzili a&nbsp;za zdrad\u0119 stanu wymierzy\u0142 kar\u0119. Zdrajc\u00f3w jest du\u017co, <a href=\"https:\/\/www.youtube.com\/watch?v=H8PE66FFAHE\">mo\u017cna patrze\u0107 na&nbsp;wsp\u00f3\u0142czesnych jak sprzedaj\u0105 Polsk\u0119<\/a>.<\/p>\n\n\n\n<p><a href=\"https:\/\/www.youtube.com\/watch?v=VKzjh3mjDbk\">Muzeum Historii Polski ma za zadanie odtworzy\u0107 star\u0105 histori\u0119 ziem S\u0142owia\u0144skich, zosta\u0142a spalona i zmieniona.<\/a><\/p>\n\n\n\n<figure class=\"wp-block-image size-large\"><img loading=\"lazy\" decoding=\"async\" width=\"1024\" height=\"576\" src=\"https:\/\/topol.org.pl\/wp-content\/uploads\/2023\/10\/Wpis-24.05.2023-To-fakty-777-111-1024x576.jpg\" alt=\"\" class=\"wp-image-181\" srcset=\"https:\/\/topol.org.pl\/wp-content\/uploads\/2023\/10\/Wpis-24.05.2023-To-fakty-777-111-1024x576.jpg 1024w, https:\/\/topol.org.pl\/wp-content\/uploads\/2023\/10\/Wpis-24.05.2023-To-fakty-777-111-300x169.jpg 300w, https:\/\/topol.org.pl\/wp-content\/uploads\/2023\/10\/Wpis-24.05.2023-To-fakty-777-111-768x432.jpg 768w, https:\/\/topol.org.pl\/wp-content\/uploads\/2023\/10\/Wpis-24.05.2023-To-fakty-777-111-1536x864.jpg 1536w, https:\/\/topol.org.pl\/wp-content\/uploads\/2023\/10\/Wpis-24.05.2023-To-fakty-777-111.jpg 1920w\" sizes=\"auto, (max-width: 1024px) 100vw, 1024px\" \/><\/figure>\n\n\n\n<h6 class=\"wp-block-heading\"><a href=\"https:\/\/www.youtube.com\/watch?v=P2a7s6dhsOo\">Gala Stra\u017cnik Pami\u0119ci 2023<\/a><\/h6>\n\n\n\n<p>Musimy odzyska\u0107 <strong>nasz\u0105<\/strong> flag\u0119 i <strong>nasz\u0105<\/strong> niepodleg\u0142o\u015b\u0107. Nawi\u0105zujmy szczeg\u00f3lnie do najdawniejszych czas\u00f3w bo <a href=\"https:\/\/www.youtube.com\/watch?v=O-YX0jbDdqg\"><strong>nasza<\/strong> historia jest pradawna<\/a> a m\u00f3wi\u0105 o nas na \u015bwiecie, \u017ce jeste\u015bmy m\u0142odym narodem. Odtw\u00f3rzmy star\u0105 histori\u0119 ziem S\u0142owia\u0144skich, zosta\u0142a spalona i zmieniona. Nawi\u0105zujmy do Corona Regni Poloniae. Na Gali Pami\u0119ci 2023 wiele wybitnych os\u00f3b, przem\u00f3wienia i pochlebstwa. Ale nie ma najwa\u017cniejszej sprawy, jak odzyska\u0107 Polsk\u0119. Przecie\u017c uczestniczycie w spisku. Europa ma nas w gar\u015bci. Ju\u017c nied\u0142ugo zostanie nam tylko Muzeum Historii Polski. A ja nadal b\u0119d\u0119 sta\u0142 w byle kiosku za rogiem. Moja przewaga, to ja m\u00f3wi\u0119 co trzeba zrobi\u0107, od was s\u0142ysz\u0119 o sprawach nieistotnych. Najnowszej historii: ci\u0105gle \u017co\u0142nierze wykl\u0119ci, holokaust. Wik\u0142acie nas w sprawy dra\u017cliwe. Ci\u0105g\u0142e ciosy poni\u017cej pasa. Ten film niby o Polakach ale w jakim \u015bwietle nas ukazuje. Nie wyjdziemy z tego broni\u0105c si\u0119 przed pom\u00f3wieniami. Musimy pokaza\u0107 kim jeste\u015bmy. Napisa\u0142em w konstytucji z 11.10.2023 o lennie za rozbiory 1772,1793,1795, rugi pruskie pierwsz\u0105 wojn\u0119 \u015bwiatow\u0105 i drug\u0105 wojn\u0119 \u015bwiatow\u0105. Tylko tak mo\u017cemy odzyska\u0107 uznanie narod\u00f3w. S\u0142ysz\u0119 ci\u0105gle o reparacjach, KPO, t\u0119czy, spo\u0142ecze\u0144stwie obywatelskim i pieni\u0105dzach do podzia\u0142u.<\/p>\n\n\n\n<figure class=\"wp-block-image size-large\"><img loading=\"lazy\" decoding=\"async\" width=\"1024\" height=\"576\" src=\"https:\/\/topol.org.pl\/wp-content\/uploads\/2023\/11\/Gala-Straznik-Pamieci-2023-1024x576.jpg\" alt=\"\" class=\"wp-image-949\" srcset=\"https:\/\/topol.org.pl\/wp-content\/uploads\/2023\/11\/Gala-Straznik-Pamieci-2023-1024x576.jpg 1024w, https:\/\/topol.org.pl\/wp-content\/uploads\/2023\/11\/Gala-Straznik-Pamieci-2023-300x169.jpg 300w, https:\/\/topol.org.pl\/wp-content\/uploads\/2023\/11\/Gala-Straznik-Pamieci-2023-768x432.jpg 768w, https:\/\/topol.org.pl\/wp-content\/uploads\/2023\/11\/Gala-Straznik-Pamieci-2023-1536x864.jpg 1536w, https:\/\/topol.org.pl\/wp-content\/uploads\/2023\/11\/Gala-Straznik-Pamieci-2023.jpg 1920w\" sizes=\"auto, (max-width: 1024px) 100vw, 1024px\" \/><\/figure>\n\n\n\n<figure class=\"wp-block-image size-large\"><img loading=\"lazy\" decoding=\"async\" width=\"1024\" height=\"576\" src=\"https:\/\/topol.org.pl\/wp-content\/uploads\/2023\/12\/Nasza-suwerennosc-jest-zagrozona-przez-nas-samych.-Wpuscilismy-obcych-zeby-nam-zabrali.-Za-obiecanki-cacanki.-Dzisiaj-decydujacy-moment-1024x576.jpg\" alt=\"\" class=\"wp-image-1153\" srcset=\"https:\/\/topol.org.pl\/wp-content\/uploads\/2023\/12\/Nasza-suwerennosc-jest-zagrozona-przez-nas-samych.-Wpuscilismy-obcych-zeby-nam-zabrali.-Za-obiecanki-cacanki.-Dzisiaj-decydujacy-moment-1024x576.jpg 1024w, https:\/\/topol.org.pl\/wp-content\/uploads\/2023\/12\/Nasza-suwerennosc-jest-zagrozona-przez-nas-samych.-Wpuscilismy-obcych-zeby-nam-zabrali.-Za-obiecanki-cacanki.-Dzisiaj-decydujacy-moment-300x169.jpg 300w, https:\/\/topol.org.pl\/wp-content\/uploads\/2023\/12\/Nasza-suwerennosc-jest-zagrozona-przez-nas-samych.-Wpuscilismy-obcych-zeby-nam-zabrali.-Za-obiecanki-cacanki.-Dzisiaj-decydujacy-moment-768x432.jpg 768w, https:\/\/topol.org.pl\/wp-content\/uploads\/2023\/12\/Nasza-suwerennosc-jest-zagrozona-przez-nas-samych.-Wpuscilismy-obcych-zeby-nam-zabrali.-Za-obiecanki-cacanki.-Dzisiaj-decydujacy-moment-1536x864.jpg 1536w, https:\/\/topol.org.pl\/wp-content\/uploads\/2023\/12\/Nasza-suwerennosc-jest-zagrozona-przez-nas-samych.-Wpuscilismy-obcych-zeby-nam-zabrali.-Za-obiecanki-cacanki.-Dzisiaj-decydujacy-moment.jpg 1920w\" sizes=\"auto, (max-width: 1024px) 100vw, 1024px\" \/><\/figure>\n\n\n\n<h6 class=\"wp-block-heading\"><a href=\"https:\/\/historia.dorzeczy.pl\/494268\/krzyzackie-i-pruskie-holdy-woloskie-lenna-i-antypolskie-sojusze-czarnych-orlow.html\">Non omnis moriar<\/a><\/h6>\n\n\n\n<figure class=\"wp-block-image size-large\"><a href=\"https:\/\/historia.dorzeczy.pl\/494268\/krzyzackie-i-pruskie-holdy-woloskie-lenna-i-antypolskie-sojusze-czarnych-orlow.html\"><img loading=\"lazy\" decoding=\"async\" width=\"1024\" height=\"576\" src=\"https:\/\/topol.org.pl\/wp-content\/uploads\/2023\/10\/Wpis-21.10.2023-Nie-wszystko-umiera-1024x576.jpg\" alt=\"\" class=\"wp-image-309\" srcset=\"https:\/\/topol.org.pl\/wp-content\/uploads\/2023\/10\/Wpis-21.10.2023-Nie-wszystko-umiera-1024x576.jpg 1024w, https:\/\/topol.org.pl\/wp-content\/uploads\/2023\/10\/Wpis-21.10.2023-Nie-wszystko-umiera-300x169.jpg 300w, https:\/\/topol.org.pl\/wp-content\/uploads\/2023\/10\/Wpis-21.10.2023-Nie-wszystko-umiera-768x432.jpg 768w, https:\/\/topol.org.pl\/wp-content\/uploads\/2023\/10\/Wpis-21.10.2023-Nie-wszystko-umiera-1536x864.jpg 1536w, https:\/\/topol.org.pl\/wp-content\/uploads\/2023\/10\/Wpis-21.10.2023-Nie-wszystko-umiera.jpg 1920w\" sizes=\"auto, (max-width: 1024px) 100vw, 1024px\" \/><\/a><\/figure>\n\n\n\n<h4 class=\"wp-block-heading\">S\u0141OWIA\u0143SCY KR\u00d3LOWIE LECHII<\/h4>\n\n\n\n<h6 class=\"wp-block-heading\">SARMATA XVIII wiek p.n.e.<\/h6>\n\n\n\n<h6 class=\"wp-block-heading\">LASSOTA 1479 ROK p.n.e.<\/h6>\n\n\n\n<h6 class=\"wp-block-heading\">sandomir W SANDOMIERZU<\/h6>\n\n\n\n<p>GRAK 485-465 P.N.E.  W OKRESIE PANOWANIA KSERKSESA<\/p>\n\n\n\n<p>KROK W CZECHACH<\/p>\n\n\n\n<h6 class=\"wp-block-heading\"><a href=\"https:\/\/historia.dorzeczy.pl\/archeologia\/473964\/pochowki-kultury-luzyckiej-znalezione-pod-wieluniem.html\">Poch\u00f3wki kultury \u0142u\u017cyckiej znalezione pod&nbsp;Wieluniem<\/a><\/h6>\n\n\n\n<figure class=\"wp-block-image size-large\"><img loading=\"lazy\" decoding=\"async\" width=\"1024\" height=\"576\" src=\"https:\/\/topol.org.pl\/wp-content\/uploads\/2023\/10\/Wpis-26.08.2023-Pochowki-kultury-luzyckiej-znalezione-pod-Wieluniem-1024x576.jpg\" alt=\"\" class=\"wp-image-421\" srcset=\"https:\/\/topol.org.pl\/wp-content\/uploads\/2023\/10\/Wpis-26.08.2023-Pochowki-kultury-luzyckiej-znalezione-pod-Wieluniem-1024x576.jpg 1024w, https:\/\/topol.org.pl\/wp-content\/uploads\/2023\/10\/Wpis-26.08.2023-Pochowki-kultury-luzyckiej-znalezione-pod-Wieluniem-300x169.jpg 300w, https:\/\/topol.org.pl\/wp-content\/uploads\/2023\/10\/Wpis-26.08.2023-Pochowki-kultury-luzyckiej-znalezione-pod-Wieluniem-768x432.jpg 768w, https:\/\/topol.org.pl\/wp-content\/uploads\/2023\/10\/Wpis-26.08.2023-Pochowki-kultury-luzyckiej-znalezione-pod-Wieluniem-1536x864.jpg 1536w, https:\/\/topol.org.pl\/wp-content\/uploads\/2023\/10\/Wpis-26.08.2023-Pochowki-kultury-luzyckiej-znalezione-pod-Wieluniem.jpg 1920w\" sizes=\"auto, (max-width: 1024px) 100vw, 1024px\" \/><\/figure>\n\n\n\n<p>Verte ><a href=\"https:\/\/topol.org.pl\/?page_id=6187\">Fundacja Narodowe Si\u0142y Samoobrony \u201eGrot\u201d<\/a><\/p>\n","protected":false},"excerpt":{"rendered":"<p>5.06.2024 21.54 Kronika wielkopolska Kronika Lechit\u00f3w i Polak\u00f3w autor Godzis\u0142aw Baszko 02.05.2024 17.08 Polanie w Powie\u015bci minionych lat 02.04.2024 16.35 Wi\u015blica 30.03.2024 7.36 Polskie Ziemie Zachodnie. S\u0142owia\u0144szczyzna Zachodnia. \u017beby znale\u017a\u0107 \u015blady trzeba kopa\u0107 g\u0142\u0119biej. 29.03.2024 6.31 Polski genera\u0142 zgin\u0105\u0142 w Bieszczadach. Dziura w plecach do dzisiaj budzi w\u0105tpliwo\u015bci 25.03.2024 Bez Ziem Zachodnich NIE MA POLSKI [&hellip;]<\/p>\n","protected":false},"author":1,"featured_media":0,"parent":6704,"menu_order":5,"comment_status":"closed","ping_status":"closed","template":"","meta":{"footnotes":""},"class_list":["post-61","page","type-page","status-publish","hentry"],"_links":{"self":[{"href":"https:\/\/topol.org.pl\/index.php?rest_route=\/wp\/v2\/pages\/61","targetHints":{"allow":["GET"]}}],"collection":[{"href":"https:\/\/topol.org.pl\/index.php?rest_route=\/wp\/v2\/pages"}],"about":[{"href":"https:\/\/topol.org.pl\/index.php?rest_route=\/wp\/v2\/types\/page"}],"author":[{"embeddable":true,"href":"https:\/\/topol.org.pl\/index.php?rest_route=\/wp\/v2\/users\/1"}],"replies":[{"embeddable":true,"href":"https:\/\/topol.org.pl\/index.php?rest_route=%2Fwp%2Fv2%2Fcomments&post=61"}],"version-history":[{"count":71,"href":"https:\/\/topol.org.pl\/index.php?rest_route=\/wp\/v2\/pages\/61\/revisions"}],"predecessor-version":[{"id":6284,"href":"https:\/\/topol.org.pl\/index.php?rest_route=\/wp\/v2\/pages\/61\/revisions\/6284"}],"up":[{"embeddable":true,"href":"https:\/\/topol.org.pl\/index.php?rest_route=\/wp\/v2\/pages\/6704"}],"wp:attachment":[{"href":"https:\/\/topol.org.pl\/index.php?rest_route=%2Fwp%2Fv2%2Fmedia&parent=61"}],"curies":[{"name":"wp","href":"https:\/\/api.w.org\/{rel}","templated":true}]}}