{"id":6472,"date":"2024-10-05T14:22:38","date_gmt":"2024-10-05T12:22:38","guid":{"rendered":"https:\/\/topol.org.pl\/?page_id=6472"},"modified":"2026-01-09T10:54:19","modified_gmt":"2026-01-09T09:54:19","slug":"dps","status":"publish","type":"page","link":"https:\/\/topol.org.pl\/?page_id=6472","title":{"rendered":"DPS"},"content":{"rendered":"\n<p>05.10.2024 14.24 <a href=\"https:\/\/dorzeczy.pl\/ekonomia\/640690\/dps-zalozony-przez-ks-isakowicza-zaleskiego-bez-pieniedzy.html\">DPS<\/a> Pod koniec wrze\u015bnia na&nbsp;stronie Fundacji \u015bw. Brata Alberta pojawi\u0142 si\u0119 dramatyczny apel kierownictwa Domu Pomocy Spo\u0142ecznej &#8222;Schronisko dla&nbsp;niepe\u0142nosprawnych&#8221; w&nbsp;<a href=\"https:\/\/dorzeczy.pl\/religia\/539046\/trwaja-glowne-uroczystosci-pogrzebowe-ks-isakowicza-zaleskiego.html\">Radwanowicach<\/a>. Plac\u00f3wce grozi zamkni\u0119cie z&nbsp;powodu problem\u00f3w finansowych.<\/p>\n\n\n\n<p><strong><a href=\"https:\/\/glos24.pl\/biskup-szuka-kasy-sytuacja-jest-dramatyczna-czy-rzad-znajdzie-czas\">W poniedzia\u0142ek (30 wrze\u015bnia)<\/a> <a href=\"https:\/\/www.google.com\/search?q=biskup+pomocniczy+krakowski+Damian+Muskus&amp;oq=biskup+pomocniczy+krakowski+Damian+Muskus&amp;gs_lcrp=EgZjaHJvbWUyBggAEEUYOdIBCTI1MTlqMGoxNagCCLACAQ&amp;sourceid=chrome&amp;ie=UTF-8\">biskup Damian Muskus<\/a> poinformowa\u0142 o utworzeniu specjalnej skarbonki na rzecz prowadzonego przez Fundacj\u0119 im. Brata Alberta Schroniska dla Os\u00f3b Niepe\u0142nosprawnych w Radwanowicach.<\/strong> \u0179r\u00f3d\u0142o: (<a href=\"https:\/\/glos24.pl\/biskup-szuka-kasy-sytuacja-jest-dramatyczna-czy-rzad-znajdzie-czas\">glos24.pl<\/a>)<\/p>\n\n\n\n<p><strong><a href=\"https:\/\/albert.krakow.pl\/pl\/\">Fundacja im. Brata Alberta<\/a><\/strong><\/p>\n\n\n\n<p><\/p>\n","protected":false},"excerpt":{"rendered":"<p>05.10.2024 14.24 DPS Pod koniec wrze\u015bnia na&nbsp;stronie Fundacji \u015bw. Brata Alberta pojawi\u0142 si\u0119 dramatyczny apel kierownictwa Domu Pomocy Spo\u0142ecznej &#8222;Schronisko dla&nbsp;niepe\u0142nosprawnych&#8221; w&nbsp;Radwanowicach. Plac\u00f3wce grozi zamkni\u0119cie z&nbsp;powodu problem\u00f3w finansowych. W poniedzia\u0142ek (30 wrze\u015bnia) biskup Damian Muskus poinformowa\u0142 o utworzeniu specjalnej skarbonki na rzecz prowadzonego przez Fundacj\u0119 im. Brata Alberta Schroniska dla Os\u00f3b Niepe\u0142nosprawnych w Radwanowicach. \u0179r\u00f3d\u0142o: [&hellip;]<\/p>\n","protected":false},"author":1,"featured_media":0,"parent":0,"menu_order":205,"comment_status":"closed","ping_status":"closed","template":"","meta":{"footnotes":""},"class_list":["post-6472","page","type-page","status-publish","hentry"],"_links":{"self":[{"href":"https:\/\/topol.org.pl\/index.php?rest_route=\/wp\/v2\/pages\/6472","targetHints":{"allow":["GET"]}}],"collection":[{"href":"https:\/\/topol.org.pl\/index.php?rest_route=\/wp\/v2\/pages"}],"about":[{"href":"https:\/\/topol.org.pl\/index.php?rest_route=\/wp\/v2\/types\/page"}],"author":[{"embeddable":true,"href":"https:\/\/topol.org.pl\/index.php?rest_route=\/wp\/v2\/users\/1"}],"replies":[{"embeddable":true,"href":"https:\/\/topol.org.pl\/index.php?rest_route=%2Fwp%2Fv2%2Fcomments&post=6472"}],"version-history":[{"count":5,"href":"https:\/\/topol.org.pl\/index.php?rest_route=\/wp\/v2\/pages\/6472\/revisions"}],"predecessor-version":[{"id":6479,"href":"https:\/\/topol.org.pl\/index.php?rest_route=\/wp\/v2\/pages\/6472\/revisions\/6479"}],"wp:attachment":[{"href":"https:\/\/topol.org.pl\/index.php?rest_route=%2Fwp%2Fv2%2Fmedia&parent=6472"}],"curies":[{"name":"wp","href":"https:\/\/api.w.org\/{rel}","templated":true}]}}