{"id":6602,"date":"2024-10-10T16:35:44","date_gmt":"2024-10-10T14:35:44","guid":{"rendered":"https:\/\/topol.org.pl\/?page_id=6602"},"modified":"2026-01-14T15:40:00","modified_gmt":"2026-01-14T14:40:00","slug":"ipn-w-sluzbie-dla-polski","status":"publish","type":"page","link":"https:\/\/topol.org.pl\/?page_id=6602","title":{"rendered":"&#8222;IPN w s\u0142u\u017cbie dla Polski&#8221; Karol Nawrocki. \ud83c\uddf5\ud83c\uddf1\u00a0"},"content":{"rendered":"\n<p>27.05.2025 07.00 <strong>Karol Nawrocki<\/strong>. \ud83c\uddf5\ud83c\uddf1&nbsp;<\/p>\n\n\n\n<p>Co \u0142\u0105czy te wszystkie sprawy? Dwie rzeczy. To by\u0142o <strong>dawno<\/strong> i <strong>nieprawda<\/strong>.<\/p>\n\n\n\n<p>27.05.2025 19.48 <a href=\"https:\/\/www.youtube.com\/watch?v=SPiVhBl4-00\">&#8222;Prosz\u0119 si\u0119 nie wykr\u0119ca\u0107&#8221;. Braun dociska Nawrockiego: Dalej do Jedwabnego!<\/a> \u0179r\u00f3d\u0142o: Wirtualna Polska<\/p>\n\n\n\n<p>27.05.2025 12.42 <a href=\"https:\/\/www.youtube.com\/watch?v=e8bDf1MppS0\">POSPIESZALSKI: MOCNY APEL DO KACZY\u0143SKIEGO I WYBORC\u00d3W PIS!<\/a> \u0179r\u00f3d\u0142o: PCh24TV \u00b7 Polonia Christiana<\/p>\n\n\n\n<p><a href=\"https:\/\/www.google.com\/search?q=Nawrocki&amp;oq=Nawrocki&amp;gs_lcrp=EgZjaHJvbWUyBggAEEUYOTIGCAEQRRg8MgYIAhBFGDzSAQkyMzU1ajBqMTWoAgiwAgE&amp;sourceid=chrome&amp;ie=UTF-8\">Karol Nawrocki<\/a>: <a href=\"https:\/\/dorzeczy.pl\/kraj\/642175\/nawrocki-kandydatem-na-prezydenta-gotowy-sluzyc-polsce.html\">Jestem gotowy s\u0142u\u017cy\u0107 Polsce<\/a><\/p>\n\n\n\n<p>10.10.2024 16.42 Pana atutem jest umiej\u0119tno\u015b\u0107 walki. <a href=\"https:\/\/topol.org.pl\/?page_id=4756\">Trzeba tylko obra\u0107 dobry kierunek<\/a>.<\/p>\n\n\n\n<p>12.10.2024 19.52 <a href=\"https:\/\/www.youtube.com\/watch?v=H6UsPCxpsN8\">Andrzej Duda i kraj Polin<\/a>. Polska vs. Polin? PiS i PO!<\/p>\n\n\n\n<p>Szimon Perez o Polsce w 2007 roku\u2026 &#8222;Dla takiego ma\u0142ego kraju jak nasz, to jest niesamowite. Widz\u0119, \u017ce wykupujemy Manhattan, wykupujemy W\u0119gry, wykupujemy Rumuni\u0119, wykupujemy Polsk\u0119 i w spos\u00f3b , w jaki to widz\u0119, nie mamy \u017cadnych problem\u00f3w. Dzi\u0119ki naszemu talentowi, naszym kontaktom i naszemu dynamizmowi dostajemy si\u0119 prawie wsz\u0119dzie&#8221;<\/p>\n\n\n\n<p><strong>Po wys\u0142uchaniu audycji dochodz\u0119 do wniosku, \u017ce <a href=\"https:\/\/topol.org.pl\/?page_id=6655\">jestem ostatnim Polakiem<\/a>.<\/strong><\/p>\n\n\n\n<p><strong>Jeszcze raz ! Moja Rzeczpospolita Polska ! W skr\u00f3cie: Topol !<\/strong><\/p>\n\n\n\n<p><strong>vs. <a href=\"https:\/\/pl.wikipedia.org\/wiki\/Polin\">Polin<\/a>?&nbsp;<a href=\"https:\/\/www.youtube.com\/watch?v=Gc0gwBtOkbs\">PiS<\/a>&nbsp;i&nbsp;<a href=\"https:\/\/www.youtube.com\/watch?v=VoZNHpi-52M\">PO<\/a><a href=\"https:\/\/www.youtube.com\/watch?v=6DjhrRZis_8\">!<\/a><\/strong><\/p>\n\n\n\n<p><strong>Zdrada ! Zdrada ! Zdrada !<\/strong>&nbsp;<strong>Jeszcze w tych maseczkach. Jak bandyci.<\/strong><\/p>\n\n\n\n<p>04.01.2025 21.44&nbsp;<a href=\"https:\/\/www.youtube.com\/watch?v=qLFv_zq6dQc\">EWA ZAJ\u0104CZKOWSKA Z SZOKUJ\u0104C\u0104 INFORMACJ\u0104 NA PROTE\u015aCIE ROLNIK\u00d3W! \u201eWSZYSCY MAJ\u0104 WAS GDZIE\u015a!\u201d<\/a>&nbsp;\u0179r\u00f3d\u0142o: (<a href=\"https:\/\/www.youtube.com\/@wszystkojasnekanal\">Wszystko Jasne<\/a>)<\/p>\n\n\n\n<p><strong>W dniu 04.01.2025 uzupe\u0142ni\u0142em Konstytucj\u0119 z 11.10.2023 r.<\/strong><\/p>\n\n\n\n<p>&amp; 22 Pi\u0105tka dla zwierz\u0105t.&nbsp;<strong>Napisz\u0119 pi\u0105tk\u0119 dla zwierz\u0105t.<\/strong><\/p>\n\n\n\n<ol class=\"wp-block-list\">\n<li><strong>Ten przedstawiciel rolnik\u00f3w nie powiedzia\u0142 ani s\u0142owa, \u017ce jedynym rozwi\u0105zaniem jest wyj\u015bcie z Unii Europejskiej. Tyle razy s\u0142ucha\u0142em bezcelowego m\u00f3wienia.<\/strong>&nbsp;<strong>Ale by\u0142 dobrze przygotowany jak na rolnika, tylko nic nie wni\u00f3s\u0142.<\/strong>&nbsp;<strong>Nic nie pomo\u017ce rolnictwu. Wprowadz\u0105 konkurencj\u0119 z Ukrainy i&nbsp;<a href=\"https:\/\/pl.wikipedia.org\/wiki\/Mercosur\">Mercosur<\/a>.<\/strong>&nbsp;<strong>Jakby to powiedzie\u0107.&nbsp;<a href=\"https:\/\/youtu.be\/rDepc-pJaRM?t=156\">Mo\u017cemy sobie pobucze\u0107<\/a>. Damy rad\u0119.<\/strong>&nbsp;<strong>Tak by powiedzia\u0142 Kmicic<\/strong>&nbsp;<strong>pior\u0105c&nbsp;<a href=\"https:\/\/pl.wikipedia.org\/wiki\/Czambu%C5%82\">Czambu\u0142<\/a>&nbsp;<a href=\"https:\/\/www.youtube.com\/watch?v=w-rv1hfNoZk\">Tatara<\/a>, w sagan na palenisku<\/strong>.&nbsp;<strong>Dla niekt\u00f3rych Ojczyzna mo\u017ce le\u017ce\u0107 na Ukrainie.<\/strong>&nbsp;<strong>Ja bym zbada\u0142 obce wp\u0142ywy.<\/strong><\/li>\n\n\n\n<li><strong>Przyw\u00f3dcy strajk\u00f3w i wiec\u00f3w s\u0105 cz\u0119sto podstawieni przez obce s\u0142u\u017cby. Dlatego zwracajmy na to uwag\u0119 co m\u00f3wi\u0105. Mo\u017ce niech m\u00f3wi\u0105 ludzie, kt\u00f3rzy nie maj\u0105 zbyt du\u017co do powiedzenia. Zwykli pasterze i rolnicy.<\/strong>&nbsp;<strong>Drobni hodowcy kur, kaczek, kr\u00f3w, \u015bwi\u0144, owiec i baran\u00f3w.<\/strong>&nbsp;<strong>Nieduzi plantatorzy burak\u00f3w, ziemniak\u00f3w, zbo\u017ca, warzyw i kapusty.<\/strong>&nbsp;<strong>Rolnicy musz\u0105 by\u0107 \u015bwiadomi, \u017ce w ko\u0142o mamy German\u00f3w, Rosjan, Bia\u0142orusin\u00f3w, Litwin\u00f3w, Ukrai\u0144c\u00f3w, W\u0119gr\u00f3w, S\u0142owak\u00f3w, Czech\u00f3w,&nbsp;Tatar\u00f3w, Amerykan\u00f3w, Chi\u0144czyk\u00f3w, Czeczen\u00f3w i Mercosur.<\/strong>&nbsp;<strong>Ale to nie znaczy, \u017ceby bada\u0107 ich DNA.<\/strong>&nbsp;<strong>Ka\u017cdy chce sprzedawa\u0107 do nas. Dlatego buduj\u0105 fabryki owad\u00f3w w Wielkopolsce.<\/strong>&nbsp;<strong>I postawili p\u0142ot na granicy z Bia\u0142orusi\u0105.<\/strong>&nbsp;<strong>\u017beby\u015bmy nie uciekli.<\/strong><\/li>\n\n\n\n<li><strong>Szykuj\u0105 dla nas nadzorc\u00f3w, dlatego pobudowali o\u015brodki dla uchod\u017ac\u00f3w. Dlatego uchod\u017ac\u00f3w, \u017ceby\u015bmy nie mogli si\u0119 porozumie\u0107. Maj\u0105 inn\u0105 religi\u0119 i kultur\u0119. Nic nas nie \u0142\u0105czy. B\u0119d\u0105 dla nas bezwzgl\u0119dni. To doskona\u0142y plan.<\/strong><\/li>\n\n\n\n<li><strong><a href=\"https:\/\/www.youtube.com\/watch?v=Ym3Ug8c9vTc\">\u0141owiectwo, to pradawna wolno\u015b\u0107.<\/a> <a href=\"https:\/\/dorzeczy.pl\/kraj\/677141\/badania-dla-mysliwych-w-ko-tylko-kolodziejczak-glosowal-przeciw.html\">Nikt nie mo\u017ce nam tego odebra\u0107.<\/a> My\u015bliwi to selekcjonerzy. Strzelaj\u0105 nie na o\u015blep tylko <a href=\"https:\/\/www.youtube.com\/watch?v=gpRdfR6Tt5M\">eliminuj\u0105 nadmiar zwierz\u0105t<\/a> i osobniki chore. Czyli taka eutanazja dla chorych zwierz\u0105t.<\/strong><\/li>\n\n\n\n<li><strong>Psy na \u0142a\u0144cuchu, to zbrodnia na przyjacielu cz\u0142owieka. Kastracja ps\u00f3w i kot\u00f3w to zbrodnia na przyjacio\u0142ach cz\u0142owieka.&nbsp;Zwierz\u0119ta ze schronisk b\u0119d\u0105 dotowane 1000 z\u0142 w przypadku adopcji i zwolnione z podatku od zwierz\u0105t. Schroniska zajm\u0105 si\u0119 dzia\u0142alno\u015bci\u0105 hotelarsk\u0105 dla ps\u00f3w i kot\u00f3w. B\u0119d\u0105 zwolnione z podatku od nieruchomo\u015bci.&nbsp;Jak wykastrujemy zwierz\u0119ta to zostaniemy sami z robotami z Bostona.&nbsp;Roboty b\u0119d\u0105 mia\u0142y funkcj\u0119 \u015bledzenia i eliminacji w czasie naszego buntu.<\/strong>&nbsp;<strong>W mie\u015bcie psy powinni\u015bmy grzeba\u0107 w parkach na wsi w ogrodzie.<\/strong>&nbsp;<strong>Przywr\u00f3cimy mo\u017cliwo\u015b\u0107 uboju zwierz\u0105t przez gospodarza. Jest najbardziej humanitarne (<a href=\"https:\/\/agroprofil.pl\/wiadomosci\/uboj-rytualny-co-to-jest-i-na-czym-polega\/\">Ub\u00f3j rytualny<\/a>). W tym wypadku to pradawna tradycja.<\/strong>&nbsp;<strong>Hodowla futerkowa to utylizacja odpad\u00f3w zwierz\u0119cych. Trzeba zadba\u0107 o warunki hodowli i d\u0142ugo\u015b\u0107 \u017cycia zwierz\u0105t hodowlanych. Ub\u00f3j (eutanazja) dopiero na staro\u015b\u0107.<\/strong>&nbsp;<strong>Wolny wybieg.<\/strong>&nbsp;<strong>Czipowanie zwierz\u0105t to &#8222;zbrodnia inwigilacji&#8221;.<\/strong>&nbsp;<strong>M\u00f3wienie ludzie i zwierz\u0119ta to obraza ludzi przez&nbsp;<a href=\"https:\/\/sjp.pwn.pl\/sjp\/indywiduum;2561479.html\">indywidua<\/a>&nbsp;powi\u0105zane z globalnym Davos.<\/strong><\/li>\n<\/ol>\n\n\n\n<p>&nbsp;<strong>\u0179r\u00f3d\u0142o:&nbsp;<a href=\"https:\/\/topol.org.pl\/?page_id=47\">Fragment<\/a><\/strong><\/p>\n\n\n\n<p>Verte &gt;<a href=\"https:\/\/topol.org.pl\/?page_id=6187\">Fundacja Narodowe Si\u0142y Samoobrony \u201eGrot\u201d<\/a><\/p>\n\n\n\n<p><\/p>\n","protected":false},"excerpt":{"rendered":"<p>27.05.2025 07.00 Karol Nawrocki. \ud83c\uddf5\ud83c\uddf1&nbsp; Co \u0142\u0105czy te wszystkie sprawy? Dwie rzeczy. To by\u0142o dawno i nieprawda. 27.05.2025 19.48 &#8222;Prosz\u0119 si\u0119 nie wykr\u0119ca\u0107&#8221;. Braun dociska Nawrockiego: Dalej do Jedwabnego! \u0179r\u00f3d\u0142o: Wirtualna Polska 27.05.2025 12.42 POSPIESZALSKI: MOCNY APEL DO KACZY\u0143SKIEGO I WYBORC\u00d3W PIS! \u0179r\u00f3d\u0142o: PCh24TV \u00b7 Polonia Christiana Karol Nawrocki: Jestem gotowy s\u0142u\u017cy\u0107 Polsce 10.10.2024 16.42 [&hellip;]<\/p>\n","protected":false},"author":1,"featured_media":0,"parent":0,"menu_order":217,"comment_status":"closed","ping_status":"closed","template":"","meta":{"footnotes":""},"class_list":["post-6602","page","type-page","status-publish","hentry"],"_links":{"self":[{"href":"https:\/\/topol.org.pl\/index.php?rest_route=\/wp\/v2\/pages\/6602","targetHints":{"allow":["GET"]}}],"collection":[{"href":"https:\/\/topol.org.pl\/index.php?rest_route=\/wp\/v2\/pages"}],"about":[{"href":"https:\/\/topol.org.pl\/index.php?rest_route=\/wp\/v2\/types\/page"}],"author":[{"embeddable":true,"href":"https:\/\/topol.org.pl\/index.php?rest_route=\/wp\/v2\/users\/1"}],"replies":[{"embeddable":true,"href":"https:\/\/topol.org.pl\/index.php?rest_route=%2Fwp%2Fv2%2Fcomments&post=6602"}],"version-history":[{"count":31,"href":"https:\/\/topol.org.pl\/index.php?rest_route=\/wp\/v2\/pages\/6602\/revisions"}],"predecessor-version":[{"id":12516,"href":"https:\/\/topol.org.pl\/index.php?rest_route=\/wp\/v2\/pages\/6602\/revisions\/12516"}],"wp:attachment":[{"href":"https:\/\/topol.org.pl\/index.php?rest_route=%2Fwp%2Fv2%2Fmedia&parent=6602"}],"curies":[{"name":"wp","href":"https:\/\/api.w.org\/{rel}","templated":true}]}}