{"id":6655,"date":"2024-10-13T07:05:48","date_gmt":"2024-10-13T05:05:48","guid":{"rendered":"https:\/\/topol.org.pl\/?page_id=6655"},"modified":"2025-02-24T15:37:55","modified_gmt":"2025-02-24T14:37:55","slug":"jestem-ostatnim-polakiem","status":"publish","type":"page","link":"https:\/\/topol.org.pl\/?page_id=6655","title":{"rendered":"&#8222;jestem ostatnim Polakiem&#8221;"},"content":{"rendered":"\n<p>13.10.2024 07.07 Dzisiaj rozpoczyna si\u0119 akcja &#8222;<strong><a href=\"https:\/\/topol.org.pl\/?page_id=5983\">jestem ostatnim Polakiem<\/a><\/strong>&#8222;.<\/p>\n\n\n\n<p>14.10.2024 13.25 Wszyscy propagatorzy wojenni zostan\u0105 bezwzgl\u0119dnie ukarani. Zostanie rozliczona pandemia. Zweryfikuj\u0119 ludzi pod k\u0105tem sprzyjania obcym interesom: ameryka\u0144skim, rosyjskim, ukrai\u0144skim, bia\u0142oruskim, izraelskim, niemieckim, angielskim. Ci ludzie zostan\u0105 pozbawieni wszelkich funkcji w pa\u0144stwie. W\u0142a\u015bciwie na oko jest ich ca\u0142e multum. Chyba ca\u0142y Sejm. I du\u017co wojskowych. Zweryfikuj\u0119 ich samodzielnie. Wojsko NATO i ameryka\u0144skie zostanie wycofane za Odr\u0119. B\u0119dzie pilnowa\u0142o Niemc\u00f3w. Ludzie zostan\u0105 przeszkoleni i uzbrojeni. Kto b\u0119dzie chcia\u0142, <a href=\"https:\/\/www.youtube.com\/watch?v=7ysETKwPSKo\">b\u0119dzie m\u00f3g\u0142 mie\u0107 bro\u0144<\/a>. M\u0142odzie\u017c b\u0119dzie nauczana w szkole w duchu patriotycznym i Polskim. Postawimy na uzbrojenie z Polskich Zak\u0142ad\u00f3w Zbrojeniowych. Dyplomacj\u0105 zajm\u0119 si\u0119 osobi\u015bcie.<\/p>\n\n\n\n<p>Verte ><a href=\"https:\/\/topol.org.pl\/?page_id=6187\">Fundacja Narodowe Si\u0142y Samoobrony \u201eGrot\u201d<\/a><\/p>\n","protected":false},"excerpt":{"rendered":"<p>13.10.2024 07.07 Dzisiaj rozpoczyna si\u0119 akcja &#8222;jestem ostatnim Polakiem&#8222;. 14.10.2024 13.25 Wszyscy propagatorzy wojenni zostan\u0105 bezwzgl\u0119dnie ukarani. Zostanie rozliczona pandemia. Zweryfikuj\u0119 ludzi pod k\u0105tem sprzyjania obcym interesom: ameryka\u0144skim, rosyjskim, ukrai\u0144skim, bia\u0142oruskim, izraelskim, niemieckim, angielskim. Ci ludzie zostan\u0105 pozbawieni wszelkich funkcji w pa\u0144stwie. W\u0142a\u015bciwie na oko jest ich ca\u0142e multum. Chyba ca\u0142y Sejm. I du\u017co wojskowych. [&hellip;]<\/p>\n","protected":false},"author":1,"featured_media":0,"parent":0,"menu_order":221,"comment_status":"closed","ping_status":"closed","template":"","meta":{"footnotes":""},"class_list":["post-6655","page","type-page","status-publish","hentry"],"_links":{"self":[{"href":"https:\/\/topol.org.pl\/index.php?rest_route=\/wp\/v2\/pages\/6655","targetHints":{"allow":["GET"]}}],"collection":[{"href":"https:\/\/topol.org.pl\/index.php?rest_route=\/wp\/v2\/pages"}],"about":[{"href":"https:\/\/topol.org.pl\/index.php?rest_route=\/wp\/v2\/types\/page"}],"author":[{"embeddable":true,"href":"https:\/\/topol.org.pl\/index.php?rest_route=\/wp\/v2\/users\/1"}],"replies":[{"embeddable":true,"href":"https:\/\/topol.org.pl\/index.php?rest_route=%2Fwp%2Fv2%2Fcomments&post=6655"}],"version-history":[{"count":9,"href":"https:\/\/topol.org.pl\/index.php?rest_route=\/wp\/v2\/pages\/6655\/revisions"}],"predecessor-version":[{"id":6902,"href":"https:\/\/topol.org.pl\/index.php?rest_route=\/wp\/v2\/pages\/6655\/revisions\/6902"}],"wp:attachment":[{"href":"https:\/\/topol.org.pl\/index.php?rest_route=%2Fwp%2Fv2%2Fmedia&parent=6655"}],"curies":[{"name":"wp","href":"https:\/\/api.w.org\/{rel}","templated":true}]}}