{"id":6761,"date":"2024-10-22T07:20:53","date_gmt":"2024-10-22T05:20:53","guid":{"rendered":"https:\/\/topol.org.pl\/?page_id=6761"},"modified":"2026-01-09T10:57:52","modified_gmt":"2026-01-09T09:57:52","slug":"chlopaki-graja-w-gry-wojenne","status":"publish","type":"page","link":"https:\/\/topol.org.pl\/?page_id=6761","title":{"rendered":"&#8222;Ch\u0142opaki graj\u0105 w gry wojenne&#8221;"},"content":{"rendered":"\n<p>22.10.2024 07.20 III Wojna \u015awiatowa inscenizowana przez Jacka Bartosiaka i <a href=\"https:\/\/strategyandfuture.org\/en\/\">https:\/\/strategyandfuture.org\/en\/<\/a> <a href=\"https:\/\/dorzeczy.pl\/swiat\/647269\/wojna-rosji-z-nato-w-2027-roku-tak-moze-wygladac-atak.html\">Nowa ods\u0142ona gier wojennych.<\/a><\/p>\n\n\n\n<p>22.10.2024 07.22 <a href=\"https:\/\/www.youtube.com\/watch?v=LC-W070Jr8I\">\u201cJESTE\u015aMY S\u0141ABEUSZAMI\u201d JACEK BARTOSIAK BIJE NA ALARM<\/a><\/p>\n\n\n\n<figure class=\"wp-block-image size-large\"><a href=\"https:\/\/www.playofbattle.com\/\"><img loading=\"lazy\" decoding=\"async\" width=\"1024\" height=\"698\" src=\"https:\/\/topol.org.pl\/wp-content\/uploads\/2024\/10\/Play-of-Battle-1024x698.jpg\" alt=\"\" class=\"wp-image-6764\" srcset=\"https:\/\/topol.org.pl\/wp-content\/uploads\/2024\/10\/Play-of-Battle-1024x698.jpg 1024w, https:\/\/topol.org.pl\/wp-content\/uploads\/2024\/10\/Play-of-Battle-300x205.jpg 300w, https:\/\/topol.org.pl\/wp-content\/uploads\/2024\/10\/Play-of-Battle-768x524.jpg 768w, https:\/\/topol.org.pl\/wp-content\/uploads\/2024\/10\/Play-of-Battle.jpg 1173w\" sizes=\"auto, (max-width: 1024px) 100vw, 1024px\" \/><\/a><\/figure>\n\n\n\n<p>22.10.2024 12.22 <a href=\"https:\/\/www.youtube.com\/watch?v=R3LVICRFuK8\">Bartosiak alarmuje: ID\u0104 TRUDNE CZASY! B\u0105d\u017acie gotowi, bo MO\u017bE ZACZ\u0104\u0106 SI\u0118 WALI\u0106&#8230;<\/a><\/p>\n\n\n\n<p>&#8222;Negocjacje mo\u017cemy oprze\u0107 o to \u017ce zbudujemy system odporno\u015bci pa\u0144stwa i wojsko, kt\u00f3re da nam mo\u017cliwo\u015b\u0107 asymetrycznej eskalacji wojny z Rosj\u0105, czyli my ko\u0144czymy i zaczynamy. Nikt nam nie mo\u017ce narzuci\u0107. To wymaga zmiany <a href=\"https:\/\/pl.wikipedia.org\/wiki\/Interoperacyjno%C5%9B%C4%87\">interoperacyjno\u015bci<\/a> z Ameryk\u0105 kt\u00f3ra odejdzie z Europy&#8221;. 42.38 minuty nagrania.<\/p>\n\n\n\n<p><strong>Dlaczego mamy walczy\u0107 z Rosj\u0105. Niech USA walczy z Rosj\u0105 przez cie\u015bnin\u0119 <a href=\"https:\/\/pl.wikipedia.org\/wiki\/Cie%C5%9Bnina_Beringa\">Beringa<\/a>. Maj\u0105 do siebie blisko 85 km ?<\/strong><\/p>\n\n\n\n<p>&#8222;bez nas nie ma bezpiecze\u0144stwa w Europie&#8221; 44.30 minuty nagrania.<\/p>\n\n\n\n<p><strong>Mnie obchodzi tylko bezpiecze\u0144stwo Polski.<\/strong><\/p>\n\n\n\n<p><strong>Czy w swojej grze b\u0119dziecie uczy\u0107 m\u0142odzie\u017c, \u017ce nasze bezpiecze\u0144stwo nie jest wa\u017cne? Tylko wa\u017cny jest prymat USA i bezpiecze\u0144stwo Europy. To niebezpieczne dla Polski.  To idiotyczne za\u0142o\u017cenia. Ani wasza organizacja ani politycy z polskiej sceny nie nadaj\u0105 si\u0119 do prowadzenia rozs\u0105dnej, korzystnej polityki dla kraju.<\/strong><\/p>\n\n\n\n<p><strong>Prymat USA jest dla nich bardzo wa\u017cny, przecie\u017c produkuj\u0105 dolara. A nasi politycy do\u0142\u0105czyli do <a href=\"https:\/\/pl.wikipedia.org\/wiki\/Hegemonia\">hegemona<\/a>. Politycy do\u0142\u0105czyli nie pytaj\u0105c nas o zgod\u0119. Na przyk\u0142ad Finlandia by\u0142a neutralna i bezpieczna. Teraz jest w NATO i ma problemy. Mo\u017ce uczestniczy\u0107 w wojnie. Po wst\u0105pieniu do NATO zacz\u0119li\u015bmy likwidowa\u0107 zasadnicz\u0105 s\u0142u\u017cb\u0119 wojskow\u0105. Nie ma powszechnego dost\u0119pu do broni. Unia Europejska wp\u0119dza nas w <a href=\"https:\/\/www.youtube.com\/watch?v=5qm6Eh4V_ko\">kryzys energetyczny<\/a>, \u017cywno\u015bciowy, zdrowotny, kulturowy. Gdzie s\u0105 profity. Chyba tylko dla wyje\u017cdzaj\u0105cych za granic\u0119 do pracy i na wczasy. Teraz zamkni\u0119te granice i emigranci nasy\u0142ani przez &#8222;przyjaci\u00f3\u0142&#8221;. Dla ludzi \u017cyj\u0105cych w Polsce, to brak rodzimego przemys\u0142u, likwidowane rolnictwo, likwidowane firmy i \u017cycie na kredyt naszego pa\u0144stwa. Niebezpiecze\u0144stwo wojny. Nuklearne odstraszanie Unii popchnie nas do zag\u0142ady. Musimy wyj\u015b\u0107 ze zdegenerowanych organizacji mi\u0119dzynarodowych. Unii, ONZ i WHO.<\/strong> <strong>Kryzys energetyczny mamy na w\u0142asne \u017cyczenie. Trzeba kupowa\u0107 gaz z Rosji i wydobywa\u0107 nasz w\u0119giel w Polsce.<\/strong> <strong>Jak nie sprowadzamy taniego gazu z Rosji to powinni\u015bmy jako pa\u0144stwo dotowa\u0107 firm\u0119 Azoty, \u017ceby mog\u0142a produkowa\u0107 tanie nawozy dla rolnictwa. W przeciwnym razie Azoty mog\u0105 upa\u015b\u0107.<\/strong> <strong>Rolnicy bez tanich nawoz\u00f3w te\u017c upadn\u0105.<\/strong><\/p>\n\n\n\n<p><strong>Jak wejdziemy do wojny z Rosj\u0105 to zostaniemy przej\u0119ci przez <a href=\"https:\/\/dorzeczy.pl\/opinie\/647260\/rozmowy-bez-polski-w-berlinie-zgrzyt-za-zgrzytem.html\">Niemcy i Ukrain\u0119<\/a>.<\/strong><\/p>\n\n\n\n<p>02.11.2024 14.16 <a href=\"https:\/\/www.youtube.com\/watch?v=FBTO2Bo0384\">Jacek Bartosiak i Jaros\u0142aw Kotowski | Prezentacja Dema Gry Play of Battle | Warszawa, Z\u0142ote Tarasy.<\/a><\/p>\n\n\n\n<figure class=\"wp-block-image size-large\"><a href=\"https:\/\/www.youtube.com\/watch?v=FBTO2Bo0384\"><img loading=\"lazy\" decoding=\"async\" width=\"1024\" height=\"698\" src=\"https:\/\/topol.org.pl\/wp-content\/uploads\/2024\/11\/Most-na-Zeraniu-1024x698.jpg\" alt=\"\" class=\"wp-image-6895\" srcset=\"https:\/\/topol.org.pl\/wp-content\/uploads\/2024\/11\/Most-na-Zeraniu-1024x698.jpg 1024w, https:\/\/topol.org.pl\/wp-content\/uploads\/2024\/11\/Most-na-Zeraniu-300x204.jpg 300w, https:\/\/topol.org.pl\/wp-content\/uploads\/2024\/11\/Most-na-Zeraniu-768x523.jpg 768w, https:\/\/topol.org.pl\/wp-content\/uploads\/2024\/11\/Most-na-Zeraniu.jpg 1171w\" sizes=\"auto, (max-width: 1024px) 100vw, 1024px\" \/><\/a><\/figure>\n\n\n\n<p>Pami\u0119tam zburzony most Poniatowskiego, jeszcze w latach osiemdziesi\u0105tych le\u017ca\u0142 pod spodem zrekonstruowanego mostu. Ten most na \u017beraniu jest potrzebny, je\u017cd\u017c\u0119 t\u0119dy z s\u0119dziwymi rodzicami na dzia\u0142k\u0119 w okolice \u0141omianek. Ale to tylko gra, przecie\u017c nie b\u0119dzie zniszczony naprawd\u0119. A mo\u017ce ksi\u0105\u017cki i gra to plan do zrealizowania. Ja my\u015bl\u0119 nad gr\u0105 historyczn\u0105, pisz\u0119 scenariusz. <strong><a href=\"https:\/\/topol.org.pl\/?page_id=6704\">Moje Dzieje Polski<\/a><\/strong>.<\/p>\n\n\n\n<p>Chc\u0119 rozs\u0142awi\u0107 Polsk\u0119, \u017ceby wszyscy wiedzieli gdzie le\u017cy. \u017beby nie my\u015bleli o nas jako o polu bitwy dla mocarstw. Jeste\u015bmy jak <a href=\"https:\/\/topol.org.pl\/?page_id=4512\">Pa\u0144stwo Z\u0142otego \u015arodka<\/a>.<\/p>\n\n\n\n<p>(<a href=\"https:\/\/sjp.pwn.pl\/slowniki\/trendy.html\">trendy<\/a>)-gry wojenne.<\/p>\n\n\n\n<figure class=\"wp-block-image size-large\"><img loading=\"lazy\" decoding=\"async\" width=\"766\" height=\"1024\" src=\"https:\/\/topol.org.pl\/wp-content\/uploads\/2024\/11\/Prezentacja-gry-Play-of-Battle-766x1024.jpg\" alt=\"\" class=\"wp-image-6917\" srcset=\"https:\/\/topol.org.pl\/wp-content\/uploads\/2024\/11\/Prezentacja-gry-Play-of-Battle-766x1024.jpg 766w, https:\/\/topol.org.pl\/wp-content\/uploads\/2024\/11\/Prezentacja-gry-Play-of-Battle-224x300.jpg 224w, https:\/\/topol.org.pl\/wp-content\/uploads\/2024\/11\/Prezentacja-gry-Play-of-Battle-768x1026.jpg 768w, https:\/\/topol.org.pl\/wp-content\/uploads\/2024\/11\/Prezentacja-gry-Play-of-Battle-1149x1536.jpg 1149w, https:\/\/topol.org.pl\/wp-content\/uploads\/2024\/11\/Prezentacja-gry-Play-of-Battle-1532x2048.jpg 1532w, https:\/\/topol.org.pl\/wp-content\/uploads\/2024\/11\/Prezentacja-gry-Play-of-Battle-scaled.jpg 1916w\" sizes=\"auto, (max-width: 766px) 100vw, 766px\" \/><\/figure>\n\n\n\n<p>17.11.2024 10.46 &#8222;<a href=\"https:\/\/youtu.be\/8777Kko14w0?t=579\">Mali ch\u0142opcy lubi\u0105 si\u0119 bi\u0107<\/a>, nie wszystkim przechodzi to wraz z wiekiem. Niekiedy ch\u0119\u0107 do bitki, przybiera bardziej zorganizowane formy i wtedy mamy do czynienia z wojnami i bitwami. O jednej z takich bitew prowadzonych z s\u0142yn\u0105cego do bijatyk Kr\u00f3la opowiada nam dzisiejsza data w kalendarzu, kt\u00f3r\u0105\u2026&#8221;. \u0179r\u00f3d\u0142o: (<a href=\"https:\/\/pl.wikipedia.org\/wiki\/Gustaw_II_Adolf\">Telewizja Republika)\/Wikipedia<\/a>)<\/p>\n\n\n\n<p>20.11.2024 15.06 <a href=\"https:\/\/www.youtube.com\/watch?v=VZoar34Rv_g\">Jan Maciejewski o ksi\u0105\u017cce \u201eSrebrne or\u0142y\u201d Teodora Parnickiego.<\/a><\/p>\n\n\n\n<p><a href=\"https:\/\/pl.wikipedia.org\/wiki\/Teodor_Parnicki\">Teodor Parnicki-autor ksi\u0105\u017cki &#8222;Srebrne or\u0142y&#8221;<\/a><\/p>\n\n\n\n<p><strong>Dla mnie ten przekaz nie jest buduj\u0105cy. Wola\u0142bym go nie s\u0142ucha\u0107. Ale znany, kto\u015b zwr\u00f3ci\u0142 moj\u0105 uwag\u0119 na t\u0105 ksi\u0105\u017ck\u0119.<\/strong><\/p>\n\n\n\n<p>31.01.2025 17.24 Rymanowski, Budzisz: Jak zachowamy si\u0119 w godzinie W? \u0179r\u00f3d\u0142o: <a href=\"https:\/\/www.youtube.com\/@RymanowskiLive\">Rymanowski Live<\/a><\/p>\n\n\n\n<p><strong>Wys\u0142ucha\u0142em nagrania, jestem zbulwersowany. Powstaje projekt, kt\u00f3ry stwarza zagro\u017cenie dla funkcjonowania pa\u0144stwa. Zdecydowanie go odrzucam. Ukraina dobrze zaplanowa\u0142a. Ludzie kt\u00f3rzy chc\u0105 budowa\u0107 form\u0119 cywilnego oporu musz\u0105 dzia\u0142a\u0107 na swoim terenie, b\u0119d\u0105 uzbrojeni. B\u0119dzie powszechny dost\u0119p do broni.  W moim pa\u0144stwie nie b\u0119dzie cenzury, ogranicze\u0144 w przemieszczaniu i przymusu obrony ojczyzny. To co powiedzia\u0142 ten pan to zagro\u017cenie dla obywateli. Naprawd\u0119 sytuacja si\u0119 zmieni\u0142a. Jak wys\u0142ucha\u0142em, dochodz\u0119 do wniosku, \u017ce w ko\u0142o s\u0105 szale\u0144cy. Dochodz\u0105 do g\u0142osu niebezpieczni ludzie. Ci co b\u0119d\u0105 chcieli wyjecha\u0107 maj\u0105 do tego prawo. Nie zak\u0142adam, \u017ce Rosjanie nas zaatakuj\u0105. Bia\u0142oru\u015b te\u017c nam nie zagra\u017ca. Zagra\u017caj\u0105 nam nieodpowiedzialni ludzie. Dlatego na pewno przerw\u0119 te plany.<\/strong> <strong>Gdyby pa\u0144stwo zorganizowa\u0142o taki projekt lub go popar\u0142o, to ja b\u0119d\u0119 walczy\u0142 z takim pa\u0144stwem. To jest totalitaryzm.<\/strong> <strong>Obrona cywilna mo\u017ce by\u0107 tylko dobrowolna.<\/strong> <strong>Obrona cywilna ma dzia\u0142a\u0107 na terenie zamieszkania.<\/strong> <strong>Nie planujcie wojny na naszym terytorium.<\/strong> <strong>Ludzie maj\u0105 by\u0107 uzbrojeni poniewa\u017c w czasie 2W\u015a Niemcy po wej\u015bciu na nasze terytorium likwidowali Polak\u00f3w przez rozstrzelanie i wywozili ich do oboz\u00f3w.<\/strong> <strong>Mamy si\u0119 broni\u0107 na terytorium wroga. Czyli w razie ataku mamy przemie\u015bci\u0107 wojsko na terytorium wroga, b\u0119dziemy atakowali terytorium wroga. Przy pomocy dron\u00f3w, artylerii. Samolot\u00f3w helikopter\u00f3w. Na terytorium pa\u0144stwa b\u0119dzie broni\u0142a si\u0119 obrona cywilna i obrona terytorialna. Obrona ma by\u0107 rozproszona, jeszcze raz rozproszona.<\/strong> <strong>Ci co b\u0119d\u0105 chcieli ewakuowa\u0107 rodzin\u0119 maj\u0105 do tego prawo.<\/strong><\/p>\n\n\n\n<p>Verte &gt;<a href=\"https:\/\/topol.org.pl\/?page_id=6187\">Fundacja Narodowe Si\u0142y Samoobrony \u201eGrot\u201d<\/a><\/p>\n\n\n\n<p><\/p>\n","protected":false},"excerpt":{"rendered":"<p>22.10.2024 07.20 III Wojna \u015awiatowa inscenizowana przez Jacka Bartosiaka i https:\/\/strategyandfuture.org\/en\/ Nowa ods\u0142ona gier wojennych. 22.10.2024 07.22 \u201cJESTE\u015aMY S\u0141ABEUSZAMI\u201d JACEK BARTOSIAK BIJE NA ALARM 22.10.2024 12.22 Bartosiak alarmuje: ID\u0104 TRUDNE CZASY! B\u0105d\u017acie gotowi, bo MO\u017bE ZACZ\u0104\u0106 SI\u0118 WALI\u0106&#8230; &#8222;Negocjacje mo\u017cemy oprze\u0107 o to \u017ce zbudujemy system odporno\u015bci pa\u0144stwa i wojsko, kt\u00f3re da nam mo\u017cliwo\u015b\u0107 asymetrycznej [&hellip;]<\/p>\n","protected":false},"author":1,"featured_media":0,"parent":0,"menu_order":224,"comment_status":"closed","ping_status":"closed","template":"","meta":{"footnotes":""},"class_list":["post-6761","page","type-page","status-publish","hentry"],"_links":{"self":[{"href":"https:\/\/topol.org.pl\/index.php?rest_route=\/wp\/v2\/pages\/6761","targetHints":{"allow":["GET"]}}],"collection":[{"href":"https:\/\/topol.org.pl\/index.php?rest_route=\/wp\/v2\/pages"}],"about":[{"href":"https:\/\/topol.org.pl\/index.php?rest_route=\/wp\/v2\/types\/page"}],"author":[{"embeddable":true,"href":"https:\/\/topol.org.pl\/index.php?rest_route=\/wp\/v2\/users\/1"}],"replies":[{"embeddable":true,"href":"https:\/\/topol.org.pl\/index.php?rest_route=%2Fwp%2Fv2%2Fcomments&post=6761"}],"version-history":[{"count":42,"href":"https:\/\/topol.org.pl\/index.php?rest_route=\/wp\/v2\/pages\/6761\/revisions"}],"predecessor-version":[{"id":9171,"href":"https:\/\/topol.org.pl\/index.php?rest_route=\/wp\/v2\/pages\/6761\/revisions\/9171"}],"wp:attachment":[{"href":"https:\/\/topol.org.pl\/index.php?rest_route=%2Fwp%2Fv2%2Fmedia&parent=6761"}],"curies":[{"name":"wp","href":"https:\/\/api.w.org\/{rel}","templated":true}]}}