{"id":6825,"date":"2024-10-28T06:24:11","date_gmt":"2024-10-28T05:24:11","guid":{"rendered":"https:\/\/topol.org.pl\/?page_id=6825"},"modified":"2026-01-09T10:58:03","modified_gmt":"2026-01-09T09:58:03","slug":"ursus","status":"publish","type":"page","link":"https:\/\/topol.org.pl\/?page_id=6825","title":{"rendered":"\u201eUrsus\u201d"},"content":{"rendered":"\n<p>28.10.2024 06.22 <a href=\"https:\/\/www.google.com\/search?q=ursus&amp;oq=ursus&amp;gs_lcrp=EgZjaHJvbWUyBggAEEUYOTIGCAEQRRhB0gEJNTEyMWowajE1qAIIsAIB&amp;sourceid=chrome&amp;ie=UTF-8\">Zak\u0142ady Przemys\u0142u Ci\u0105gnikowego \u201eUrsus\u201d to firma strategiczna<\/a> dla naszego kraju, Rzeczypospolitej Polskiej. To <a href=\"https:\/\/www.google.com\/search?q=infrastruktura+krytyczna&amp;oq=infrastruktura+krytyczna&amp;gs_lcrp=EgZjaHJvbWUyBggAEEUYOTIGCAEQRRg90gEJMjI5OWowajE1qAIIsAIB&amp;sourceid=chrome&amp;ie=UTF-8\">infrastruktura krytyczna<\/a>.<\/p>\n\n\n\n<p>Rz\u0105d powinien si\u0119 zaj\u0105\u0107 sprzeda\u017c\u0105 &#8222;Ursusa&#8221;. Firma powinna by\u0107 w zasobach <a href=\"https:\/\/www.google.com\/search?q=Maj%C4%85tku+Skarbu+Pa%C5%84stwa&amp;sca_esv=ea8f6ec691bb4d6c&amp;sxsrf=ADLYWIKZkDx6kIYjwC8EhY8CMaR_LjLovg%3A1730092969623&amp;ei=qR8fZ6HbJe7kxc8PoLOfsQY&amp;ved=0ahUKEwjh04fHqrCJAxVucvEDHaDZJ2YQ4dUDCA8&amp;uact=5&amp;oq=Maj%C4%85tku+Skarbu+Pa%C5%84stwa&amp;gs_lp=Egxnd3Mtd2l6LXNlcnAiGE1hasSFdGt1IFNrYXJidSBQYcWEc3R3YTIGEAAYFhgeMgYQABgWGB4yBhAAGBYYHjIGEAAYFhgeMgYQABgWGB4yBhAAGBYYHjIGEAAYFhgeMgYQABgWGB4yBhAAGBYYHjIIEAAYgAQYogRInI4KUABYlYMKcAB4AZABAJgBiQGgAcoFqgEDMS41uAEDyAEA-AEB-AECmAIGoALmBcICChAAGIAEGEMYigXCAg4QLhiABBixAxiDARiKBcICCxAuGIAEGLEDGIMBwgIFEAAYgATCAgsQABiABBixAxiDAcICCBAAGIAEGLEDwgILEC4YgAQYxwEYrwHCAg4QABiABBixAxiDARiKBcICBRAuGIAEwgIIEC4YgAQYsQPCAgQQABgDmAMAkgcDMC42oAeLPQ&amp;sclient=gws-wiz-serp\">Maj\u0105tku Skarbu Pa\u0144stwa<\/a>. Operacj\u0119 przej\u0119cia firmy z &#8222;Ursusa&#8221; trzeba uniewa\u017cni\u0107. Oczywi\u015bcie chodzi o firm\u0119 z traktorami. O\u015brodek wczasowy nazywa si\u0119 &#8222;Korona&#8221;<\/p>\n\n\n\n<figure class=\"wp-block-image size-full\"><a href=\"https:\/\/www.nasze-sanatorium.pl\/forum\/viewtopic.php?t=7312&amp;start=2220\"><img loading=\"lazy\" decoding=\"async\" width=\"514\" height=\"547\" src=\"https:\/\/topol.org.pl\/wp-content\/uploads\/2024\/10\/Ursus.jpg\" alt=\"\" class=\"wp-image-6829\" srcset=\"https:\/\/topol.org.pl\/wp-content\/uploads\/2024\/10\/Ursus.jpg 514w, https:\/\/topol.org.pl\/wp-content\/uploads\/2024\/10\/Ursus-282x300.jpg 282w\" sizes=\"auto, (max-width: 514px) 100vw, 514px\" \/><\/a><\/figure>\n\n\n\n<p>O\u015brodek po lewej stronie to &#8222;Ursus&#8221; o\u015brodek po prawej stronie to &#8222;\u017bera\u0144&#8221;. W 1986 roku pracowa\u0142em w FSO. Ale by\u0142em w Sanatorium &#8222;Ursus&#8221;. Pi\u0119kne zdj\u0119cie, Tatry chyba wida\u0107 z \u017begiestowa i Wierchomli po lewej stronie. O\u015brodek nazywa si\u0119 &#8222;Korona&#8221;. Takie Tatry jak na obrazku s\u0105 widoczne w s\u0142oneczne dni z <a href=\"https:\/\/pl.wikipedia.org\/wiki\/Wysokie_(wojew%C3%B3dztwo_ma%C5%82opolskie)\">Wysokie<\/a>.<\/p>\n\n\n\n<figure class=\"wp-block-image size-large\"><img loading=\"lazy\" decoding=\"async\" width=\"1024\" height=\"716\" src=\"https:\/\/topol.org.pl\/wp-content\/uploads\/2024\/11\/Tatry-widoczne-z-Zegiestowa-1024x716.jpg\" alt=\"\" class=\"wp-image-6888\" srcset=\"https:\/\/topol.org.pl\/wp-content\/uploads\/2024\/11\/Tatry-widoczne-z-Zegiestowa-1024x716.jpg 1024w, https:\/\/topol.org.pl\/wp-content\/uploads\/2024\/11\/Tatry-widoczne-z-Zegiestowa-300x210.jpg 300w, https:\/\/topol.org.pl\/wp-content\/uploads\/2024\/11\/Tatry-widoczne-z-Zegiestowa-768x537.jpg 768w, https:\/\/topol.org.pl\/wp-content\/uploads\/2024\/11\/Tatry-widoczne-z-Zegiestowa.jpg 1069w\" sizes=\"auto, (max-width: 1024px) 100vw, 1024px\" \/><\/figure>\n\n\n\n<p>Widok w \u017begiestowie na Tatry.<\/p>\n\n\n\n<p><strong><a href=\"https:\/\/www.google.com\/search?q=%22Ursusa%22+qvo+vadis&amp;oq=%22Ursusa%22+qvo+vadis&amp;gs_lcrp=EgZjaHJvbWUyBggAEEUYOdIBCjEzMDE1ajBqMTWoAgiwAgE&amp;sourceid=chrome&amp;ie=UTF-8\">&#8222;Ursus&#8221;<\/a> z plemienia Lig\u00f3w, si\u0142acz, opiekun Ligii<\/strong>.<\/p>\n\n\n\n<p><em>Ursus<\/em>&nbsp;w &#8222;<em>Quo vadis<\/em>&#8222;<\/p>\n\n\n\n<p>&#8222;G\u0142\u00f3wnym w\u0105tkiem powie\u015bci Henryka Sienkiewicza Quo vadis jest mi\u0142o\u015b\u0107 Marka Winicjusza i Ligii Kalliny. M\u0142odzi musieli pokona\u0107 wiele trudno\u015bci, zanim w ko\u0144cu rozpocz\u0119li wsp\u00f3lne \u017cycie. Momentem kulminacyjnym by\u0142o ocalenie Ligii na arenie, kiedy Ursus pokona\u0142 pot\u0119\u017cnego tura germa\u0144skiego. <a href=\"https:\/\/poezja.org\/wz\/interpretacja\/5820\/Napisz_opis_walki_Ursusa_z_turem\">\u0179r\u00f3d\u0142o<\/a>: (<a href=\"https:\/\/poezja.org\/\">https:\/\/poezja.org\/<\/a>). Ju\u017c wtedy Polacy walczyli z Germanami.<\/p>\n\n\n\n<figure class=\"wp-block-image size-large\"><a href=\"https:\/\/youtu.be\/I1PPMudFDic?t=7\"><img loading=\"lazy\" decoding=\"async\" width=\"1024\" height=\"578\" src=\"https:\/\/topol.org.pl\/wp-content\/uploads\/2024\/12\/Finalistki-konkursu-Miss-Polski-2024-1024x578.jpg\" alt=\"\" class=\"wp-image-7993\" srcset=\"https:\/\/topol.org.pl\/wp-content\/uploads\/2024\/12\/Finalistki-konkursu-Miss-Polski-2024-1024x578.jpg 1024w, https:\/\/topol.org.pl\/wp-content\/uploads\/2024\/12\/Finalistki-konkursu-Miss-Polski-2024-300x169.jpg 300w, https:\/\/topol.org.pl\/wp-content\/uploads\/2024\/12\/Finalistki-konkursu-Miss-Polski-2024-768x433.jpg 768w, https:\/\/topol.org.pl\/wp-content\/uploads\/2024\/12\/Finalistki-konkursu-Miss-Polski-2024.jpg 1058w\" sizes=\"auto, (max-width: 1024px) 100vw, 1024px\" \/><\/a><\/figure>\n\n\n\n<p>Verte &gt;<a href=\"https:\/\/topol.org.pl\/?page_id=6187\">Fundacja Narodowe Si\u0142y Samoobrony \u201eGrot\u201d<\/a><\/p>\n\n\n\n<p><\/p>\n","protected":false},"excerpt":{"rendered":"<p>28.10.2024 06.22 Zak\u0142ady Przemys\u0142u Ci\u0105gnikowego \u201eUrsus\u201d to firma strategiczna dla naszego kraju, Rzeczypospolitej Polskiej. To infrastruktura krytyczna. Rz\u0105d powinien si\u0119 zaj\u0105\u0107 sprzeda\u017c\u0105 &#8222;Ursusa&#8221;. Firma powinna by\u0107 w zasobach Maj\u0105tku Skarbu Pa\u0144stwa. Operacj\u0119 przej\u0119cia firmy z &#8222;Ursusa&#8221; trzeba uniewa\u017cni\u0107. Oczywi\u015bcie chodzi o firm\u0119 z traktorami. O\u015brodek wczasowy nazywa si\u0119 &#8222;Korona&#8221; O\u015brodek po lewej stronie to &#8222;Ursus&#8221; [&hellip;]<\/p>\n","protected":false},"author":1,"featured_media":0,"parent":0,"menu_order":225,"comment_status":"closed","ping_status":"closed","template":"","meta":{"footnotes":""},"class_list":["post-6825","page","type-page","status-publish","hentry"],"_links":{"self":[{"href":"https:\/\/topol.org.pl\/index.php?rest_route=\/wp\/v2\/pages\/6825","targetHints":{"allow":["GET"]}}],"collection":[{"href":"https:\/\/topol.org.pl\/index.php?rest_route=\/wp\/v2\/pages"}],"about":[{"href":"https:\/\/topol.org.pl\/index.php?rest_route=\/wp\/v2\/types\/page"}],"author":[{"embeddable":true,"href":"https:\/\/topol.org.pl\/index.php?rest_route=\/wp\/v2\/users\/1"}],"replies":[{"embeddable":true,"href":"https:\/\/topol.org.pl\/index.php?rest_route=%2Fwp%2Fv2%2Fcomments&post=6825"}],"version-history":[{"count":14,"href":"https:\/\/topol.org.pl\/index.php?rest_route=\/wp\/v2\/pages\/6825\/revisions"}],"predecessor-version":[{"id":7997,"href":"https:\/\/topol.org.pl\/index.php?rest_route=\/wp\/v2\/pages\/6825\/revisions\/7997"}],"wp:attachment":[{"href":"https:\/\/topol.org.pl\/index.php?rest_route=%2Fwp%2Fv2%2Fmedia&parent=6825"}],"curies":[{"name":"wp","href":"https:\/\/api.w.org\/{rel}","templated":true}]}}