{"id":6981,"date":"2024-11-04T18:22:04","date_gmt":"2024-11-04T17:22:04","guid":{"rendered":"https:\/\/topol.org.pl\/?page_id=6981"},"modified":"2026-01-09T10:58:11","modified_gmt":"2026-01-09T09:58:11","slug":"strach-przed-dzuma-i-cholera","status":"publish","type":"page","link":"https:\/\/topol.org.pl\/?page_id=6981","title":{"rendered":"Strach przed d\u017cum\u0105 i choler\u0105"},"content":{"rendered":"\n<p>04.11.2024 18.22 <a href=\"https:\/\/www.youtube.com\/watch?v=k1WRxtN44D8\">Kto stoi za Trumpem i Harris?<\/a> Leszek Sykulski \u0179r\u00f3d\u0142o: (<a href=\"https:\/\/www.youtube.com\/@eMisjaTv\">eMisjaTv<\/a>)<\/p>\n\n\n\n<p>Bardziej obawiam si\u0119 wybor\u00f3w w Polsce. &#8222;Symfonia strun&#8221; dopada ca\u0142\u0105 scen\u0119 polityczn\u0105.<\/p>\n\n\n\n<figure class=\"wp-block-image size-large\"><a href=\"https:\/\/www.youtube.com\/watch?v=E55G0_rPboo\"><img loading=\"lazy\" decoding=\"async\" width=\"1024\" height=\"567\" src=\"https:\/\/topol.org.pl\/wp-content\/uploads\/2024\/11\/Zycie-w-strach-to-calkiem-niezle-doswiadczenie-prawda-Na-tym-polega-zycie-niewolnika-1024x567.jpg\" alt=\"\" class=\"wp-image-6982\" srcset=\"https:\/\/topol.org.pl\/wp-content\/uploads\/2024\/11\/Zycie-w-strach-to-calkiem-niezle-doswiadczenie-prawda-Na-tym-polega-zycie-niewolnika-1024x567.jpg 1024w, https:\/\/topol.org.pl\/wp-content\/uploads\/2024\/11\/Zycie-w-strach-to-calkiem-niezle-doswiadczenie-prawda-Na-tym-polega-zycie-niewolnika-300x166.jpg 300w, https:\/\/topol.org.pl\/wp-content\/uploads\/2024\/11\/Zycie-w-strach-to-calkiem-niezle-doswiadczenie-prawda-Na-tym-polega-zycie-niewolnika-768x425.jpg 768w, https:\/\/topol.org.pl\/wp-content\/uploads\/2024\/11\/Zycie-w-strach-to-calkiem-niezle-doswiadczenie-prawda-Na-tym-polega-zycie-niewolnika.jpg 1062w\" sizes=\"auto, (max-width: 1024px) 100vw, 1024px\" \/><\/a><\/figure>\n\n\n\n<p>\u017bycie w strachu to ca\u0142kiem niez\u0142e do\u015bwiadczenie, prawda ?<\/p>\n\n\n\n<figure class=\"wp-block-image size-large\"><a href=\"https:\/\/www.youtube.com\/watch?v=jbnOZ-j_gT8&amp;t=5541s\"><img loading=\"lazy\" decoding=\"async\" width=\"1024\" height=\"562\" src=\"https:\/\/topol.org.pl\/wp-content\/uploads\/2024\/11\/Na-tym-polega-bycie-niewolnikiem-1024x562.jpg\" alt=\"\" class=\"wp-image-6983\" srcset=\"https:\/\/topol.org.pl\/wp-content\/uploads\/2024\/11\/Na-tym-polega-bycie-niewolnikiem-1024x562.jpg 1024w, https:\/\/topol.org.pl\/wp-content\/uploads\/2024\/11\/Na-tym-polega-bycie-niewolnikiem-300x165.jpg 300w, https:\/\/topol.org.pl\/wp-content\/uploads\/2024\/11\/Na-tym-polega-bycie-niewolnikiem-768x422.jpg 768w, https:\/\/topol.org.pl\/wp-content\/uploads\/2024\/11\/Na-tym-polega-bycie-niewolnikiem.jpg 1064w\" sizes=\"auto, (max-width: 1024px) 100vw, 1024px\" \/><\/a><\/figure>\n\n\n\n<p>Na tym polega bycie niewolnikiem.<\/p>\n\n\n\n<p><a href=\"https:\/\/www.youtube.com\/watch?v=AP5WQrkRZSI\">Michio Kaku: \u201e5% wiedzy o UFO je\u017cy w\u0142os na g\u0142owie\u201d<\/a><\/p>\n\n\n\n<p><a href=\"https:\/\/www.youtube.com\/watch?v=W-QDAyRV0VQ\">Michio Kaku: \u201eWszech\u015bwiat jest symfoni\u0105 strun. Odkrywam j\u0105\u201d<\/a><\/p>\n\n\n\n<p>&#8222;Je\u015bli teoria <a href=\"https:\/\/www.google.com\/search?q=teoria+Multiwersum&amp;oq=teoria+Multiwersum&amp;gs_lcrp=EgZjaHJvbWUyBggAEEUYOdIBCTI1OTVqMGoxNagCCLACAQ&amp;sourceid=chrome&amp;ie=UTF-8\">multiwersum<\/a> si\u0119 nie myli, to nasz wszech\u015bwiat zamarznie&#8221;- powiedzia\u0142 Michio Kaku<\/p>\n\n\n\n<p><strong>Oni lec\u0105 na Marsa i my\u015bl\u0105 co b\u0119dzie za 5 000 000 000 lat a ja ci\u0105gle o historii.<\/strong> <\/p>\n\n\n\n<p>05.11.2024 16.48 <a href=\"https:\/\/www.youtube.com\/watch?v=W56qxHbBqmQ\">Wielki Strach w USA Przed Wyborami! Dlaczego Boj\u0105&nbsp;Si\u0119 Donalda Trumpa!<\/a> \u0179r\u00f3d\u0142o: (<a href=\"https:\/\/www.youtube.com\/@TomaszPiekielnik\">Tomasz Piekielnik<\/a>)<\/p>\n\n\n\n<p>07.11.2024 <a href=\"https:\/\/www.youtube.com\/watch?v=HSXOw9ZjqKc\">Gratulacje Panie Prezydencie!<\/a><\/p>\n\n\n\n<p>07.11.2024 19.00 <a href=\"https:\/\/www.youtube.com\/watch?v=mFycPwJ1ArE&amp;t=1661s\">Michio Kaku: Odwrotna in\u017cynieria m\u00f3zgu. Nasza przysz\u0142o\u015b\u0107!<\/a> \u0179r\u00f3d\u0142o: (<a href=\"https:\/\/www.youtube.com\/@MK_ThisIsIT\">This Is IT &#8211; Maciej Kawecki<\/a>)<\/p>\n\n\n\n<p>Je\u015bli przebrniemy ca\u0142y etap Zielonego \u0141adu i zagospodarujemy ca\u0142\u0105 energi\u0119 planety, \u017ceby \u017cy\u0107 bezstresowo, przejdziemy do cywilizacji nr. 1. W cywilizacji typu 1 b\u0119dziemy walczyli mi\u0119dzy sob\u0105 w jednym uk\u0142adzie znanych nam planet. W cywilizacji 2 b\u0119dziemy zwalczali si\u0119 nawzajem przy pomocy czarnej dziury. W cywilizacji 3 zniszczymy przy pomocy <a href=\"https:\/\/www.google.com\/search?q=energii+Planka&amp;oq=energii+Planka&amp;gs_lcrp=EgZjaHJvbWUyBggAEEUYOdIBCTI2NDhqMGoxNagCCLACAQ&amp;sourceid=chrome&amp;ie=UTF-8\">energii Planka<\/a> ca\u0142y wszech\u015bwiat. Tak zmieniony cz\u0142owiek nie b\u0119dzie cz\u0142owiekiem tylko sztuczn\u0105 inteligencj\u0105. Ja martwi\u0119 si\u0119 o <a href=\"https:\/\/pl.wikipedia.org\/wiki\/Sztuka_scytyjska\">Z\u0142oto Scyt\u00f3w<\/a>, <a href=\"https:\/\/www.youtube.com\/watch?v=YaJ1DMC4A6M&amp;t=313s\">francusko-w\u0142oski i kazachski zesp\u00f3\u0142 naukowy obrabowa\u0142 grobowiec kurhanowy w Kazachstanie<\/a>. Zbezcze\u015bcili staro\u017cytny grobowiec kurhanowy. W tym samym miejscu powinni utworzy\u0107 muzeum dla potomnych.<\/p>\n\n\n\n<p>07.11.2024 19.46 <a href=\"https:\/\/www.youtube.com\/watch?v=TEvaZWD_yKU&amp;t=1049s\">Czy Polska przetrwa? Prof. Andrzej Nowak o to\u017csamo\u015bci, historii i przysz\u0142o\u015bci Europy<\/a> \u0179r\u00f3d\u0142o: (<a href=\"https:\/\/www.youtube.com\/watch?v=TEvaZWD_yKU&amp;t=1049s\">Odbudowani. Karol Gnat<\/a>)<\/p>\n\n\n\n<p>08.11.2024 06.45 Mo\u017cemy udziela\u0107 innego wsparcia. Nie&nbsp;wysy\u0142amy polskich m\u0119\u017cczyzn i&nbsp;kobiet, by&nbsp;zapewniali pok\u00f3j na&nbsp;Ukrainie. I&nbsp;nie p\u0142acimy za&nbsp;to. <a href=\"https:\/\/dorzeczy.pl\/opinie\/653308\/polscy-zolnierze-pojada-na-misje-na-ukraine-szef-mon-odpowiada.html\">Niech tym zajm\u0105 si\u0119 Ukrai\u0144cy<\/a>. <\/p>\n\n\n\n<p>09.11.2024 16.21 <a href=\"https:\/\/www.prezydent.pl\/aktualnosci\/wydarzenia\/polska-pomoc-dla-ukrainy,93620\">Polska pomoc dla Ukrainy<\/a><\/p>\n\n\n\n<p>09.11.2024 16.21 <a href=\"https:\/\/www.youtube.com\/watch?v=2D01Edg5T94\">Polska przekaza\u0142a Ukrainie ponad 100 mln sztuk amunicji | Szef MON o wys\u0142aniu wojska na Ukrain\u0119<\/a><\/p>\n\n\n\n<p>09.11.2024 18.27 <a href=\"https:\/\/www.youtube.com\/watch?v=YB4f2wj9yCY&amp;t=189s\">Szokuj\u0105cy Plan Donalda Trumpa dla Polski UJAWNIONY!<\/a><\/p>\n\n\n\n<p><strong>Pomys\u0142 po\u0142\u0105czenia dw\u00f3ch narod\u00f3w Polski i Ukrainy doprowadzi do wojny.<\/strong> <strong>Przej\u0119cia Polski przez Ukrain\u0119 i zaj\u0119cie Ziem Zachodnich przez Niemcy. <\/strong><\/p>\n\n\n\n<p><strong><a href=\"https:\/\/wiadomosci.wp.pl\/niech-placa-polacy-tak-trump-chce-zakonczyc-wojne-w-ukrainie-7090000412302048a\">Jeden z&nbsp;rozm\u00f3wc\u00f3w WSJ wykluczy\u0142 jednak udzia\u0142 wojsk ameryka\u0144skich lub si\u0142 ONZ w&nbsp;zapewnianiu bezpiecze\u0144stwa.<\/a><\/strong><\/p>\n\n\n\n<p>&#8222;Niech tym zajm\u0105 si\u0119 Polacy, Niemcy, Anglicy i Francuzi&#8221;<\/p>\n\n\n\n<p><strong>Nie chcemy mie\u0107 z planami mocarstw w stosunku do Polski nic wsp\u00f3lnego.<\/strong><\/p>\n\n\n\n<p>10.11.2024 10.37 <a href=\"https:\/\/www.youtube.com\/watch?v=WvlpQRyjU0w\">JAK NIE POWSTA\u0141A II RZECZPOSPOLITA OBOJGA NAROD\u00d3W. Opowie\u015bci Rzeczpospolita\u0144skie<\/a> \u0179r\u00f3d\u0142o: (<a href=\"https:\/\/www.youtube.com\/@KurierHistoryczny\">Kurier Historyczny<\/a>)<\/p>\n\n\n\n<p>W 1945 roku Polska wr\u00f3ci\u0142a na swoje, czyli na ziemie Piast\u00f3w. Tego si\u0119 trzymajmy.<\/p>\n\n\n\n<figure class=\"wp-block-image size-full\"><img loading=\"lazy\" decoding=\"async\" width=\"840\" height=\"753\" src=\"https:\/\/topol.org.pl\/wp-content\/uploads\/2024\/03\/Polska-za-panowania-Boleslawa-Chrobrego.webp\" alt=\"\" class=\"wp-image-2040\" srcset=\"https:\/\/topol.org.pl\/wp-content\/uploads\/2024\/03\/Polska-za-panowania-Boleslawa-Chrobrego.webp 840w, https:\/\/topol.org.pl\/wp-content\/uploads\/2024\/03\/Polska-za-panowania-Boleslawa-Chrobrego-300x269.webp 300w, https:\/\/topol.org.pl\/wp-content\/uploads\/2024\/03\/Polska-za-panowania-Boleslawa-Chrobrego-768x688.webp 768w\" sizes=\"auto, (max-width: 840px) 100vw, 840px\" \/><\/figure>\n\n\n\n<p><strong>Niemcy spycha\u0142y Piast\u00f3w na wsch\u00f3d. Popchni\u0119cie przez mocarstwa zachodnie do pomocy Ukrainie lub pilnowania jej granic wepchnie nas do wojny. Na to czekaj\u0105 Niemcy. Zajm\u0105 Ziemie Zachodnie. Wm\u00f3wi\u0105, \u017ce chodzi nam o <a href=\"https:\/\/wsjp.pl\/haslo\/podglad\/28959\/restytucja\/5183456\/rewindykacja\">restytucj\u0119<\/a> ziem Polski z 1772 roku i z czas\u00f3w 2RP. Konfederacja<\/strong> (Konfederacja&nbsp;jest zwi\u0105zkiem niezale\u017cnych pa\u0144stw, w kt\u00f3rym ka\u017cde z nich zachowuje swoj\u0105 suwerenno\u015b\u0107 i jest na r\u00f3wnej pozycji.&nbsp;Federacja&nbsp;jest zwi\u0105zkiem, w kt\u00f3rym Pa\u0144stwa Cz\u0142onkowskie podporz\u0105dkowuj\u0105 si\u0119 zwierzchniej w\u0142adzy federalnej, zachowuj\u0105c pewne uprawnienia) <strong>z Rosj\u0105 (Kr\u00f3lewiec zwany Kaliningrad), Litw\u0105, Bia\u0142orusi\u0105 i Ukrain\u0105 mo\u017ce mie\u0107 tylko wymiar zwi\u0105zku suwerennych i niepodleg\u0142ych Pa\u0144stw. Dlatego sprzeciwiam si\u0119 rozbrajaniu Ukrai\u0144c\u00f3w i stacjonowaniu obcych wojsk na ich terytorium. Zamro\u017cenie konfliktu, mo\u017ce si\u0119 odby\u0107 bez udzia\u0142u mocarstw zachodnich. Z korzy\u015bci\u0105 dla zainteresowanych stron. Powinni\u015bmy ubiec mocarstwa zachodnie przed ich zakusami podporz\u0105dkowania narod\u00f3w pod ich interesy globalne. Plan pokojowy napisa\u0142em na stronie.<\/strong> <a href=\"https:\/\/topol.org.pl\/?page_id=4030\"><strong>Konferencja pokojowa w Szwajcarii.<\/strong><\/a> Polska <strong><a href=\"https:\/\/topol.org.pl\/?page_id=4512\">Pa\u0144stwo Z\u0142otego \u015arodka.<\/a><\/strong><\/p>\n\n\n\n<p>10.11.2024 15.37 <a href=\"https:\/\/www.youtube.com\/watch?v=VKwLgfKYwks&amp;t=11s\">Jak Polska Finansuje Ukrain\u0119? D. Trump Walczy z Deep State! Atak Dron\u00f3w na Moskw\u0119!<\/a> \u0179r\u00f3d\u0142o: (<a href=\"https:\/\/www.youtube.com\/@TomaszPiekielnik\">Tomasz Piekielnik<\/a>)<\/p>\n\n\n\n<p>11.11.2024 10.40 <a href=\"https:\/\/dorzeczy.pl\/swiat\/654412\/syn-trumpa-kpi-z-zelenskiego-koniec-zasilku.html\">&#8222;Rozmowy pokojowe b\u0119d\u0105 prawdopodobnie prowadzone w&nbsp;oparciu o&nbsp;istniej\u0105c\u0105 lini\u0119 frontu i&nbsp;b\u0119d\u0105 przewidywa\u0142y ustanowienie strefy zdemilitaryzowanej&#8221;<\/a><\/p>\n\n\n\n<p><strong>sprzeciwiam si\u0119 rozbrajaniu Ukrai\u0144c\u00f3w i stacjonowaniu obcych wojsk na ich terytorium<\/strong><\/p>\n\n\n\n<p>12.11.2024 06.57 Albo zako\u0144czy wojn\u0119 jak zwyci\u0119zca. Albo pogr\u0105\u017cy nas w mroku &#8211; <a href=\"https:\/\/wiadomosci.wp.pl\/trump-i-nadzieja-na-ukrainskim-froncie-jeszcze-zobaczymy-na-co-go-stac-7090542650428352a\">m\u00f3wi\u0105 ukrai\u0144scy \u017co\u0142nierze<\/a> \u0179r\u00f3d\u0142o: (wp.pl)<\/p>\n\n\n\n<p>14.11.2024 17.56 <a href=\"https:\/\/www.youtube.com\/watch?v=fiwYHhYhy2Q\">Umowa UE i Mercosur zniszczy polskie rolnictwo? | Szef MON o &#8222;wiecznej&#8221; bazie USA w Polsce<\/a><\/p>\n\n\n\n<p>14.11.2024 18.23 <a href=\"https:\/\/www.youtube.com\/watch?v=feawZ_GCcqU\">Baza Wojskowa USA w Redzikowie &#8211; Czy ODSTRASZY Rosj\u0119 i Iran?<\/a><\/p>\n\n\n\n<p>15.11.2024 06.46 Minister MON powiedzia\u0142 &#8222;<a href=\"https:\/\/dorzeczy.pl\/kraj\/656113\/kosiniak-kamysz-wyznaczyl-granice-pomocy-dla-ukrainy.html\">Jest granica, kt\u00f3rej ja nigdy nie przekrocz\u0119<\/a>&#8222;. Obw\u00f3d kurski ma zosta\u0107 odbity <a href=\"https:\/\/dorzeczy.pl\/swiat\/654928\/putin-nakazal-odbic-obwod-kurski-przed-inauguracja-trumpa.html\">zadecydowa\u0142 Prezydent Rosji<\/a> przed <a href=\"https:\/\/dorzeczy.pl\/kraj\/656104\/warszawa-wspolpracownicy-trumpa-rozmawiali-z-trzaskowskim.html\">zaprzysi\u0119\u017ceniem Prezydenta USA<\/a>, poniewa\u017c po zamro\u017ceniu konfliktu nie mo\u017ce by\u0107 wojsk Ukrainy na terytorium Rosji.<\/p>\n\n\n\n<p><strong>Nie powinni\u015bmy uczestniczy\u0107 w misji w Iraku i Afganistanie. W misji na Ukrainie r\u00f3wnie\u017c.<\/strong> <strong>Dlatego ten Pan nie powinien by\u0107 Prezydentem Polski.<\/strong><\/p>\n\n\n\n<p>15.11.2024 07.29 <strong>Wojsko ukrai\u0144skie spod Kurska, powinno zaprzesta\u0107 walk i powr\u00f3ci\u0107 do domu.<\/strong> <\/p>\n\n\n\n<p>19.11.2024 09.15 <strong>Do Konfederacji do\u0142\u0105czy r\u00f3wnie\u017c<\/strong> *\u201d<strong><a href=\"https:\/\/topol.org.pl\/?page_id=4036\">S\u0142owia\u0144ska Scytia Kr\u00f3lewska zwana Ru\u015b Krymska<\/a><\/strong>\u201e<\/p>\n\n\n\n<p>20.11.2024 09.00 <strong><a href=\"https:\/\/dorzeczy.pl\/plus\/antysystem\/658159\/cejrowski-jesli-wywolaja-wojne-nie-dopuszcza-trumpa-do-wladzy.html\">Brygada &#8222;R&#8221; &#8222;R&#8221; i Brygada &#8222;Z Sora&#8221; graj\u0105 na czas.<\/a><\/strong><\/p>\n\n\n\n<p>21.11.2024 10.16 Jeszcze raz !!! W dniu 09.11.2024 18.27 <a href=\"https:\/\/www.youtube.com\/watch?v=YB4f2wj9yCY&amp;t=189s\">Szokuj\u0105cy Plan Donalda Trumpa dla Polski UJAWNIONY!<\/a><\/p>\n\n\n\n<p><strong>Pomys\u0142 po\u0142\u0105czenia dw\u00f3ch narod\u00f3w Polski i Ukrainy doprowadzi do wojny.<\/strong> <strong>Przej\u0119cia Polski przez Ukrain\u0119 i zaj\u0119cie Ziem Zachodnich przez Niemcy. Ten plan jest <a href=\"https:\/\/dorzeczy.pl\/swiat\/658669\/rosja-ma-plan-rozbioru-ukrainy-jest-oferta-dla-polski.html\">absolutnie, absolutnie i jeszcze raz absolutnie<\/a>  wykluczony. <a href=\"https:\/\/dorzeczy.pl\/swiat\/658669\/rosja-ma-plan-rozbioru-ukrainy-jest-oferta-dla-polski.html\">My mamy swoj\u0105 Polsk\u0119 a oni swoj\u0105 Ukrain\u0119<\/a>.<\/strong> <strong>Przed rozbiorami w XVIII w. mieli\u015bmy wsp\u00f3lnego w\u0142adc\u0119. &#8222;Dux Poloniae&#8221;<\/strong>. <strong><a href=\"https:\/\/historia.dorzeczy.pl\/historia-wspolczesna\/658810\/pomaranczowa-rewolucja-ostatnia-chwila-na-demokratyzacje-ukrainy.html\">Musz\u0105 by\u0107 osobne Parlamenty, Prezydenci i Rz\u0105dy.<\/a><\/strong><\/p>\n\n\n\n<p>22.11.2024 06.31 \u017bo\u0142nierze ukrai\u0144scy walcz\u0105cy na froncie, <strong>maj\u0105 stanowi\u0107 do\u017cywotnio si\u0142\u0119 chroni\u0105c\u0105 Ukrain\u0119, przed zakusami dalszego podboju<\/strong>. Linia frontu ma si\u0119 zatrzyma\u0107 i <strong>zachowa\u0107 mo\u017cliwo\u015b\u0107 funkcjonowania pa\u0144stwa<\/strong>. Strategiczne <strong>z\u0142o\u017ca na Ukrainie<\/strong> i z\u0142o\u017ca domy\u015blne kt\u00f3re tam s\u0105, stanowi\u0105 o mo\u017cliwo\u015bci funkcjonowania i odbudowy pa\u0144stwa. <strong>Obce wojsko nie mo\u017ce<\/strong> stacjonowa\u0107 na terytorium Ukrainy. Obywatele Ukrainy z chwil\u0105 zako\u0144czenia konfliktu <strong>powinni powr\u00f3ci\u0107<\/strong> do swojego kraju i <strong>uczestniczy\u0107 w odbudowie<\/strong>. Pa\u0144stwo Ukrai\u0144skie powinno by\u0107 <strong>suwerenne i niepodleg\u0142e<\/strong>. Obce <strong>wp\u0142ywy powinny by\u0107 wycofane a zakusy imperialne pohamowane<\/strong>. Zar\u00f3wno <strong>zach\u00f3d jak i wsch\u00f3d nie maj\u0105 prawa do ziem Ukrainy<\/strong>. Wszelkie roszczenia za pomoc Ukrainie s\u0105 niezasadne, poniewa\u017c do\u015b\u0107 si\u0119 <strong>wykrwawili<\/strong>. Maj\u0105 zasoby mineralne, <strong>sami sobie poradz\u0105<\/strong> i sfinansuj\u0105 odbudow\u0119 ze swoich \u015brodk\u00f3w. Tylko&#8230; \u017ceby ich <strong>nie drenowa\u0107 chciwo\u015bci\u0105<\/strong>.<\/p>\n\n\n\n<p>23.11.2024 19.24 <a href=\"https:\/\/www.youtube.com\/watch?v=azi77JAXqmM&amp;t=1784s\">O skutkach wys\u0142ania wojska polskiego na Ukrain\u0119<\/a><\/p>\n\n\n\n<p>01.12.2024 16.23 Ukraina nigdy nie&nbsp;zgodzi si\u0119 na&nbsp;cz\u0119\u015bciowe cz\u0142onkostwo w&nbsp;NATO-Ze\u0142enski. \u0179r\u00f3d\u0142o:&nbsp;(<a href=\"https:\/\/www.unian.ua\/politics\/ukrajina-v-nato-volodimir-zelenskiy-rozpoviv-pro-perspektivi-vstupu-do-alyansu-12837795.html\">unian.ua<\/a>)\/(<a href=\"https:\/\/dorzeczy.pl\/opinie\/663049\/zelenski-ukraina-nie-zgodzi-sie-na-czesciowe-czlonkostwo-w-nato.html\">dorzeczy.pl<\/a>)<\/p>\n\n\n\n<p><strong>\u015aci\u0105ganie NATO na swoje terytorium to wieczne zagro\u017cenie konfliktem. Niekontrolowane zad\u0142u\u017canie na zakup uzbrojenia w zachodnich koncernach. D\u0105\u017cenie do cz\u0142onkostwa w Unii te\u017c same straty. Chyba, \u017ce niepodleg\u0142o\u015b\u0107 i niezale\u017cno\u015b\u0107 nie jest wa\u017cna. Utrata suwerenno\u015bci, w\u0142asnej waluty obrona ca\u0142ej Unii na swoim terytorium. To wieczna wojna i zniszczenie. Tylko samodzielna obrona bez obcych struktur na swoim terytorium.<\/strong><\/p>\n\n\n\n<p>03.12.2024 12.27 &#8222;<a href=\"https:\/\/dorzeczy.pl\/opinie\/662512\/pawel-lisicki-zatrute-dary-z-moskwy.html\">Zatrute dary z&nbsp;Moskwy<\/a>&#8221; \u0179r\u00f3d\u0142o: (<a href=\"https:\/\/www.youtube.com\/watch?v=VWOP34QvUy8\">dorzeczy.pl<\/a>)<\/p>\n\n\n\n<p>04.12.2024 07.30 &#8222;<a href=\"https:\/\/dorzeczy.pl\/opinie\/663793\/pieczynski-wojna-islamsko-rosyjska-pod-flaga-rusi.html\">S\u0142owianie i Ru\u015b<\/a> maj\u0105 to\u017csamo\u015b\u0107 s\u0142owia\u0144sk\u0105 i dlatego koncepcja Rosji nie jest <a href=\"https:\/\/www.google.com\/search?q=etnocentryczna&amp;oq=etnocentryczna&amp;gs_lcrp=EgZjaHJvbWUyBggAEEUYOdIBCTg5OTJqMGoxNagCCLACAQ&amp;sourceid=chrome&amp;ie=UTF-8\">&#8222;etnocentryczna&#8221; czyli azjatycka<\/a>. \u0179r\u00f3d\u0142o: (dorzeczy.pl)<\/p>\n\n\n\n<p>Kultury powinny zachowa\u0107 swoj\u0105 odr\u0119bno\u015b\u0107 religijn\u0105 i \u015bwiatopogl\u0105dow\u0105. <a href=\"https:\/\/topol.org.pl\/?page_id=192\">S\u0142owianie i Ru\u015b nale\u017c\u0105 do tej cz\u0119\u015bci Europy.<\/a><\/p>\n\n\n\n<p>Verte &gt;<a href=\"https:\/\/topol.org.pl\/?page_id=6187\">Fundacja Narodowe Si\u0142y Samoobrony \u201eGrot\u201d<\/a><\/p>\n\n\n\n<p><\/p>\n","protected":false},"excerpt":{"rendered":"<p>04.11.2024 18.22 Kto stoi za Trumpem i Harris? Leszek Sykulski \u0179r\u00f3d\u0142o: (eMisjaTv) Bardziej obawiam si\u0119 wybor\u00f3w w Polsce. &#8222;Symfonia strun&#8221; dopada ca\u0142\u0105 scen\u0119 polityczn\u0105. \u017bycie w strachu to ca\u0142kiem niez\u0142e do\u015bwiadczenie, prawda ? Na tym polega bycie niewolnikiem. Michio Kaku: \u201e5% wiedzy o UFO je\u017cy w\u0142os na g\u0142owie\u201d Michio Kaku: \u201eWszech\u015bwiat jest symfoni\u0105 strun. Odkrywam [&hellip;]<\/p>\n","protected":false},"author":1,"featured_media":0,"parent":0,"menu_order":227,"comment_status":"closed","ping_status":"closed","template":"","meta":{"footnotes":""},"class_list":["post-6981","page","type-page","status-publish","hentry"],"_links":{"self":[{"href":"https:\/\/topol.org.pl\/index.php?rest_route=\/wp\/v2\/pages\/6981","targetHints":{"allow":["GET"]}}],"collection":[{"href":"https:\/\/topol.org.pl\/index.php?rest_route=\/wp\/v2\/pages"}],"about":[{"href":"https:\/\/topol.org.pl\/index.php?rest_route=\/wp\/v2\/types\/page"}],"author":[{"embeddable":true,"href":"https:\/\/topol.org.pl\/index.php?rest_route=\/wp\/v2\/users\/1"}],"replies":[{"embeddable":true,"href":"https:\/\/topol.org.pl\/index.php?rest_route=%2Fwp%2Fv2%2Fcomments&post=6981"}],"version-history":[{"count":70,"href":"https:\/\/topol.org.pl\/index.php?rest_route=\/wp\/v2\/pages\/6981\/revisions"}],"predecessor-version":[{"id":7555,"href":"https:\/\/topol.org.pl\/index.php?rest_route=\/wp\/v2\/pages\/6981\/revisions\/7555"}],"wp:attachment":[{"href":"https:\/\/topol.org.pl\/index.php?rest_route=%2Fwp%2Fv2%2Fmedia&parent=6981"}],"curies":[{"name":"wp","href":"https:\/\/api.w.org\/{rel}","templated":true}]}}