{"id":7350,"date":"2024-11-28T11:25:23","date_gmt":"2024-11-28T10:25:23","guid":{"rendered":"https:\/\/topol.org.pl\/?page_id=7350"},"modified":"2026-01-09T10:59:07","modified_gmt":"2026-01-09T09:59:07","slug":"traktat-ottawski","status":"publish","type":"page","link":"https:\/\/topol.org.pl\/?page_id=7350","title":{"rendered":"Traktat ottawski. Moja doktryna."},"content":{"rendered":"\n<p>28.11.2024 11.30 <a href=\"https:\/\/pl.wikipedia.org\/wiki\/Traktat_ottawski\">Traktat ottawski<\/a><\/p>\n\n\n\n<p><strong>Podpisuj\u0119 si\u0119 pod tym traktatem.<\/strong> <strong><a href=\"https:\/\/pl.wikipedia.org\/wiki\/Traktat_ottawski\">Traktat ottawski.<\/a><\/strong><\/p>\n\n\n\n<p>28.11.2024 17.36 <strong>Moja doktryna.<\/strong> <strong>Ka\u017cde stacjonowanie obcych wojsk na terenie Polski uwa\u017cam za niedopuszczalne. Trzeba zrozumie\u0107, \u017ce <a href=\"https:\/\/www.rp.pl\/swiat\/art41530321-wojna-rosji-z-ukraina-dzien-1014\">ka\u017cde pa\u0144stwo ma swoje interesy<\/a> zazwyczaj odmienne ni\u017c nasz interes obrony ojczyzny. Interes niemiecki jest inny ni\u017c nasz. Ameryka\u0144ski nie jest to\u017csamy z naszym i jest przeciwny do rosyjskiego. Dlatego Rosjanie mog\u0105 si\u0119 zdenerwowa\u0107. Ukrai\u0144cy te\u017c maj\u0105 sw\u00f3j interes odmienny od naszego, dlatego <a href=\"https:\/\/www.youtube.com\/watch?v=BrZ-j4ab9CU&amp;t=493s\">pozwalaj\u0105 na ekshumacje<\/a>, ale m\u00f3wi\u0105, \u017ce mamy do nich prawo jak Wehrmacht. <a href=\"https:\/\/pl.wikipedia.org\/wiki\/Wehrmacht\">Wehrmacht to si\u0142y zbrojne Niemc\u00f3w w czasie 2 W\u015a<\/a>. Najechali nasze pa\u0144stwo i byli\u015bmy pod okupacj\u0105 Niemieck\u0105. <a href=\"https:\/\/dorzeczy.pl\/kraj\/661900\/dpa-niemieckie-wojska-w-polsce-planowane-jest-rozmieszczenie-systemu-patriot.html\">Traktuj\u0119, ka\u017cd\u0105 wojskow\u0105 obecno\u015b\u0107 innego pa\u0144stwa na naszym terytorium jak okupacj\u0119<\/a>.  Boj\u0119 si\u0119 prowokacji.  Przecie\u017c <a href=\"https:\/\/www.google.com\/search?q=Jesionce+lotnisko&amp;sca_esv=6122795b47be2ccc&amp;sxsrf=ADLYWIIIUI0Loh-ERogvVLp-nxuD71jRMQ%3A1732812149782&amp;ei=dZ1IZ7ypL4im1fIPyZGpoQ0&amp;ved=0ahUKEwj8t5mlvP-JAxUIU1UIHclIKtQQ4dUDCA8&amp;uact=5&amp;oq=Jesionce+lotnisko&amp;gs_lp=Egxnd3Mtd2l6LXNlcnAiEUplc2lvbmNlIGxvdG5pc2tvMggQABgIGA0YHjIIEAAYCBgNGB4yCBAAGAgYDRgeMggQABgIGA0YHjIIEAAYCBgNGB4yCBAAGAgYDRgeMggQABgIGA0YHjIIEAAYCBgNGB4yCBAAGAgYDRgeMggQABiABBiiBEjnLFDaCVi4J3ABeAGQAQCYAaQBoAHfCaoBAzAuObgBA8gBAPgBAZgCCqACgQrCAgoQABiwAxjWBBhHwgIGEAAYDRgewgIIEAAYBRgNGB7CAgUQIRigAZgDAIgGAZAGCJIHAzEuOaAHqDU&amp;sclient=gws-wiz-serp\">w Porcie Lotniczym Rzesz\u00f3w-Jasionka im. Rodziny Ulm\u00f3w<\/a>, odbywa si\u0119 dostawa. Rzeczywi\u015bcie ta wojna&#8230;, ju\u017c dawno Rosjanie by nas&#8230;<\/strong><\/p>\n\n\n\n<p><strong>Obecno\u015b\u0107 w NATO i punkt 5. traktuj\u0119 jako gwarancj\u0119, \u017ce nikt z sojuszu nas nie napadnie. Ale mo\u017ce nas przymusi\u0107, \u017ceby\u015bmy uczestniczyli w nieswojej wojnie. Nawet na innym kontynencie. W przypadku konfliktu na Ukrainie wej\u015bcie do wojny sko\u0144czy si\u0119 dla nas okupacj\u0105. I tak chc\u0105 odda\u0107 nasze pa\u0144stwo pod zarz\u0105d Europejczyk\u00f3w. Pobyt obcych wojsk, traktuj\u0119 jak zaminowanie swojego terytorium. Przecie\u017c podpisali\u015bmy traktat ottawski. Jestem przeciwko zaminowywaniu, poniewa\u017c w dzieci\u0144stwie bawi\u0142em si\u0119 z ch\u0142opakami w zbombardowanych przez Niemc\u00f3w ruinach. Miny nie znalaz\u0142em. U dziadka na wakacjach znale\u017ali\u015bmy &#8222;niewypa\u0142&#8221;.<\/strong><\/p>\n\n\n\n<p><strong>Doktryn\u0119 opieram na si\u0142ach w\u0142asnych. Powszechnym dost\u0119pie do broni i wyposa\u017ceniu na terenie ca\u0142ej Polski w Przeciwpancerny Grot dla Wojska Polskiego i obrony terytorialnej. Nie licz\u0119, \u017ce na czas dostaniemy z zagranicy potrzebne pociski. Rosja produkuje 4 000 000 pocisk\u00f3w artyleryjskich. Pociski trzeba produkowa\u0107 w r\u00f3\u017cnych miejscach nie w jednym zdekonspirowanym poniewa\u017c w pierwszej chwili zostanie zbombardowane. To musi by\u0107 produkcja rozdrobniona.<\/strong> <strong>Gara\u017cowa.<\/strong> <strong>Oczywi\u015bcie nastawiona r\u00f3wnie\u017c na eksport. W tej chwili niezast\u0105pione s\u0105 drony na polu bitwy. Planowanie na naszym terytorium udzia\u0142u w NATO&nbsp;<em>Nuclear Sharing<\/em> doprowadzi do zaatakowania naszego terytorium w pierwszej chwili. Wykluczam udzia\u0142. Le\u017cymy za blisko, \u017ceby atakowa\u0107 nasz kraj broni\u0105 j\u0105drow\u0105. Nikt nie strzela po s\u0105siedzku. Dlatego elektrownie j\u0105drowe na Ukrainie s\u0105 bezpieczne. Gdyby nasz kraj zosta\u0142 zaatakowany, powinni\u015bmy odpowiedzie\u0107 zmasowanym atakiem przy pomocy dron\u00f3w na wrogim terytorium. Si\u0142y specjalne trzeba przerzuci\u0107 w formie pojedynczych &#8222;Rambo&#8221; do destabilizacji. Wcze\u015bniej trzeba zapozna\u0107 si\u0119 z obiektami do neutralizacji. Mam nadziej\u0119, \u017ce zrobi\u0105 gr\u0119 wojenn\u0105 nie na naszym terytorium tylko teoretycznego wroga. <\/strong> <\/p>\n\n\n\n<p><strong>Jak b\u0119dziemy niepodleg\u0142ym suwerennym pa\u0144stwem, czyli jak przyjmiemy Konstytucj\u0119 z 11.11.2023 roku. Zainwestujemy w przerzucenie niekt\u00f3rych mieszka\u0144c\u00f3w (dzieci i starsi) przy pomocy zbudowanej infrastruktury kolejowej  w ramach CPK na tereny nie obj\u0119te dzia\u0142aniami zbrojnymi.  Miejsca frontowe zapewni\u0105 schrony dla wojska i obrony terytorialnej. M\u0142odzi  czyli wojsko i obrona terytorialna, musz\u0105 odpiera\u0107 zagro\u017cenie.<\/strong> <strong>To tyle.<\/strong><\/p>\n\n\n\n<p>29.11.2024 06.19 <a href=\"https:\/\/www.rp.pl\/kraj\/art41510261-sondaz-rzeczpospolitej-na-wojsko-trzeba-wydawac-wiecej\">Czy Polska powinna zwi\u0119ksza\u0107 wydatki na wojsko?<\/a> \u0179r\u00f3d\u0142o: Rzeczpospolita<\/p>\n\n\n\n<p><strong>Moim zdaniem uzbrojenie ludzi z Polskich Zak\u0142ad\u00f3w Zbrojeniowych nie b\u0119dzie tyle kosztowa\u0142o. Kupowane ci\u0119\u017ckie uzbrojenie jest nie na tak\u0105 wojn\u0119. Teraz drony, pociski artyleryjskie, &#8222;Przeciwpancerny Grot&#8221; i powszechny dost\u0119p do broni.<\/strong><\/p>\n\n\n\n<p>03.12.2024 07.03 &#8222;<a href=\"https:\/\/dorzeczy.pl\/swiat\/663472\/usa-wysla-na-ukraine-bron-warta-725-mln-dolarow.html\">u\u017cycie jest kontrowersyjne ze&nbsp;wzgl\u0119du na&nbsp;potencjalne zagro\u017cenie dla&nbsp;ludno\u015bci cywilnej<\/a>&#8221; \u2013&nbsp;odnotowuje agencja Reuters \u0179r\u00f3d\u0142o: DoRzeczy.pl<\/p>\n\n\n\n<p>20.12.2024 17.31 <a href=\"https:\/\/youtu.be\/_8OKuXfPhTY?t=196\">Esto\u0144ski genera\u0142 z planem niszczenia miast Estonii na wypadek wojny<\/a> \u0179r\u00f3d\u0142o: Leszek Sykulski<\/p>\n\n\n\n<p><strong>Dobrze, \u017ce u nas nie jest Ministrem Obrony Narodowej \u017caden Genera\u0142 tylko <a href=\"https:\/\/www.youtube.com\/watch?v=R0KqvpzsEDo\">lekarz<\/a>.<\/strong> <strong>NATO to system obrony, trzeba o tym pami\u0119ta\u0107.<\/strong> <strong>Dbajmy o pok\u00f3j.<\/strong> \u0179r\u00f3d\u0142o: (<a href=\"https:\/\/www.youtube.com\/@Patriot24TV\">Patriot24.TV<\/a>)<\/p>\n\n\n\n<p>22.12.2024 10.00 <strong><a href=\"https:\/\/dorzeczy.pl\/swiat\/670925\/pomoc-usa-dla-ukrainy-trump-mial-zdecydowac-i-postawic-warunki.html\">Zwi\u0119kszenie &#8222;dzia\u0142ki&#8221; na zbrojenia do 5% PKB<\/a> to 170 mld z\u0142 czyli 1\/3 dochod\u00f3w pa\u0144stwa. Mo\u017cna spe\u0142ni\u0107 to \u017c\u0105danie jak przestawimy gospodark\u0119 na tryb wojenny. Zak\u0142adam, \u017ce nie dojdzie do wojny. Chodzi o rozw\u00f3j przemys\u0142u i technologii. Najbogatsi chc\u0105 lata\u0107 na Ksi\u0119\u017cyc i Marsa. W perspektywie skolonizowa\u0107 Marsa lud\u017ami modyfikowanymi genetycznie. Dlatego d\u0105\u017c\u0105 do upadku Rosji i przej\u0119cia zasob\u00f3w. Ale jak to sobie wyobra\u017caj\u0105. Za\u0142o\u017c\u0105 wszystkim opaski na nadgarstek, \u017ceby wiedzie\u0107 o miejscu przebywania z mo\u017cliwo\u015bci\u0105 wy\u0142\u0105czenia funkcji \u017cyciowych. To po prostu ob\u00f3z. Nie zgadzam si\u0119 na to. Zakup Abrams\u00f3w wykorzystamy do upraw polowych. Apacze pos\u0142u\u017c\u0105 do gaszenia po\u017car\u00f3w i oprysk\u00f3w na polach. Ale te pojazdy ju\u017c mamy w nadmiarze. Dlatego wchodzi w gr\u0119 amunicja. Proponuj\u0119 przenie\u015b\u0107 zak\u0142ady ameryka\u0144skie na teren Polski. Zajmiemy si\u0119 eksportem, do kraj\u00f3w frontowych. Chodzi o biznes. Po wprowadzeniu 3 % podatku obrotowego od zachodnich korporacji pokryjemy wydatki na zbrojenia. Moim zdaniem trzeba dba\u0107 o przetrwanie Rosji. W przeciwnym razie zostan\u0105 skolonizowani przez Chiny. Europa \u015brodkowa powinna by\u0107 wspomagana tanim gazem z Rosji przez dystrybutora w Polsce. USA znajd\u0105 wtedy rynek zbytu na produkty z ropy i gazu w Europie Zachodniej, Chinach i Indiach. \u017beby utrzyma\u0107 prymat, nie da si\u0119 zwyci\u0119\u017cy\u0107 walcz\u0105c o niego tylko trzeba dawa\u0107 kropl\u00f3wk\u0119 w miejscach gdzie jest gorzej. Czyli trzeba zaproponowa\u0107 lepsze warunki. A nie destrukcj\u0119 i wojn\u0119.<\/strong><\/p>\n\n\n\n<p>23.12.2024 15.02 <strong>Polska b\u0119dzie prowadzi\u0142a samodzieln\u0105 polityk\u0119 zagraniczn\u0105 i polityk\u0119 bezpiecze\u0144stwa.<\/strong><\/p>\n\n\n\n<p>09.01.2025 19.47 Prawie trzy lata wojny na Ukrainie! Czy Polska stanie si\u0119 cz\u0119\u015bci\u0105 tego konfliktu? Samol, Zapa\u0142owski \u0179r\u00f3d\u0142o: <a href=\"https:\/\/www.youtube.com\/@tygodnikDoRzeczy\">Tygodnik DoRzeczy<\/a><\/p>\n\n\n\n<p><strong>Napisa\u0142em doktryn\u0119.<\/strong> <strong>I jeszcze najwa\u017cniejsze. To nie jest praca tylko s\u0142u\u017cba.<\/strong> \u0179r\u00f3d\u0142o: <a href=\"https:\/\/topol.org.pl\/?page_id=47\">Fragment<\/a><\/p>\n\n\n\n<p>Verte &gt;<a href=\"https:\/\/topol.org.pl\/?page_id=6187\">Fundacja Narodowe Si\u0142y Samoobrony \u201eGrot\u201d<\/a><\/p>\n\n\n\n<p><\/p>\n","protected":false},"excerpt":{"rendered":"<p>28.11.2024 11.30 Traktat ottawski Podpisuj\u0119 si\u0119 pod tym traktatem. Traktat ottawski. 28.11.2024 17.36 Moja doktryna. Ka\u017cde stacjonowanie obcych wojsk na terenie Polski uwa\u017cam za niedopuszczalne. Trzeba zrozumie\u0107, \u017ce ka\u017cde pa\u0144stwo ma swoje interesy zazwyczaj odmienne ni\u017c nasz interes obrony ojczyzny. Interes niemiecki jest inny ni\u017c nasz. Ameryka\u0144ski nie jest to\u017csamy z naszym i jest przeciwny [&hellip;]<\/p>\n","protected":false},"author":1,"featured_media":0,"parent":0,"menu_order":231,"comment_status":"closed","ping_status":"closed","template":"","meta":{"footnotes":""},"class_list":["post-7350","page","type-page","status-publish","hentry"],"_links":{"self":[{"href":"https:\/\/topol.org.pl\/index.php?rest_route=\/wp\/v2\/pages\/7350","targetHints":{"allow":["GET"]}}],"collection":[{"href":"https:\/\/topol.org.pl\/index.php?rest_route=\/wp\/v2\/pages"}],"about":[{"href":"https:\/\/topol.org.pl\/index.php?rest_route=\/wp\/v2\/types\/page"}],"author":[{"embeddable":true,"href":"https:\/\/topol.org.pl\/index.php?rest_route=\/wp\/v2\/users\/1"}],"replies":[{"embeddable":true,"href":"https:\/\/topol.org.pl\/index.php?rest_route=%2Fwp%2Fv2%2Fcomments&post=7350"}],"version-history":[{"count":35,"href":"https:\/\/topol.org.pl\/index.php?rest_route=\/wp\/v2\/pages\/7350\/revisions"}],"predecessor-version":[{"id":8553,"href":"https:\/\/topol.org.pl\/index.php?rest_route=\/wp\/v2\/pages\/7350\/revisions\/8553"}],"wp:attachment":[{"href":"https:\/\/topol.org.pl\/index.php?rest_route=%2Fwp%2Fv2%2Fmedia&parent=7350"}],"curies":[{"name":"wp","href":"https:\/\/api.w.org\/{rel}","templated":true}]}}