{"id":7384,"date":"2024-11-29T09:23:26","date_gmt":"2024-11-29T08:23:26","guid":{"rendered":"https:\/\/topol.org.pl\/?page_id=7384"},"modified":"2026-01-09T10:59:15","modified_gmt":"2026-01-09T09:59:15","slug":"w-glosowaniu-ludzie-sami-zgotowali-sobie-ten-los","status":"publish","type":"page","link":"https:\/\/topol.org.pl\/?page_id=7384","title":{"rendered":"w g\u0142osowaniu sami zgotowali \u201esobie\u201d ten los"},"content":{"rendered":"\n<p>29.11.2024 09.21 <strong>W g\u0142osowaniu ludzie sami chcieli<\/strong>.<\/p>\n\n\n\n<p><a href=\"https:\/\/en.wikipedia.org\/wiki\/Kyoto_Protocol\">Protok\u00f3\u0142 z Kioto<\/a><\/p>\n\n\n\n<p><a href=\"https:\/\/en.wikisource.org\/wiki\/Doha_Amendment_to_the_Kyoto_Protocol\">Poprawka z Dohy do Protoko\u0142u z Kioto<\/a><\/p>\n\n\n\n<p><a href=\"https:\/\/en.wikipedia.org\/wiki\/Paris_Agreement\">Porozumienie paryskie<\/a><\/p>\n\n\n\n<p><a href=\"https:\/\/en.wikipedia.org\/wiki\/Global_Reporting_Initiative\">Globalna inicjatywa sprawozdawcza. Global&nbsp;<strong>Reporting Initiative<\/strong>&nbsp;(&nbsp;<strong>GRI<\/strong>&nbsp;)<\/a><\/p>\n\n\n\n<p><a href=\"https:\/\/en.wikipedia.org\/wiki\/Task_Force_on_Climate-related_Financial_Disclosures\">Zesp\u00f3\u0142 ds. ujawnie\u0144 finansowych zwi\u0105zanych z klimatem<\/a> <a href=\"https:\/\/en.wikipedia.org\/wiki\/Task_Force_on_Climate-related_Financial_Disclosures\">(TCFD)<\/a><\/p>\n\n\n\n<p><a href=\"https:\/\/www.kobize.pl\/pl\/contact\/id\/405\/kontakt\">Krajowy O\u015brodek Bilansowania i Zarz\u0105dzania Emisjami<\/a><\/p>\n\n\n\n<p>29.11.2024 09.21&nbsp;<strong>W g\u0142osowaniu firmy same chcia\u0142y<\/strong>.<\/p>\n\n\n\n<p>29.11.2024 09.41 <a href=\"https:\/\/polskiestowarzyszenieesg.pl\/\">Polskie Stowarzyszenie ESG<\/a><\/p>\n\n\n\n<p>29.11.2024 09.21&nbsp;<strong>W g\u0142osowaniu <a href=\"https:\/\/topol.org.pl\/?page_id=2755\">zwierz\u0119ta same<\/a> chcia\u0142y<\/strong>.<\/p>\n\n\n\n<p>Verte ><a href=\"https:\/\/topol.org.pl\/?page_id=6187\">Fundacja Narodowe Si\u0142y Samoobrony \u201eGrot\u201d<\/a><\/p>\n","protected":false},"excerpt":{"rendered":"<p>29.11.2024 09.21 W g\u0142osowaniu ludzie sami chcieli. Protok\u00f3\u0142 z Kioto Poprawka z Dohy do Protoko\u0142u z Kioto Porozumienie paryskie Globalna inicjatywa sprawozdawcza. Global&nbsp;Reporting Initiative&nbsp;(&nbsp;GRI&nbsp;) Zesp\u00f3\u0142 ds. ujawnie\u0144 finansowych zwi\u0105zanych z klimatem (TCFD) Krajowy O\u015brodek Bilansowania i Zarz\u0105dzania Emisjami 29.11.2024 09.21&nbsp;W g\u0142osowaniu firmy same chcia\u0142y. 29.11.2024 09.41 Polskie Stowarzyszenie ESG 29.11.2024 09.21&nbsp;W g\u0142osowaniu zwierz\u0119ta same chcia\u0142y. [&hellip;]<\/p>\n","protected":false},"author":1,"featured_media":0,"parent":0,"menu_order":232,"comment_status":"closed","ping_status":"closed","template":"","meta":{"footnotes":""},"class_list":["post-7384","page","type-page","status-publish","hentry"],"_links":{"self":[{"href":"https:\/\/topol.org.pl\/index.php?rest_route=\/wp\/v2\/pages\/7384","targetHints":{"allow":["GET"]}}],"collection":[{"href":"https:\/\/topol.org.pl\/index.php?rest_route=\/wp\/v2\/pages"}],"about":[{"href":"https:\/\/topol.org.pl\/index.php?rest_route=\/wp\/v2\/types\/page"}],"author":[{"embeddable":true,"href":"https:\/\/topol.org.pl\/index.php?rest_route=\/wp\/v2\/users\/1"}],"replies":[{"embeddable":true,"href":"https:\/\/topol.org.pl\/index.php?rest_route=%2Fwp%2Fv2%2Fcomments&post=7384"}],"version-history":[{"count":12,"href":"https:\/\/topol.org.pl\/index.php?rest_route=\/wp\/v2\/pages\/7384\/revisions"}],"predecessor-version":[{"id":7408,"href":"https:\/\/topol.org.pl\/index.php?rest_route=\/wp\/v2\/pages\/7384\/revisions\/7408"}],"wp:attachment":[{"href":"https:\/\/topol.org.pl\/index.php?rest_route=%2Fwp%2Fv2%2Fmedia&parent=7384"}],"curies":[{"name":"wp","href":"https:\/\/api.w.org\/{rel}","templated":true}]}}