{"id":7409,"date":"2024-11-30T06:51:52","date_gmt":"2024-11-30T05:51:52","guid":{"rendered":"https:\/\/topol.org.pl\/?page_id=7409"},"modified":"2026-01-09T11:05:27","modified_gmt":"2026-01-09T10:05:27","slug":"transport","status":"publish","type":"page","link":"https:\/\/topol.org.pl\/?page_id=7409","title":{"rendered":"Transport"},"content":{"rendered":"\n<p>17.02.2025 06.51 Planuj\u0119 uruchomi\u0107 produkcj\u0119 na potrzeby obrony cywilnej.<\/p>\n\n\n\n<ol class=\"wp-block-list\">\n<li>Na ka\u017cdym dworcu kolejowym lokomotywy parowe. To na wypadek jak by nie by\u0142o ropy, gazu i pr\u0105du. Do lokomotywy wystarczy drewno bukowe.<\/li>\n\n\n\n<li>Uruchomimy produkcj\u0119 tanich samochod\u00f3w \u017buk dla potrzeb lokalnych, obrony cywilnej. (mamy licencj\u0119)<\/li>\n\n\n\n<li>Uruchomimy produkcj\u0119 samochod\u00f3w ci\u0119\u017carowych Star 266 dla obrony cywilnej. (mamy licencj\u0119)<\/li>\n\n\n\n<li>Uruchomimy produkcj\u0119 ci\u0105gnik\u00f3w Ursus C 360. (mamy licencj\u0119)<\/li>\n<\/ol>\n\n\n\n<p>Pojazdy maj\u0105 by\u0107 nie wyposa\u017cone w <a href=\"https:\/\/pl.wikipedia.org\/wiki\/Global_Positioning_System\"><strong>GPS<\/strong>, wymowa \u2013 [gie-pe-es]<\/a>. Musz\u0105 mie\u0107 prost\u0105 konstrukcj\u0119 bez elektroniki i zb\u0119dnych akcesori\u00f3w. Takie pojazdy, kt\u00f3re mo\u017cna naprawi\u0107 przy pomocy <a href=\"https:\/\/www.google.com\/search?q=francuza+klucz&amp;oq=francuza+klucz&amp;gs_lcrp=EgZjaHJvbWUyBggAEEUYOdIBCTcxOTJqMGoxNagCCLACAQ&amp;sourceid=chrome&amp;ie=UTF-8\">francuza<\/a>, <a href=\"https:\/\/www.google.com\/search?q=m%C5%82otka&amp;oq=m%C5%82otka&amp;gs_lcrp=EgZjaHJvbWUyBggAEEUYOdIBCTIzNjJqMGoxNagCCLACAQ&amp;sourceid=chrome&amp;ie=UTF-8\">m\u0142otka<\/a> i <a href=\"https:\/\/pl.wikipedia.org\/wiki\/Przecinak\">przecinaka<\/a>.<\/p>\n\n\n\n<p><a href=\"https:\/\/topol.org.pl\/?page_id=6187\">Fundacja: Narodowe Si\u0142y Samoobrony \u201eGrot\u201d<\/a><\/p>\n\n\n\n<p><\/p>\n","protected":false},"excerpt":{"rendered":"<p>17.02.2025 06.51 Planuj\u0119 uruchomi\u0107 produkcj\u0119 na potrzeby obrony cywilnej. Pojazdy maj\u0105 by\u0107 nie wyposa\u017cone w GPS, wymowa \u2013 [gie-pe-es]. Musz\u0105 mie\u0107 prost\u0105 konstrukcj\u0119 bez elektroniki i zb\u0119dnych akcesori\u00f3w. Takie pojazdy, kt\u00f3re mo\u017cna naprawi\u0107 przy pomocy francuza, m\u0142otka i przecinaka. Fundacja: Narodowe Si\u0142y Samoobrony \u201eGrot\u201d<\/p>\n","protected":false},"author":1,"featured_media":0,"parent":0,"menu_order":250,"comment_status":"closed","ping_status":"closed","template":"","meta":{"footnotes":""},"class_list":["post-7409","page","type-page","status-publish","hentry"],"_links":{"self":[{"href":"https:\/\/topol.org.pl\/index.php?rest_route=\/wp\/v2\/pages\/7409","targetHints":{"allow":["GET"]}}],"collection":[{"href":"https:\/\/topol.org.pl\/index.php?rest_route=\/wp\/v2\/pages"}],"about":[{"href":"https:\/\/topol.org.pl\/index.php?rest_route=\/wp\/v2\/types\/page"}],"author":[{"embeddable":true,"href":"https:\/\/topol.org.pl\/index.php?rest_route=\/wp\/v2\/users\/1"}],"replies":[{"embeddable":true,"href":"https:\/\/topol.org.pl\/index.php?rest_route=%2Fwp%2Fv2%2Fcomments&post=7409"}],"version-history":[{"count":8,"href":"https:\/\/topol.org.pl\/index.php?rest_route=\/wp\/v2\/pages\/7409\/revisions"}],"predecessor-version":[{"id":9725,"href":"https:\/\/topol.org.pl\/index.php?rest_route=\/wp\/v2\/pages\/7409\/revisions\/9725"}],"wp:attachment":[{"href":"https:\/\/topol.org.pl\/index.php?rest_route=%2Fwp%2Fv2%2Fmedia&parent=7409"}],"curies":[{"name":"wp","href":"https:\/\/api.w.org\/{rel}","templated":true}]}}