{"id":7435,"date":"2024-11-30T15:06:29","date_gmt":"2024-11-30T14:06:29","guid":{"rendered":"https:\/\/topol.org.pl\/?page_id=7435"},"modified":"2026-01-09T10:59:26","modified_gmt":"2026-01-09T09:59:26","slug":"ulubiony-prysznic-na-stojaco-swistaka","status":"publish","type":"page","link":"https:\/\/topol.org.pl\/?page_id=7435","title":{"rendered":"ulubiony \u015bwistak"},"content":{"rendered":"\n<p>30.11.2024 15.04 <a href=\"https:\/\/www.youtube.com\/shorts\/ucE0jTT_GNY?feature=share\">ulubiony<\/a> <a href=\"https:\/\/www.youtube.com\/watch?v=ZUyATcmYYs8\">\u015bwistak<\/a> <a href=\"https:\/\/www.youtube.com\/watch?v=EPBu00CvhKU\">\u0179r\u00f3d\u0142o<\/a>: (<a href=\"https:\/\/www.youtube.com\/watch?v=8WddwFfcSIU\">Exotic Black TV<\/a>)\/(<a href=\"https:\/\/www.youtube.com\/shorts\/ucE0jTT_GNY?feature=share\">JackieMcReY<\/a>)<\/p>\n\n\n\n<p>30.11.2024 15.11 <a href=\"https:\/\/www.youtube.com\/watch?v=DLJzCxVbbvA\">Jeste\u015bmy jedynie wyrafinowanymi maszynami | prof. Robert Sapolsky (Stanford)<\/a> \u0179r\u00f3d\u0142o: (<a href=\"https:\/\/www.youtube.com\/hashtag\/maciejkawecki\">Maciej Kawecki<\/a>)<\/p>\n\n\n\n<p>&#8222;Trzeba chroni\u0107 spo\u0142ecze\u0144stwo przed nieodpowiednimi lud\u017ami&#8221;. &#8222;To idiotyczne&#8221;<\/p>\n\n\n\n<p><strong>Ja te\u017c tak s\u0105dz\u0119, ci ludzie powinni by\u0107 izolowani.<\/strong> <strong>To nauka uszkadza m\u00f3zg<\/strong>.<\/p>\n\n\n\n<p><strong>Dobrze, \u017ce nie studiowa\u0142em w &#8222;Stanie&#8221;. I na &#8222;Kolegium&#8221;<\/strong><\/p>\n\n\n\n<p>30.11.2024 16.41 <a href=\"https:\/\/www.youtube.com\/shorts\/GvG0JVzhBJw?feature=share\">Trzeba uwa\u017ca\u0107 na lawin\u0119.<\/a> \u0179r\u00f3d\u0142o: (Creator: <a href=\"https:\/\/www.youtube.com\/@HappyExplorerTV\">Happy Explorer<\/a>)<\/p>\n\n\n\n<p>30.11.2024 21.24 <a href=\"https:\/\/www.youtube.com\/watch?v=jm61TJI4rHg\">Ennio Morricone<\/a> \u0179r\u00f3d\u0142o: (<a href=\"https:\/\/www.youtube.com\/watch?v=jm61TJI4rHg\">\u0425\u041e\u0420\u041e\u0428\u0415\u0415 \u041f\u041e\u0412\u0421\u042e\u0414\u0423<\/a>)<\/p>\n\n\n\n<p>Verte &gt;<a href=\"https:\/\/topol.org.pl\/?page_id=6187\">Fundacja Narodowe Si\u0142y Samoobrony \u201eGrot\u201d<\/a><\/p>\n\n\n\n<p><\/p>\n","protected":false},"excerpt":{"rendered":"<p>30.11.2024 15.04 ulubiony \u015bwistak \u0179r\u00f3d\u0142o: (Exotic Black TV)\/(JackieMcReY) 30.11.2024 15.11 Jeste\u015bmy jedynie wyrafinowanymi maszynami | prof. Robert Sapolsky (Stanford) \u0179r\u00f3d\u0142o: (Maciej Kawecki) &#8222;Trzeba chroni\u0107 spo\u0142ecze\u0144stwo przed nieodpowiednimi lud\u017ami&#8221;. &#8222;To idiotyczne&#8221; Ja te\u017c tak s\u0105dz\u0119, ci ludzie powinni by\u0107 izolowani. To nauka uszkadza m\u00f3zg. Dobrze, \u017ce nie studiowa\u0142em w &#8222;Stanie&#8221;. I na &#8222;Kolegium&#8221; 30.11.2024 16.41 Trzeba [&hellip;]<\/p>\n","protected":false},"author":1,"featured_media":0,"parent":0,"menu_order":233,"comment_status":"closed","ping_status":"closed","template":"","meta":{"footnotes":""},"class_list":["post-7435","page","type-page","status-publish","hentry"],"_links":{"self":[{"href":"https:\/\/topol.org.pl\/index.php?rest_route=\/wp\/v2\/pages\/7435","targetHints":{"allow":["GET"]}}],"collection":[{"href":"https:\/\/topol.org.pl\/index.php?rest_route=\/wp\/v2\/pages"}],"about":[{"href":"https:\/\/topol.org.pl\/index.php?rest_route=\/wp\/v2\/types\/page"}],"author":[{"embeddable":true,"href":"https:\/\/topol.org.pl\/index.php?rest_route=\/wp\/v2\/users\/1"}],"replies":[{"embeddable":true,"href":"https:\/\/topol.org.pl\/index.php?rest_route=%2Fwp%2Fv2%2Fcomments&post=7435"}],"version-history":[{"count":28,"href":"https:\/\/topol.org.pl\/index.php?rest_route=\/wp\/v2\/pages\/7435\/revisions"}],"predecessor-version":[{"id":9227,"href":"https:\/\/topol.org.pl\/index.php?rest_route=\/wp\/v2\/pages\/7435\/revisions\/9227"}],"wp:attachment":[{"href":"https:\/\/topol.org.pl\/index.php?rest_route=%2Fwp%2Fv2%2Fmedia&parent=7435"}],"curies":[{"name":"wp","href":"https:\/\/api.w.org\/{rel}","templated":true}]}}