{"id":7594,"date":"2024-12-09T07:29:30","date_gmt":"2024-12-09T06:29:30","guid":{"rendered":"https:\/\/topol.org.pl\/?page_id=7594"},"modified":"2026-01-09T10:59:36","modified_gmt":"2026-01-09T09:59:36","slug":"konfederacja-2","status":"publish","type":"page","link":"https:\/\/topol.org.pl\/?page_id=7594","title":{"rendered":"Konfederacja. Kr\u00f3lestwo S\u0142owia\u0144skie \u201eWielka Lechia\u201d"},"content":{"rendered":"\n<p>09.12.2024 07.28 <strong>Konfederacja<\/strong> <strong>jest w moim zamy\u015ble, po wyborach na Prezydenta.<\/strong><\/p>\n\n\n\n<p><strong>Ale w\u0142a\u015bciwie nic si\u0119 nie zmieni, <a href=\"https:\/\/pl.wikipedia.org\/wiki\/Konfederacja_pa%C5%84stw\">nadal nie b\u0119dzie \u017cadnej umowy mi\u0119dzynarodowej<\/a>, tylko ustna deklaracja na s\u0142owo honoru. O konfederacji pa\u0144stw, <a href=\"https:\/\/pl.wikipedia.org\/wiki\/Konfederacja_pa%C5%84stw\">to wystarczy.<\/a><\/strong><\/p>\n\n\n\n<p><a href=\"https:\/\/topol.org.pl\/?page_id=6981\">&#8222;Strach przed d\u017cum\u0105 i choler\u0105&#8221;<\/a><\/p>\n\n\n\n<p><strong>To b\u0119dzie <a href=\"https:\/\/x.com\/Pontifex_pl\/status\/1866097966919856533\">alternatywa<\/a> dla wsp\u00f3\u0142czesnego &#8222;Nowego Porz\u0105dku \u015awiata&#8221;<\/strong><\/p>\n\n\n\n<p><a href=\"https:\/\/pl.wikipedia.org\/wiki\/Alternatywa\">Co to znaczy alternatywa?<\/a><\/p>\n\n\n\n<p><a href=\"https:\/\/dorzeczy.pl\/opinie\/666583\/pokojowy-plan-trumpa-polacy-na-wojnie-na-ukrainie.html\">Alternatywa to&nbsp;<strong>mo\u017cliwo\u015b\u0107 wyboru innego rozwi\u0105zania ni\u017c zak\u0142adane<\/strong><\/a><strong>, przy czym te <a href=\"https:\/\/youtu.be\/6cnPUNsT0uc?t=2309\">dwie dost\u0119pne mo\u017cliwo\u015bci<\/a> wykluczaj\u0105 siebie nawzajem<\/strong>. \u0179r\u00f3d\u0142o: Wikipedia<\/p>\n\n\n\n<p>09.12.2024 18.54 <a href=\"https:\/\/www.youtube.com\/watch?v=oZ7yBxj7jcQ\">Pomi\u0119dzy wschodem a zachodem.<\/a> \u0179r\u00f3d\u0142o: Bia\u0142y Kruk<\/p>\n\n\n\n<p><strong>Niedawno wybory w Rumunii pokaza\u0142y, \u017ce nie mo\u017cna by\u0107 pewnym g\u0142osowania. Sztuczna inteligencja uwzi\u0119\u0142a si\u0119 na ludzi i wybory zosta\u0142y uniewa\u017cnione. Moim zdaniem trzeba w ka\u017cdym kraju eksponowa\u0107 swoje barwy narodowe przed urz\u0119dami i domami. W przeciwnym razie stracimy swoj\u0105 to\u017csamo\u015b\u0107 narodow\u0105. <a href=\"https:\/\/www.youtube.com\/watch?v=jhQxLtjFmpc\">Rozpoczynamy akcj\u0119 flaga narodowa przed domem.<\/a> To b\u0119dzie nasz g\u0142os wyboru. Udzia\u0142 w Konfederacji to alternatywa, tracimy wtedy cz\u0142onkostwo w Unii.<\/strong> <strong>Ale mamy spok\u00f3j i prawid\u0142owy wyb\u00f3r.<\/strong><\/p>\n\n\n\n<p>Z czasem&#8230; <strong><a href=\"https:\/\/topol.org.pl\/?page_id=4036\">nied\u0142ugim<\/a><\/strong>, powstanie Kr\u00f3lestwo S\u0142owia\u0144skie \u201eWielka Lechia\u201d<\/p>\n\n\n\n<p><strong>Prawdziwa legenda Lech, Czech i Rus inscenizuje to dzia\u0142anie, to czysta polityka zagraniczna, relacje Polski i gra interes\u00f3w.<br>Kr\u00f3lestwo S\u0142owia\u0144skie \u201eWielka Lechia\u201d ze stolic\u0105 w Krakowie to 320 milion\u00f3w S\u0142owian zamieszkuj\u0105cych pa\u0144stwa: Moja Rzeczpospolita Polska, Ukraina, Litwa, \u0141otwa, Estonia, S\u0142owacja, Czechy, Bia\u0142oru\u015b, <a href=\"https:\/\/www.eesti.pl\/polnocnoeuropejska-osemka-12350.html\">Finlandia<\/a>, W\u0119gry, Bu\u0142garia, Rumunia, Serbia, S\u0142owenia, Czarnog\u00f3ra, Bo\u015bnia i Hercegowina, Macedonia P\u00f3\u0142nocna, Chorwacja, S\u0142owia\u0144ska Scytia Kr\u00f3lewska zwana \u201eKrym\u201d<\/strong> <strong><a href=\"https:\/\/topol.org.pl\/?page_id=47\">\u0179r\u00f3d\u0142o: Fragment<\/a><\/strong><\/p>\n\n\n\n<p>13.12.2024 07.29 &#8222;decyzje dotycz\u0105ce polskich dzia\u0142a\u0144 b\u0119d\u0105 zapada\u0142y w&nbsp;Warszawie i&nbsp;tylko w&nbsp;Warszawie&#8221; \u0179r\u00f3d\u0142o: <a href=\"https:\/\/dorzeczy.pl\/swiat\/667892\/trump-chce-aby-europa-wyslala-wojska-na-ukraine-usa-nie.html\">Dorzeczy.pl<\/a><\/p>\n\n\n\n<p><strong>Musimy strzec si\u0119 przyjaci\u00f3\u0142, z wrogami poradzimy sobie sami.<\/strong> <strong>Prezydent Francji nie zwiedzi\u0142 Muzeum Powstania Warszawskiego, dlatego wysy\u0142am link do strony &#8222;<a href=\"https:\/\/topol.org.pl\/?page_id=6704\">Moje Dzieje Polski<\/a>&#8222;.<\/strong><\/p>\n\n\n\n<p><a href=\"https:\/\/topol.org.pl\/?page_id=5113\">Nie mamy \u017cadnego interesu<\/a><strong>, \u017ceby miesza\u0107 si\u0119 do konfliktu mi\u0119dzy mocarstwami.<\/strong> <strong>Konflikt Rosji i Ukrainy to ich sprawa.<\/strong> <strong>Ukraina powinna przerwa\u0107 bo straci wi\u0119cej.<\/strong> <strong>Sami powinni negocjowa\u0107 bez przyjaci\u00f3\u0142.<\/strong><\/p>\n\n\n\n<p>&#8222;<strong>trudno by\u0107 katolikiem<\/strong>&#8221; \u0179r\u00f3d\u0142o: <a href=\"https:\/\/youtu.be\/RQNQdNQq1CI?t=98\">trudno by\u0107 katolikiem<\/a><\/p>\n\n\n\n<p>Pi\u0119knie wyra\u017ca\u0142a to&nbsp;kiedy\u015b liturgia, m\u00f3wi\u0105c o&nbsp;ko\u015bciele: \u201eBoja\u017ani\u0105 przejmuje to&nbsp;miejsce. Wszak to&nbsp;jest dom Bo\u017cy i&nbsp;brama niebios, a&nbsp;jego nazwa Mieszkanie Boga\u201d \u0179r\u00f3d\u0142o: <a href=\"https:\/\/dorzeczy.pl\/religia\/668626\/zapomniany-jezyk-katedry-notre-dame-ucieczka-od-targowiska-proznosci.html\">Dorzeczy.pl<\/a><\/p>\n\n\n\n<p>13.12.2024 13.30 <a href=\"https:\/\/www.youtube.com\/watch?v=LSMSgokr07g&amp;t=1559s\">\u0141AWROW i CARLSKON &#8211; SZOKUJ\u0104CY WYWIAD w MOSKWIE!<\/a> \u0179r\u00f3d\u0142o: <a href=\"https:\/\/www.youtube.com\/watch?v=LSMSgokr07g&amp;t=1559s\">Bednarski<\/a><\/p>\n\n\n\n<p>&#8222;negocjacje w Stambule w 2022 roku&#8221;-powiedzia\u0142 <a href=\"https:\/\/pl.wikipedia.org\/wiki\/Siergiej_%C5%81awrow\">Siergiej \u0141awrow<\/a><\/p>\n\n\n\n<p><strong>Wykluczam udzia\u0142 w stacjonowaniu Wojska Polskiego na terenie Ukrainy w celu zabezpieczenia warunk\u00f3w rozejmu (warunk\u00f3w pokojowych).<\/strong><\/p>\n\n\n\n<p>&#8222;Profesjonali\u015bci w polityce odstraszania nuklearnego, wiedz\u0105 doskonale , \u017ce to bardzo niebezpieczna gra. I m\u00f3wienie o ograniczonej wymianie uderze\u0144 nuklearnych , to zaproszenie do katastrofy, kt\u00f3rej nie chcemy&#8221;-powiedzia\u0142 <a href=\"https:\/\/pl.wikipedia.org\/wiki\/Siergiej_%C5%81awrow\">Siergiej \u0141awrow<\/a><\/p>\n\n\n\n<p>13.12.2024 16.22 <a href=\"https:\/\/www.youtube.com\/watch?v=Z_7e8GbA6L0\">Bomba Atomowa w Polsce &#8211; Czy to Zagro\u017cenie dla Naszego Bezpiecze\u0144stwa?<\/a> \u0179r\u00f3d\u0142o: <a href=\"https:\/\/www.youtube.com\/@TomaszPiekielnik\">Tomasz Piekielnik<\/a><\/p>\n\n\n\n<p><strong>Planowanie na naszym terytorium udzia\u0142u w NATO&nbsp;<em>Nuclear Sharing<\/em>&nbsp;doprowadzi do zaatakowania naszego terytorium w pierwszej chwili. Wykluczam udzia\u0142. Le\u017cymy za blisko, \u017ceby atakowa\u0107 nasz kraj broni\u0105 j\u0105drow\u0105. Nikt nie strzela po s\u0105siedzku.<\/strong> <strong>\u0179r\u00f3d\u0142o: <a href=\"https:\/\/topol.org.pl\/?page_id=47\">Fragment<\/a><\/strong><\/p>\n\n\n\n<p><strong>W rozmowie z sierpnia 2024 poruszaj\u0105 temat broni j\u0105drowej twierdz\u0105c, \u017ce to nie taka sama bro\u0144 jak z <a href=\"https:\/\/pl.wikipedia.org\/wiki\/Atak_atomowy_na_Hiroszim%C4%99_i_Nagasaki\">Hiroszimy i Nagasaki<\/a>. Podobno da si\u0119 p\u00f3\u017aniej \u017cy\u0107. Ale ten \u0142adunek nie zagra\u017ca im tylko<\/strong>&#8230;<\/p>\n\n\n\n<p>17.12.2024 18.07&nbsp;<a href=\"https:\/\/www.prezydent.pl\/aktualnosci\/wizyty-krajowe\/wisla-spotkanie-prezydentow-panstw-grupy-wyszehradzkiej,95520\">Wis\u0142a. Spotkanie Prezydent\u00f3w Pa\u0144stw Grupy Wyszehradzkiej<\/a><\/p>\n\n\n\n<p>14.01.2025 20.17 Ukraina ma plan na przysz\u0142o\u015b\u0107 \u0179r\u00f3d\u0142o: <a href=\"https:\/\/www.youtube.com\/watch?v=OnoJjIj_K3A\">Radio WNET<\/a><\/p>\n\n\n\n<p>Verte &gt;<a href=\"https:\/\/topol.org.pl\/?page_id=6187\">Fundacja Narodowe Si\u0142y Samoobrony \u201eGrot\u201d<\/a><\/p>\n\n\n\n<p><\/p>\n","protected":false},"excerpt":{"rendered":"<p>09.12.2024 07.28 Konfederacja jest w moim zamy\u015ble, po wyborach na Prezydenta. Ale w\u0142a\u015bciwie nic si\u0119 nie zmieni, nadal nie b\u0119dzie \u017cadnej umowy mi\u0119dzynarodowej, tylko ustna deklaracja na s\u0142owo honoru. O konfederacji pa\u0144stw, to wystarczy. &#8222;Strach przed d\u017cum\u0105 i choler\u0105&#8221; To b\u0119dzie alternatywa dla wsp\u00f3\u0142czesnego &#8222;Nowego Porz\u0105dku \u015awiata&#8221; Co to znaczy alternatywa? Alternatywa to&nbsp;mo\u017cliwo\u015b\u0107 wyboru innego [&hellip;]<\/p>\n","protected":false},"author":1,"featured_media":0,"parent":0,"menu_order":235,"comment_status":"closed","ping_status":"closed","template":"","meta":{"footnotes":""},"class_list":["post-7594","page","type-page","status-publish","hentry"],"_links":{"self":[{"href":"https:\/\/topol.org.pl\/index.php?rest_route=\/wp\/v2\/pages\/7594","targetHints":{"allow":["GET"]}}],"collection":[{"href":"https:\/\/topol.org.pl\/index.php?rest_route=\/wp\/v2\/pages"}],"about":[{"href":"https:\/\/topol.org.pl\/index.php?rest_route=\/wp\/v2\/types\/page"}],"author":[{"embeddable":true,"href":"https:\/\/topol.org.pl\/index.php?rest_route=\/wp\/v2\/users\/1"}],"replies":[{"embeddable":true,"href":"https:\/\/topol.org.pl\/index.php?rest_route=%2Fwp%2Fv2%2Fcomments&post=7594"}],"version-history":[{"count":54,"href":"https:\/\/topol.org.pl\/index.php?rest_route=\/wp\/v2\/pages\/7594\/revisions"}],"predecessor-version":[{"id":11780,"href":"https:\/\/topol.org.pl\/index.php?rest_route=\/wp\/v2\/pages\/7594\/revisions\/11780"}],"wp:attachment":[{"href":"https:\/\/topol.org.pl\/index.php?rest_route=%2Fwp%2Fv2%2Fmedia&parent=7594"}],"curies":[{"name":"wp","href":"https:\/\/api.w.org\/{rel}","templated":true}]}}