{"id":7609,"date":"2024-12-10T14:35:52","date_gmt":"2024-12-10T13:35:52","guid":{"rendered":"https:\/\/topol.org.pl\/?page_id=7609"},"modified":"2025-02-24T15:29:20","modified_gmt":"2025-02-24T14:29:20","slug":"prawie-na-pewno","status":"publish","type":"page","link":"https:\/\/topol.org.pl\/?page_id=7609","title":{"rendered":"Prawie na pewno"},"content":{"rendered":"\n<p>10.12.2024 14.35 <strong><strong>Prawie na pewno<\/strong>&nbsp;(<strong>p.n.<\/strong>) \u2013 okre\u015blenie zdarzenia zachodz\u0105cego z prawdopodobie\u0144stwem 1.<\/strong> \u0179r\u00f3d\u0142o: <a href=\"https:\/\/pl.wikipedia.org\/wiki\/Prawie_na_pewno\">Wikipedia<\/a><\/p>\n\n\n\n<p><a href=\"https:\/\/topol.org.pl\/?page_id=6187\">Fundacja: Narodowe Si\u0142y Samoobrony \u201eGrot\u201d<\/a><\/p>\n\n\n\n<p><\/p>\n","protected":false},"excerpt":{"rendered":"<p>10.12.2024 14.35 Prawie na pewno&nbsp;(p.n.) \u2013 okre\u015blenie zdarzenia zachodz\u0105cego z prawdopodobie\u0144stwem 1. \u0179r\u00f3d\u0142o: Wikipedia Fundacja: Narodowe Si\u0142y Samoobrony \u201eGrot\u201d<\/p>\n","protected":false},"author":1,"featured_media":0,"parent":0,"menu_order":256,"comment_status":"closed","ping_status":"closed","template":"","meta":{"footnotes":""},"class_list":["post-7609","page","type-page","status-publish","hentry"],"_links":{"self":[{"href":"https:\/\/topol.org.pl\/index.php?rest_route=\/wp\/v2\/pages\/7609","targetHints":{"allow":["GET"]}}],"collection":[{"href":"https:\/\/topol.org.pl\/index.php?rest_route=\/wp\/v2\/pages"}],"about":[{"href":"https:\/\/topol.org.pl\/index.php?rest_route=\/wp\/v2\/types\/page"}],"author":[{"embeddable":true,"href":"https:\/\/topol.org.pl\/index.php?rest_route=\/wp\/v2\/users\/1"}],"replies":[{"embeddable":true,"href":"https:\/\/topol.org.pl\/index.php?rest_route=%2Fwp%2Fv2%2Fcomments&post=7609"}],"version-history":[{"count":6,"href":"https:\/\/topol.org.pl\/index.php?rest_route=\/wp\/v2\/pages\/7609\/revisions"}],"predecessor-version":[{"id":8756,"href":"https:\/\/topol.org.pl\/index.php?rest_route=\/wp\/v2\/pages\/7609\/revisions\/8756"}],"wp:attachment":[{"href":"https:\/\/topol.org.pl\/index.php?rest_route=%2Fwp%2Fv2%2Fmedia&parent=7609"}],"curies":[{"name":"wp","href":"https:\/\/api.w.org\/{rel}","templated":true}]}}