{"id":7841,"date":"2024-12-18T15:57:58","date_gmt":"2024-12-18T14:57:58","guid":{"rendered":"https:\/\/topol.org.pl\/?page_id=7841"},"modified":"2026-01-09T11:00:14","modified_gmt":"2026-01-09T10:00:14","slug":"kampania","status":"publish","type":"page","link":"https:\/\/topol.org.pl\/?page_id=7841","title":{"rendered":"Kampania"},"content":{"rendered":"\n<p>18.12.2024 15.43 <strong><a href=\"https:\/\/dorzeczy.pl\/kraj\/669969\/pkw-odcina-pis-od-pieniedzy-poszkodowany-bedzie-nawrocki.html\">Dlaczego mamy robi\u0107 kampani\u0119 dla prezydenta<\/a>. Ludzie s\u0105 m\u0105drzy wybior\u0105 tego co nie robi kampanii. Jest <a href=\"https:\/\/www.google.com\/search?q=pragmatyczny&amp;oq=pragmatyczny&amp;gs_lcrp=EgZjaHJvbWUyBggAEEUYOdIBCTIyMjBqMGoxNagCCLACAQ&amp;sourceid=chrome&amp;ie=UTF-8\">pragmatyczny<\/a>. To strata czasu i \u015brodk\u00f3w. Ka\u017cdy z kandydat\u00f3w leje wod\u0119. Nic nie wniesie do polityki. Jest <a href=\"https:\/\/wsjp.pl\/haslo\/podglad\/79931\/mialki\/5199396\/tekst\">mia\u0142ki<\/a> i uzale\u017cniony. Zmiany, mo\u017ce dokona\u0107 &#8222;Dux Poloniae&#8221;. Ju\u017c o tym wiecie, dlatego dajcie spok\u00f3j z <a href=\"https:\/\/sjp.pl\/szo%C5%82\">szo\u0142<\/a>. Powo\u0142am wiceprezydenta sprawuj\u0105cego reprezentacj\u0119 dla Polski na arenie krajowej i mi\u0119dzynarodowej. Tak jest w Konstytucji z 11.10.2023 r.<\/strong> <strong>\u0179r\u00f3d\u0142o: <a href=\"https:\/\/topol.org.pl\/?page_id=47\">Fragment<\/a><\/strong><\/p>\n\n\n\n<p><\/p>\n","protected":false},"excerpt":{"rendered":"<p>18.12.2024 15.43 Dlaczego mamy robi\u0107 kampani\u0119 dla prezydenta. Ludzie s\u0105 m\u0105drzy wybior\u0105 tego co nie robi kampanii. Jest pragmatyczny. To strata czasu i \u015brodk\u00f3w. Ka\u017cdy z kandydat\u00f3w leje wod\u0119. Nic nie wniesie do polityki. Jest mia\u0142ki i uzale\u017cniony. Zmiany, mo\u017ce dokona\u0107 &#8222;Dux Poloniae&#8221;. Ju\u017c o tym wiecie, dlatego dajcie spok\u00f3j z szo\u0142. Powo\u0142am wiceprezydenta sprawuj\u0105cego [&hellip;]<\/p>\n","protected":false},"author":1,"featured_media":0,"parent":0,"menu_order":237,"comment_status":"closed","ping_status":"closed","template":"","meta":{"footnotes":""},"class_list":["post-7841","page","type-page","status-publish","hentry"],"_links":{"self":[{"href":"https:\/\/topol.org.pl\/index.php?rest_route=\/wp\/v2\/pages\/7841","targetHints":{"allow":["GET"]}}],"collection":[{"href":"https:\/\/topol.org.pl\/index.php?rest_route=\/wp\/v2\/pages"}],"about":[{"href":"https:\/\/topol.org.pl\/index.php?rest_route=\/wp\/v2\/types\/page"}],"author":[{"embeddable":true,"href":"https:\/\/topol.org.pl\/index.php?rest_route=\/wp\/v2\/users\/1"}],"replies":[{"embeddable":true,"href":"https:\/\/topol.org.pl\/index.php?rest_route=%2Fwp%2Fv2%2Fcomments&post=7841"}],"version-history":[{"count":2,"href":"https:\/\/topol.org.pl\/index.php?rest_route=\/wp\/v2\/pages\/7841\/revisions"}],"predecessor-version":[{"id":7846,"href":"https:\/\/topol.org.pl\/index.php?rest_route=\/wp\/v2\/pages\/7841\/revisions\/7846"}],"wp:attachment":[{"href":"https:\/\/topol.org.pl\/index.php?rest_route=%2Fwp%2Fv2%2Fmedia&parent=7841"}],"curies":[{"name":"wp","href":"https:\/\/api.w.org\/{rel}","templated":true}]}}