{"id":8094,"date":"2024-12-28T13:39:54","date_gmt":"2024-12-28T12:39:54","guid":{"rendered":"https:\/\/topol.org.pl\/?page_id=8094"},"modified":"2025-05-19T06:47:53","modified_gmt":"2025-05-19T04:47:53","slug":"wybory-prezydenckie-w-polsce","status":"publish","type":"page","link":"https:\/\/topol.org.pl\/?page_id=8094","title":{"rendered":"Wybory prezydenckie w Polsce w 2025 r. \ud83c\uddf5\ud83c\uddf1"},"content":{"rendered":"\n<p>28.12.2024 13.40 <a href=\"https:\/\/pl.wikipedia.org\/wiki\/Wybory_prezydenckie_w_Polsce\">Wybory prezydenckie w Polsce<\/a> \u0179r\u00f3d\u0142o: Wikipedia<\/p>\n\n\n\n<p>28.12.2024 13.40 <a href=\"https:\/\/www.youtube.com\/watch?v=hiVGDVeXXrc\">PREKAMPANIA JEST LEGALNA?<\/a> \u0179r\u00f3d\u0142o: Kana\u0142 Zero<\/p>\n\n\n\n<p><strong>Prekampania jest chyba nielegalna.<\/strong><\/p>\n\n\n\n<p><a href=\"https:\/\/pl.wikipedia.org\/wiki\/Kodeks_wyborczy\">Kodeks wyborczy<\/a><\/p>\n\n\n\n<p><strong>Wybory prezydenckie<\/strong>&nbsp;\u2013&nbsp;<a href=\"https:\/\/pl.wikipedia.org\/wiki\/Wybory\">wybory<\/a>, w kt\u00f3rych wybiera si\u0119&nbsp;<a href=\"https:\/\/pl.wikipedia.org\/wiki\/Prezydent_Rzeczypospolitej_Polskiej\">Prezydenta Rzeczypospolitej Polskiej<\/a>. Odbywaj\u0105 si\u0119 one co 5 lat na zarz\u0105dzenie&nbsp;<a href=\"https:\/\/pl.wikipedia.org\/wiki\/Marsza%C5%82ek_Sejmu_Rzeczypospolitej_Polskiej\">marsza\u0142ka Sejmu<\/a><\/p>\n\n\n\n<p><a href=\"https:\/\/isap.sejm.gov.pl\/isap.nsf\/DocDetails.xsp?id=WDU20110210113\">Ustawa z dnia 5 stycznia 2011 r. Przepisy wprowadzaj\u0105ce ustaw\u0119 &#8211; Kodeks wyborczy<\/a><\/p>\n\n\n\n<p><a href=\"https:\/\/pkw.gov.pl\">https:\/\/pkw.gov.pl<\/a><\/p>\n\n\n\n<p>Komitety wyborcze mog\u0105 by\u0107 tworzone w&nbsp;<a href=\"https:\/\/pl.wikipedia.org\/wiki\/Wybory_prezydenckie_w_Polsce\">wyborach prezydenckich<\/a>&nbsp;tylko przez wyborc\u00f3w<sup><a href=\"https:\/\/pl.wikipedia.org\/wiki\/Komitet_wyborczy#cite_note-ustawa-2\">[2]<\/a><\/sup>.<\/p>\n\n\n\n<p>Obwieszczenie Marsza\u0142ka Sejmu Rzeczypospolitej Polskiej z dnia 13 maja 2022 r. w sprawie og\u0142oszenia jednolitego tekstu ustawy &#8211; <a href=\"https:\/\/isap.sejm.gov.pl\/isap.nsf\/DocDetails.xsp?id=WDU20220001277\">Kodeks wyborczy Dz.U. 2022 poz. 1277<\/a><\/p>\n\n\n\n<p>DZIA\u0141 V<br>Wybory Prezydenta Rzeczypospolitej<br>Rozdzia\u0142 1<br>Zasady og\u00f3lne<\/p>\n\n\n\n<p>Finansowanie kampanii wyborczej<br>Art. 327. \u00a7 1. Komitety wyborcze mog\u0105 wydatkowa\u0107 na kampani\u0119 wyborcz\u0105 wy\u0142\u0105cznie kwoty ograniczone limitem, kt\u00f3rego wysoko\u015b\u0107 jest wyznaczona kwot\u0105 6010) groszy przypadaj\u0105c\u0105 na ka\u017cdego wyborc\u0119 w kraju uj\u0119tego w rejestrze wyborc\u00f3w.<br>\u00a7 2. Pa\u0144stwowa Komisja Wyborcza, w terminie 14 dni od dnia zarz\u0105dzenia wybor\u00f3w, og\u0142asza, w formie komunikatu,<br>w Dzienniku Urz\u0119dowym Rzeczypospolitej Polskiej \u201eMonitor Polski\u201d i podaje do publicznej wiadomo\u015bci liczb\u0119 wyborc\u00f3w<br>uj\u0119tych w rejestrach wyborc\u00f3w na terenie ca\u0142ego kraju wed\u0142ug stanu na koniec kwarta\u0142u poprzedzaj\u0105cego dzie\u0144 og\u0142oszenia<br>postanowienia o zarz\u0105dzeniu wybor\u00f3w.<br>\u00a7 3. Minister w\u0142a\u015bciwy do spraw finans\u00f3w publicznych, w drodze rozporz\u0105dzenia, podwy\u017cszy kwot\u0119, o kt\u00f3rej mowa<br>w \u00a7 1, w przypadku wzrostu wska\u017anika cen towar\u00f3w i us\u0142ug konsumpcyjnych og\u00f3\u0142em o ponad 5%, w stopniu odpowiadaj\u0105cym wzrostowi tych cen.<br>\u00a7 4. Wska\u017anik wzrostu cen, o kt\u00f3rym mowa w \u00a7 3, ustala si\u0119 na podstawie komunikatu Prezesa G\u0142\u00f3wnego Urz\u0119du<br>Statystycznego og\u0142aszanego w Dzienniku Urz\u0119dowym Rzeczypospolitej Polskiej \u201eMonitor Polski\u201d do 20 dnia pierwszego<br>miesi\u0105ca ka\u017cdego kwarta\u0142u.<\/p>\n\n\n\n<p><strong>Mog\u0105 zdyskwalifikowa\u0107 wszystkich bior\u0105cych udzia\u0142 w prekampanii.<\/strong><\/p>\n\n\n\n<p>08.01.2025 15.16 &#8222;Marsza\u0142ek Szymon Ho\u0142ownia poinformowa\u0142, \u017ce&nbsp;by\u0142o rozwa\u017canych kilka termin\u00f3w majowych i&nbsp;ostatecznie po&nbsp;konsultacji z&nbsp;przewodnicz\u0105cym Pa\u0144stwowej Komisji Wyborczej, wybra\u0142 18 maja. Marsza\u0142ek doda\u0142, \u017ce&nbsp;oznacza to&nbsp;ewentualn\u0105&nbsp;drug\u0105 tur\u0119 1&nbsp;czerwca&nbsp;2025 roku. Do&nbsp;31 marca powinny zosta\u0107 powo\u0142ane Okr\u0119gowe Komisje Wyborcze, a&nbsp;<strong>do 4&nbsp;kwietnia do&nbsp;godziny 16 b\u0119dzie mo\u017cna zg\u0142asza\u0107 kandydat\u00f3w na&nbsp;prezydenta.<\/strong> [&#8230;] Ciesz\u0119 si\u0119 bardzo, \u017ce&nbsp;ten proces si\u0119 zaczyna, bo&nbsp;ka\u017cde wybory to&nbsp;\u015bwi\u0119to demokracji. (&#8230;) Za&nbsp;prawie 130 dni p\u00f3jdziemy wszyscy do&nbsp;urn wybieraj\u0105c kolejnego prezydenta \u2013&nbsp;powiedzia\u0142 Marsza\u0142ek Szymon Ho\u0142ownia&#8221;. \u0179r\u00f3d\u0142o:&nbsp;DoRzeczy.pl<\/p>\n\n\n\n<p>15.01.2025 16.38 Opublikowano postanowienie Marsza\u0142ka Sejmu o zarz\u0105dzeniu wybor\u00f3w prezydenckich i kalendarz wyborczy (dokument) \u0179r\u00f3d\u0142o: <a href=\"https:\/\/samorzad.pap.pl\/kategoria\/aktualnosci\/opublikowano-postanowienie-marszalka-sejmu-o-zarzadzeniu-wyborow\">samorzad.pap.pl<\/a><\/p>\n\n\n\n<p>21.01.2025 15.10 <a href=\"https:\/\/wybory.gov.pl\/prezydent2025\/pl\/pkw_aktualnosci\/66565\">Informacja o tworzeniu komitetu wyborczego kandydata na Prezydenta Rzeczypospolitej Polskiej w wyborach zarz\u0105dzonych na dzie\u0144 18 maja 2025 r.<\/a><\/p>\n\n\n\n<div class=\"wp-block-file\"><a id=\"wp-block-file--media-c540ca13-388e-4590-8687-a18762271eda\" href=\"https:\/\/topol.org.pl\/wp-content\/uploads\/2025\/02\/1737026301_zpow60022025-zalacznik-5-zgoda-na-kandydowanie-1-2.docx\">zalacznik-5-zgoda-na-kandydowanie<\/a><a href=\"https:\/\/topol.org.pl\/wp-content\/uploads\/2025\/02\/1737026301_zpow60022025-zalacznik-5-zgoda-na-kandydowanie-1-2.docx\" class=\"wp-block-file__button wp-element-button\" download aria-describedby=\"wp-block-file--media-c540ca13-388e-4590-8687-a18762271eda\">Pobierz<\/a><\/div>\n\n\n\n<div class=\"wp-block-file\"><a id=\"wp-block-file--media-cb8a9c95-bd6d-4601-9980-0e3d9a958c8f\" href=\"https:\/\/topol.org.pl\/wp-content\/uploads\/2025\/02\/1737018073_zpow60022025-zalacznik-6-zgoda-na-utworzenie-komitetu-wyborczego-3.docx\">zalacznik-6-zgoda-na-utworzenie-komitetu-wyborczego<\/a><a href=\"https:\/\/topol.org.pl\/wp-content\/uploads\/2025\/02\/1737018073_zpow60022025-zalacznik-6-zgoda-na-utworzenie-komitetu-wyborczego-3.docx\" class=\"wp-block-file__button wp-element-button\" download aria-describedby=\"wp-block-file--media-cb8a9c95-bd6d-4601-9980-0e3d9a958c8f\">Pobierz<\/a><\/div>\n\n\n\n<div class=\"wp-block-file\"><a id=\"wp-block-file--media-f2950e4f-65e3-45cc-9c01-e5fc67af5008\" href=\"https:\/\/topol.org.pl\/wp-content\/uploads\/2025\/02\/1737043377_zpow60022025-zalacznik-7-oswiadczenie-o-posiadaniu-prawa-wybieralnosci-2.docx\">zalacznik-7-oswiadczenie-o-posiadaniu-prawa-wybieralnosci<\/a><a href=\"https:\/\/topol.org.pl\/wp-content\/uploads\/2025\/02\/1737043377_zpow60022025-zalacznik-7-oswiadczenie-o-posiadaniu-prawa-wybieralnosci-2.docx\" class=\"wp-block-file__button wp-element-button\" download aria-describedby=\"wp-block-file--media-f2950e4f-65e3-45cc-9c01-e5fc67af5008\">Pobierz<\/a><\/div>\n\n\n\n<div class=\"wp-block-file\"><a id=\"wp-block-file--media-e9ae9e39-d6a3-4761-8b9b-76f0a05f73aa\" href=\"https:\/\/topol.org.pl\/wp-content\/uploads\/2025\/02\/1736992389_zpow60022025-zalacznik-8-oswiadczenie-lustracyjne-3.docx\">zalacznik-8-oswiadczenie-lustracyjne<\/a><a href=\"https:\/\/topol.org.pl\/wp-content\/uploads\/2025\/02\/1736992389_zpow60022025-zalacznik-8-oswiadczenie-lustracyjne-3.docx\" class=\"wp-block-file__button wp-element-button\" download aria-describedby=\"wp-block-file--media-e9ae9e39-d6a3-4761-8b9b-76f0a05f73aa\">Pobierz<\/a><\/div>\n\n\n\n<div data-wp-interactive=\"core\/file\" class=\"wp-block-file\"><object data-wp-bind--hidden=\"!state.hasPdfPreview\" hidden class=\"wp-block-file__embed\" data=\"https:\/\/topol.org.pl\/wp-content\/uploads\/2025\/01\/WYJASNIENIA.pdf\" type=\"application\/pdf\" style=\"width:100%;height:600px\" aria-label=\"Osadzone z WYJA\u015aNIENIA.\"><\/object><a id=\"wp-block-file--media-6756eabf-d939-40d1-9eff-a042d757b6e7\" href=\"https:\/\/topol.org.pl\/wp-content\/uploads\/2025\/01\/WYJASNIENIA.pdf\">WYJA\u015aNIENIA<\/a><a href=\"https:\/\/topol.org.pl\/wp-content\/uploads\/2025\/01\/WYJASNIENIA.pdf\" class=\"wp-block-file__button wp-element-button\" download aria-describedby=\"wp-block-file--media-6756eabf-d939-40d1-9eff-a042d757b6e7\">Pobierz<\/a><\/div>\n\n\n\n<p><br>dotycz\u0105ce zasad finansowania kampanii wyborczej w wyborach Prezydenta<br>Rzeczypospolitej Polskiej, zarz\u0105dzonych na dzie\u0144 18 maja 2025 r.<\/p>\n\n\n\n<div data-wp-interactive=\"core\/file\" class=\"wp-block-file\"><object data-wp-bind--hidden=\"!state.hasPdfPreview\" hidden class=\"wp-block-file__embed\" data=\"https:\/\/topol.org.pl\/wp-content\/uploads\/2025\/01\/Komunikat-o-liczbie-wyborcow-prezydent-2025.pdf\" type=\"application\/pdf\" style=\"width:100%;height:600px\" aria-label=\"Osadzone z Komunikat o liczbie wyborcow prezydent 2025.\"><\/object><a id=\"wp-block-file--media-3acbfd2d-d1fb-42f5-9f4c-8cf7e67dd53f\" href=\"https:\/\/topol.org.pl\/wp-content\/uploads\/2025\/01\/Komunikat-o-liczbie-wyborcow-prezydent-2025.pdf\">Komunikat o liczbie wyborcow prezydent 2025<\/a><a href=\"https:\/\/topol.org.pl\/wp-content\/uploads\/2025\/01\/Komunikat-o-liczbie-wyborcow-prezydent-2025.pdf\" class=\"wp-block-file__button wp-element-button\" download aria-describedby=\"wp-block-file--media-3acbfd2d-d1fb-42f5-9f4c-8cf7e67dd53f\">Pobierz<\/a><\/div>\n\n\n\n<p>24.01.2025 18.15 Wybory zatwierdzi 15 s\u0119dzi\u00f3w S\u0105du Najwy\u017cszego<\/p>\n\n\n\n<p>24.02.2025 10.09 <a href=\"https:\/\/wybory.gov.pl\/prezydent2025\/statics\/PKW_AKTUALNOSCI\/uploaded_files\/1736986409_zpow60022025-informacja-o-tworzeniu-komitetu.docx\">Wa\u017cne<\/a><\/p>\n\n\n\n<ol class=\"wp-block-list\">\n<li>\u2981 Obywatele, w liczbie co najmniej 15, maj\u0105cy prawo wybierania, mog\u0105 utworzy\u0107 komitet wyborczy, sk\u0142adaj\u0105c pisemne o\u015bwiadczenie o utworzeniu komitetu z podaniem swoich imion i nazwisk, adres\u00f3w zamieszkania (zgodnych z adresem uj\u0119cia w sta\u0142ym obwodzie g\u0142osowania w Centralnym Rejestrze Wyborc\u00f3w) oraz numer\u00f3w PESEL.<br>\u2981 Komitet wyborczy powo\u0142uje:<br>\u2981 pe\u0142nomocnika wyborczego, upowa\u017cnionego do wyst\u0119powania na rzecz i w imieniu komitetu wyborczego, za wyj\u0105tkiem spraw zwi\u0105zanych z gospodark\u0105 finansow\u0105 komitetu;<br>\u2981 pe\u0142nomocnika finansowego, odpowiedzialnego za gospodark\u0119 finansow\u0105 komitetu.<\/li>\n\n\n\n<li>\u2981 Pe\u0142nomocnik wyborczy i pe\u0142nomocnik finansowy nie musz\u0105 wchodzi\u0107 w sk\u0142ad komitetu wyborczego.<\/li>\n\n\n\n<li>\u2981 Nazwa komitetu wyborczego musi zawiera\u0107 w pierwszej kolejno\u015bci wyrazy \u201eKomitet Wyborczy Kandydata na Prezydenta Rzeczypospolitej Polskiej\u201d, a nast\u0119pnie imi\u0119 i&nbsp;nazwisko kandydata.<\/li>\n\n\n\n<li>\u2981 Komitet wyborczy przed dokonaniem zawiadomienia Pa\u0144stwowej Komisji Wyborczej o swoim utworzeniu musi zebra\u0107 co najmniej 1&nbsp;000 podpis\u00f3w obywateli maj\u0105cych prawo wybierania do Sejmu, popieraj\u0105cych kandydata na Prezydenta Rzeczypospolitej Polskiej. Podpisy te stanowi\u0105 cz\u0119\u015b\u0107 wymaganej liczby 100&nbsp;000 podpis\u00f3w obywateli popieraj\u0105cych kandydata.<\/li>\n\n\n\n<li>\u2981 Pe\u0142nomocnik wyborczy komitetu wyborczego zawiadamia Pa\u0144stwow\u0105 Komisj\u0119 Wyborcz\u0105 o utworzeniu komitetu wyborczego. Zawiadomienie to&nbsp;musi by\u0107 dokonane w&nbsp;terminie do 55. dnia przed dniem wybor\u00f3w (art. 299 \u00a7 4 Kodeksu wyborczego), tj.&nbsp;najp\u00f3\u017aniej w dniu 24 marca 2025 r. do&nbsp;godziny 16:15.<\/li>\n<\/ol>\n\n\n\n<p>01.04.2025 20.50 &amp; 31 Wybory powszechne. Sonda\u017ce.<\/p>\n\n\n\n<p class=\"has-primary-background-color has-background\"><strong>Je\u015bli b\u0119d\u0105 przedstawiane najnowsze sonda\u017ce, bez rzetelnych danych to wybory zostan\u0105 uniewa\u017cnione przez <a href=\"https:\/\/www.google.com\/search?q=Niezawis%C5%82y+S%C4%85d&amp;oq=Niezawis%C5%82y+S%C4%85d&amp;gs_lcrp=EgZjaHJvbWUyBggAEEUYOdIBCTI0MTFqMGoxNagCCLACAQ&amp;sourceid=chrome&amp;ie=UTF-8\">niezawis\u0142y s\u0105d<\/a>. Nale\u017cy zakaza\u0107 sonda\u017cy poniewa\u017c wp\u0142ywaj\u0105 na wyborc\u00f3w. <a href=\"https:\/\/www.google.com\/search?q=NASK&amp;rlz=1C1GCEU_plPL1161PL1161&amp;oq=NASK&amp;gs_lcrp=EgZjaHJvbWUyBggAEEUYOTIGCAEQRRhBMgYIAhBFGDwyBggDEEUYPDIGCAQQRRhBMgYIBRBFGEHSAQk1MzAzajBqMTWoAgiwAgE&amp;sourceid=chrome&amp;ie=UTF-8\">Wybory s\u0105 zmanipulowane przez przekaz mainstreamowy<\/a>.<\/strong> <strong><a href=\"https:\/\/www.batory.org.pl\/wp-content\/uploads\/2019\/07\/Prekampania-wyborcza.pdf\">Prekampania<\/a> jest chyba nielegalna.<\/strong> \u0179r\u00f3d\u0142o: <a href=\"https:\/\/topol.org.pl\/?page_id=47\">Fragment<\/a><\/p>\n\n\n\n<p>01.04.2025 20.50 <strong>Prawdopodobnie nie zostanie wy\u0142oniony kandydat w pierwszej turze wybor\u00f3w prezydenckich. Dlatego po przyj\u0119ciu Konstytucji z 11.10.2023 r. na <a href=\"https:\/\/topol.org.pl\/?page_id=10863\">1000-LECIE KR\u00d3LESTWA POLSKIEGO<\/a>, nie dojdzie do drugiej tury wybor\u00f3w prezydenckich. Dux Poloniae zarz\u0105dza, \u017ce kandydaci b\u0119d\u0105 sprawowa\u0107 urz\u0105d wiceprezydenta rotacyjnie.<\/strong> <strong>B\u0119dzie dw\u00f3ch wiceprezydent\u00f3w.<\/strong><\/p>\n\n\n\n<p><a href=\"https:\/\/topol.org.pl\/?page_id=6187\">Fundacja: Narodowe Si\u0142y Samoobrony \u201eGrot\u201d<\/a><\/p>\n\n\n\n<p><\/p>\n","protected":false},"excerpt":{"rendered":"<p>28.12.2024 13.40 Wybory prezydenckie w Polsce \u0179r\u00f3d\u0142o: Wikipedia 28.12.2024 13.40 PREKAMPANIA JEST LEGALNA? \u0179r\u00f3d\u0142o: Kana\u0142 Zero Prekampania jest chyba nielegalna. Kodeks wyborczy Wybory prezydenckie&nbsp;\u2013&nbsp;wybory, w kt\u00f3rych wybiera si\u0119&nbsp;Prezydenta Rzeczypospolitej Polskiej. Odbywaj\u0105 si\u0119 one co 5 lat na zarz\u0105dzenie&nbsp;marsza\u0142ka Sejmu Ustawa z dnia 5 stycznia 2011 r. Przepisy wprowadzaj\u0105ce ustaw\u0119 &#8211; Kodeks wyborczy https:\/\/pkw.gov.pl Komitety wyborcze [&hellip;]<\/p>\n","protected":false},"author":1,"featured_media":0,"parent":0,"menu_order":258,"comment_status":"closed","ping_status":"closed","template":"","meta":{"footnotes":""},"class_list":["post-8094","page","type-page","status-publish","hentry"],"_links":{"self":[{"href":"https:\/\/topol.org.pl\/index.php?rest_route=\/wp\/v2\/pages\/8094","targetHints":{"allow":["GET"]}}],"collection":[{"href":"https:\/\/topol.org.pl\/index.php?rest_route=\/wp\/v2\/pages"}],"about":[{"href":"https:\/\/topol.org.pl\/index.php?rest_route=\/wp\/v2\/types\/page"}],"author":[{"embeddable":true,"href":"https:\/\/topol.org.pl\/index.php?rest_route=\/wp\/v2\/users\/1"}],"replies":[{"embeddable":true,"href":"https:\/\/topol.org.pl\/index.php?rest_route=%2Fwp%2Fv2%2Fcomments&post=8094"}],"version-history":[{"count":44,"href":"https:\/\/topol.org.pl\/index.php?rest_route=\/wp\/v2\/pages\/8094\/revisions"}],"predecessor-version":[{"id":12288,"href":"https:\/\/topol.org.pl\/index.php?rest_route=\/wp\/v2\/pages\/8094\/revisions\/12288"}],"wp:attachment":[{"href":"https:\/\/topol.org.pl\/index.php?rest_route=%2Fwp%2Fv2%2Fmedia&parent=8094"}],"curies":[{"name":"wp","href":"https:\/\/api.w.org\/{rel}","templated":true}]}}