{"id":8128,"date":"2024-12-29T11:14:59","date_gmt":"2024-12-29T10:14:59","guid":{"rendered":"https:\/\/topol.org.pl\/?page_id=8128"},"modified":"2025-02-24T15:28:49","modified_gmt":"2025-02-24T14:28:49","slug":"po-co-tyle-mowic","status":"publish","type":"page","link":"https:\/\/topol.org.pl\/?page_id=8128","title":{"rendered":"Po co tyle m\u00f3wi\u0107?"},"content":{"rendered":"\n<p>29.12.2024 11.14 Zacz\u0105\u0142em pisa\u0107 scenariusz, na pocz\u0105tek do gry, muzyki i filmu. Mo\u017cna zacz\u0105\u0107 od <a href=\"https:\/\/pl.wiktionary.org\/wiki\/zwiastun\">zwiastun\u00f3w<\/a>, \u017ceby ludzie&nbsp;<a href=\"https:\/\/sjp.pwn.pl\/slowniki\/zajarzy%C4%87\">zajarzyli<\/a>. \u00abzab\u0142ysn\u0119li jasnym \u015bwiat\u0142em\u00bb <a href=\"https:\/\/dorzeczy.pl\/religia\/487911\/plomien-wolnosci-ze-swiatyni-opatrznosci-bozej-zjednoczy-wszystkich-polakow.html\">Iskra&gt; Robi\u0119 tak dla swojej rodziny, te\u017c to zr\u00f3bcie.<\/a><\/p>\n\n\n\n<p>Mogliby\u015bmy przyklei\u0107 si\u0119 do ulicy, ale to zarezerwowa\u0142o&#8230;<\/p>\n\n\n\n<p>Zach\u0119cam do projektu. &#8222;<a href=\"https:\/\/topol.org.pl\/?page_id=6704\">Moje Dzieje Polski<\/a>&#8222;<\/p>\n\n\n\n<p>Mog\u0105 to by\u0107 r\u00f3wnie\u017c gad\u017cety, kubki, d\u0142ugopisy, koszulki, czapeczki, od\u017cywki dla kota i psa, je\u017ca i kur. <a href=\"https:\/\/pl.wikipedia.org\/wiki\/Epos\">Epos<\/a> lub <a href=\"https:\/\/pl.wikipedia.org\/wiki\/Poemat_epicki_(w%C5%82a%C5%9Bciwy)\">poemat epicki<\/a>. Nasza <a href=\"https:\/\/sjp.pwn.pl\/slowniki\/pomys%C5%82owo%C5%9B%C4%87.html\">pomys\u0142owo\u015b\u0107<\/a> nie zna granic. Wszystko po to \u017ceby ludzie <a href=\"https:\/\/www.google.com\/search?q=zajarzyli&amp;oq=zajarzyli&amp;gs_lcrp=EgZjaHJvbWUyBggAEEUYOdIBCTIzMzlqMGoxNagCCLACAQ&amp;sourceid=chrome&amp;ie=UTF-8\">zajarzyli<\/a>. Bo nas zamkn\u0105 w ogrodzeniu i pozbawi\u0105 nadziei, wytrwa\u0142o\u015bci, odwagi i <a href=\"https:\/\/topol.org.pl\/?page_id=3344\">Ducha<\/a>. Zach\u0119cam producent\u00f3w, stowarzyszenia, fundacje, osoby prywatne do u\u017cywania naszego znaku. Mo\u017cna wybija\u0107 monety okazjonalne i lepi\u0107 figurki woj\u00f3w. Sarmata, Lassota, Sandomir, Krak&#8230;Lech&#8230; Mieszko, Chrobry&#8230;\u0141okietek, Kazimierz Wielki&#8230;<\/p>\n\n\n\n<p><strong>Nasz znak<\/strong>.<\/p>\n\n\n\n<p><a href=\"https:\/\/topol.org.pl\/?page_id=6704\">&#8222;Moje Dzieje Polski&#8221;<\/a><\/p>\n\n\n\n<p>Moja Rzeczpospolita Polska W skr\u00f3cie: Topol<\/p>\n\n\n\n<p>www.topol.org.pl <\/p>\n\n\n\n<p>Kartki pocztowe z napisem-<strong><a href=\"https:\/\/www.google.com\/search?q=Pomy%C5%9Blno%C5%9Bci&amp;oq=Pomy%C5%9Blno%C5%9Bci&amp;gs_lcrp=EgZjaHJvbWUyBggAEEUYOdIBCTI0OThqMGoxNagCCLACAQ&amp;sourceid=chrome&amp;ie=UTF-8\">Pomy\u015blno\u015bci<\/a><\/strong> <strong>dla Polski<\/strong>.<\/p>\n\n\n\n<p><strong><a href=\"https:\/\/topol.org.pl\/?page_id=8695\">Pomy\u015blno\u015bci dla Polski<\/a><\/strong><\/p>\n\n\n\n<p><a href=\"https:\/\/topol.org.pl\/?page_id=6187\">Fundacja: Narodowe Si\u0142y Samoobrony \u201eGrot\u201d<\/a><\/p>\n\n\n\n<p>Go wo rex<\/p>\n\n\n\n<p><\/p>\n","protected":false},"excerpt":{"rendered":"<p>29.12.2024 11.14 Zacz\u0105\u0142em pisa\u0107 scenariusz, na pocz\u0105tek do gry, muzyki i filmu. Mo\u017cna zacz\u0105\u0107 od zwiastun\u00f3w, \u017ceby ludzie&nbsp;zajarzyli. \u00abzab\u0142ysn\u0119li jasnym \u015bwiat\u0142em\u00bb Iskra&gt; Robi\u0119 tak dla swojej rodziny, te\u017c to zr\u00f3bcie. Mogliby\u015bmy przyklei\u0107 si\u0119 do ulicy, ale to zarezerwowa\u0142o&#8230; Zach\u0119cam do projektu. &#8222;Moje Dzieje Polski&#8222; Mog\u0105 to by\u0107 r\u00f3wnie\u017c gad\u017cety, kubki, d\u0142ugopisy, koszulki, czapeczki, od\u017cywki dla [&hellip;]<\/p>\n","protected":false},"author":1,"featured_media":0,"parent":0,"menu_order":259,"comment_status":"closed","ping_status":"closed","template":"","meta":{"footnotes":""},"class_list":["post-8128","page","type-page","status-publish","hentry"],"_links":{"self":[{"href":"https:\/\/topol.org.pl\/index.php?rest_route=\/wp\/v2\/pages\/8128","targetHints":{"allow":["GET"]}}],"collection":[{"href":"https:\/\/topol.org.pl\/index.php?rest_route=\/wp\/v2\/pages"}],"about":[{"href":"https:\/\/topol.org.pl\/index.php?rest_route=\/wp\/v2\/types\/page"}],"author":[{"embeddable":true,"href":"https:\/\/topol.org.pl\/index.php?rest_route=\/wp\/v2\/users\/1"}],"replies":[{"embeddable":true,"href":"https:\/\/topol.org.pl\/index.php?rest_route=%2Fwp%2Fv2%2Fcomments&post=8128"}],"version-history":[{"count":38,"href":"https:\/\/topol.org.pl\/index.php?rest_route=\/wp\/v2\/pages\/8128\/revisions"}],"predecessor-version":[{"id":9608,"href":"https:\/\/topol.org.pl\/index.php?rest_route=\/wp\/v2\/pages\/8128\/revisions\/9608"}],"wp:attachment":[{"href":"https:\/\/topol.org.pl\/index.php?rest_route=%2Fwp%2Fv2%2Fmedia&parent=8128"}],"curies":[{"name":"wp","href":"https:\/\/api.w.org\/{rel}","templated":true}]}}