{"id":8244,"date":"2025-01-01T11:57:24","date_gmt":"2025-01-01T10:57:24","guid":{"rendered":"https:\/\/topol.org.pl\/?page_id=8244"},"modified":"2026-01-09T11:03:07","modified_gmt":"2026-01-09T10:03:07","slug":"bog-wybacza-ale-ukraincy-nie","status":"publish","type":"page","link":"https:\/\/topol.org.pl\/?page_id=8244","title":{"rendered":"&#8222;B\u00f3g wybacza, ale Ukrai\u0144cy nie&#8221;"},"content":{"rendered":"\n<p>01.01.2025 11.57 <a href=\"https:\/\/dorzeczy.pl\/swiat\/541395\/grozby-pod-adresem-szijjarto-bog-wybacza-ale-ukraincy-nie.html\">&#8222;B\u00f3g wybacza, ale Ukrai\u0144cy nie&#8221;<\/a> \u0179r\u00f3d\u0142o: Do Rzeczy<\/p>\n\n\n\n<p>01.01.2025 11.59 <a href=\"https:\/\/dorzeczy.pl\/opinie\/541044\/szijjarto-do-tuska-mamy-prawo-do-wlasnego-zdania-o-ukrainie.html\">&#8222;decyzja Brukseli o&nbsp;rozpocz\u0119ciu rozm\u00f3w akcesyjnych z&nbsp;Ukrain\u0105 by\u0142a b\u0142\u0119dem&#8221;<\/a> \u0179r\u00f3d\u0142o:&nbsp;DoRzeczy.pl<\/p>\n\n\n\n<p>01.01.2025 12.31 <a href=\"https:\/\/dorzeczy.pl\/ekonomia\/673771\/koniec-umowy-na-gaz-z-rosja-potezny-klopot-sasiada-ukrainy.html\">&#8222;Kontrakt na&nbsp;tranzyt gazu mi\u0119dzy Ukrain\u0105 a&nbsp;Rosj\u0105 dobieg\u0142 ko\u0144ca&#8221;<\/a> \u0179r\u00f3d\u0142o:&nbsp;DoRzeczy.pl<\/p>\n\n\n\n<p><strong>Dobre \u017cyczenia, ale i nowiny. Ta zasada dotyczy tylko w\u0142adcy. Obejrzyjcie jeszcze raz &#8222;Potop&#8221;. Jak Kmicic pra\u0142 <a href=\"https:\/\/pl.wikipedia.org\/wiki\/Czambu%C5%82\">Czambu\u0142<\/a> <a href=\"https:\/\/pl.wikipedia.org\/wiki\/Subchan_Gazi_aga\">Tatara<\/a>, w sagan na palenisku. Zako\u0144czcie konflikt teraz na warunkach, <a href=\"https:\/\/topol.org.pl\/?page_id=7594\">kt\u00f3re s\u0105 dobre<\/a>.<\/strong><\/p>\n\n\n\n<p><a href=\"https:\/\/pl.wikipedia.org\/wiki\/Bunt_Lipk%C3%B3w\">Bunt Lipk\u00f3w<\/a><\/p>\n\n\n\n<p><a href=\"https:\/\/pl.wikipedia.org\/wiki\/Aleksander_Kryczy%C5%84ski\">Aleksander Kryczy\u0144ski<\/a><\/p>\n\n\n\n<p><a href=\"https:\/\/pl.wikipedia.org\/wiki\/Powstanie_Chmielnickiego\">Powstanie Chmielnickiego<\/a><\/p>\n\n\n\n<p><a href=\"https:\/\/pl.wikipedia.org\/wiki\/Potop_szwedzki\">Potop szwedzki Wojna polsko-szwedzka (1655\u20131660)<\/a><\/p>\n\n\n\n<p><a href=\"https:\/\/pl.wikipedia.org\/wiki\/Wojna_polsko-kozacko-tatarska_(1666%E2%80%931671)\">Wojna polsko-kozacko-tatarska (1666\u20131671)<\/a><\/p>\n\n\n\n<p><a href=\"https:\/\/pl.wikipedia.org\/wiki\/Bitwa_pod_Podhajcami_(1667)\">Bitwa pod Podhajcami<\/a><\/p>\n\n\n\n<p>Rozbiory Polski<\/p>\n\n\n\n<p><a href=\"https:\/\/youtu.be\/o7PADqm2dHI?t=389\">Polska ju\u017c nie chce by\u0107 w Unii<\/a>. \u0179r\u00f3d\u0142o: <a href=\"https:\/\/youtu.be\/o7PADqm2dHI?t=389\">Maciej Uchma\u0144ski<\/a>.<\/p>\n\n\n\n<p><a href=\"https:\/\/www.youtube.com\/watch?v=nBwJTCQIciU\">Ukryty Podatek dla Europy, Grenlandia i Kana\u0142 Panamski! Imperialne Ambicje USA i D. Trumpa!<\/a> \u0179r\u00f3d\u0142o: (<a href=\"https:\/\/www.youtube.com\/@TomaszPiekielnik\">Tomasz Piekielnik<\/a>)<\/p>\n\n\n\n<p>02.01.2025 13.43 <a href=\"https:\/\/youtu.be\/lfB4MyRV6J8?t=365\">Wielkie W\u0118GRY ORBANA &#8211; Putin i dziwne marzenia W\u0119gr\u00f3w<\/a> \u0179r\u00f3d\u0142o: (Globalista)<\/p>\n\n\n\n<p><strong>To bardzo niebezpieczne rozwi\u0105zanie. Znowu wojny o ziemie. Mo\u017cliwa jest tylko dobrowolna konfederacja pa\u0144stw. <a href=\"https:\/\/topol.org.pl\/?page_id=7594\">Bez \u017cadnych um\u00f3w<\/a>.<\/strong> <strong>I podzia\u0142\u00f3w.<\/strong><\/p>\n\n\n\n<p>24.01.2025 06.18 Ho\u0142ownia broni 800+ dla&nbsp;wszystkich Ukrai\u0144c\u00f3w. <\/p>\n\n\n\n<p>\u0179r\u00f3d\u0142o: <a href=\"https:\/\/dorzeczy.pl\/opinie\/680983\/szymon-holownia-broni-800-dla-ukraincow-dziwna-histeria.html\">DoRzeczy.pl<\/a><\/p>\n\n\n\n<p><strong>Ta dyskusja nie powinna by\u0107 elementem kampanii wyborczej. Po zako\u0144czeniu wojny Ukrai\u0144cy powinni powr\u00f3ci\u0107 do siebie. Trzeba lepiej zagospodarowa\u0107 Polak\u00f3w. Wprowadzi\u0107 podatek obrotowy od zagranicznych korporacji. Nic nie ma z ich pobytu u nas. Jeste\u015bmy podporz\u0105dkowan\u0105 montowni\u0105. W tej chwili ludzie kupuj\u0105 nie na lokalnym rynku, tylko przez Internet na antypodach ziemi. Po wprowadzeniu wolno\u015bci gospodarczej,  sami zaczn\u0105 zarabia\u0107 na siebie, p\u0142aci\u0107 podatki. A korporacje w Polsce powinny by\u0107 z udzia\u0142em 51% udzia\u0142u Skarbu Pa\u0144stwa lub firm zarejestrowanych w Polsce (kapita\u0142 krajowy). Korporacje zagraniczne b\u0119d\u0105 odprowadza\u0142y podatek obrotowy 3 %. <a href=\"https:\/\/pro.rp.pl\/abc-firmy\/art41712871-kluczowe-zmiany-prawne-w-2025-roku-co-czeka-polskich-przedsiebiorcow\">Za sabota\u017c i dzia\u0142anie na szkod\u0119 b\u0119d\u0105 surowe kary.<\/a> Nie b\u0119dzie <a href=\"https:\/\/pro.rp.pl\/prawo-pracy\/art37529811-jak-utworzyc-komisje-ds-zgloszen-w-sprawach-sygnalistow\">donosicielstwa<\/a> (Kod 500), Zielonych \u0141ad\u00f3w i innych&#8230;<\/strong><\/p>\n\n\n\n<p><strong>Korporacja lub firma eksportuj\u0105ca na rynek unijny musi spe\u0142ni\u0107 warunki ESG, bo zostanie wykluczona z rynku przez przepisy mi\u0119dzynarodowe. Na rynku krajowym ESG nie b\u0119dzie obowi\u0105zywa\u0107.<\/strong> <strong><a href=\"https:\/\/topol.org.pl\/?page_id=8678\">ESG \u015alad w\u0119glowy w praktyce.<\/a> Chiny nie wdro\u017cy\u0142y a eksportuj\u0105 na ca\u0142y \u015bwiat. To jakie\u015b oszustwo globalist\u00f3w. Chc\u0105 przenie\u015b\u0107 produkcj\u0119 do tanich kraj\u00f3w jak Chiny, Indie i Mercosur.<\/strong> <strong>Teraz debatuj\u0105 w Davos.<\/strong> <strong>Badziewie i \u017cywno\u015b\u0107 b\u0119d\u0105 sprowadzali z tanich rejon\u00f3w a wysok\u0105 technologi\u0119 i energi\u0119 (gaz, rop\u0119) z USA.<\/strong> <strong>Zale\u017cy na tym, \u017ceby pracowa\u0107 w Polsce. R\u0105k do pracy nie brakuje, mo\u017ce niekt\u00f3re firmy potrzebuj\u0105. Trzeba tym firmom podzi\u0119kowa\u0107.<\/strong> <strong>Niech jad\u0105 do Bangladeszu.<\/strong> <strong>Mamy kraj dla siebie, nie jeste\u015bmy korporacj\u0105 unijn\u0105 ani ameryka\u0144sk\u0105.<\/strong> <strong>Ci co my\u015bl\u0105 inaczej droga wolna, mamy otwarte granice.<\/strong> <strong>Chc\u0119 \u017cy\u0107 dla siebie a nie dla ca\u0142ego \u015bwiata.<\/strong> <strong>Pieni\u0105dze to nie wszystko, wiem bo ca\u0142e \u017cycie pracuj\u0119 u siebie w kraju.<\/strong><\/p>\n\n\n\n<p><strong>Pierwsze pytanie referendalne<\/strong><\/p>\n\n\n\n<p><strong>Czy popierasz wyprzeda\u017c pa\u0144stwowych przedsi\u0119biorstw? Odpowiedz \u201enie\u201d Popieram Kapitalizm interesariuszy pa\u0144stwowy ponad 51% udzia\u0142\u00f3w. \u0179r\u00f3d\u0142o: <a href=\"https:\/\/topol.org.pl\/?page_id=47\">Fragment<\/a><\/strong><\/p>\n\n\n\n<p>24.01.2025 12.19 <strong>Odno\u015bnie go\u015bcinno\u015bci, najbardziej go\u015bcinnym narodem s\u0105 Afga\u0144czycy. Kraj napadany przez obcych kupc\u00f3w, Marco Polo i wojsko <a href=\"https:\/\/pl.wikipedia.org\/wiki\/Aleksander_Macedo%C5%84ski\">Aleksandra Wielkiego<\/a>. Rosjan i Amerykan\u00f3w. Amerykanie dali PoPis. Bombardowali wzg\u00f3rze talib\u00f3w w <a href=\"https:\/\/pl.wikipedia.org\/wiki\/Bitwa_o_Tora_Bora\">Bitwie o Tora Bora<\/a>. P\u00f3\u017aniej 20 lat wprowadzali demokracj\u0119. Nawet Wojsko Polskie ws\u0142awi\u0142o si\u0119 pobytem demokratycznym. Na koniec uciekali z podkulonym ogonem zostawiaj\u0105c swoje uzbrojenie. Afganki nie da\u0142y si\u0119 przekona\u0107 do zmiany sposobu \u017cycia. Szanuj\u0119 ich wyb\u00f3r. Podobno Amerykanie budowali drogi, szpitale i szko\u0142y. Rosjanie nie byli tak hojni. Zrozumcie oni chc\u0105 tak \u017cy\u0107. Ja podziwiam jak \u017cyj\u0105. Na pewno b\u0119dziemy utrzymywali z nimi relacje gospodarcze. Ale do nas, lepiej niech nie przyje\u017cd\u017caj\u0105. Maj\u0105 odmienn\u0105 religi\u0119, kultur\u0119 i cywilizacj\u0119. Ogl\u0105da\u0142em film o ich go\u015bcinno\u015bci, <a href=\"https:\/\/www.youtube.com\/watch?v=r-YYoEDlanI\">polecam<\/a>. Jak jaki\u015b bia\u0142y do nich si\u0119 zab\u0142\u0105ka, to ca\u0142y czas chc\u0105 go go\u015bci\u0107. Na krok go nie odst\u0119puj\u0105, a\u017c nie przekroczy granicy ich pa\u0144stwa. Maj\u0105 u siebie barana, kt\u00f3rego nazwali &#8222;<a href=\"https:\/\/pl.wikipedia.org\/wiki\/Marco_Polo\">Marco Polo<\/a>&#8222;.<\/strong><\/p>\n\n\n\n<p>Afganistan, kt\u00f3rego media nie poka\u017c\u0105: najbardziej go\u015bcinny kraj \u015bwiata <\/p>\n\n\n\n<p>\u0179r\u00f3d\u0142o: <a href=\"https:\/\/www.youtube.com\/@boczneszlaki\">Boczne Szlaki<\/a><\/p>\n\n\n\n<p>24.01.2025 18.28 <strong><mark style=\"background-color:rgba(0, 0, 0, 0)\" class=\"has-inline-color has-secondary-color\"><a href=\"https:\/\/www.youtube.com\/watch?v=babzCjrnoRM\">7 posuni\u0119\u0107 Trumpa, kt\u00f3re zmieni\u0105 przysz\u0142o\u015b\u0107 Ameryki!<\/a><\/mark><\/strong><\/p>\n\n\n\n<p>24.01.2025 18.28 <strong>Jestem fanem Indian ameryka\u0144skich. Zaczytywa\u0142em si\u0119 w przygodach <a href=\"https:\/\/pl.wikipedia.org\/wiki\/Winnetou\">Winnetou<\/a> i Old Shatterhanda. &#8222;Winnetou jest m\u0142odym, szlachetnym wodzem&nbsp;<a href=\"https:\/\/pl.wikipedia.org\/wiki\/Indianie\">india\u0144skiego<\/a>&nbsp;plemienia&nbsp;<a href=\"https:\/\/pl.wikipedia.org\/wiki\/Apacze\">Apacz\u00f3w<\/a>&nbsp;<a href=\"https:\/\/pl.wikipedia.org\/wiki\/Mescalero\">Mescalero<\/a>, a po \u015bmierci ojca tak\u017ce najwy\u017cszym wodzem Apacz\u00f3w&#8221;.<\/strong> \u0179r\u00f3d\u0142o: Wikipedia<\/p>\n\n\n\n<p>24.01.2024 18.28 <a href=\"https:\/\/www.youtube.com\/watch?v=aQ6Q_qyYyF0\">Winnetou<\/a> \u0179r\u00f3d\u0142o: <a href=\"https:\/\/www.youtube.com\/watch?v=aQ6Q_qyYyF0\">Dasha<\/a><\/p>\n\n\n\n<p>Co znaczy non-profit?<\/p>\n\n\n\n<p>Organizacja non-profit to&nbsp;<strong>typ organizacji, kt\u00f3ra nie dzia\u0142a w celu generowania zysku dla swoich w\u0142a\u015bcicieli lub akcjonariuszy<\/strong>. Zamiast tego reinwestuje ona wszystkie zyski w swoj\u0105 misj\u0119, kt\u00f3ra jest zazwyczaj nakierowana na dobro spo\u0142eczne, kulturalne czy naukowe. \u0179r\u00f3d\u0142o: <a href=\"https:\/\/pl.wikipedia.org\/wiki\/Organizacja_non-profit\">Wikipedia<\/a><\/p>\n\n\n\n<p><strong>Projekt sztucznej inteligencji za 500 mld $ og\u0142oszonego przez Donalda Trumpa powinien by\u0107 projektem non-profit.<\/strong> <strong>Powinien by\u0107 nakierowany na dobro spo\u0142eczne, kulturalne i naukowe.<\/strong><\/p>\n\n\n\n<p>\u0179r\u00f3d\u0142o: <a href=\"https:\/\/www.youtube.com\/watch?v=babzCjrnoRM\">Tomasz Piekielnik<\/a><\/p>\n\n\n\n<p>24.01.2025 21.43 &#8222;Premier Donald Tusk i&nbsp;szef MON W\u0142adys\u0142aw Kosiniak-Kamysz deklaruj\u0105 publicznie, \u017ce&nbsp;Polska na&nbsp;rozwa\u017ca wys\u0142ania swoich \u017co\u0142nierzy na&nbsp;Ukrain\u0119&#8221;. \u0179r\u00f3d\u0142o: <a href=\"https:\/\/dorzeczy.pl\/kraj\/681658\/wojna-na-ukrainie-trzaskowski-o-wyslaniu-polskich-wojsk.html\">DoRzeczy.pl<\/a><\/p>\n\n\n\n<p>25.01.2025 16.41 Trump nie&nbsp;ma&nbsp;planu? Ze\u0142enski narzeka na&nbsp;&#8222;brak szczeg\u00f3\u0142\u00f3w&#8221; \u0179r\u00f3d\u0142o: <a href=\"https:\/\/dorzeczy.pl\/opinie\/681715\/zelenski-putin-chce-manipulowac-trumpem.html\">DoRzeczy.pl<\/a><\/p>\n\n\n\n<p>&#8222;Moskwa domaga si\u0119 od&nbsp;Kijowa &#8222;<a href=\"https:\/\/pl.wikipedia.org\/wiki\/Demilitaryzacja\">demilitaryzacji<\/a> i&nbsp;<a href=\"https:\/\/pl.wikipedia.org\/wiki\/Denazyfikacja\">denazyfikacji<\/a>&#8221; Ukrainy, a&nbsp;tak\u017ce uznania okupowanego Krymu za&nbsp;rosyjski&#8221;.<\/p>\n\n\n\n<p>Najpierw mo\u017ce przeczyta\u0107: <em><a href=\"https:\/\/libr.sejm.gov.pl\/tek01\/txt\/konst\/ukraina.html\">Konstytucja Ukrainy<\/a><\/em>, <a href=\"https:\/\/pl.wikipedia.org\/wiki\/Demilitaryzacja\">demilitaryzacja<\/a>, <a href=\"https:\/\/pl.wikipedia.org\/wiki\/Denazyfikacja\">denazyfikacja<\/a><\/p>\n\n\n\n<p>08.02.2025 08.12 &#8222;Ukraina proponuje partnerstwo&#8221; \u0179r\u00f3d\u0142o:&nbsp;Reuters\/<a href=\"https:\/\/dorzeczy.pl\/opinie\/687406\/zelenski-ukraina-nie-odda-swoich-zasobow-usa.html\">DoRzeczy.pl<\/a><\/p>\n\n\n\n<p><strong>Najwi\u0119ksz\u0105 pomoc Ukrainie zapewni\u0142a Polska. Nied\u0142ugo wybory na Ukrainie, ciekawe kogo wybior\u0105. Zach\u00f3d, wsch\u00f3d czy niezale\u017cno\u015b\u0107. &#8222;Samodzieln\u0105 polityk\u0119 zagraniczn\u0105 i polityk\u0119 bezpiecze\u0144stwa&#8221;. Na razie stanowi\u0105 10% populacji w Polsce i mog\u0105 nas destabilizowa\u0107. Polska powinna decydowa\u0107 o dalszych losach regionu <a href=\"https:\/\/topol.org.pl\/?page_id=7594\">Wielkiej Lechii<\/a> (<a href=\"https:\/\/topol.org.pl\/?page_id=8925\">Tr\u00f3jmorza<\/a>). Najbardziej niebezpieczny jest <a href=\"https:\/\/topol.org.pl\/?page_id=9055\">wariant wsp\u00f3\u0142pracy Ukrainy z Niemcami<\/a>.<\/strong><\/p>\n\n\n\n<p>12.02.2025 18.20 <a href=\"https:\/\/www.youtube.com\/watch?v=uEGGWopr2n4\">Polskie obywatelstwo dla 35 tys. Ukrai\u0144c\u00f3w? Do czego to prowadzi? Prof. W. Osadczy \u0179r\u00f3d\u0142o<\/a>: <a href=\"https:\/\/www.youtube.com\/@tygodnikDoRzeczy\">Tygodnik DoRzeczy<\/a><\/p>\n\n\n\n<p>14.02.2025 21.08 <strong>Kontynuowanie wojny nie ma sensu. Najwa\u017cniejszy jest pok\u00f3j, kt\u00f3ry sprawi \u017ceby strony by\u0142y zadowolone. Da\u0142em projekt pokojowy. Teren sporny nazwiemy \u201d<strong><a href=\"https:\/\/topol.org.pl\/?page_id=4036\">S\u0142owia\u0144ska Scytia Kr\u00f3lewska zwana Ru\u015b Krymska<\/a><\/strong>\u201e<\/strong>. <strong>To b\u0119dzie teren sporny, ale jednocze\u015bnie teren wolnego handlu i przemieszczania mi\u0119dzy Ukrain\u0105 i zaj\u0119tym przez Rosj\u0119 Krymem. <a href=\"https:\/\/www.youtube.com\/watch?v=WBGyRH-6CRw\">S\u0142ysza\u0142em audycj\u0119 Wnet z panem Dmytro Antoniukiem<\/a>. M\u00f3wi\u0142, \u017ce jak uzyskaj\u0105 wsparcie to wygraj\u0105. I powiedzia\u0142, \u017ce trzeba rozbroi\u0107 Rosj\u0119 z broni atomowej. Ale zagro\u017ceniem dla Rosji<\/strong> <strong>i USA s\u0105 Chiny. To niezrozumienie sytuacji na \u015bwiecie. Rosja upad\u0142a to Chiny na naszej wschodniej granicy. <a href=\"https:\/\/pl.wikipedia.org\/wiki\/Konfucjanizm\">Konfucjanizm<\/a> na ca\u0142ym \u015bwiecie. Po zawarciu pokoju mo\u017cemy utworzy\u0107 wolny przep\u0142yw ludzi i stref\u0119 wolnego handlu z Kr\u00f3lewcem (Kaliningradem). To okno dla os\u0142abionej, dogorywaj\u0105cej Rosji. Dla Europy tani gaz z NS2. Inaczej Chiny zajm\u0105 ca\u0142y \u015bwiat. Po\u0142\u0105czenie z NS2 b\u0119dzie przez Polsk\u0105 firm\u0119. Za to od USA kupimy uzbrojenie, jako gwarancj\u0119 transakcji.<\/strong> <strong><a href=\"https:\/\/topol.org.pl\/?page_id=4030\">Wilk syty i owca ca\u0142a<\/a>.<\/strong><\/p>\n\n\n\n<p>14.02.2025 21.47 <a href=\"https:\/\/www.youtube.com\/watch?v=KnIpubMHqaU\">&#8222;TO NIEMO\u017bLIWE!&#8221; GEN. KOMORNICKI<\/a> WPROST O NEGOCJACJACH Z PUTINEM \u0179r\u00f3d\u0142o: <a href=\"https:\/\/www.youtube.com\/watch?v=KnIpubMHqaU\">Super Express<\/a><\/p>\n\n\n\n<p>15.02.2025 16.01 &#8222;Europa pilnie potrzebuje w\u0142asnego planu dzia\u0142ania dotycz\u0105cego Ukrainy i&nbsp;naszego bezpiecze\u0144stwa, w&nbsp;przeciwnym razie inni globalni gracze zadecyduj\u0105 o&nbsp;naszej przysz\u0142o\u015bci. Niekoniecznie zgodnie z&nbsp;naszymi w\u0142asnymi interesami&#8221; \u2013&nbsp;napisa\u0142 na&nbsp;portalu X szef polskiego rz\u0105du.<\/p>\n\n\n\n<p>&#8222;Ten plan musi zosta\u0107 przygotowany teraz. Nie&nbsp;ma&nbsp;czasu do&nbsp;stracenia&#8221; \u2013&nbsp;doda\u0142 Tusk.<\/p>\n\n\n\n<p>\u0179r\u00f3d\u0142o:&nbsp;<a href=\"https:\/\/dorzeczy.pl\/opinie\/690973\/kaczynski-krytykuje-tuska-chodzi-o-stosunek-do-trumpa-i-usa.html\">X&nbsp;\/&nbsp;DoRzeczy.pl<\/a><\/p>\n\n\n\n<p><strong>Da\u0142em projekt pokojowy.<\/strong> &#8222;<strong>Wilk syty i owca ca\u0142a&#8221;.<\/strong> <strong>To my musimy wyj\u015b\u0107 z inicjatyw\u0105.<\/strong> <strong>Jeszcze raz.<\/strong> <strong>Powy\u017cej napisa\u0142em.<\/strong><\/p>\n\n\n\n<p><strong>08.02.2025 08.12 Najwi\u0119ksz\u0105 pomoc Ukrainie zapewni\u0142a Polska&#8230;<\/strong><\/p>\n\n\n\n<p><strong>14.02.2025 21.08 Kontynuowanie wojny nie ma sensu. Najwa\u017cniejszy jest&#8230;<\/strong><\/p>\n\n\n\n<p>16.02.2025 19.45 <a href=\"https:\/\/www.youtube.com\/watch?v=Fo42k5tUA-Q\">Rozmowa z Putinem! Trump zdradzi Ukrain\u0119 i porzuci Europ\u0119? \u2014 Jacek Bartosiak i Piotr Zychowicz<\/a> \u0179r\u00f3d\u0142o: HISTORIA REALNA<\/p>\n\n\n\n<p><strong>Zrozumia\u0142em z audycji, \u017ce je\u015bli Europa ma zacz\u0105\u0107 wsp\u00f3\u0142prac\u0119 z Chinami i jednocze\u015bnie Rosja wsp\u00f3\u0142pracuje z Chinami to znaczy \u017ce Chiny wch\u0142on\u0105 Rosj\u0119 i Europ\u0119. Wch\u0142on\u0105 te\u017c Polsk\u0119. Genialny plan strategiczny. Czyli stracimy suwerenno\u015b\u0107 na zawsze. B\u0119dziemy mieli Eurazj\u0119.<\/strong><\/p>\n\n\n\n<p>25.03.2025 19.13 <a href=\"https:\/\/www.youtube.com\/watch?v=Opaqp8DsvBI\">Ukraina &#8211; nowe imperium Europy<\/a> \u0179r\u00f3d\u0142o: Pogodne Szorty<\/p>\n\n\n\n<p>05.04.2025 14.45 &#8222;Berlin finansuje dost\u0119p Ukrainy do sieci satelitarnego Internetu obs\u0142ugiwanej przez francusk\u0105 firm\u0119 Eutelsat. To alternatywa wobec systemu satelit\u00f3w Starlink Elona Muska&#8221;. \u0179r\u00f3d\u0142o: rp.pl<\/p>\n\n\n\n<p><strong>Zacz\u0119li\u015bmy m\u00f3wi\u0107 o rozwi\u0105zaniu pokojowym konfliktu na Ukrainie.<\/strong><\/p>\n\n\n\n<p><a href=\"https:\/\/topol.org.pl\/?page_id=6187\">Fundacja: Narodowe Si\u0142y Samoobrony \u201eGrot\u201d<\/a><\/p>\n\n\n\n<p><\/p>\n","protected":false},"excerpt":{"rendered":"<p>01.01.2025 11.57 &#8222;B\u00f3g wybacza, ale Ukrai\u0144cy nie&#8221; \u0179r\u00f3d\u0142o: Do Rzeczy 01.01.2025 11.59 &#8222;decyzja Brukseli o&nbsp;rozpocz\u0119ciu rozm\u00f3w akcesyjnych z&nbsp;Ukrain\u0105 by\u0142a b\u0142\u0119dem&#8221; \u0179r\u00f3d\u0142o:&nbsp;DoRzeczy.pl 01.01.2025 12.31 &#8222;Kontrakt na&nbsp;tranzyt gazu mi\u0119dzy Ukrain\u0105 a&nbsp;Rosj\u0105 dobieg\u0142 ko\u0144ca&#8221; \u0179r\u00f3d\u0142o:&nbsp;DoRzeczy.pl Dobre \u017cyczenia, ale i nowiny. Ta zasada dotyczy tylko w\u0142adcy. Obejrzyjcie jeszcze raz &#8222;Potop&#8221;. Jak Kmicic pra\u0142 Czambu\u0142 Tatara, w sagan na palenisku. [&hellip;]<\/p>\n","protected":false},"author":1,"featured_media":0,"parent":0,"menu_order":243,"comment_status":"closed","ping_status":"closed","template":"","meta":{"footnotes":""},"class_list":["post-8244","page","type-page","status-publish","hentry"],"_links":{"self":[{"href":"https:\/\/topol.org.pl\/index.php?rest_route=\/wp\/v2\/pages\/8244","targetHints":{"allow":["GET"]}}],"collection":[{"href":"https:\/\/topol.org.pl\/index.php?rest_route=\/wp\/v2\/pages"}],"about":[{"href":"https:\/\/topol.org.pl\/index.php?rest_route=\/wp\/v2\/types\/page"}],"author":[{"embeddable":true,"href":"https:\/\/topol.org.pl\/index.php?rest_route=\/wp\/v2\/users\/1"}],"replies":[{"embeddable":true,"href":"https:\/\/topol.org.pl\/index.php?rest_route=%2Fwp%2Fv2%2Fcomments&post=8244"}],"version-history":[{"count":112,"href":"https:\/\/topol.org.pl\/index.php?rest_route=\/wp\/v2\/pages\/8244\/revisions"}],"predecessor-version":[{"id":11478,"href":"https:\/\/topol.org.pl\/index.php?rest_route=\/wp\/v2\/pages\/8244\/revisions\/11478"}],"wp:attachment":[{"href":"https:\/\/topol.org.pl\/index.php?rest_route=%2Fwp%2Fv2%2Fmedia&parent=8244"}],"curies":[{"name":"wp","href":"https:\/\/api.w.org\/{rel}","templated":true}]}}