{"id":846,"date":"2023-11-25T15:27:12","date_gmt":"2023-11-25T14:27:12","guid":{"rendered":"https:\/\/topol.org.pl\/?page_id=846"},"modified":"2026-01-09T09:37:07","modified_gmt":"2026-01-09T08:37:07","slug":"corona-regni-poloniae","status":"publish","type":"page","link":"https:\/\/topol.org.pl\/?page_id=846","title":{"rendered":"Corona Regni Poloniae"},"content":{"rendered":"\n<p><strong>Dariusz Goworek<\/strong><img decoding=\"async\" src=\"https:\/\/dorzeczy.pl\/_i\/flags\/pl.png\" alt=\"\"> dzisiaj 09:28 17.12.2023<\/p>\n\n\n\n<p>Tw\u00f3rc\u0105 okre\u015blenia pa\u0144stwa polskiego mianem Rzeczypospolitej (res publica) by\u0142 <a href=\"https:\/\/www.google.com\/search?q=Wincenty+Kad%C5%82ubek&amp;oq=Wincenty+Kad%C5%82ubek&amp;gs_lcrp=EgZjaHJvbWUyBggAEEUYOdIBCjEyMTM2ajBqMTWoAgiwAgE&amp;sourceid=chrome&amp;ie=UTF-8\">Wincenty Kad\u0142ubek<\/a>. Znaczenie terminu rzeczpospolita, jak r\u00f3wnie\u017c zwi\u0105zane z\u00a0nim pogl\u0105dy na\u00a0polityk\u0119, zaczerpn\u0105\u0142 Wincenty g\u0142\u00f3wnie z\u00a0prac Cycerona. Przystosowuj\u0105c republika\u0144skie pogl\u0105dy rzymskiego pisarza do\u00a0reali\u00f3w XII-wiecznych, twierdzi\u0142, \u017ce\u00a0Polska nie\u00a0jest w\u0142asno\u015bci\u0105 monarchy, lecz spo\u0142ecze\u0144stwa rz\u0105dz\u0105cego si\u0119 prawem stanowionym i\u00a0wybieraj\u0105cego sobie w\u0142adc\u00f3w. Tak rozumiana Rzeczpospolita powinna si\u0119 sta\u0107 \u2013\u00a0wed\u0142ug Kad\u0142ubka \u2013\u00a0ojczyzn\u0105 (patria) ludzi wolnych, bronion\u0105 m\u0119stwem swych obywateli (cives) tworz\u0105cych jeden nar\u00f3d (identitas est mater societatis).Dla Wincentego starodawna wolno\u015b\u0107 Polak\u00f3w jest warto\u015bci\u0105 najwy\u017csz\u0105. Najwi\u0119kszym nikczemnikiem jest ten, kto nie\u00a0\u017ca\u0142uje utraconej wolno\u015bci a\u00a0najgorszym w\u0142adc\u0105 taki, kt\u00f3ry odbiera wolno\u015b\u0107 obywatelom Rzeczypospolitej. <br>(<a href=\"https:\/\/pl.wikipedia.org\/wiki\/Etymologia_nazwy_Polska\">Czecha brat lub druh imieniem Lech<\/a>, kt\u00f3ry przyszed\u0142 z nim, <a href=\"https:\/\/pl.wikipedia.org\/wiki\/Goworek_(szczyt)#\/media\/Plik:Goworek_mit.JPG\">przekroczy\u0142 o\u015bnie\u017cone g\u00f3ry<\/a>, kt\u00f3re oddzielaj\u0105 Czechy i Polsk\u0119. A kiedy ujrza\u0142 wielk\u0105 r\u00f3wnin\u0119, rozci\u0105gaj\u0105c\u0105 si\u0119 a\u017c do brzegu morza, osiedli\u0142 si\u0119 tam i zaludni\u0142 j\u0105 swoj\u0105 rodzin\u0105. Wa\u017cne jest, aby wiedzie\u0107, \u017ce w j\u0119zykach s\u0142owia\u0144skich terminem \u201ecampi plani\u201d [r\u00f3wninne pola] nazywa si\u0119 pola. I st\u0105d si\u0119 bierze imi\u0119 Polska, od p\u0142askiej r\u00f3wniny.)<br>Polacy od czas\u00f3w Wincentego Kad\u0142ubka nazywali siebie Lechitami, wierz\u0105c, \u017ce pochodz\u0105 od legendarnego Lecha<\/p>\n\n\n\n<p>\u0179r\u00f3d\u0142o: Wikipedia<\/p>\n\n\n\n<p>kronikarz pisa\u0142 o legendarnym za\u0142o\u017cycielu pa\u0144stwa polskiego, Lechu: <a href=\"https:\/\/historia.dorzeczy.pl\/historia-wspolczesna\/581583\/dzien-flagi-rzeczypospolitej-polskiej-flaga-godlo-bandera-roznice.html\">\u201e(\u2026) na chor\u0105gwiach swych kaza\u0142 k\u0142a\u015b\u0107 or\u0142a bia\u0142ego za herb, a od tego czasu to Kr\u00f3lestwo Polskie tego klejnotu u\u017cywa\u201d<\/a><\/p>\n\n\n\n<p><br><strong>Corona Regni Poloniae<\/strong><br>Wiec S\u0142owia\u0144ski Polak\u00f3w<br>To organizacja wielkiej konferencji si\u0142 patriotycznych, kt\u00f3re w&nbsp;Sejmie wyst\u0105pi\u0105 pod&nbsp;sztandarami swoich partii. W&nbsp;celu koalicji w&nbsp;Sejmie pod&nbsp;wsp\u00f3lnym programem napisanym w&nbsp;konstytucji z&nbsp;11.10.2023 roku.<br>Powstanie partia polityczna.<br>To partia koalicyjna si\u0142 patriotycznych.<br>Na razie jestem 1. Brakuje 999 Polskich Patriot\u00f3w, \u017ceby utworzy\u0107 parti\u0119.<\/p>\n\n\n\n<figure class=\"wp-block-image size-large\"><img loading=\"lazy\" decoding=\"async\" width=\"1024\" height=\"576\" src=\"https:\/\/topol.org.pl\/wp-content\/uploads\/2023\/12\/Tworca-okreslenia-panstwa-polskiego-mianem-Rzeczypospolitej-1024x576.jpg\" alt=\"\" class=\"wp-image-1178\" srcset=\"https:\/\/topol.org.pl\/wp-content\/uploads\/2023\/12\/Tworca-okreslenia-panstwa-polskiego-mianem-Rzeczypospolitej-1024x576.jpg 1024w, https:\/\/topol.org.pl\/wp-content\/uploads\/2023\/12\/Tworca-okreslenia-panstwa-polskiego-mianem-Rzeczypospolitej-300x169.jpg 300w, https:\/\/topol.org.pl\/wp-content\/uploads\/2023\/12\/Tworca-okreslenia-panstwa-polskiego-mianem-Rzeczypospolitej-768x432.jpg 768w, https:\/\/topol.org.pl\/wp-content\/uploads\/2023\/12\/Tworca-okreslenia-panstwa-polskiego-mianem-Rzeczypospolitej-1536x864.jpg 1536w, https:\/\/topol.org.pl\/wp-content\/uploads\/2023\/12\/Tworca-okreslenia-panstwa-polskiego-mianem-Rzeczypospolitej.jpg 1920w\" sizes=\"auto, (max-width: 1024px) 100vw, 1024px\" \/><\/figure>\n\n\n\n<figure class=\"wp-block-image alignright size-full\"><img loading=\"lazy\" decoding=\"async\" width=\"185\" height=\"286\" src=\"https:\/\/topol.org.pl\/wp-content\/uploads\/2023\/10\/sejm.jpg\" alt=\"\" class=\"wp-image-374\"\/><\/figure>\n\n\n\n<p><strong>Corona Regni Poloniae<\/strong><br>Wiec S\u0142owia\u0144ski Polak\u00f3w<br>To organizacja wielkiej konferencji si\u0142 patriotycznych, kt\u00f3re w Sejmie wyst\u0105pi\u0105 pod sztandarami swoich partii. W celu koalicji w Sejmie pod wsp\u00f3lnym programem napisanym w konstytucji z 11.10.2023 roku.<br><a href=\"https:\/\/www.sejm.gov.pl\/prawo\/partiepol\/kon12.htm\">Powstanie partia polityczna.<\/a><br>To partia koalicyjna si\u0142 patriotycznych.<br>Na razie jestem 1. Brakuje 999 Polskich Patriot\u00f3w, \u017ceby utworzy\u0107 parti\u0119. <\/p>\n\n\n\n<p><strong>Corona Regni Poloniae<\/strong><br><strong>Moja III Rzeczpospolita Polska W skr\u00f3cie: Topol<\/strong> www.topol.org.pl<\/p>\n\n\n\n<p>&#8222;Dux Poloniae&#8221; to pradawny W\u0142adca Polski. <\/p>\n\n\n\n<p><strong>Nie<\/strong> z ostatniego 1000 lecia lecz jak Sarmata, Lassota, Krak. <\/p>\n\n\n\n<p><strong>Nie<\/strong> mo\u017ce to by\u0107 <a href=\"https:\/\/dorzeczy.pl\/opinie\/507402\/dzieje-polski-opozycja-z-zagranica-przeciw-krolowi.html\">&#8222;zagranica&#8221;<\/a> ani <a href=\"https:\/\/historia.dorzeczy.pl\/nowozytnosc\/508239\/august-iii-sas-mniej-znany-polski-wettyn-kim-byl.html\">&#8222;polski&#8221;<\/a>. <\/p>\n\n\n\n<p><strong>Nie<\/strong> mog\u0105 to by\u0107 <a href=\"https:\/\/pl.wikipedia.org\/wiki\/Konfederacja_targowicka\">&#8222;magnaci&#8221;<\/a> zast\u0119puj\u0105cy &#8222;Dux Poloniae&#8221;.<\/p>\n\n\n\n<figure class=\"wp-block-image size-large\"><img loading=\"lazy\" decoding=\"async\" width=\"1024\" height=\"576\" src=\"https:\/\/topol.org.pl\/wp-content\/uploads\/2023\/11\/Opozycja-z-zagranica-przeciw-krolowi-1024x576.jpg\" alt=\"\" class=\"wp-image-888\" srcset=\"https:\/\/topol.org.pl\/wp-content\/uploads\/2023\/11\/Opozycja-z-zagranica-przeciw-krolowi-1024x576.jpg 1024w, https:\/\/topol.org.pl\/wp-content\/uploads\/2023\/11\/Opozycja-z-zagranica-przeciw-krolowi-300x169.jpg 300w, https:\/\/topol.org.pl\/wp-content\/uploads\/2023\/11\/Opozycja-z-zagranica-przeciw-krolowi-768x432.jpg 768w, https:\/\/topol.org.pl\/wp-content\/uploads\/2023\/11\/Opozycja-z-zagranica-przeciw-krolowi-1536x864.jpg 1536w, https:\/\/topol.org.pl\/wp-content\/uploads\/2023\/11\/Opozycja-z-zagranica-przeciw-krolowi.jpg 1920w\" sizes=\"auto, (max-width: 1024px) 100vw, 1024px\" \/><\/figure>\n\n\n\n<p class=\"has-text-align-left\"><a href=\"https:\/\/topol.org.pl\/?page_id=221\">&#8222;Teraz, w tej chwili, natychmiast&#8221;<\/a> przyjad\u0119 do Warszawy i podpisz\u0119 potrzebne dokumenty.<\/p>\n\n\n\n<figure class=\"wp-block-image alignright size-full\"><img loading=\"lazy\" decoding=\"async\" width=\"185\" height=\"286\" src=\"https:\/\/topol.org.pl\/wp-content\/uploads\/2023\/10\/sejm.jpg\" alt=\"\" class=\"wp-image-374\"\/><\/figure>\n\n\n\n<p>Verte &gt;<a href=\"https:\/\/topol.org.pl\/?page_id=6187\">Fundacja Narodowe Si\u0142y Samoobrony \u201eGrot\u201d<\/a><\/p>\n\n\n\n<p><\/p>\n","protected":false},"excerpt":{"rendered":"<p>Dariusz Goworek dzisiaj 09:28 17.12.2023 Tw\u00f3rc\u0105 okre\u015blenia pa\u0144stwa polskiego mianem Rzeczypospolitej (res publica) by\u0142 Wincenty Kad\u0142ubek. Znaczenie terminu rzeczpospolita, jak r\u00f3wnie\u017c zwi\u0105zane z\u00a0nim pogl\u0105dy na\u00a0polityk\u0119, zaczerpn\u0105\u0142 Wincenty g\u0142\u00f3wnie z\u00a0prac Cycerona. Przystosowuj\u0105c republika\u0144skie pogl\u0105dy rzymskiego pisarza do\u00a0reali\u00f3w XII-wiecznych, twierdzi\u0142, \u017ce\u00a0Polska nie\u00a0jest w\u0142asno\u015bci\u0105 monarchy, lecz spo\u0142ecze\u0144stwa rz\u0105dz\u0105cego si\u0119 prawem stanowionym i\u00a0wybieraj\u0105cego sobie w\u0142adc\u00f3w. Tak rozumiana Rzeczpospolita powinna [&hellip;]<\/p>\n","protected":false},"author":1,"featured_media":0,"parent":0,"menu_order":14,"comment_status":"closed","ping_status":"closed","template":"","meta":{"footnotes":""},"class_list":["post-846","page","type-page","status-publish","hentry"],"_links":{"self":[{"href":"https:\/\/topol.org.pl\/index.php?rest_route=\/wp\/v2\/pages\/846","targetHints":{"allow":["GET"]}}],"collection":[{"href":"https:\/\/topol.org.pl\/index.php?rest_route=\/wp\/v2\/pages"}],"about":[{"href":"https:\/\/topol.org.pl\/index.php?rest_route=\/wp\/v2\/types\/page"}],"author":[{"embeddable":true,"href":"https:\/\/topol.org.pl\/index.php?rest_route=\/wp\/v2\/users\/1"}],"replies":[{"embeddable":true,"href":"https:\/\/topol.org.pl\/index.php?rest_route=%2Fwp%2Fv2%2Fcomments&post=846"}],"version-history":[{"count":35,"href":"https:\/\/topol.org.pl\/index.php?rest_route=\/wp\/v2\/pages\/846\/revisions"}],"predecessor-version":[{"id":6454,"href":"https:\/\/topol.org.pl\/index.php?rest_route=\/wp\/v2\/pages\/846\/revisions\/6454"}],"wp:attachment":[{"href":"https:\/\/topol.org.pl\/index.php?rest_route=%2Fwp%2Fv2%2Fmedia&parent=846"}],"curies":[{"name":"wp","href":"https:\/\/api.w.org\/{rel}","templated":true}]}}