{"id":848,"date":"2023-11-25T15:37:42","date_gmt":"2023-11-25T14:37:42","guid":{"rendered":"https:\/\/topol.org.pl\/?page_id=848"},"modified":"2026-01-09T10:08:24","modified_gmt":"2026-01-09T09:08:24","slug":"moja-3-rzeczpospolita-polska-w-skrocie-topol","status":"publish","type":"page","link":"https:\/\/topol.org.pl\/?page_id=848","title":{"rendered":"Moja III Rzeczpospolita Polska W skr\u00f3cie: Topol"},"content":{"rendered":"\n<p>Powstanie fundacja w III RP<\/p>\n\n\n\n<p>Art. 4. 1. Sfera zada\u0144 publicznych, o kt\u00f3rej mowa w art. 3 ust. 1, obejmuje zadania w zakresie:<br>1) pomocy spo\u0142ecznej, w tym pomocy rodzinom i osobom w trudnej sytuacji \u017cyciowej oraz wyr\u00f3wnywania szans tych rodzin i os\u00f3b;<br>1b) udzielania nieodp\u0142atnej pomocy prawnej oraz zwi\u0119kszania \u015bwiadomo\u015bci prawnej spo\u0142ecze\u0144stwa;<br>3) dzia\u0142alno\u015bci charytatywnej;<br>4) podtrzymywania i upowszechniania tradycji narodowej, piel\u0119gnowania polsko\u015bci oraz rozwoju \u015bwiadomo\u015bci narodowej, obywatelskiej i kulturowej;<br>6) ochrony i promocji zdrowia, w tym dzia\u0142alno\u015bci leczniczej w rozumieniu ustawy z dnia 15 kwietnia 2011 r. o dzia\u0142alno\u015bci leczniczej (Dz. U. z 2022 r. poz. 633, z p\u00f3\u017an. zm.2));<br>7) dzia\u0142alno\u015bci na rzecz os\u00f3b niepe\u0142nosprawnych;<br>8) promocji zatrudnienia i aktywizacji zawodowej os\u00f3b pozostaj\u0105cych bez pracy i zagro\u017conych zwolnieniem z pracy;<br>10) dzia\u0142alno\u015bci na rzecz os\u00f3b w wieku emerytalnym;<br>12) dzia\u0142alno\u015bci wspomagaj\u0105cej rozw\u00f3j techniki, wynalazczo\u015bci i innowacyjno\u015bci oraz rozpowszechnianie i wdra\u017canie nowych rozwi\u0105za\u0144 technicznych w praktyce gospodarczej;<br>13) dzia\u0142alno\u015bci wspomagaj\u0105cej rozw\u00f3j wsp\u00f3lnot i spo\u0142eczno\u015bci lokalnych;<br>14) nauki, szkolnictwa wy\u017cszego, edukacji, o\u015bwiaty i wychowania;<br>15) dzia\u0142alno\u015bci na rzecz dzieci i m\u0142odzie\u017cy, w tym wypoczynku dzieci i m\u0142odzie\u017cy;<br>16) kultury, sztuki, ochrony d\u00f3br kultury i dziedzictwa narodowego;<br>17) wspierania i upowszechniania kultury fizycznej;<br>18) ekologii i ochrony zwierz\u0105t oraz ochrony dziedzictwa przyrodniczego;<br>19) turystyki i krajoznawstwa;<br>20) porz\u0105dku i bezpiecze\u0144stwa publicznego;<br>21) obronno\u015bci pa\u0144stwa i dzia\u0142alno\u015bci Si\u0142 Zbrojnych Rzeczypospolitej Polskiej;<br>22) upowszechniania i ochrony wolno\u015bci i praw cz\u0142owieka oraz swob\u00f3d obywatelskich, a tak\u017ce dzia\u0142a\u0144 wspomagaj\u0105cych rozw\u00f3j demokracji;<br>22a) udzielania nieodp\u0142atnego poradnictwa obywatelskiego;<br>23) ratownictwa i ochrony ludno\u015bci;<br>24) pomocy ofiarom katastrof, kl\u0119sk \u017cywio\u0142owych, konflikt\u00f3w zbrojnych i wojen w kraju i za granic\u0105;<br>26) dzia\u0142alno\u015bci na rzecz integracji europejskiej oraz rozwijania kontakt\u00f3w i wsp\u00f3\u0142pracy mi\u0119dzy spo\u0142ecze\u0144stwami;<br>27) promocji i organizacji wolontariatu;<br>30) promocji Rzeczypospolitej Polskiej za granic\u0105;<\/p>\n\n\n\n<p>Verte ><a href=\"https:\/\/topol.org.pl\/?page_id=6187\">Fundacja Narodowe Si\u0142y Samoobrony \u201eGrot\u201d<\/a><\/p>\n","protected":false},"excerpt":{"rendered":"<p>Powstanie fundacja w III RP Art. 4. 1. Sfera zada\u0144 publicznych, o kt\u00f3rej mowa w art. 3 ust. 1, obejmuje zadania w zakresie:1) pomocy spo\u0142ecznej, w tym pomocy rodzinom i osobom w trudnej sytuacji \u017cyciowej oraz wyr\u00f3wnywania szans tych rodzin i os\u00f3b;1b) udzielania nieodp\u0142atnej pomocy prawnej oraz zwi\u0119kszania \u015bwiadomo\u015bci prawnej spo\u0142ecze\u0144stwa;3) dzia\u0142alno\u015bci charytatywnej;4) podtrzymywania i [&hellip;]<\/p>\n","protected":false},"author":1,"featured_media":0,"parent":0,"menu_order":12,"comment_status":"closed","ping_status":"closed","template":"","meta":{"footnotes":""},"class_list":["post-848","page","type-page","status-publish","hentry"],"_links":{"self":[{"href":"https:\/\/topol.org.pl\/index.php?rest_route=\/wp\/v2\/pages\/848","targetHints":{"allow":["GET"]}}],"collection":[{"href":"https:\/\/topol.org.pl\/index.php?rest_route=\/wp\/v2\/pages"}],"about":[{"href":"https:\/\/topol.org.pl\/index.php?rest_route=\/wp\/v2\/types\/page"}],"author":[{"embeddable":true,"href":"https:\/\/topol.org.pl\/index.php?rest_route=\/wp\/v2\/users\/1"}],"replies":[{"embeddable":true,"href":"https:\/\/topol.org.pl\/index.php?rest_route=%2Fwp%2Fv2%2Fcomments&post=848"}],"version-history":[{"count":6,"href":"https:\/\/topol.org.pl\/index.php?rest_route=\/wp\/v2\/pages\/848\/revisions"}],"predecessor-version":[{"id":6307,"href":"https:\/\/topol.org.pl\/index.php?rest_route=\/wp\/v2\/pages\/848\/revisions\/6307"}],"wp:attachment":[{"href":"https:\/\/topol.org.pl\/index.php?rest_route=%2Fwp%2Fv2%2Fmedia&parent=848"}],"curies":[{"name":"wp","href":"https:\/\/api.w.org\/{rel}","templated":true}]}}