{"id":8567,"date":"2025-01-11T15:57:10","date_gmt":"2025-01-11T14:57:10","guid":{"rendered":"https:\/\/topol.org.pl\/?page_id=8567"},"modified":"2025-02-24T15:29:11","modified_gmt":"2025-02-24T14:29:11","slug":"teoria-gier","status":"publish","type":"page","link":"https:\/\/topol.org.pl\/?page_id=8567","title":{"rendered":"Teoria gier"},"content":{"rendered":"\n<p>11.01.2025 15.57 W teorii gier dzia\u0142ania podejmowane przez ka\u017cdego z uczestnik\u00f3w maj\u0105 wp\u0142yw na pozosta\u0142ych uczestnik\u00f3w gry (sytuacja&nbsp;<a href=\"https:\/\/pl.wikipedia.org\/wiki\/Wsp%C3%B3%C5%82zale%C5%BCno%C5%9B%C4%87_spo%C5%82eczna\">wsp\u00f3\u0142zale\u017cno\u015bci spo\u0142ecznej<\/a>), dodatkowo, gdy gracze podejmuj\u0105 decyzj\u0119 co do wyboru swoich strategii, bior\u0105 oni te interakcje pod uwag\u0119. \u0179r\u00f3d\u0142o: <a href=\"https:\/\/pl.wikipedia.org\/wiki\/Teoria_gier\">Wikipedia<\/a><\/p>\n\n\n\n<p>22.02.2025 15.18 <strong>Wygrana liczy si\u0119 tylko wtedy jak wszystko zrobi\u0119 sam, a zwyci\u0119stwo b\u0119dzie tylko moj\u0105 zas\u0142ug\u0105. W Lechii &#8222;Dux Poloniae&#8221; by\u0142 wybierany przez wiec s\u0142owia\u0144ski. Tak by\u0142o dawno dawno temu. 1000 lat temu, mo\u017cna by\u0142o przyj\u0105\u0107 w\u0142adz\u0119 od zwierzchnika. Od Cesarza albo z Rzymu. W 2RP w\u0142adza pochodzi\u0142a od zaborc\u00f3w. Teraz jest nadzieja, \u017ce ponownie &#8222;Dux Poloniae&#8221; zostanie wybrany przez wiec s\u0142owia\u0144ski. W wyborach powszechnych. Ale nie mo\u017cna za du\u017co m\u00f3wi\u0107 i nieuczciwie rywalizowa\u0107. Zdaj\u0119 si\u0119 na <a href=\"https:\/\/sjp.pwn.pl\/slowniki\/zrz%C4%85dzenie.html\">zrz\u0105dzenie<\/a> <a href=\"https:\/\/sjp.pwn.pl\/slowniki\/los.html\">losu<\/a>, szcz\u0119\u015bcie. Dlatego czekam.<\/strong><\/p>\n\n\n\n<p><a href=\"https:\/\/topol.org.pl\/?page_id=6187\">Fundacja: Narodowe Si\u0142y Samoobrony \u201eGrot\u201d<\/a><\/p>\n\n\n\n<p><\/p>\n","protected":false},"excerpt":{"rendered":"<p>11.01.2025 15.57 W teorii gier dzia\u0142ania podejmowane przez ka\u017cdego z uczestnik\u00f3w maj\u0105 wp\u0142yw na pozosta\u0142ych uczestnik\u00f3w gry (sytuacja&nbsp;wsp\u00f3\u0142zale\u017cno\u015bci spo\u0142ecznej), dodatkowo, gdy gracze podejmuj\u0105 decyzj\u0119 co do wyboru swoich strategii, bior\u0105 oni te interakcje pod uwag\u0119. \u0179r\u00f3d\u0142o: Wikipedia 22.02.2025 15.18 Wygrana liczy si\u0119 tylko wtedy jak wszystko zrobi\u0119 sam, a zwyci\u0119stwo b\u0119dzie tylko moj\u0105 zas\u0142ug\u0105. W [&hellip;]<\/p>\n","protected":false},"author":1,"featured_media":0,"parent":0,"menu_order":257,"comment_status":"closed","ping_status":"closed","template":"","meta":{"footnotes":""},"class_list":["post-8567","page","type-page","status-publish","hentry"],"_links":{"self":[{"href":"https:\/\/topol.org.pl\/index.php?rest_route=\/wp\/v2\/pages\/8567","targetHints":{"allow":["GET"]}}],"collection":[{"href":"https:\/\/topol.org.pl\/index.php?rest_route=\/wp\/v2\/pages"}],"about":[{"href":"https:\/\/topol.org.pl\/index.php?rest_route=\/wp\/v2\/types\/page"}],"author":[{"embeddable":true,"href":"https:\/\/topol.org.pl\/index.php?rest_route=\/wp\/v2\/users\/1"}],"replies":[{"embeddable":true,"href":"https:\/\/topol.org.pl\/index.php?rest_route=%2Fwp%2Fv2%2Fcomments&post=8567"}],"version-history":[{"count":14,"href":"https:\/\/topol.org.pl\/index.php?rest_route=\/wp\/v2\/pages\/8567\/revisions"}],"predecessor-version":[{"id":9782,"href":"https:\/\/topol.org.pl\/index.php?rest_route=\/wp\/v2\/pages\/8567\/revisions\/9782"}],"wp:attachment":[{"href":"https:\/\/topol.org.pl\/index.php?rest_route=%2Fwp%2Fv2%2Fmedia&parent=8567"}],"curies":[{"name":"wp","href":"https:\/\/api.w.org\/{rel}","templated":true}]}}