{"id":8599,"date":"2025-01-12T10:28:52","date_gmt":"2025-01-12T09:28:52","guid":{"rendered":"https:\/\/topol.org.pl\/?page_id=8599"},"modified":"2025-03-28T17:12:05","modified_gmt":"2025-03-28T16:12:05","slug":"monarchia-czerpie-z-korony-sile-krolewskiego-autorytetu","status":"publish","type":"page","link":"https:\/\/topol.org.pl\/?page_id=8599","title":{"rendered":"&#8222;Monarchia czerpie z korony si\u0142\u0119 kr\u00f3lewskiego autorytetu&#8221;"},"content":{"rendered":"\n<p>&#8222;Koronacje konstytuuj\u0105 struktur\u0119 pa\u0144stwa, stanowi\u0105 te\u017c punkt odniesienia, s\u0105 takim elementem to\u017csamo\u015bci. I koronacja ma te\u017c w sobie dwa porz\u0105dki, o kt\u00f3rych b\u0119dziemy rozmawia\u0107, jest to uroczysto\u015b\u0107 pa\u0144stwowa, ale te\u017c i uroczysto\u015b\u0107 ko\u015bcielna, bo to jest taka szczeg\u00f3lna uroczysto\u015b\u0107, kt\u00f3ra ma charakter pa\u0144stwowy, a odbywa si\u0119 w murach katedry. Wi\u0119c zg\u0142\u0119bimy tajniki polskich koronacji i jako motto przygotowa\u0142em wszystkie pi\u0119kne zdanie, kt\u00f3re jest jak\u0105\u015b kwintesencj\u0105, ono b\u0119dzie prowadzi\u0107 w w\u0119dr\u00f3wkach po polskich koronacjach.<br>&gt;&gt;Monarchia czerpie z korony si\u0142\u0119 kr\u00f3lewskiego autorytetu&lt;&lt; Niech to zdanie s\u0142u\u017cy nam za motto, bo ono w sumie pokazuje nam w skondensowanej formie znaczenie tego szczeg\u00f3lnego ceremonia\u0142u, tej szczeg\u00f3lnej uroczysto\u015bci&#8221;.<\/p>\n\n\n\n<p>&#8222;Koronacja stanowi symbol ci\u0105g\u0142o\u015bci w\u0142adzy pa\u0144stwowej, a korona jest tego materialnym wyrazem&#8221;.<\/p>\n\n\n\n<p><a href=\"https:\/\/www.youtube.com\/watch?v=sqCVxhXpGAw\">\u201ePolskie koronacje kr\u00f3lewskie\u201d \u2013 wyk\u0142ad<\/a><br><strong>Zamek Kr\u00f3lewski w Warszawie &#8211; Muzeum<\/strong><\/p>\n\n\n\n<p><a href=\"https:\/\/www.youtube.com\/watch?v=n9GEk_P6O_U\">Co gdyby POLSKA mia\u0142a TERAZ KR\u00d3LA?<\/a> \u0179r\u00f3d\u0142o: Globalista<\/p>\n\n\n\n<p><a href=\"https:\/\/www.youtube.com\/watch?v=OlewTCW3twA\">SKRADZIONE POLSKIE INSYGNIA KR\u00d3LEWSKIE<\/a> \u0179r\u00f3d\u0142o: <a href=\"https:\/\/youtu.be\/OlewTCW3twA?t=219\">ARCHEOLOG W SZPILKACH<\/a><\/p>\n\n\n\n<figure class=\"wp-block-image size-full\"><a href=\"https:\/\/www.replikiregaliowpl.com\/\"><img loading=\"lazy\" decoding=\"async\" width=\"780\" height=\"272\" src=\"https:\/\/topol.org.pl\/wp-content\/uploads\/2025\/01\/tkrak_w3.gif\" alt=\"\" class=\"wp-image-8645\"\/><\/a><\/figure>\n\n\n\n<p><a href=\"https:\/\/www.youtube.com\/watch?v=AEqc4QlBhF8\">Tajemnica korony Chrobrego<\/a><\/p>\n\n\n\n<p><a href=\"https:\/\/www.youtube.com\/watch?v=gvCbzo_b3K0&amp;t=182s\">Tajemnice kr\u00f3lewskich koron \/ Zamek Kr\u00f3lewski w Warszawie<\/a><\/p>\n\n\n\n<p>&#8222;<a href=\"https:\/\/www.youtube.com\/watch?v=WbLtrMboYDk\">Regalia Zamku Kr\u00f3lewskiego w Warszawie<\/a>&#8222;<\/p>\n\n\n\n<p><a href=\"https:\/\/www.youtube.com\/watch?v=4D-ktjJFpjE\">&#8222;Ukraina \u2013 Ru\u015b w I Rzeczypospolitej. Spo\u0142ecze\u0144stwo, religia, kultura&#8221;<\/a> \u2013 wyk\u0142ad prof. dr hab. Teresa Chynczewska-Hennel<\/p>\n\n\n\n<p>&#8222;<a href=\"https:\/\/youtu.be\/4D-ktjJFpjE?t=800\">kozaczyzna stan\u0119\u0142a po stronie prawos\u0142awia a nie unit\u00f3w<\/a> (w historiografii pisano, \u017ce to ko\u015bci\u00f3\u0142 <a href=\"https:\/\/pl.wikipedia.org\/wiki\/Dyzunici\">dyzunicki<\/a>)&#8221;<\/p>\n\n\n\n<p><strong>Ko\u015bci\u00f3\u0142 unicki<\/strong>&nbsp;(<strong>Unici<\/strong>) \u2013&nbsp;<a href=\"https:\/\/pl.wikipedia.org\/wiki\/Chrze%C5%9Bcija%C5%84stwo\">chrze\u015bcija\u0144ska<\/a>&nbsp;<a href=\"https:\/\/pl.wikipedia.org\/wiki\/Wsp%C3%B3lnota_religijna\">wsp\u00f3lnota wyznaniowa<\/a>, kt\u00f3ra przy\u0142\u0105czy\u0142a si\u0119 do&nbsp;<a href=\"https:\/\/pl.wikipedia.org\/wiki\/Ko%C5%9Bci%C3%B3%C5%82_katolicki\">Ko\u015bcio\u0142a katolickiego<\/a>&nbsp;na podstawie wzajemnej umowy&nbsp;<a href=\"https:\/\/pl.wikipedia.org\/wiki\/Wyznanie\">wyzna\u0144<\/a>&nbsp;i zachowuj\u0105c w\u0142asny&nbsp;<a href=\"https:\/\/pl.wikipedia.org\/wiki\/Obrz%C4%85dek\">ryt liturgiczny<\/a>, przyjmuje jednocze\u015bnie prymat&nbsp;<a href=\"https:\/\/pl.wikipedia.org\/wiki\/Papie%C5%BC\">papie\u017ca<\/a>. \u0179r\u00f3d\u0142o: Wikipedia<\/p>\n\n\n\n<p>10.02.2025 12.00 <a href=\"https:\/\/dorzeczy.pl\/kraj\/688252\/polska-rok-przelomu-tusk-podstawa-strategii-inwestycje.html\">Tusk: Polska. Rok prze\u0142omu<\/a> \u0179r\u00f3d\u0142o: DoRzeczy.pl<\/p>\n\n\n\n<p>&#8222;Premier przypomnia\u0142, \u017ce&nbsp;rok 2025 to&nbsp;rok tysi\u0105clecia pierwszej polskiej koronacji. \u2013&nbsp;Chodzi o&nbsp;to, \u017ceby wr\u00f3ci\u0107 do&nbsp;tej wielkiej odwagi, wielkiego marzenia, jakie cechowa\u0142o w\u00f3wczas 1000 lat temu Boles\u0142awa Chrobrego i&nbsp;\u017ceby na&nbsp;nowo uwierzy\u0107 w&nbsp;co\u015b, co&nbsp;jest mo\u017cliwe, co&nbsp;jest w&nbsp;zasi\u0119gu r\u0119ki i&nbsp;zale\u017cy od&nbsp;nas samych \u2013&nbsp;m\u00f3wi\u0142 polityk&#8221;.<\/p>\n\n\n\n<p>10.02.2025 12.26 <a href=\"https:\/\/historia.rp.pl\/historia-polski\/art41643511-tysiac-lat-koronacji-boleslawa-chrobrego-co-sie-wydarzy-w-gnieznie\">Tysi\u0105c lat koronacji Boles\u0142awa Chrobrego. Co si\u0119 wydarzy w Gnie\u017anie?<\/a> \u0179r\u00f3d\u0142o: rp.pl<\/p>\n\n\n\n<p>&#8222;W planach jest <a href=\"https:\/\/pl.wikipedia.org\/wiki\/Zgromadzenie_Narodowe_(Polska)\">posiedzenie Zgromadzenia Narodowego<\/a> w Gnie\u017anie, a tak\u017ce organizacja <a href=\"https:\/\/prymaspolski.pl\/xii-zjazd-gnieznienski-we-wrzesniu-2025\/\">XII Zjazdu Gnie\u017anie\u0144skiego<\/a> \u2013 w ten spos\u00f3b b\u0119dziemy wspominali tysi\u0105clecie koronacji Boles\u0142awa Chrobrego oraz jego nast\u0119pcy Mieszka II&#8221;.<\/p>\n\n\n\n<p>24.03.2025 08.59 <a href=\"https:\/\/historia.dorzeczy.pl\/xix-wiek\/703740\/tak-utracilismy-bezcenny-skarb-niemcy-przetopili-polskie-regalia-na-monety.html\">Tak utracili\u015bmy bezcenny skarb. Niemcy przetopili polskie regalia na&nbsp;monety<\/a> \u0179r\u00f3d\u0142o: DoRzeczy.pl<\/p>\n\n\n\n<p><a href=\"https:\/\/topol.org.pl\/?page_id=6187\">Fundacja: Narodowe Si\u0142y Samoobrony \u201eGrot\u201d<\/a><\/p>\n\n\n\n<p><\/p>\n","protected":false},"excerpt":{"rendered":"<p>&#8222;Koronacje konstytuuj\u0105 struktur\u0119 pa\u0144stwa, stanowi\u0105 te\u017c punkt odniesienia, s\u0105 takim elementem to\u017csamo\u015bci. I koronacja ma te\u017c w sobie dwa porz\u0105dki, o kt\u00f3rych b\u0119dziemy rozmawia\u0107, jest to uroczysto\u015b\u0107 pa\u0144stwowa, ale te\u017c i uroczysto\u015b\u0107 ko\u015bcielna, bo to jest taka szczeg\u00f3lna uroczysto\u015b\u0107, kt\u00f3ra ma charakter pa\u0144stwowy, a odbywa si\u0119 w murach katedry. Wi\u0119c zg\u0142\u0119bimy tajniki polskich koronacji i [&hellip;]<\/p>\n","protected":false},"author":1,"featured_media":0,"parent":0,"menu_order":275,"comment_status":"closed","ping_status":"closed","template":"","meta":{"footnotes":""},"class_list":["post-8599","page","type-page","status-publish","hentry"],"_links":{"self":[{"href":"https:\/\/topol.org.pl\/index.php?rest_route=\/wp\/v2\/pages\/8599","targetHints":{"allow":["GET"]}}],"collection":[{"href":"https:\/\/topol.org.pl\/index.php?rest_route=\/wp\/v2\/pages"}],"about":[{"href":"https:\/\/topol.org.pl\/index.php?rest_route=\/wp\/v2\/types\/page"}],"author":[{"embeddable":true,"href":"https:\/\/topol.org.pl\/index.php?rest_route=\/wp\/v2\/users\/1"}],"replies":[{"embeddable":true,"href":"https:\/\/topol.org.pl\/index.php?rest_route=%2Fwp%2Fv2%2Fcomments&post=8599"}],"version-history":[{"count":34,"href":"https:\/\/topol.org.pl\/index.php?rest_route=\/wp\/v2\/pages\/8599\/revisions"}],"predecessor-version":[{"id":10865,"href":"https:\/\/topol.org.pl\/index.php?rest_route=\/wp\/v2\/pages\/8599\/revisions\/10865"}],"wp:attachment":[{"href":"https:\/\/topol.org.pl\/index.php?rest_route=%2Fwp%2Fv2%2Fmedia&parent=8599"}],"curies":[{"name":"wp","href":"https:\/\/api.w.org\/{rel}","templated":true}]}}