{"id":8678,"date":"2025-01-14T15:54:37","date_gmt":"2025-01-14T14:54:37","guid":{"rendered":"https:\/\/topol.org.pl\/?page_id=8678"},"modified":"2026-01-09T11:00:48","modified_gmt":"2026-01-09T10:00:48","slug":"esg-slad-weglowy-w-praktyce","status":"publish","type":"page","link":"https:\/\/topol.org.pl\/?page_id=8678","title":{"rendered":"ESG \u015alad w\u0119glowy w praktyce"},"content":{"rendered":"\n<p>14.01.2025 15.55 \u015alad w\u0119glowy w praktyce \u0179r\u00f3d\u0142o: <a href=\"https:\/\/konferencje.rp.pl\/wydarzenia\/szkolenie\/5054-slad-weglowy-w-praktyce\">rp.pl<\/a><\/p>\n\n\n\n<p>Czy udzia\u0142 w kursie podniesie polskie PKB. Tak si\u0119 zastanawiam, czy to si\u0119 liczy do <a href=\"https:\/\/www.google.com\/search?q=warto%C5%9Bci+dodanej+w+gospodarce&amp;oq=warto%C5%9Bci+dodanej+w+gospodarce&amp;gs_lcrp=EgZjaHJvbWUyBggAEEUYOdIBCTIwODVqMGoxNagCCLACAQ&amp;sourceid=chrome&amp;ie=UTF-8\">warto\u015bci dodanej w gospodarce<\/a>. Chiny maj\u0105 nadwy\u017ck\u0119 w handlu 1 bilion dolar\u00f3w, z czego chc\u0105 wyda\u0107 po\u0142ow\u0119 na inwestycje zwi\u0105zane z eksportem. <\/p>\n\n\n\n<p>14.01.2025 16.05 Krajowy System e-Faktur 2026 \u0179r\u00f3d\u0142o: <a href=\"https:\/\/konferencje.rp.pl\/wydarzenia\/szkolenie\/5004-krajowy-system-e-faktur-2026\">rp.pl<\/a><\/p>\n\n\n\n<p><strong>Zostan\u0105 tylko korporacje jak tak dalej p\u00f3jdzie.<\/strong><\/p>\n\n\n\n<p><strong>Jakie s\u0105 rodzaje gaz\u00f3w cieplarnianych?<\/strong> \u0179r\u00f3d\u0142o; <a href=\"https:\/\/www.google.com\/search?q=Radiative+forcing+of+carbon+dioxide%2C+methane%2C+and+nitrous+oxide%3A+A+significant+revision+of+the+methane+radiative+forcing+(Etminan%2C+2016)&amp;oq=Radiative+forcing+of+carbon+dioxide%2C+methane%2C+and+nitrous+oxide%3A+A+significant+revision+of+the+methane+radiative+forcing+(Etminan%2C+2016)&amp;gs_lcrp=EgZjaHJvbWUyBggAEEUYOdIBCTIxODVqMGoxNagCCLACAQ&amp;sourceid=chrome&amp;ie=UTF-8\">Google<\/a><\/p>\n\n\n\n<ul class=\"wp-block-list\">\n<li>Dwutlenek w\u0119gla (&nbsp;<sub>CO2<\/sub>&nbsp;)<\/li>\n\n\n\n<li>Metan (CH&nbsp;<sub>4<\/sub>&nbsp;)<\/li>\n\n\n\n<li>Podtlenek azotu (N&nbsp;<sub>2<\/sub>&nbsp;O)<\/li>\n\n\n\n<li>Gazy przemys\u0142owe: Wodorofluorow\u0119glowodory (HFC) Perfluorow\u0119glowodory (PFC) Sze\u015bciofluorek siarki (SF&nbsp;<sub>6<\/sub>&nbsp;) Tr\u00f3jfluorek azotu (NF&nbsp;<sub>3<\/sub>&nbsp;)<\/li>\n\n\n\n<li>Jaka by\u0142a zmiana efektywnego wymuszania radiacyjnego od 1750 do 2019 roku?<\/li>\n\n\n\n<li>Naukowcy wykorzystuj\u0105 pomiary zmian parametr\u00f3w atmosferycznych do obliczenia wymuszania radiacyjnego. IPCC podsumowa\u0142 obecny konsensus naukowy na temat zmian wymuszania radiacyjnego w nast\u0119puj\u0105cy spos\u00f3b: \u201e&nbsp;<strong>Wymuszanie radiacyjne spowodowane przez cz\u0142owieka o warto\u015bci 2,72 W\/m2&nbsp;<sup>w<\/sup>&nbsp;2019 r. w por\u00f3wnaniu do 1750 r. ociepli\u0142o system klimatyczny.<\/strong><\/li>\n<\/ul>\n\n\n\n<p><a href=\"https:\/\/agupubs.onlinelibrary.wiley.com\/doi\/full\/10.1002\/2016GL071930\">Wymuszanie radiacyjne dwutlenku w\u0119gla, metanu i tlenku azotu: istotna rewizja wymuszania radiacyjnego metanu<\/a> \u0179r\u00f3d\u0142o: AGU.org<\/p>\n\n\n\n<p><a href=\"https:\/\/en.wikipedia.org\/wiki\/Radiative_forcing\">Wymuszanie radiacyjne<\/a> \u0179r\u00f3d\u0142o: Wikipedia<\/p>\n\n\n\n<p><strong>Co ma by\u0107 to b\u0119dzie, nie mamy na to wp\u0142ywu. W ka\u017cdym dniu mo\u017ce nast\u0105pi\u0107 wybuch wulkanu, lub upadek meteorytu. To \u015bciema korporacji globalist\u00f3w.<\/strong><\/p>\n\n\n\n<p>Jakie s\u0105 przyk\u0142ady wska\u017anik\u00f3w ESG?<\/p>\n\n\n\n<p><strong><a href=\"https:\/\/www.google.com\/search?q=unijnej+dyrektywy+CSRD&amp;oq=unijnej+dyrektywy+CSRD&amp;gs_lcrp=EgZjaHJvbWUyBggAEEUYOdIBCTIxNzNqMGoxNagCCLACAQ&amp;sourceid=chrome&amp;ie=UTF-8\">Przyk\u0142ady\u00a0wska\u017anik\u00f3w\u00a0ESG<\/a> <\/strong>\u0179r\u00f3d\u0142o: Google<\/p>\n\n\n\n<ul class=\"wp-block-list\">\n<li>\u015alad w\u0119glowy i ilo\u015b\u0107 zu\u017cytej energii;<\/li>\n\n\n\n<li>Ilo\u015b\u0107 wygenerowanych odpad\u00f3w;<\/li>\n\n\n\n<li>R\u00f3wno\u015b\u0107 wynagrodze\u0144 i rotacja zatrudnienia;<\/li>\n\n\n\n<li>Polityka antykorupcyjna;<\/li>\n\n\n\n<li>Dost\u0119pno\u015b\u0107 kana\u0142\u00f3w zg\u0142osze\u0144 narusze\u0144.<\/li>\n<\/ul>\n\n\n\n<p>Bazuj\u0105c na odpowiedziach ze sp\u00f3\u0142ek zobowi\u0105zanych do raportowania w pierwszej fali &#8211; za rok 2024, kryteria na jednym ze slajd\u00f3w powy\u017cej &#8211; koszt dostosowania organizacji oraz przygotowania raportu ESG kosztowa\u0107 b\u0119dzie\u00a0<strong>\u015brednio 40.000 Euro<\/strong>.<\/p>\n\n\n\n<p>27.02.2025 06.43 &#8222;<a href=\"https:\/\/pro.rp.pl\/raporty-ekonomiczne\/art41853521-bruksela-obniza-poprzeczke-zrownowazonego-raportowania-i-daje-100-mld-zl-na-zielona-energie\">Bruksela obni\u017ca poprzeczk\u0119 zr\u00f3wnowa\u017conego raportowania<\/a>&#8222;. \u0179r\u00f3d\u0142o: rp.pl<\/p>\n\n\n\n<p><a href=\"https:\/\/topol.org.pl\/?page_id=6187\">Fundacja: Narodowe Si\u0142y Samoobrony \u201eGrot\u201d<\/a><\/p>\n\n\n\n<p><\/p>\n","protected":false},"excerpt":{"rendered":"<p>14.01.2025 15.55 \u015alad w\u0119glowy w praktyce \u0179r\u00f3d\u0142o: rp.pl Czy udzia\u0142 w kursie podniesie polskie PKB. Tak si\u0119 zastanawiam, czy to si\u0119 liczy do warto\u015bci dodanej w gospodarce. Chiny maj\u0105 nadwy\u017ck\u0119 w handlu 1 bilion dolar\u00f3w, z czego chc\u0105 wyda\u0107 po\u0142ow\u0119 na inwestycje zwi\u0105zane z eksportem. 14.01.2025 16.05 Krajowy System e-Faktur 2026 \u0179r\u00f3d\u0142o: rp.pl Zostan\u0105 tylko [&hellip;]<\/p>\n","protected":false},"author":1,"featured_media":0,"parent":0,"menu_order":241,"comment_status":"closed","ping_status":"closed","template":"","meta":{"footnotes":""},"class_list":["post-8678","page","type-page","status-publish","hentry"],"_links":{"self":[{"href":"https:\/\/topol.org.pl\/index.php?rest_route=\/wp\/v2\/pages\/8678","targetHints":{"allow":["GET"]}}],"collection":[{"href":"https:\/\/topol.org.pl\/index.php?rest_route=\/wp\/v2\/pages"}],"about":[{"href":"https:\/\/topol.org.pl\/index.php?rest_route=\/wp\/v2\/types\/page"}],"author":[{"embeddable":true,"href":"https:\/\/topol.org.pl\/index.php?rest_route=\/wp\/v2\/users\/1"}],"replies":[{"embeddable":true,"href":"https:\/\/topol.org.pl\/index.php?rest_route=%2Fwp%2Fv2%2Fcomments&post=8678"}],"version-history":[{"count":11,"href":"https:\/\/topol.org.pl\/index.php?rest_route=\/wp\/v2\/pages\/8678\/revisions"}],"predecessor-version":[{"id":9894,"href":"https:\/\/topol.org.pl\/index.php?rest_route=\/wp\/v2\/pages\/8678\/revisions\/9894"}],"wp:attachment":[{"href":"https:\/\/topol.org.pl\/index.php?rest_route=%2Fwp%2Fv2%2Fmedia&parent=8678"}],"curies":[{"name":"wp","href":"https:\/\/api.w.org\/{rel}","templated":true}]}}