{"id":8695,"date":"2025-01-15T11:15:14","date_gmt":"2025-01-15T10:15:14","guid":{"rendered":"https:\/\/topol.org.pl\/?page_id=8695"},"modified":"2025-09-29T13:38:33","modified_gmt":"2025-09-29T11:38:33","slug":"rozwoj-iq","status":"publish","type":"page","link":"https:\/\/topol.org.pl\/?page_id=8695","title":{"rendered":"Rozw\u00f3j IQ"},"content":{"rendered":"\n<p>15.01.2025 11.15 Przeczyta\u0142em w gazecie, \u017ce nasz g\u0142\u00f3wny sojusznik USA, wprowadzi\u0142 embargo na <a href=\"https:\/\/www.google.com\/search?q=czipy&amp;oq=czipy&amp;gs_lcrp=EgZjaHJvbWUyBggAEEUYOdIBCjIxNDA2ajBqMTWoAgCwAgA&amp;sourceid=chrome&amp;ie=UTF-8\">czipy<\/a> dla Polski. Ja si\u0119 ucieszy\u0142em, nie pobuduj\u0105 fabryki w Polsce. Uznali, \u017ce nie s\u0105 nam potrzebne. To \u015bwiadczy dobrze o naszym IQ. Nie potrzebujemy rozwoju sztucznej inteligencji. Zadbamy o nasz\u0105. Podobno cz\u0142owiek wykorzystuje tylko nieznacznie sw\u00f3j m\u00f3zg. Szczeg\u00f3lnie jest to widoczne w tych czasach. Dlatego stawiam na rozw\u00f3j <a href=\"https:\/\/pl.wikipedia.org\/wiki\/Iloraz_inteligencji\">IQ w\u015br\u00f3d Polak\u00f3w<\/a>. B\u0119d\u0119 zamieszcza\u0142 wskaz\u00f3wki jak zbudujemy <a href=\"https:\/\/pl.wikipedia.org\/wiki\/Komputer_kwantowy\">komputer kwantowy<\/a>, wykorzystuj\u0105c \u0142\u0105czno\u015b\u0107 bezprzewodow\u0105 m\u00f3zg&#8230;m\u00f3zg&#8230;<\/p>\n\n\n\n<p>16.01.2025 21.05 Dlaczego USA ograniczaj\u0105 nam sprzeda\u017c AI? By\u0142y ambasador wyja\u015bnia \u0179r\u00f3d\u0142o: <a href=\"https:\/\/dorzeczy.pl\/opinie\/678601\/technologia-usa-nie-dla-polski-magierowski-ujawnia-kulisy-decyzji.html\">DoRzeczy.pl<\/a>\/YouTube\/<a href=\"https:\/\/www.youtube.com\/watch?v=8pDguhmDOcE\">Otwarta Konserwa<\/a><\/p>\n\n\n\n<p>17.01.2025 17.18 &#8222;\u017bycz\u0119, \u017ceby by\u0142 pan \u015bwiadkiem takiego wydarzenia&#8221;<\/p>\n\n\n\n<p>\u0179r\u00f3d\u0142o: <a href=\"https:\/\/dorzeczy.pl\/opinie\/678797\/duda-powolal-nowego-ministra-nauki-mowil-o-nagrodzie-nobla.html\">DoRzeczy.pl<\/a><\/p>\n\n\n\n<p>17.01.2025 18.34 STANIS\u0141AW MICHALKIEWICZ \u0179r\u00f3d\u0142o: <a href=\"https:\/\/www.youtube.com\/watch?v=uw8aq6DW6Ro\">GadowskiTV<\/a><\/p>\n\n\n\n<p>17.01.2025 20.06 PRZYCZYNY ANTYPOLONIZMU. Ks. prof. Waldemar Chrostowski o k\u0142amstwach wobec Polski \u0179r\u00f3d\u0142o: <a href=\"https:\/\/www.youtube.com\/@WydawnictwoBialyKruk\">Bia\u0142y Kruk<\/a><\/p>\n\n\n\n<p>&#8222;Antypolonizm to nastawienie, oraz dzia\u0142ania. A wi\u0119c co\u015b co bardziej wida\u0107\u2026&#8221;<\/p>\n\n\n\n<p>Rzeczpospolita Polska istnieje w granicach tera\u017aniejszych. \u0179r\u00f3d\u0142o: <a href=\"https:\/\/topol.org.pl\/?page_id=47\">Fragment<\/a><\/p>\n\n\n\n<figure class=\"wp-block-image size-full\"><img loading=\"lazy\" decoding=\"async\" width=\"1024\" height=\"947\" src=\"https:\/\/topol.org.pl\/wp-content\/uploads\/2024\/02\/Senat_RP_okregi.svg_.png\" alt=\"\" class=\"wp-image-1551\" srcset=\"https:\/\/topol.org.pl\/wp-content\/uploads\/2024\/02\/Senat_RP_okregi.svg_.png 1024w, https:\/\/topol.org.pl\/wp-content\/uploads\/2024\/02\/Senat_RP_okregi.svg_-300x277.png 300w, https:\/\/topol.org.pl\/wp-content\/uploads\/2024\/02\/Senat_RP_okregi.svg_-768x710.png 768w\" sizes=\"auto, (max-width: 1024px) 100vw, 1024px\" \/><\/figure>\n\n\n\n<p>17.01.2025 20.38 Kard. Ry\u015b, czy G. Braun? Kto ma racj\u0119 w sprawie Chanuki? Komentuje P. Lisicki \u0179r\u00f3d\u0142o: <a href=\"https:\/\/www.youtube.com\/@tygodnikDoRzeczy\">Tygodnik DoRzeczy<\/a><\/p>\n\n\n\n<p>&#8222;Jest mi smutno&#8221;<\/p>\n\n\n\n<p><strong>Nie chc\u0119 s\u0142ucha\u0107 na ten temat.<\/strong> <strong>Ja te\u017c wierz\u0119 w to co m\u00f3wili ksi\u0119\u017ca na religii przed <a href=\"https:\/\/pl.wikipedia.org\/wiki\/Pierwsza_komunia_%C5%9Bwi%C4%99ta\">Pierwsz\u0105 komuni\u0105 \u015bwi\u0119t\u0105<\/a>.<\/strong> <strong>Nie mo\u017cna zmienia\u0107 podstaw religii.<\/strong> <strong>Wszystko chc\u0105 zepsu\u0107, to nienormalne.<\/strong> <strong>Wsz\u0119dzie zdrajcy. I Antypolonizm.<\/strong><\/p>\n\n\n\n<p>17.01.2025 21.09 Plan Zag\u0142ady S\u0142owian- gehenna dziesi\u0105tki tysi\u0119cy Polak\u00f3w niemiecka pacyfikacja Zamojszczyzny. \u0179r\u00f3d\u0142o: <a href=\"https:\/\/www.youtube.com\/@lukaszkazekhistorystory\">\u0141ukasz Kazek<\/a><\/p>\n\n\n\n<p>19.01.2025 12.50 &#8222;Przed nami wybory &#8230;.nie g\u0142osujmy na swoich oprawc\u00f3w, zamordyst\u00f3w&#8230;.&#8221; \u0179r\u00f3d\u0142o: <a href=\"https:\/\/www.youtube.com\/watch?v=v_14QGsp55M\">@schizofrenik595<\/a>\/<a href=\"https:\/\/www.youtube.com\/watch?v=v_14QGsp55M\">Listek Elf<\/a><\/p>\n\n\n\n<p>19.01.2025 16.07 Tusk og\u0142osi\u0142 &#8222;dobre wiadomo\u015bci&#8221;: Musz\u0119, bo&nbsp;si\u0119 udusz\u0119. <\/p>\n\n\n\n<p>\u0179r\u00f3d\u0142o: <a href=\"https:\/\/dorzeczy.pl\/opinie\/679293\/donald-tusk-oglosil-dobre-wiadomosci-musze-bo-sie-udusze.html\">DoRzeczy.pl<\/a><\/p>\n\n\n\n<p>20.01.2025 13.26 \u201e<a href=\"https:\/\/pl.wikipedia.org\/wiki\/Operacja_Trust\">Rozmaite kreacje realizuj\u0105ce model operacji Trust<\/a>, i tego ryzyka ja osobi\u015bcie nie jestem sk\u0142onny podejmowa\u0107 dlatego jestem dzi\u015b got\u00f3w na ka\u017cd\u0105 okoliczno\u015b\u0107\u201d&nbsp;<a href=\"https:\/\/youtu.be\/O5XD6MMxUAw?t=626\">powiedzia\u0142 Grzegorz Braun<\/a> \u0179r\u00f3d\u0142o:&nbsp;<a href=\"https:\/\/youtu.be\/O5XD6MMxUAw?t=626\">tvPolska<\/a><\/p>\n\n\n\n<p class=\"has-background\" style=\"background-color:#aeff21\">20.01.2025 14.00&nbsp;<strong>Od tego dnia<\/strong>&nbsp;<strong>staram si\u0119 o poparcie od os\u00f3b anonimowych (bez autorytetu naukowego), nie tworz\u0105cych \u017cadnego ugrupowania, si\u0142y politycznej. Po prostu trzeba&nbsp;<a href=\"https:\/\/pl.wikipedia.org\/wiki\/Szcz%C4%99%C5%9Bcie\">liczy\u0107 na szcz\u0119\u015bcie<\/a>,&nbsp;<a href=\"https:\/\/topol.org.pl\/?page_id=8567\">jak w grach liczbowych<\/a>. Musz\u0119 za\u0142o\u017cy\u0107&nbsp;<a href=\"https:\/\/wybory.gov.pl\/prezydent2025\/pl\/pkw_aktualnosci\/66565\">komitet wyborczy<\/a>. Mo\u017ce pod koniec lutego. B\u0119d\u0119 w Warszawie i stan\u0119 ze stolikiem wyborczym w centrum miasta. Wtedy na stronie umieszcz\u0119&nbsp;<\/strong><a href=\"https:\/\/topol.org.pl\/wp-content\/uploads\/2025\/02\/Komitet-Wyborczy-Kandydata-na-Prezydenta-Rzeczypospolitej-Polskiej-DARIUSZ-GOWOREK-10.docx\"><strong>Za\u0142\u0105cznik nr 10 Wykaz podpis\u00f3w<\/strong>.<\/a> <strong>Podpisy poparcia mo\u017cna zbiera\u0107 dopiero jak za\u0142o\u017cymy <a href=\"https:\/\/wybory.gov.pl\/prezydent2025\/pl\/komitety\">komitet wyborczy widoczny w rejestrze<\/a>. Data musi by\u0107 widoczna na li\u015bcie poparcia.&nbsp;Jak zbior\u0119 100 tysi\u0119cy podpis\u00f3w przys\u0142anych listem poleconym na m\u00f3j adres domowy, zg\u0142osz\u0119 list\u0119 podpis\u00f3w do PKW. Niestety nie jestem osob\u0105 publiczn\u0105, czyli do czasu wybor\u00f3w nie b\u0119d\u0119 prowadzi\u0142, \u017cadnej kampanii wyborczej. Prosz\u0119 do\u0142\u0105czy\u0107 kartk\u0119 pocztow\u0105 z \u017cyczeniami \u201e<a href=\"https:\/\/www.google.com\/search?q=Pomy%C5%9Blno%C5%9Bci&amp;oq=Pomy%C5%9Blno%C5%9Bci&amp;gs_lcrp=EgZjaHJvbWUyBggAEEUYOdIBCTI0OThqMGoxNagCCLACAQ&amp;sourceid=chrome&amp;ie=UTF-8\">Pomy\u015blno\u015bci<\/a>&nbsp;dla Polski\u201d.<\/strong><\/p>\n\n\n\n<p class=\"has-secondary-color has-text-color has-background has-link-color wp-elements-733260bec4032a237ed77c7dbb94030d\" style=\"background-color:#bdff21\"><strong><a href=\"https:\/\/topol.org.pl\/?page_id=8094\">Adres do dor\u0119czenia list\u00f3w z podpisem poparcia wyborczego dla:<\/a><\/strong><\/p>\n\n\n\n<p class=\"has-secondary-color has-text-color has-background has-link-color wp-elements-5647ec7c8fd01736c4cbd91ea10be135\" style=\"background-color:#bdff21\"><strong><a href=\"https:\/\/topol.org.pl\/?page_id=8094\">Dariusz Goworek<\/a><\/strong><\/p>\n\n\n\n<p class=\"has-secondary-color has-text-color has-background has-link-color wp-elements-89ff6788fbd8a8f625865ebb8942318b\" style=\"background-color:#bdff21\"><strong><a href=\"https:\/\/topol.org.pl\/?page_id=8094\">33-370 Muszyna Szczawnik 4 B<\/a><\/strong><\/p>\n\n\n\n<p class=\"has-background\" style=\"background-color:#bdff21\"><strong>Za\u0142o\u017c\u0119 w swojej siedzibie wyborczej muzeum &#8222;<a href=\"https:\/\/topol.org.pl\/?page_id=8128\">Pomy\u015blno\u015bci dla Polski<\/a>&#8221; z ekspozycj\u0105 kartek pocztowych z \u017cyczeniami.<\/strong> <strong>Mo\u017ce zbior\u0119 tyle podpis\u00f3w, \u017ce nie trzeba b\u0119dzie robi\u0107 wybor\u00f3w prezydenckich.<\/strong><\/p>\n\n\n\n<p>21.01.2025 15.10&nbsp;<a href=\"https:\/\/wybory.gov.pl\/prezydent2025\/pl\/pkw_aktualnosci\/66565\">Informacja o tworzeniu komitetu wyborczego kandydata na Prezydenta Rzeczypospolitej Polskiej w wyborach zarz\u0105dzonych na dzie\u0144 18 maja 2025 r.<\/a><\/p>\n\n\n\n<p>29.01.2025 06.30 Mastalerek: <a href=\"https:\/\/dorzeczy.pl\/opinie\/683197\/mastalerek-krytycznie-o-karolu-iii-padly-gorzkie-slowa.html\">Dlatego jestem przeciwnikiem monarchii<\/a> <\/p>\n\n\n\n<p>\u0179r\u00f3d\u0142o: DoRzeczy.pl<\/p>\n\n\n\n<p>O\u015bwiadczy\u0142, \u017ce&nbsp;&#8222;wyci\u0105gam z&nbsp;tego nast\u0119puj\u0105cy wniosek: demokracja jest lepsza ni\u017c&nbsp;jakie\u015b sztuczne monarchie&#8221;. \u2013&nbsp;Jestem przeciwnikiem monarchii. Nie&nbsp;uwa\u017cam, \u017ce&nbsp;z&nbsp;tego powodu, \u017ce&nbsp;kto\u015b si\u0119 urodzi\u0142, mia\u0142by by\u0107 lepszy, mia\u0142by by\u0107 kr\u00f3lem \u2013&nbsp;m\u00f3wi\u0142 szef Gabinetu Prezydenta.<\/p>\n\n\n\n<p><strong>Dlatego w Polsce nazywamy w\u0142adc\u0119 &#8222;Dux Poloniae&#8221;. Nie jest to tytu\u0142 z urodzenia tylko przysi\u0119gi z\u0142o\u017conej przed Bogiem i Krzy\u017cem Pana Jezusa. Urodzenie nie ma tu nic wsp\u00f3lnego z w\u0142adz\u0105. A na pewno nie ma z w\u0142adz\u0105 nic wsp\u00f3lnego kod DNA, wykszta\u0142cenie, pochodzenie, kolor sk\u00f3ry, przynale\u017cno\u015b\u0107 partyjna, wywy\u017cszanie i orientacja p\u0142ciowa. Tu nie chodzi o przebywanie w Zamku Kr\u00f3lewskim, namaszczenie i wynoszenie na o\u0142tarze. To zwyk\u0142a rola, taka jak w systemie prezydenckim. Najlepsza moim zdaniem jest demokracja. Poniewa\u017c tylko wtedy, mo\u017cna us\u0142ysze\u0107 jakie pogl\u0105dy maj\u0105 przedstawiciele narodu i wybra\u0107 z\u0142oty \u015brodek. Tu chodzi tylko o prawid\u0142owy wyb\u00f3r odpowiedniej opcji dostosowanej do sytuacji jaka jest na \u015bwiecie. Zauwa\u017cy\u0142em, \u017ce demokraci maj\u0105 trudno\u015b\u0107 w wyborze co jest dobre dla ludzi.<\/strong> <strong>Ale w systemie prezydenckim, wybieramy przedstawiciela, kt\u00f3ry nie jest &#8222;Dux Poloniae&#8221;.<\/strong> <strong>Dlatego moim zdaniem lepsza jest monarchia.<\/strong> <strong>Nie podejmuj\u0119 si\u0119 roli trybuna ludowego i m\u00f3wcy przekonuj\u0105cego o swojej wy\u017cszo\u015bci z tytu\u0142u urodzenia, czy m\u00f3wienia z przekonaniem jak YouTuber. Dlatego nie b\u0119d\u0119 nikogo namawia\u0142.<\/strong><\/p>\n\n\n\n<p>&amp; 20 Polacy od czas\u00f3w Wincentego Kad\u0142ubka nazywali siebie Lechitami, wierz\u0105c, \u017ce pochodz\u0105 od legendarnego Lecha<\/p>\n\n\n\n<p>Tw\u00f3rc\u0105 okre\u015blenia pa\u0144stwa polskiego mianem Rzeczypospolitej (res publica) by\u0142 Wincenty Kad\u0142ubek. Znaczenie terminu rzeczpospolita, jak r\u00f3wnie\u017c zwi\u0105zane z&nbsp;nim pogl\u0105dy na&nbsp;polityk\u0119, zaczerpn\u0105\u0142 Wincenty g\u0142\u00f3wnie z&nbsp;prac Cycerona. Przystosowuj\u0105c republika\u0144skie pogl\u0105dy rzymskiego pisarza do&nbsp;reali\u00f3w XII-wiecznych, twierdzi\u0142, \u017ce&nbsp;Polska nie&nbsp;jest w\u0142asno\u015bci\u0105 monarchy, lecz spo\u0142ecze\u0144stwa rz\u0105dz\u0105cego si\u0119 prawem stanowionym i&nbsp;wybieraj\u0105cego sobie w\u0142adc\u00f3w. Tak rozumiana Rzeczpospolita powinna si\u0119 sta\u0107 \u2013&nbsp;wed\u0142ug Kad\u0142ubka \u2013&nbsp;ojczyzn\u0105 (patria) ludzi wolnych, bronion\u0105 m\u0119stwem swych obywateli (cives) tworz\u0105cych jeden nar\u00f3d (identitas est mater societatis).Dla Wincentego starodawna wolno\u015b\u0107 Polak\u00f3w jest warto\u015bci\u0105 najwy\u017csz\u0105. Najwi\u0119kszym nikczemnikiem jest ten, kto nie&nbsp;\u017ca\u0142uje utraconej wolno\u015bci a&nbsp;najgorszym w\u0142adc\u0105 taki, kt\u00f3ry odbiera wolno\u015b\u0107 obywatelom Rzeczypospolitej.<br>(<a href=\"https:\/\/pl.wikipedia.org\/wiki\/Etymologia_nazwy_Polska\">Czecha brat lub druh imieniem Lech<\/a>, kt\u00f3ry przyszed\u0142 z nim,&nbsp;<a href=\"https:\/\/pl.wikipedia.org\/wiki\/Goworek_(szczyt)#\/media\/Plik:Goworek_mit.JPG\">przekroczy\u0142 o\u015bnie\u017cone g\u00f3ry<\/a>, kt\u00f3re oddzielaj\u0105 Czechy i Polsk\u0119. A kiedy ujrza\u0142 wielk\u0105 r\u00f3wnin\u0119, rozci\u0105gaj\u0105c\u0105 si\u0119 a\u017c do brzegu morza, osiedli\u0142 si\u0119 tam i zaludni\u0142 j\u0105 swoj\u0105 rodzin\u0105. Wa\u017cne jest, aby wiedzie\u0107, \u017ce w j\u0119zykach s\u0142owia\u0144skich terminem \u201ecampi plani\u201d [r\u00f3wninne pola] nazywa si\u0119 pola. I st\u0105d si\u0119 bierze imi\u0119 Polska, od p\u0142askiej r\u00f3wniny.)<br>Polacy od czas\u00f3w Wincentego Kad\u0142ubka nazywali siebie Lechitami, wierz\u0105c, \u017ce pochodz\u0105 od legendarnego Lecha \u0179r\u00f3d\u0142o: Wikipedia<\/p>\n\n\n\n<p>\u201eA&nbsp;gdy spogl\u0105daj\u0105c na&nbsp;Wasze zm\u0119czone oblicza, na&nbsp;Wasze r\u0119ce zgrubia\u0142e od&nbsp;twardej pracy, kt\u00f3ra niejednemu, nawet wrogowi, przysporzy\u0142a dostatku, gdy spogl\u0105daj\u0105c na&nbsp;Wasze skromne szaty, bogaci a&nbsp;pyszni, szcz\u0119\u015bliwi a&nbsp;zazdro\u015bni zapyta\u0107 Was mog\u0105 o&nbsp;Wasze prawa do&nbsp;tytu\u0142u, odpowiedzcie tylko, \u017ce\u015bcie Piast\u00f3w, Chrobrego, \u0141okietka potomstwo, \u017ce\u015bcie Zawisz\u00f3w, Warne\u0144czyk\u00f3w spadkobiercy, \u017ce\u015bcie Czarneckich, Sobieskich synowie, \u017ce\u015bcie D\u0105browskiego, Pu\u0142askiego, Ko\u015bciuszki dzieci. Odpowiedzcie hardo: \u017ce\u015bcie Polacy\u201d. 30 kwietnia 1915 roku w&nbsp;Chicago Jan Ignacy Paderewski \u0179r\u00f3d\u0142o: <a href=\"https:\/\/topol.org.pl\/?page_id=47\">Fragment<\/a><\/p>\n\n\n\n<p><strong>Po z\u0142o\u017ceniu przysi\u0119gi:<\/strong><\/p>\n\n\n\n<pre class=\"wp-block-code\"><code>PREAMBU\u0141A<\/code><\/pre>\n\n\n\n<p>\u201eMiejcie nadziej\u0119, wytrwa\u0142o\u015b\u0107, odwag\u0119 i m\u00f3dlcie si\u0119, a ciemi\u0119\u017ccy wasi run\u0105 i Kr\u00f3lestwo Polskie powr\u00f3ci\u201d S\u0142owa Piusa IX* po 228 latach nabieraj\u0105 mocy.<br>Wojsko, zacz\u0119\u0142o wybiera\u0107 kr\u00f3l\u00f3w. Najwi\u0119ksz\u0105 w\u0142adz\u0119 w Kr\u00f3lestwie (<em>Corona Regni Poloniae<\/em>) ma w kolejno\u015bci Kr\u00f3l, Prezydent, Rz\u0105d i Sejm. Czw\u00f3rpodzia\u0142 w\u0142adzy. W bardzo wa\u017cnych sprawach decyduje Kr\u00f3l. Cywile nawet na najwy\u017cszym stanowisku w pa\u0144stwie nie odpowiadaj\u0105 za nic. Za bezpiecze\u0144stwo pa\u0144stwa odpowiada Kr\u00f3l, Wojsko Polskie i S\u0142u\u017cby. Jestem \u201eDux Poloniae\u201d od 09.02.2023 roku. W lipcu by\u0142em na \u0141ysej G\u00f3rze-<a href=\"https:\/\/pl.wikipedia.org\/wiki\/Krzy%C5%BC_Prawdziwy\">\u015awi\u0119ty Krzy\u017c<\/a>&nbsp;i z\u0142o\u017cy\u0142em przysi\u0119g\u0119 przed Bogiem i Krzy\u017cem Pana Jezusa. Zawo\u0142anie na powitanie w\u0142adcy Polski \u201eid\u017a, kr\u00f3lu\u201d po \u0142acinie \u201eGo wo rex\u201d<br>Na razie jestem 1.<\/p>\n\n\n\n<p><strong>Nadal b\u0119d\u0119 zarz\u0105dza\u0142 przez stron\u0119 internetow\u0105 www.topol.org.pl<\/strong> <strong>Doradc\u00f3w wybieram intuicyjnie, jak m\u00f3wi\u0105 to co chc\u0119 us\u0142ysze\u0107. Dlatego nikogo nie faworyzuj\u0119. Nikogo nie odrzucam, mam przegl\u0105d pogl\u0105d\u00f3w jakie dominuj\u0105 w spo\u0142ecze\u0144stwie. Chodz\u0119 swoimi \u015bcie\u017ckami, czasami zmieniam nawyki, dlatego nie mo\u017cna mnie osaczy\u0107. Jestem samotnikiem, dlatego nie udzielam si\u0119 publicznie. Mog\u0142o by to os\u0142abi\u0107 moj\u0105 intuicj\u0119.<\/strong> <strong>Mam czas, nie \u015bpiesz\u0119 si\u0119.<\/strong><\/p>\n\n\n\n<p>29.01.2025 10.42 <strong>Odno\u015bnie pochodzenia dynast\u00f3w, jak wywodz\u0105 je od naszych German\u00f3w. Mog\u0105 dzia\u0142a\u0107 na nasz\u0105 niepami\u0119\u0107 i niewiedz\u0119. <\/strong><\/p>\n\n\n\n<p><strong><a href=\"https:\/\/pl.wikipedia.org\/wiki\/Windsor_(Berkshire)\">Windsor (Berkshire)<\/a> to nazwa&#8230; &#8222;S\u0142ynie ze&nbsp;<a href=\"https:\/\/pl.wikipedia.org\/wiki\/Zamek_w_Windsorze\">znajduj\u0105cego si\u0119 tam zamku<\/a>, b\u0119d\u0105cego g\u0142\u00f3wn\u0105 siedzib\u0105&nbsp;<a href=\"https:\/\/pl.wikipedia.org\/wiki\/Wettynowie\">aktualnie panuj\u0105cej w Wielkiej Brytanii dynastii<\/a>, kt\u00f3ra \u2013 rezygnuj\u0105c w 1917 ze swego oryginalnego, niemieckiego nazwiska \u2013 nowe zaczerpn\u0119\u0142a w\u0142a\u015bnie od nazwy tej miejscowo\u015bci. \u0179r\u00f3d\u0142o: Wikipedia. <\/strong><\/p>\n\n\n\n<p><strong>Je\u015bli utworzymy u siebie mniejszo\u015b\u0107 palesty\u0144sk\u0105, to b\u0119dzie chcia\u0142a utworzy\u0107 u nas Wielk\u0105 Palestyn\u0119.<\/strong> <strong>W 1948 roku powsta\u0142 Izrael w Palestynie.<\/strong> <strong>Chyba organizowali to Anglicy. Teraz jak przenios\u0105 Palesty\u0144czyk\u00f3w, to co powstanie Wielki Izrael w Palestynie.<\/strong> <strong>Ten pomys\u0142 wpad\u0142 mi do g\u0142owy, i nie mog\u0119 sobie tego wyobrazi\u0107.<\/strong> <strong>Na terenie Polski przedwojennej zgin\u0119\u0142o 10 milion\u00f3w Polak\u00f3w w tym 3 miliony \u017byd\u00f3w. Czcimy pomordowanych \u017byd\u00f3w, zapominaj\u0105 wymieni\u0107 Polak\u00f3w. Polska ministra m\u00f3wi&#8230;szkoda powtarza\u0107, bo w Internecie to has\u0142o jest roznoszone i dzia\u0142a na nasz\u0105 szkod\u0119.<\/strong> <strong>Czy nie jest to zwi\u0105zane z 447.<\/strong> <strong>Dlatego te oszczerstwa.<\/strong><\/p>\n\n\n\n<p>29.01.2025 13.40 <strong><a href=\"https:\/\/pl.wikipedia.org\/wiki\/Wettynowie\">Wettynowie<\/a><\/strong>&nbsp;(<strong>Wettinowie<\/strong>,&nbsp;<strong>Wettyni<\/strong>,&nbsp;<a href=\"https:\/\/pl.wikipedia.org\/wiki\/J%C4%99zyk_niemiecki\">niem.<\/a>&nbsp;<em><em>Wettiner<\/em><\/em>) \u2013&nbsp;<a href=\"https:\/\/pl.wikipedia.org\/wiki\/Dynastia\">dynastia<\/a>&nbsp;niemiecka wywodz\u0105ca si\u0119 z dzisiejszej&nbsp;<a href=\"https:\/\/pl.wikipedia.org\/wiki\/Saksonia-Anhalt\">Saksonii-Anhaltu<\/a>. Panowa\u0142a w&nbsp;<a href=\"https:\/\/pl.wikipedia.org\/wiki\/Margrabiowie_Mi%C5%9Bni\">Mi\u015bni<\/a>,&nbsp;<a href=\"https:\/\/pl.wikipedia.org\/wiki\/W%C5%82adcy_Saksonii\">Saksonii<\/a>&nbsp;oraz w ksi\u0119stwach&nbsp;<a href=\"https:\/\/pl.wikipedia.org\/wiki\/W%C5%82adcy_Turyngii\">Turyngii<\/a>. Jej przedstawiciele zasiadali tak\u017ce na tronie w Warszawie (elektorowie&nbsp;<a href=\"https:\/\/pl.wikipedia.org\/wiki\/August_II_Mocny\">August II Mocny<\/a>,&nbsp;<a href=\"https:\/\/pl.wikipedia.org\/wiki\/August_III_Sas\">August III Sas<\/a>&nbsp;jako&nbsp;<a href=\"https:\/\/pl.wikipedia.org\/wiki\/W%C5%82adcy_Polski\">kr\u00f3lowie Polski i wielcy ksi\u0105\u017c\u0119ta Litwy<\/a>&nbsp;oraz kr\u00f3l Saksonii&nbsp;<a href=\"https:\/\/pl.wikipedia.org\/wiki\/Fryderyk_August_I\">Fryderyk August I<\/a>&nbsp;jako&nbsp;<a href=\"https:\/\/pl.wikipedia.org\/wiki\/Ksi%C4%99stwo_Warszawskie\">ksi\u0105\u017c\u0119 warszawski<\/a>). \u0179r\u00f3d\u0142o: Wikipedia<\/p>\n\n\n\n<p><strong>Jako kr\u00f3lowie Polski zasiadali na tronie w Warszawie u schy\u0142ku Rzeczypospolitej.<\/strong> <strong>W czasie 2W\u015a monarchia angielska nam nie pomog\u0142a we wrze\u015bniu 1939 r. Do tej pory&#8230;w skarbcu Anglii jest z\u0142oto 2RP.<\/strong> <strong>Nie byli\u015bmy na defiladzie zwyci\u0119stwa w 1946 r.<\/strong> <strong>Nie jeste\u015bmy szanowani, dlatego trzeba uwa\u017ca\u0107&#8230;Jeszcze ta umowa na 100 lat.<\/strong><\/p>\n\n\n\n<p><strong>Kto zorganizowa\u0142 <a href=\"https:\/\/pl.wikipedia.org\/wiki\/Ustawa_JUST\">447<\/a>, kto tam je\u017adzi\u0142 i <a href=\"https:\/\/www.google.com\/search?q=mataczy%C5%82&amp;oq=mataczy%C5%82&amp;gs_lcrp=EgZjaHJvbWUyBggAEEUYOdIBCTQ5NDFqMGoxNagCCLACAQ&amp;sourceid=chrome&amp;ie=UTF-8\">mataczy\u0142<\/a>.<\/strong><\/p>\n\n\n\n<p><strong>Dlatego musimy wybra\u0107 \u201eDux Poloniae\u201d. Tylko tak mo\u017cna to zatrzyma\u0107.<\/strong><\/p>\n\n\n\n<p>30.01.2025 06.36&nbsp;<strong><a href=\"https:\/\/topol.org.pl\/?page_id=8925\">Pisz\u0119 histori\u0119<\/a><\/strong>&nbsp;na&nbsp;<a href=\"https:\/\/topol.org.pl\/?page_id=8567\"><strong>zapisanej karcie<\/strong><\/a>.<\/p>\n\n\n\n<p>Polska sztuczna inteligencja? &#8222;<a href=\"https:\/\/dorzeczy.pl\/opinie\/682990\/trzaskowski-historia-dzieje-sie-na-naszych-oczach.html\">Historia dzieje si\u0119 na&nbsp;naszych oczach<\/a>&#8221; <\/p>\n\n\n\n<p>\u0179r\u00f3d\u0142o: DoRzeczy.pl<\/p>\n\n\n\n<p>02.02.2025 08.05 Przyczyn\u0105 wypadku by\u0142 b\u0142\u0105d pilota Black Hawka-<a href=\"https:\/\/dorzeczy.pl\/swiat\/685202\/armia-usa-ukrywa-nazwisko-pilota-black-hawka-to-byla-kobieta.html\">powiedzia\u0142 Prezydent Donald Trump<\/a><\/p>\n\n\n\n<p>&#8222;<a href=\"https:\/\/www.google.com\/search?q=promocja+r%C3%B3%C5%BCnorodno%C5%9Bci+i+inkluzywno%C5%9Bci&amp;oq=promocja+r%C3%B3%C5%BCnorodno%C5%9Bci+i+inkluzywno%C5%9Bci&amp;gs_lcrp=EgZjaHJvbWUyBggAEEUYOdIBCTIzNTdqMGoxNagCCLACAQ&amp;sourceid=chrome&amp;ie=UTF-8\">obni\u017cenie standard\u00f3w dla&nbsp;kontroler\u00f3w lot\u00f3w oraz&nbsp;promocja r\u00f3\u017cnorodno\u015bci i&nbsp;inkluzywno\u015bci<\/a>&#8222;<\/p>\n\n\n\n<p>\u0179r\u00f3d\u0142o:&nbsp;BBC \/ PAP \/ Gazeta.pl \/ <a href=\"https:\/\/dorzeczy.pl\/\">DoRzeczy.pl<\/a>\/<a href=\"https:\/\/www.google.com\/search?q=donald+Trump&amp;oq=donald+Trump&amp;gs_lcrp=EgZjaHJvbWUyBggAEEUYOTIGCAEQRRg8MgYIAhBFGD0yBggDEEUYPTIGCAQQRRhBMgYIBRBFGEEyBggGEEUYQdIBCTc1MDVqMGoxNagCCLACAQ&amp;sourceid=chrome&amp;ie=UTF-8#cobssid=s\">Google<\/a><\/p>\n\n\n\n<p>04.02.2025 18.02 Twierdzenie G\u00f6dla obala najwa\u017cniejszy mit AI. AI nie b\u0119dzie \u015bwiadoma | Roger Penrose (Nobel 2020) \u0179r\u00f3d\u0142o: <a href=\"https:\/\/www.youtube.com\/watch?v=0GwVqOBErDg\">This Is IT &#8211; Maciej Kawecki<\/a><\/p>\n\n\n\n<p>&#8222;Inteligencja opiera si\u0119 na \u015bwiadomo\u015bci&#8221;<\/p>\n\n\n\n<p>&#8222;Fizyka zwi\u0105zana ze \u015bwiadomym my\u015bleniem nie mo\u017ce by\u0107 obliczalna&#8221; <\/p>\n\n\n\n<p><a href=\"https:\/\/pl.wikipedia.org\/wiki\/Test_Turinga\">Test Turinga<\/a> \u0179r\u00f3d\u0142o: Wikipedia<\/p>\n\n\n\n<p><strong>\u017beby wykluczy\u0107 g\u0142upie wypadki z pojazdami autonomicznymi, trzeba wyeliminowa\u0107 ludzkich u\u017cytkownik\u00f3w i dopu\u015bci\u0107 tylko pojazdy autonomiczne. Ale to te\u017c g\u0142upi wypadek. Dlatego sztuczna inteligencja nie ma uzasadnienia.<\/strong> <strong>Stawiam na<\/strong> <strong>Rozw\u00f3j IQ<\/strong>.<\/p>\n\n\n\n<p>15.02.2025 11.31 Google zainwestuje w&nbsp;Polsce 5&nbsp;mln dolar\u00f3w. &#8222;Wzrost PKB o&nbsp;8 proc.&#8221; \u0179r\u00f3d\u0142o:&nbsp;X&nbsp;\/&nbsp;money.pl\/<a href=\"https:\/\/dorzeczy.pl\/ekonomia\/689728\/rozmowy-tusk-pichai-google-zainwestuje-w-polsce-5-mln-dolarow.html\">DoRzeczy.pl<\/a><\/p>\n\n\n\n<p>Ta inwestycja nie przekonuje do likwidacji <a href=\"https:\/\/www.google.com\/search?q=przemys%C5%82u+ci%C4%99%C5%BCkiego&amp;oq=przemys%C5%82u+ci%C4%99%C5%BCkiego&amp;gs_lcrp=EgZjaHJvbWUyBggAEEUYOdIBCTIxNThqMGoxNagCCLACAQ&amp;sourceid=chrome&amp;ie=UTF-8\">przemys\u0142u ci\u0119\u017ckiego<\/a> i dynamicznej dekarbonizacji. &#8222;<a href=\"https:\/\/dorzeczy.pl\/opinie\/689674\/zandberg-niezadowolony-po-wystapieniu-tuska.html\">8&nbsp;blok\u00f3w j\u0105drowych, zanim zamkn\u0105 si\u0119 piece w\u0119glowe, zanim wyczerpie si\u0119 technologicznie Be\u0142chat\u00f3w i&nbsp;inne bloki w\u0119glowe, na&nbsp;kt\u00f3rych dzi\u015b stoi gospodarka<\/a>&#8221; to mrzonki ze wzgl\u0119du na obawy o bezpiecze\u0144stwo. <a href=\"https:\/\/topol.org.pl\/?page_id=2698\">Europejski Zielony \u0141ad<\/a>. Takie za\u0142o\u017cenia maj\u0105 sens. Energia z turbin wodnych. Na pewno nie powinni\u015bmy dewastowa\u0107 kopalni w\u0119gla i energetyki w\u0119glowej. Wiatraki niszcz\u0105 pejza\u017c i \u015brodowisko. Tyle betonu u podstawy wiatraka, to szale\u0144stwo. Ha\u0142as, wibracje. Ptaki szatkowane i str\u0105cane przez \u0142opaty wiatraka. <a href=\"https:\/\/www.google.com\/search?q=kto+jest+producentem+stali+najwi%C4%99kszym&amp;oq=kto+jest+producentem+stali+najwi%C4%99kszym&amp;gs_lcrp=EgZjaHJvbWUyBggAEEUYOdIBCjI3Mzc1ajBqMTWoAgiwAgE&amp;sourceid=chrome&amp;ie=UTF-8\">&#8222;Globalna produkcja stali zosta\u0142a jednak zdominowana przez jednego gracza &#8211; Chiny&#8221;<\/a>. My nie produkujemy wiatrak\u00f3w. Nie mamy takiej technologii. Samodzielnie mo\u017cemy pobudowa\u0107 zapory i elektrownie szczytowo pompowe. Za 30 lat jak rzeki troch\u0119 wyschn\u0105 nie pobudujemy.<\/p>\n\n\n\n<p>15.02.2025 19.50 &#8222;wspominana przez Porat inwestycja mia\u0142aby przybra\u0107 posta\u0107 jednego lub&nbsp;nawet kilku centr danych, kt\u00f3re wspiera\u0142yby budow\u0119 ekosystemu AI&#8221; \u0179r\u00f3d\u0142o:&nbsp;money.pl, linkedin\/<a href=\"https:\/\/dorzeczy.pl\/ekonomia\/691024\/google-jednak-zainwestuje-w-polsce-miliardy-wazny-wpis-porat.html\">DoRzeczy.pl<\/a><\/p>\n\n\n\n<p><a href=\"https:\/\/topol.org.pl\/?page_id=6187\">Verte ><a href=\"https:\/\/topol.org.pl\/?page_id=6187\">Fundacja Narodowe Si\u0142y Samoobrony \u201eGrot\u201d<\/a><\/a><\/p>\n\n\n\n<p><\/p>\n","protected":false},"excerpt":{"rendered":"<p>15.01.2025 11.15 Przeczyta\u0142em w gazecie, \u017ce nasz g\u0142\u00f3wny sojusznik USA, wprowadzi\u0142 embargo na czipy dla Polski. Ja si\u0119 ucieszy\u0142em, nie pobuduj\u0105 fabryki w Polsce. Uznali, \u017ce nie s\u0105 nam potrzebne. To \u015bwiadczy dobrze o naszym IQ. Nie potrzebujemy rozwoju sztucznej inteligencji. Zadbamy o nasz\u0105. Podobno cz\u0142owiek wykorzystuje tylko nieznacznie sw\u00f3j m\u00f3zg. Szczeg\u00f3lnie jest to widoczne [&hellip;]<\/p>\n","protected":false},"author":1,"featured_media":0,"parent":0,"menu_order":260,"comment_status":"closed","ping_status":"closed","template":"","meta":{"footnotes":""},"class_list":["post-8695","page","type-page","status-publish","hentry"],"_links":{"self":[{"href":"https:\/\/topol.org.pl\/index.php?rest_route=\/wp\/v2\/pages\/8695","targetHints":{"allow":["GET"]}}],"collection":[{"href":"https:\/\/topol.org.pl\/index.php?rest_route=\/wp\/v2\/pages"}],"about":[{"href":"https:\/\/topol.org.pl\/index.php?rest_route=\/wp\/v2\/types\/page"}],"author":[{"embeddable":true,"href":"https:\/\/topol.org.pl\/index.php?rest_route=\/wp\/v2\/users\/1"}],"replies":[{"embeddable":true,"href":"https:\/\/topol.org.pl\/index.php?rest_route=%2Fwp%2Fv2%2Fcomments&post=8695"}],"version-history":[{"count":111,"href":"https:\/\/topol.org.pl\/index.php?rest_route=\/wp\/v2\/pages\/8695\/revisions"}],"predecessor-version":[{"id":13507,"href":"https:\/\/topol.org.pl\/index.php?rest_route=\/wp\/v2\/pages\/8695\/revisions\/13507"}],"wp:attachment":[{"href":"https:\/\/topol.org.pl\/index.php?rest_route=%2Fwp%2Fv2%2Fmedia&parent=8695"}],"curies":[{"name":"wp","href":"https:\/\/api.w.org\/{rel}","templated":true}]}}