{"id":8925,"date":"2025-01-24T10:12:59","date_gmt":"2025-01-24T09:12:59","guid":{"rendered":"https:\/\/topol.org.pl\/?page_id=8925"},"modified":"2026-03-16T10:33:56","modified_gmt":"2026-03-16T09:33:56","slug":"masyw-snieznika-253","status":"publish","type":"page","link":"https:\/\/topol.org.pl\/?page_id=8925","title":{"rendered":"Masyw \u015anie\u017cnika"},"content":{"rendered":"\n<p>24.01.2024 10.13 <a href=\"https:\/\/pl.wikipedia.org\/wiki\/Masyw_%C5%9Anie%C5%BCnika\">Masyw \u015anie\u017cnika<\/a><\/p>\n\n\n\n<h2 class=\"wp-block-heading\" id=\"Wody\">Wody<\/h2>\n\n\n\n<p>Obszar Masywu \u015anie\u017cnika nale\u017cy do zlewisk trzech m\u00f3rz:&nbsp;<a href=\"https:\/\/pl.wikipedia.org\/wiki\/Morze_Ba%C5%82tyckie\">Morza Ba\u0142tyckiego<\/a>,&nbsp;<a href=\"https:\/\/pl.wikipedia.org\/wiki\/Morze_P%C3%B3%C5%82nocne\">Morza P\u00f3\u0142nocnego<\/a>&nbsp;i&nbsp;<a href=\"https:\/\/pl.wikipedia.org\/wiki\/Morze_Czarne\">Morza Czarnego<\/a><sup><a href=\"https:\/\/pl.wikipedia.org\/wiki\/Masyw_%C5%9Anie%C5%BCnika#cite_note-gr-4\">[4]<\/a><\/sup>. P\u00f3\u0142nocn\u0105 i zachodni\u0105 cz\u0119\u015b\u0107 odwadniaj\u0105&nbsp;<a href=\"https:\/\/pl.wikipedia.org\/wiki\/Nysa_K%C5%82odzka\">Nysa K\u0142odzka<\/a>&nbsp;wraz z dop\u0142ywami, wpadaj\u0105ca do&nbsp;<a href=\"https:\/\/pl.wikipedia.org\/wiki\/Odra\">Odry<\/a>. Po\u0142udniowo-wschodni\u0105 cz\u0119\u015b\u0107 najwi\u0119ksza rzeka&nbsp;<a href=\"https:\/\/pl.wikipedia.org\/wiki\/Morawy\">Moraw<\/a>&nbsp;\u2013&nbsp;<a href=\"https:\/\/pl.wikipedia.org\/wiki\/Morawa_(lewy_dop%C5%82yw_Dunaju)\">Morawa<\/a>&nbsp;ze swoimi dop\u0142ywami, wpadaj\u0105ca do&nbsp;<a href=\"https:\/\/pl.wikipedia.org\/wiki\/Dunaj\">Dunaju<\/a>. Najmniejsz\u0105, po\u0142udniowo-zachodni\u0105 cz\u0119\u015b\u0107 odwadnia&nbsp;<a href=\"https:\/\/pl.wikipedia.org\/w\/index.php?title=Lipkovsk%C3%BD_potok&amp;action=edit&amp;redlink=1\">Lipkovsk\u00fd potok<\/a>,&nbsp;<a href=\"https:\/\/pl.wikipedia.org\/wiki\/Dop%C5%82yw\">dop\u0142yw<\/a>&nbsp;<a href=\"https:\/\/pl.wikipedia.org\/wiki\/Cicha_Orlica\">Cichej Orlicy<\/a>&nbsp;(czes.&nbsp;<em>Tich\u00e1 Orlice<\/em>), wpadaj\u0105cej do&nbsp;<a href=\"https:\/\/pl.wikipedia.org\/wiki\/%C5%81aba\"><strong>\u0141aby<\/strong><\/a>. Wymienione trzy rzeki maj\u0105 swe&nbsp;<a href=\"https:\/\/pl.wikipedia.org\/wiki\/%C5%B9r%C3%B3d%C5%82o\">\u017ar\u00f3d\u0142a<\/a>&nbsp;pod&nbsp;<a href=\"https:\/\/pl.wikipedia.org\/wiki\/Tr%C3%B3jmorski_Wierch\">Tr\u00f3jmorskim Wierchem<\/a><sup><a href=\"https:\/\/pl.wikipedia.org\/wiki\/Masyw_%C5%9Anie%C5%BCnika#cite_note-arch-3\">[3]<\/a><\/sup>, jedynym w&nbsp;<a href=\"https:\/\/pl.wikipedia.org\/wiki\/Polska\">Polsce<\/a>&nbsp;miejscem, gdzie zbiegaj\u0105 si\u0119&nbsp;<a href=\"https:\/\/pl.wikipedia.org\/wiki\/Zlewisko\">zlewiska<\/a>&nbsp;trzech&nbsp;<a href=\"https:\/\/pl.wikipedia.org\/wiki\/Morze\">m\u00f3rz<\/a>. Na potoku&nbsp;<a href=\"https:\/\/pl.wikipedia.org\/wiki\/Wilczka\">Wilczka<\/a>&nbsp;w Mi\u0119dzyg\u00f3rzu znajduje si\u0119 jeden z najwy\u017cszych w Sudetach wodospad\u00f3w \u2013&nbsp;<a href=\"https:\/\/pl.wikipedia.org\/wiki\/Wodospad_Wilczki\">wodospad Wilczki<\/a>&nbsp;o wysoko\u015bci 22 m<sup><a href=\"https:\/\/pl.wikipedia.org\/wiki\/Masyw_%C5%9Anie%C5%BCnika#cite_note-str-2\">[2]<\/a><\/sup>. Na obszarach zbudowanych ze ska\u0142 wapiennych rozwin\u0119\u0142y si\u0119&nbsp;<a href=\"https:\/\/pl.wikipedia.org\/wiki\/Kras_(geologia)\">zjawiska krasowe<\/a>&nbsp;\u2013&nbsp;<a href=\"https:\/\/pl.wikipedia.org\/w\/index.php?title=Suche_dolinki&amp;action=edit&amp;redlink=1\">suche dolinki<\/a>,&nbsp;<a href=\"https:\/\/pl.wikipedia.org\/wiki\/Ponor\">ponory<\/a>,&nbsp;<a href=\"https:\/\/pl.wikipedia.org\/wiki\/Wywierzysko\">wywierzyska<\/a>.<\/p>\n\n\n\n<figure class=\"wp-block-image size-large\"><a href=\"https:\/\/www.google.com\/maps\/place\/Goworek\/@50.1877907,16.8040171,1074m\/data=!3m1!1e3!4m6!3m5!1s0x4711fe190775dd0f:0xc75872f1b49eb40f!8m2!3d50.187778!4d16.809167!16s%2Fg%2F12307gxk?authuser=0&amp;entry=ttu&amp;g_ep=EgoyMDI1MDEyMi4wIKXMDSoASAFQAw%3D%3D\"><img loading=\"lazy\" decoding=\"async\" width=\"1024\" height=\"489\" src=\"https:\/\/topol.org.pl\/wp-content\/uploads\/2025\/01\/Goworek-1024x489.jpg\" alt=\"\" class=\"wp-image-8962\" srcset=\"https:\/\/topol.org.pl\/wp-content\/uploads\/2025\/01\/Goworek-1024x489.jpg 1024w, https:\/\/topol.org.pl\/wp-content\/uploads\/2025\/01\/Goworek-300x143.jpg 300w, https:\/\/topol.org.pl\/wp-content\/uploads\/2025\/01\/Goworek-768x367.jpg 768w, https:\/\/topol.org.pl\/wp-content\/uploads\/2025\/01\/Goworek-1536x734.jpg 1536w, https:\/\/topol.org.pl\/wp-content\/uploads\/2025\/01\/Goworek.jpg 1647w\" sizes=\"auto, (max-width: 1024px) 100vw, 1024px\" \/><\/a><\/figure>\n\n\n\n<p>Obszar Masywu \u015anie\u017cnika nale\u017cy do zlewisk trzech m\u00f3rz:&nbsp;<\/p>\n\n\n\n<p><a href=\"https:\/\/pl.wikipedia.org\/wiki\/Morze_Ba%C5%82tyckie\">Morza Ba\u0142tyckiego<\/a>,&nbsp;<a href=\"https:\/\/pl.wikipedia.org\/wiki\/Morze_P%C3%B3%C5%82nocne\">Morza P\u00f3\u0142nocnego<\/a>&nbsp;i&nbsp;<a href=\"https:\/\/pl.wikipedia.org\/wiki\/Morze_Czarne\">Morza Czarnego<\/a><sup><a href=\"https:\/\/pl.wikipedia.org\/wiki\/Masyw_%C5%9Anie%C5%BCnika#cite_note-gr-4\">[4]<\/a><\/sup>.<\/p>\n\n\n\n<h2 class=\"wp-block-heading\" id=\"Rze\u017aba_terenu\">Rze\u017aba terenu<\/h2>\n\n\n\n<p>Masyw ma posta\u0107 rozleg\u0142ego&nbsp;<a href=\"https:\/\/pl.wikipedia.org\/wiki\/Rozr%C3%B3g\">rozrogu<\/a>&nbsp;o rozpi\u0119to\u015bci po\u0142udnikowej ok. 20, a r\u00f3wnole\u017cnikowej ok. 30&nbsp;km. Jego&nbsp;<a href=\"https:\/\/pl.wikipedia.org\/wiki\/Zwornik_(geografia)\">punktem zwornikowym<\/a>&nbsp;jest centralnie usytuowany&nbsp;<a href=\"https:\/\/pl.wikipedia.org\/wiki\/%C5%9Anie%C5%BCnik_(g%C3%B3ra)\">\u015anie\u017cnik<\/a>&nbsp;(1425 m&nbsp;<a href=\"https:\/\/pl.wikipedia.org\/wiki\/N.p.m.\">n.p.m.<\/a>), od kt\u00f3rego odchodzi sze\u015b\u0107 obszernych, sp\u0142aszczonych ramion, oddzielonych wyra\u017anie zarysowanymi, g\u0142\u0119bokimi&nbsp;<a href=\"https:\/\/pl.wikipedia.org\/wiki\/Dolina\">dolinami<\/a>&nbsp;<a href=\"https:\/\/pl.wikipedia.org\/wiki\/Erozja\">erozyjnymi<\/a><sup><a href=\"https:\/\/pl.wikipedia.org\/wiki\/Masyw_%C5%9Anie%C5%BCnika#cite_note-gr-4\">[4]<\/a><\/sup>:<\/p>\n\n\n\n<ul class=\"wp-block-list\">\n<li>najbardziej rozga\u0142\u0119ziony, razem z Krowiarkami najd\u0142u\u017cszy grzbiet p\u00f3\u0142nocno-zachodni&nbsp;<a href=\"https:\/\/pl.wikipedia.org\/wiki\/Czarna_G%C3%B3ra_(Masyw_%C5%9Anie%C5%BCnika)\">Czarnej G\u00f3ry<\/a><sup><a href=\"https:\/\/pl.wikipedia.org\/wiki\/Masyw_%C5%9Anie%C5%BCnika#cite_note-gr-4\">[4]<\/a><\/sup>, przechodz\u0105cy w si\u0119gaj\u0105ce a\u017c do przedmie\u015b\u0107&nbsp;<a href=\"https:\/\/pl.wikipedia.org\/wiki\/K%C5%82odzko\">K\u0142odzka<\/a>&nbsp;<a href=\"https:\/\/pl.wikipedia.org\/wiki\/Krowiarki_(g%C3%B3ry)\">Krowiarki<\/a>; od&nbsp;<a href=\"https:\/\/pl.wikipedia.org\/wiki\/%C5%BBmijowiec_(szczyt)\">\u017bmijowca<\/a>&nbsp;odchodzi ku zachodowi kr\u00f3tki grzbiecik ze&nbsp;<a href=\"https:\/\/pl.wikipedia.org\/wiki\/Smrekowiec_(Sudety)\">Smrekowcem<\/a>, ko\u0144cz\u0105cy si\u0119 w centrum&nbsp;<a href=\"https:\/\/pl.wikipedia.org\/wiki\/Mi%C4%99dzyg%C3%B3rze_(wojew%C3%B3dztwo_dolno%C5%9Bl%C4%85skie)\">Mi\u0119dzyg\u00f3rza<\/a>, a ku p\u00f3\u0142nocnemu wschodowi boczny grzbiet z&nbsp;<a href=\"https:\/\/pl.wikipedia.org\/wiki\/Rudka_(g%C3%B3ra)\">Rudk\u0105<\/a>,&nbsp;<a href=\"https:\/\/pl.wikipedia.org\/wiki\/Janowiec_(g%C3%B3ra)\">Janowcem<\/a>&nbsp;i&nbsp;<a href=\"https:\/\/pl.wikipedia.org\/wiki\/Krzy%C5%BCnik\">Krzy\u017cnikiem<\/a>, dochodz\u0105cy do&nbsp;<a href=\"https:\/\/pl.wikipedia.org\/wiki\/Stronie_%C5%9Al%C4%85skie\">Stronia \u015al\u0105skiego<\/a>; od&nbsp;<a href=\"https:\/\/pl.wikipedia.org\/wiki\/Jaworowa_Kopa_(Masyw_%C5%9Anie%C5%BCnika)\">Jaworowej Kopy<\/a>&nbsp;odchodzi ku zachodowi grzbiet zako\u0144czony&nbsp;<a href=\"https:\/\/pl.wikipedia.org\/wiki\/Igliczna_(Masyw_%C5%9Anie%C5%BCnika)\">Igliczn\u0105<\/a>, a od Czarnej G\u00f3ry te\u017c ku zachodowi grzbiecik z&nbsp;<a href=\"https:\/\/pl.wikipedia.org\/wiki\/Przednia\">Przedni\u0105<\/a>&nbsp;i&nbsp;<a href=\"https:\/\/pl.wikipedia.org\/wiki\/Trzy_Kopki\">Trzema Kopkami<\/a>,<\/li>\n\n\n\n<li>najkr\u00f3tsze rami\u0119 zachodnie&nbsp;<a href=\"https:\/\/pl.wikipedia.org\/wiki\/%C5%9Aredniak\">\u015aredniaka<\/a>&nbsp;(1210 m n.p.m.),<\/li>\n\n\n\n<li>najwy\u017cszy, po\u0142udniowo-zachodni grzbiet graniczny z&nbsp;<a href=\"https:\/\/pl.wikipedia.org\/wiki\/Ma%C5%82y_%C5%9Anie%C5%BCnik\">Ma\u0142ym \u015anie\u017cnikiem<\/a>&nbsp;i&nbsp;<a href=\"https:\/\/pl.wikipedia.org\/wiki\/Tr%C3%B3jmorski_Wierch\">Tr\u00f3jmorskim Wierchem<\/a>, r\u00f3wnie\u017c rozga\u0142\u0119ziony, z bocznymi grzbietami wybiegaj\u0105cymi od&nbsp;<a href=\"https:\/\/pl.wikipedia.org\/wiki\/Goworek_(szczyt)\">Goworka<\/a>&nbsp;i&nbsp;<a href=\"https:\/\/pl.wikipedia.org\/wiki\/Puchacz_(Masyw_%C5%9Anie%C5%BCnika)\">Puchacza<\/a>,<\/li>\n\n\n\n<li>po\u0142udniowy grzbiet&nbsp;<a href=\"https:\/\/pl.wikipedia.org\/w\/index.php?title=Su%C5%A1ina&amp;action=edit&amp;redlink=1\">Su\u0161iny<\/a>&nbsp;i&nbsp;<a href=\"https:\/\/pl.wikipedia.org\/w\/index.php?title=Podb%C4%9Blka&amp;action=edit&amp;redlink=1\">Podb\u011blki<\/a>, po\u0142o\u017cony w ca\u0142o\u015bci w&nbsp;<a href=\"https:\/\/pl.wikipedia.org\/wiki\/Czechy\">Czechach<\/a>,<\/li>\n\n\n\n<li>wschodni grzbiet graniczny, z&nbsp;<a href=\"https:\/\/pl.wikipedia.org\/wiki\/Rykowisko_(g%C3%B3ra)\">Rykowiskiem<\/a>, schodz\u0105cy do&nbsp;<a href=\"https:\/\/pl.wikipedia.org\/wiki\/Prze%C5%82%C4%99cz_P%C5%82oszczyna\">Prze\u0142\u0119czy P\u0142oszczyna<\/a>,<\/li>\n\n\n\n<li>p\u00f3\u0142nocne rami\u0119 g\u00f3ry&nbsp;<a href=\"https:\/\/pl.wikipedia.org\/wiki\/Stroma_(g%C3%B3ra)\">Stromej<\/a>&nbsp;(1166 m n.p.m.)<sup><a href=\"https:\/\/pl.wikipedia.org\/wiki\/Masyw_%C5%9Anie%C5%BCnika#cite_note-gr-4\">[4]<\/a><\/sup>&nbsp;oraz&nbsp;<a href=\"https:\/\/pl.wikipedia.org\/wiki\/M%C5%82y%C5%84sko_(Masyw_%C5%9Anie%C5%BCnika)\">M\u0142y\u0144ska<\/a>.<\/li>\n<\/ul>\n\n\n\n<p>Grzbiety maj\u0105 kr\u0119te linie grzbietowe i silnie zr\u00f3\u017cnicowane wysoko\u015bci oraz boczne odnogi. Wi\u0119kszo\u015b\u0107 z nich ma strome zbocza, zw\u0142aszcza te, kt\u00f3re opadaj\u0105 w kierunku&nbsp;<a href=\"https:\/\/pl.wikipedia.org\/wiki\/R%C3%B3w_G%C3%B3rnej_Nysy\">Rowu G\u00f3rnej Nysy<\/a>. Do\u015b\u0107 licznie wyst\u0119puj\u0105&nbsp;<a href=\"https:\/\/pl.wikipedia.org\/wiki\/Formacja_skalna\">ska\u0142ki<\/a>, a bardzo liczne s\u0105 bloki skalne. Na niekt\u00f3rych szczytach znajduj\u0105 si\u0119&nbsp;<a href=\"https:\/\/pl.wikipedia.org\/wiki\/Go%C5%82oborze\">go\u0142oborza<\/a>. \u0179r\u00f3d\u0142o: Wikipedia<\/p>\n\n\n\n<figure class=\"wp-block-image aligncenter size-full\"><img loading=\"lazy\" decoding=\"async\" width=\"357\" height=\"259\" src=\"https:\/\/topol.org.pl\/wp-content\/uploads\/2025\/01\/Trujmorski-Wierch.png\" alt=\"\" class=\"wp-image-8965\" srcset=\"https:\/\/topol.org.pl\/wp-content\/uploads\/2025\/01\/Trujmorski-Wierch.png 357w, https:\/\/topol.org.pl\/wp-content\/uploads\/2025\/01\/Trujmorski-Wierch-300x218.png 300w\" sizes=\"auto, (max-width: 357px) 100vw, 357px\" \/><\/figure>\n\n\n\n<p><a href=\"https:\/\/topol.org.pl\/?page_id=2295\">Geopolityka-napisa\u0142em 23.01.2025 18.05<\/a><\/p>\n\n\n\n<p>23.01.2025 18.05 WASZYNGTON W WARSZAWIE? Prof. Andrzej Nowak ostrzega przed rusofilstwem Zachodu.&nbsp;<a href=\"https:\/\/www.youtube.com\/watch?v=L9KmblABQvk\">KONSEKWENCJE ODC. 1<\/a>&nbsp;\u0179r\u00f3d\u0142o:&nbsp;<a href=\"https:\/\/www.youtube.com\/watch?v=L9KmblABQvk\">Bia\u0142y Kruk<\/a><\/p>\n\n\n\n<p><strong>Ta koncepcja to poddanie naszego kraju pod panowanie USA. Amerykanie niech pilnuj\u0105 Niemc\u00f3w. Bo zostanie im tylko wyspa na oceanie. Nie chcemy wojny na swoim terytorium. Uzbrojenie sami sobie wyprodukujemy, ze swoich zasob\u00f3w. B\u0119dziemy prowadzili w\u0142asn\u0105 polityk\u0119 zagraniczn\u0105 i&nbsp;<a href=\"https:\/\/topol.org.pl\/?page_id=7350\">obronn\u0105<\/a>.<\/strong><\/p>\n\n\n\n<p>&amp; 4. Wnosz\u0119 o poprawk\u0119 do Konstytucji, zezwalaj\u0105cej na powszechny dost\u0119p do broni.<br><strong><a href=\"https:\/\/topol.org.pl\/?page_id=5113\">Narodowe Si\u0142y Zbrojne \u201eGrot\u201d<\/a>, kt\u00f3re skupi\u0105 Wojsko Polskie, S\u0142u\u017cby, Wojsko Obrony Terytorialnej,&nbsp;<a href=\"https:\/\/topol.org.pl\/?page_id=5980\">OSP<\/a>,&nbsp;<a href=\"https:\/\/wiadomosci.radiozet.pl\/polska\/Lasy-Panstwowe-sie-zbroja.-Straznicy-dostaja-karabinki-GROT-ekolodzy-sa-zaniepokojeni\">Stra\u017c le\u015bn\u0105<\/a>&nbsp;i&nbsp;<a href=\"https:\/\/topol.org.pl\/?page_id=6187\">Narodowe Si\u0142y Samoobrony \u201eGrot\u201d<\/a>. \u201eGrot\u201d zajmie si\u0119 koordynacj\u0105 dzia\u0142a\u0144 w sytuacjach kryzysowych.<\/strong>&nbsp;<strong><a href=\"https:\/\/topol.org.pl\/?page_id=4417\">\u201eGrot\u201d<\/a>&nbsp;podlega \u201eDux Poloniae\u201d<\/strong> <\/p>\n\n\n\n<p>&amp; 14. Traktat ottawski. Moja doktryna.<\/p>\n\n\n\n<p><strong>Podpisuj\u0119 si\u0119 pod tym traktatem.<\/strong>&nbsp;<strong>Traktat ottawski.<\/strong><\/p>\n\n\n\n<p><strong>Moja doktryna.<\/strong>&nbsp;<strong>Ka\u017cde stacjonowanie obcych wojsk na terenie Polski uwa\u017cam za niedopuszczalne. Trzeba zrozumie\u0107, \u017ce&nbsp;ka\u017cde pa\u0144stwo ma swoje interesy&nbsp;zazwyczaj odmienne ni\u017c nasz interes obrony ojczyzny. Interes niemiecki jest inny ni\u017c nasz. Ameryka\u0144ski nie jest to\u017csamy z naszym i jest przeciwny do rosyjskiego. Dlatego Rosjanie mog\u0105 si\u0119 zdenerwowa\u0107. Ukrai\u0144cy te\u017c maj\u0105 sw\u00f3j interes odmienny od naszego, dlatego&nbsp;pozwalaj\u0105 na ekshumacje, ale m\u00f3wi\u0105, \u017ce mamy do nich prawo jak Wehrmacht.&nbsp;Wehrmacht to si\u0142y zbrojne Niemc\u00f3w w czasie 2 W\u015a. Najechali nasze pa\u0144stwo i byli\u015bmy pod okupacj\u0105 Niemieck\u0105.&nbsp;Traktuj\u0119, ka\u017cd\u0105 wojskow\u0105 obecno\u015b\u0107 innego pa\u0144stwa na naszym terytorium jak okupacj\u0119. Boj\u0119 si\u0119 prowokacji. Przecie\u017c&nbsp;w Porcie Lotniczym Rzesz\u00f3w-Jasionka im. Rodziny Ulm\u00f3w, odbywa si\u0119 dostawa. Rzeczywi\u015bcie ta wojna\u2026, ju\u017c dawno Rosjanie by nas\u2026<\/strong><\/p>\n\n\n\n<p><strong>Obecno\u015b\u0107 w NATO i punkt 5. traktuj\u0119 jako gwarancj\u0119, \u017ce nikt z sojuszu nas nie napadnie. Ale mo\u017ce nas przymusi\u0107, \u017ceby\u015bmy uczestniczyli w nieswojej wojnie. Nawet na innym kontynencie. W przypadku konfliktu na Ukrainie wej\u015bcie do wojny sko\u0144czy si\u0119 dla nas okupacj\u0105. I tak chc\u0105 odda\u0107 nasze pa\u0144stwo pod zarz\u0105d Europejczyk\u00f3w. Pobyt obcych wojsk, traktuj\u0119 jak zaminowanie swojego terytorium. Przecie\u017c podpisali\u015bmy traktat ottawski. Jestem przeciwko zaminowywaniu, poniewa\u017c w dzieci\u0144stwie bawi\u0142em si\u0119 z ch\u0142opakami w zbombardowanych przez Niemc\u00f3w ruinach. Miny nie znalaz\u0142em. U dziadka na wakacjach znale\u017ali\u015bmy \u201eniewypa\u0142\u201d.<\/strong><\/p>\n\n\n\n<p><strong>Doktryn\u0119 opieram na si\u0142ach w\u0142asnych. Powszechnym dost\u0119pie do broni i wyposa\u017ceniu na terenie ca\u0142ej Polski w Przeciwpancerny Grot dla Wojska Polskiego i <a href=\"https:\/\/terytorialsi.wp.mil.pl\/\">Wojska&nbsp;<em>obrony terytorialnej<\/em><\/a>. Nie licz\u0119, \u017ce na czas dostaniemy z zagranicy potrzebne pociski. Rosja produkuje 4 000 000 pocisk\u00f3w artyleryjskich. Pociski trzeba produkowa\u0107 w r\u00f3\u017cnych miejscach nie w jednym zdekonspirowanym poniewa\u017c w pierwszej chwili zostanie zbombardowane. To musi by\u0107 produkcja rozdrobniona.<\/strong>&nbsp;<strong>Gara\u017cowa.<\/strong>&nbsp;<strong>Oczywi\u015bcie nastawiona r\u00f3wnie\u017c na eksport. W tej chwili niezast\u0105pione s\u0105 drony na polu bitwy. Planowanie na naszym terytorium udzia\u0142u w NATO&nbsp;<em>Nuclear Sharing<\/em>&nbsp;doprowadzi do zaatakowania naszego terytorium w pierwszej chwili. Wykluczam udzia\u0142. Le\u017cymy za blisko, \u017ceby atakowa\u0107 nasz kraj broni\u0105 j\u0105drow\u0105. Nikt nie strzela po s\u0105siedzku. Dlatego elektrownie j\u0105drowe na Ukrainie s\u0105 bezpieczne. Gdyby nasz kraj zosta\u0142 zaatakowany, powinni\u015bmy odpowiedzie\u0107 zmasowanym atakiem przy pomocy dron\u00f3w na wrogim terytorium. Si\u0142y specjalne trzeba przerzuci\u0107 w formie pojedynczych \u201eRambo\u201d do destabilizacji. Wcze\u015bniej trzeba zapozna\u0107 si\u0119 z obiektami do neutralizacji. Mam nadziej\u0119, \u017ce zrobi\u0105 gr\u0119 wojenn\u0105 nie na naszym terytorium tylko teoretycznego wroga.<\/strong><\/p>\n\n\n\n<p><strong>Jak b\u0119dziemy niepodleg\u0142ym suwerennym pa\u0144stwem, czyli jak przyjmiemy Konstytucj\u0119 z 11.10.2023 roku. Zainwestujemy w przerzucenie niekt\u00f3rych mieszka\u0144c\u00f3w (dzieci i starsi) przy pomocy zbudowanej infrastruktury kolejowej w ramach CPK na tereny nie obj\u0119te dzia\u0142aniami zbrojnymi. Miejsca frontowe zapewni\u0105 schrony dla wojska i obrony terytorialnej. M\u0142odzi czyli wojsko i obrona terytorialna, musz\u0105 odpiera\u0107 zagro\u017cenie.<\/strong>&nbsp;<strong>To tyle.<\/strong><\/p>\n\n\n\n<p><strong>Moim zdaniem uzbrojenie ludzi z Polskich Zak\u0142ad\u00f3w Zbrojeniowych nie b\u0119dzie tyle kosztowa\u0142o. Kupowane ci\u0119\u017ckie uzbrojenie jest nie na tak\u0105 wojn\u0119. Teraz drony, pociski artyleryjskie, \u201ePrzeciwpancerny Grot\u201d i powszechny dost\u0119p do broni.<\/strong> \u0179r\u00f3d\u0142o: <a href=\"https:\/\/topol.org.pl\/?page_id=47\">Fragment<\/a><\/p>\n\n\n\n<p>25.01.2025 22.05 <a href=\"https:\/\/www.youtube.com\/watch?v=EMsLpCZCWOw\">Europa BEZ PRZYSZ\u0141O\u015aCI. \u2013 Magdalena Zi\u0119tek-Wielomska<\/a> <\/p>\n\n\n\n<p>\u0179r\u00f3d\u0142o: <a href=\"https:\/\/www.youtube.com\/watch?v=EMsLpCZCWOw\">Grzegorz Kusz<\/a><\/p>\n\n\n\n<p><strong>Koniec ery by\u0142ego cz\u0142owieka, je\u015bli nie wybierzemy dobrze <a href=\"https:\/\/topol.org.pl\/?page_id=8695\">Prezydenta<\/a>. <\/strong><\/p>\n\n\n\n<p><strong>Tylko &#8222;<a href=\"https:\/\/topol.org.pl\/?page_id=4512\">Pa\u0144stwo Z\u0142otego \u015arodka<\/a>&#8221; jako r\u00f3wnowaga si\u0142 mi\u0119dzy wschodem a zachodem, mo\u017ce zmieni\u0107 sytuacj\u0119. Dla nas najwi\u0119kszym zagro\u017ceniem s\u0105 Niemcy. W\u0142a\u015bciwie p\u0142ot powinien by\u0107 po zachodniej stronie. \u017beby powstrzyma\u0107 Niemcy , potrzebni s\u0105 Amerykanie i ich wojsko w <a href=\"https:\/\/en.wikipedia.org\/wiki\/Ramstein_Air_Base\">Ramstein Air Base<\/a>. Amerykanie mog\u0105 zdominowa\u0107 Europ\u0119 i pilnowa\u0107. Polska b\u0119dzie dystrybutorem mi\u0119dzy wschodem i zachodem. &#8222;<a href=\"https:\/\/topol.org.pl\/?page_id=7594\">Kr\u00f3lestwo Wielkiej Lechii<\/a>&#8221; (Tr\u00f3jmorze) zapewni dobrobyt dla Europy Wschodniej.<\/strong> <strong>B\u0119dziemy prowadzili w\u0142asn\u0105 polityk\u0119 zagraniczn\u0105 i&nbsp;<a href=\"https:\/\/topol.org.pl\/?page_id=7350\">obronn\u0105<\/a>.<\/strong> <strong>Nie mo\u017cemy wchodzi\u0107 w uk\u0142ad BRICS. To krypto waluta, sztuczny cyfrowy pieni\u0105dz. Musimy zachowa\u0107 suwerenno\u015b\u0107 w p\u0142atno\u015bci Z\u0142oty-m. Tak jak Amerykanie zrezygnujemy z <a href=\"https:\/\/nbp.pl\/system-platniczy\/dane-i-analizy\/analizy-i-opracowania\/pieniadz-cyfrowy-banku-centralnego\/\">CDBC<\/a>.<\/strong> <strong>Nie da si\u0119 zniszczy\u0107 Rosji, nie da si\u0119 zniszczy\u0107 USA i nie da si\u0119 zniszczy\u0107 Chin. Trzeba zrozumie\u0107 sytuacj\u0119 i skorzysta\u0107 na tym, \u017ce jeste\u015bmy centrum \u015bwiata.<\/strong> <strong>Tak jak w \u015bredniowieczu. Wtedy jeszcze nie odkryli Ameryki.<\/strong><\/p>\n\n\n\n<p>28.01.2025 19.28 <a href=\"https:\/\/www.youtube.com\/watch?v=cd5FgLuUnAk\">Czy D. Trump jest &#8222;rusk\u0105 onuc\u0105&#8221;? Co zrobi PO-PiS, gdy dojdzie do spotkania z Putinem? A. Wielomski<\/a> \u0179r\u00f3d\u0142o: <a href=\"https:\/\/www.youtube.com\/watch?v=cd5FgLuUnAk\">Tygodnik DoRzeczy<\/a><\/p>\n\n\n\n<p>31.01.2025 07.22 <a href=\"https:\/\/pl.wikipedia.org\/wiki\/Grody_Czerwie%C5%84skie\">Grody Czerwie\u0144skie<\/a>, to <em><a href=\"https:\/\/pl.wikipedia.org\/wiki\/Powie%C5%9B%C4%87_minionych_lat\">Powie\u015bci minionych lat<\/a><\/em>.<\/p>\n\n\n\n<p>\u0179r\u00f3d\u0142o: Wikipedia<\/p>\n\n\n\n<p><a href=\"https:\/\/topol.org.pl\/?page_id=6187\">Fundacja: Narodowe Si\u0142y Samoobrony \u201eGrot\u201d<\/a><\/p>\n\n\n\n<p><\/p>\n","protected":false},"excerpt":{"rendered":"<p>24.01.2024 10.13 Masyw \u015anie\u017cnika Wody Obszar Masywu \u015anie\u017cnika nale\u017cy do zlewisk trzech m\u00f3rz:&nbsp;Morza Ba\u0142tyckiego,&nbsp;Morza P\u00f3\u0142nocnego&nbsp;i&nbsp;Morza Czarnego[4]. P\u00f3\u0142nocn\u0105 i zachodni\u0105 cz\u0119\u015b\u0107 odwadniaj\u0105&nbsp;Nysa K\u0142odzka&nbsp;wraz z dop\u0142ywami, wpadaj\u0105ca do&nbsp;Odry. Po\u0142udniowo-wschodni\u0105 cz\u0119\u015b\u0107 najwi\u0119ksza rzeka&nbsp;Moraw&nbsp;\u2013&nbsp;Morawa&nbsp;ze swoimi dop\u0142ywami, wpadaj\u0105ca do&nbsp;Dunaju. Najmniejsz\u0105, po\u0142udniowo-zachodni\u0105 cz\u0119\u015b\u0107 odwadnia&nbsp;Lipkovsk\u00fd potok,&nbsp;dop\u0142yw&nbsp;Cichej Orlicy&nbsp;(czes.&nbsp;Tich\u00e1 Orlice), wpadaj\u0105cej do&nbsp;\u0141aby. Wymienione trzy rzeki maj\u0105 swe&nbsp;\u017ar\u00f3d\u0142a&nbsp;pod&nbsp;Tr\u00f3jmorskim Wierchem[3], jedynym w&nbsp;Polsce&nbsp;miejscem, gdzie zbiegaj\u0105 si\u0119&nbsp;zlewiska&nbsp;trzech&nbsp;m\u00f3rz. Na [&hellip;]<\/p>\n","protected":false},"author":1,"featured_media":0,"parent":6704,"menu_order":6,"comment_status":"closed","ping_status":"closed","template":"","meta":{"footnotes":""},"class_list":["post-8925","page","type-page","status-publish","hentry"],"_links":{"self":[{"href":"https:\/\/topol.org.pl\/index.php?rest_route=\/wp\/v2\/pages\/8925","targetHints":{"allow":["GET"]}}],"collection":[{"href":"https:\/\/topol.org.pl\/index.php?rest_route=\/wp\/v2\/pages"}],"about":[{"href":"https:\/\/topol.org.pl\/index.php?rest_route=\/wp\/v2\/types\/page"}],"author":[{"embeddable":true,"href":"https:\/\/topol.org.pl\/index.php?rest_route=\/wp\/v2\/users\/1"}],"replies":[{"embeddable":true,"href":"https:\/\/topol.org.pl\/index.php?rest_route=%2Fwp%2Fv2%2Fcomments&post=8925"}],"version-history":[{"count":44,"href":"https:\/\/topol.org.pl\/index.php?rest_route=\/wp\/v2\/pages\/8925\/revisions"}],"predecessor-version":[{"id":9163,"href":"https:\/\/topol.org.pl\/index.php?rest_route=\/wp\/v2\/pages\/8925\/revisions\/9163"}],"up":[{"embeddable":true,"href":"https:\/\/topol.org.pl\/index.php?rest_route=\/wp\/v2\/pages\/6704"}],"wp:attachment":[{"href":"https:\/\/topol.org.pl\/index.php?rest_route=%2Fwp%2Fv2%2Fmedia&parent=8925"}],"curies":[{"name":"wp","href":"https:\/\/api.w.org\/{rel}","templated":true}]}}