{"id":9033,"date":"2025-01-26T20:07:31","date_gmt":"2025-01-26T19:07:31","guid":{"rendered":"https:\/\/topol.org.pl\/?page_id=9033"},"modified":"2026-01-09T11:03:24","modified_gmt":"2026-01-09T10:03:24","slug":"bialorus","status":"publish","type":"page","link":"https:\/\/topol.org.pl\/?page_id=9033","title":{"rendered":"Republika Bia\u0142orusi"},"content":{"rendered":"\n<p>26.01.2025 20.10 Krzysztof Tolwi\u0144ski: Nar\u00f3d bia\u0142oruski ma wysoki poziom \u015bwiadomo\u015bci. \u0179r\u00f3d\u0142o: <a href=\"https:\/\/www.youtube.com\/watch?v=PyeSx1v5rX8\">Mi\u0119dzynarodowe Radio Bia\u0142oru\u015b<\/a><\/p>\n\n\n\n<p>26.01.2025 20.57 <a href=\"https:\/\/dorzeczy.pl\/swiat\/682237\/wybory-prezydenckie-na-bialorusi-lukaszenka-mial-niemal-90-proc-poparcia.html\">Aleksandr \u0141ukaszenka zdoby\u0142 niemal 90 proc. poparcia w&nbsp;wyborach prezydenckich, przekaza\u0142y bia\u0142oruskie media.<\/a> \u0179r\u00f3d\u0142o: DoRzeczy.pl<\/p>\n\n\n\n<p><strong>Nar\u00f3d bia\u0142oruski ma wysoki poziom \u015bwiadomo\u015bci.<\/strong> <strong>Gratuluj\u0119 wyboru Prezydenta<\/strong> <strong><a href=\"https:\/\/pl.wikipedia.org\/wiki\/Bia%C5%82oru%C5%9B\">Republiki Bia\u0142orusi<\/a><\/strong>.<\/p>\n\n\n\n<p><a href=\"https:\/\/topol.org.pl\/?page_id=6187\">Fundacja: Narodowe Si\u0142y Samoobrony \u201eGrot\u201d<\/a><\/p>\n\n\n\n<p><\/p>\n","protected":false},"excerpt":{"rendered":"<p>26.01.2025 20.10 Krzysztof Tolwi\u0144ski: Nar\u00f3d bia\u0142oruski ma wysoki poziom \u015bwiadomo\u015bci. \u0179r\u00f3d\u0142o: Mi\u0119dzynarodowe Radio Bia\u0142oru\u015b 26.01.2025 20.57 Aleksandr \u0141ukaszenka zdoby\u0142 niemal 90 proc. poparcia w&nbsp;wyborach prezydenckich, przekaza\u0142y bia\u0142oruskie media. \u0179r\u00f3d\u0142o: DoRzeczy.pl Nar\u00f3d bia\u0142oruski ma wysoki poziom \u015bwiadomo\u015bci. Gratuluj\u0119 wyboru Prezydenta Republiki Bia\u0142orusi. Fundacja: Narodowe Si\u0142y Samoobrony \u201eGrot\u201d<\/p>\n","protected":false},"author":1,"featured_media":0,"parent":0,"menu_order":244,"comment_status":"closed","ping_status":"closed","template":"","meta":{"footnotes":""},"class_list":["post-9033","page","type-page","status-publish","hentry"],"_links":{"self":[{"href":"https:\/\/topol.org.pl\/index.php?rest_route=\/wp\/v2\/pages\/9033","targetHints":{"allow":["GET"]}}],"collection":[{"href":"https:\/\/topol.org.pl\/index.php?rest_route=\/wp\/v2\/pages"}],"about":[{"href":"https:\/\/topol.org.pl\/index.php?rest_route=\/wp\/v2\/types\/page"}],"author":[{"embeddable":true,"href":"https:\/\/topol.org.pl\/index.php?rest_route=\/wp\/v2\/users\/1"}],"replies":[{"embeddable":true,"href":"https:\/\/topol.org.pl\/index.php?rest_route=%2Fwp%2Fv2%2Fcomments&post=9033"}],"version-history":[{"count":9,"href":"https:\/\/topol.org.pl\/index.php?rest_route=\/wp\/v2\/pages\/9033\/revisions"}],"predecessor-version":[{"id":9403,"href":"https:\/\/topol.org.pl\/index.php?rest_route=\/wp\/v2\/pages\/9033\/revisions\/9403"}],"wp:attachment":[{"href":"https:\/\/topol.org.pl\/index.php?rest_route=%2Fwp%2Fv2%2Fmedia&parent=9033"}],"curies":[{"name":"wp","href":"https:\/\/api.w.org\/{rel}","templated":true}]}}