{"id":9055,"date":"2025-01-27T15:24:31","date_gmt":"2025-01-27T14:24:31","guid":{"rendered":"https:\/\/topol.org.pl\/?page_id=9055"},"modified":"2026-01-09T10:57:11","modified_gmt":"2026-01-09T09:57:11","slug":"plan-nazistowskich-niemcow","status":"publish","type":"page","link":"https:\/\/topol.org.pl\/?page_id=9055","title":{"rendered":"Auschwitz-Birkenau. Niemiecki ob\u00f3z koncentracyjny i Zag\u0142ady (1940\u20131945)"},"content":{"rendered":"\n<p><a href=\"https:\/\/tvn24.pl\/swiat\/72-lata-temu-armia-czerwona-wyzwolila-oboz-auschwitz-ra710329-ls2462061\">72 lata temu Armia Czerwona wyzwoli\u0142a ob\u00f3z Auschwitz<\/a>&nbsp;\u0179r\u00f3d\u0142o:&nbsp;<a href=\"https:\/\/tvn24.pl\/swiat\/72-lata-temu-armia-czerwona\">tvn24.pl<\/a><\/p>\n\n\n\n<p>To artyku\u0142 z 2017 roku teraz jest 80 rocznica wyzwolenia obozu koncentracyjnego w Auschwitz-Birkenau przez <a href=\"https:\/\/tvn24.pl\/swiat\/72-lata-temu-armia-czerwona-wyzwolila-oboz-auschwitz-ra710329-ls2462061\">Armi\u0119 Czerwon\u0105.<\/a><\/p>\n\n\n\n<p>plan nazistowskich Niemc\u00f3w<\/p>\n\n\n\n<p>80. rocznica wyzwolenia Obozu Auschwitz \u0179r\u00f3d\u0142o: <a href=\"https:\/\/www.youtube.com\/watch?v=lpbtfWGyY-o\">Super Express<\/a><\/p>\n\n\n\n<p>&#8222;<a href=\"https:\/\/pl.wikipedia.org\/wiki\/Auschwitz-Birkenau\">Ob\u00f3z Auschwitz<\/a> utworzony zosta\u0142 przez <a href=\"https:\/\/pl.wikipedia.org\/wiki\/III_Rzesza\">Niemc\u00f3w w&nbsp;po\u0142owie 1940&nbsp;r<\/a>. na&nbsp;przedmie\u015bciach O\u015bwi\u0119cimia, w\u0142\u0105czonego przez Niemc\u00f3w do&nbsp;III&nbsp;Rzeszy. By\u0142 najwi\u0119kszym z&nbsp;niemieckich oboz\u00f3w koncentracyjnych i&nbsp;o\u015brodk\u00f3w Zag\u0142ady. \u017bycie straci\u0142o tu ponad 1,1 mln m\u0119\u017cczyzn, kobiet i&nbsp;dzieci. Ob\u00f3z wyzwolili 27 stycznia 1945 roku \u017co\u0142nierze 60. armii. Na&nbsp;terenie obozu przebywa\u0142o w\u00f3wczas ok. 7&nbsp;tys. wi\u0119\u017ani\u00f3w&#8221;. \u0179r\u00f3d\u0142o: <a href=\"https:\/\/dorzeczy.pl\/opinie\/682582\/obchody-w-auschwitz-zukowska-do-metsoli-kto-to-zrobil.html\">DoRzeczy.pl<\/a><\/p>\n\n\n\n<p><strong>By\u0142em w obozie Auschwitz w \u00f3smej klasie szko\u0142y podstawowej. Pami\u0119tam do dzi\u015b.<\/strong> <strong>Okulary, kule do chodzenia, walizki&#8230;By\u0142em w tym czasie te\u017c na <a href=\"https:\/\/pl.wikipedia.org\/wiki\/Lublin_(KL)\">Majdanku<\/a>.  By\u0142em te\u017c w <a href=\"https:\/\/pl.wikipedia.org\/wiki\/Ob%C3%B3z_zag%C5%82ady_w_Treblince\">Treblince<\/a><\/strong>. <strong>80 lat po wyzwoleniu ludzie zapominaj\u0105 kto to zrobi\u0142, kto wyda\u0142 rozkaz, kim byli tak zwani <a href=\"https:\/\/pl.wikipedia.org\/wiki\/Nazizm\">nazi\u015bci<\/a>. Niemcy chc\u0105 przerzuci\u0107 swoje winy na nazist\u00f3w.<\/strong> <strong>Dlatego m\u00f3wimy o &#8222;niemieckich obozach koncentracyjnych i&nbsp;Zag\u0142ady&#8221;.<\/strong><\/p>\n\n\n\n<p>&#8222;od 27 czerwca 2007 oficjalna nazwa wpisanego na list\u0119 miejsca to: \u201e<a href=\"https:\/\/pl.wikipedia.org\/wiki\/Auschwitz-Birkenau\">Auschwitz-Birkenau<\/a>. Niemiecki nazistowski ob\u00f3z koncentracyjny i Zag\u0142ady (<a href=\"https:\/\/pl.wikipedia.org\/wiki\/III_Rzesza\">1940\u20131945<\/a>)\u201d.<\/p>\n\n\n\n<p><a href=\"https:\/\/www.youtube.com\/watch?v=8LeJWANdxcI\">Kto wyzwoli\u0142 Auschwitz?<\/a> Zr\u00f3d\u0142o: <a href=\"https:\/\/www.youtube.com\/watch?v=8LeJWANdxcI\">Jaros\u0142aw szuka k\u0142opot\u00f3w<\/a><\/p>\n\n\n\n<p><strong>Ludzie przewa\u017cnie nie wiedzieli kto wyzwoli\u0142 Niemiecki ob\u00f3z koncentracyjny i Zag\u0142ady.<\/strong> <strong>Gdyby nie Armia Czerwona zosta\u0142o by po nas tylko wspomnienie. Dlatego jak dojd\u0119 do w\u0142adzy przywr\u00f3c\u0119 wszystkie zburzone miejsca pami\u0119ci.<\/strong> <strong>I upami\u0119tni\u0119 kto wywo\u0142a\u0142 wojn\u0119, pobudowa\u0142 obozy, prowadzi\u0142 segregacj\u0119 ludzi, zburzy\u0142 Warszaw\u0119 i zrujnowa\u0142 Polsk\u0119.<\/strong> <strong>Teraz te\u017c by\u0142 plan na przej\u0119cie Ziem Zachodnich, \u015al\u0105ska i Mazur przez Niemcy. Mieli\u015bmy wej\u015b\u0107 do wojny na Ukrain\u0119. Na razie uda\u0142o si\u0119 temu zapobiec. Miejsca pami\u0119ci o wyzwoleniu Ziem Odzyskanych s\u0105 tak wa\u017cne, poniewa\u017c tylko pami\u0119\u0107 pozwoli je zachowa\u0107. Musimy by\u0107 czujni.<\/strong><\/p>\n\n\n\n<p><a href=\"https:\/\/tvn24.pl\/swiat\/72-lata-temu-armia-czerwona-wyzwolila-oboz-auschwitz-ra710329-ls2462061\">72 lata temu Armia Czerwona wyzwoli\u0142a ob\u00f3z Auschwitz<\/a> \u0179r\u00f3d\u0142o: <a href=\"https:\/\/tvn24.pl\/swiat\/72-lata-temu-armia-czerwona\">tvn24.pl<\/a><\/p>\n\n\n\n<p><strong>Przeczyta\u0142em<\/strong> \u0179r\u00f3d\u0142o: <a href=\"https:\/\/www.rp.pl\/biznes\/art41732981-wspolpraca-wojskowo-przemyslowa-polski-i-niemiec-wciaz-powierzchowna\">rp.pl<\/a><\/p>\n\n\n\n<p>&#8222;przygotowuj\u0105 infrastruktur\u0119 do <a href=\"https:\/\/www.rp.pl\/biznes\/art41732981-wspolpraca-wojskowo-przemyslowa-polski-i-niemiec-wciaz-powierzchowna\">stacjonowania ca\u0142ej niemieckiej<\/a> brygady na Litwie&#8221;<\/p>\n\n\n\n<p>&#8222;Politycy spotkali si\u0119 w Rzeszowie, poniewa\u017c od pocz\u0105tku roku niemiecki system Patriot, kt\u00f3ry obs\u0142uguje ok. <a href=\"https:\/\/www.rp.pl\/biznes\/art41732981-wspolpraca-wojskowo-przemyslowa-polski-i-niemiec-wciaz-powierzchowna\">200 \u017co\u0142nierzy RFN<\/a>, b\u0119dzie chroni\u0142 lotnisko w Jasionce przed pociskami i samolotami przeciwnika&#8221;.<\/p>\n\n\n\n<p><strong>Nie mog\u0119 tego zrozumie\u0107, ca\u0142kowity brak pami\u0119ci.<\/strong> <strong>Mo\u017cemy spodziewa\u0107 si\u0119 prowokacji. Nie ufam Niemcom za grosz. To dlatego pisz\u0105, \u017ce mo\u017cemy spodziewa\u0107 si\u0119 wojny za trzy lata. Przecie\u017c na Litwie b\u0119dzie brygada z Niemiec. A Prezydent m\u00f3wi o demonta\u017cu NS2. Co r\u00f3wnie\u017c wywo\u0142a wojn\u0119.<\/strong> <strong>M\u00f3wi\u0142 te\u017c o demonta\u017cu Rosji.<\/strong> <strong>Brygada z Niemiec to 5000 \u017co\u0142nierzy, p\u00f3\u017aniej Polacy.<\/strong><\/p>\n\n\n\n<p><strong>Polska istnieje w granicach tera\u017aniejszych.<\/strong> <strong>\u0179r\u00f3d\u0142o: <a href=\"https:\/\/topol.org.pl\/?page_id=47\">Fragment<\/a><\/strong><\/p>\n\n\n\n<p><a href=\"https:\/\/youtu.be\/a-q0lzfitV0?t=161\">Kancelaria Prezesa Rady Ministr\u00f3w<\/a> \u0179r\u00f3d\u0142o: <a href=\"https:\/\/www.youtube.com\/@natematpl\">naTemat<\/a>\/youtube.com<\/p>\n\n\n\n<p>06.02.2025 06.15 Nie ufam te\u017c zmieniaj\u0105cym histori\u0119. Na portalu <a href=\"https:\/\/www.unian.ua\/tourism\/news\/ne-tilki-chornobil-nazvano-naycikavishchi-miscya-dlya-temnogo-turizmu-12907104.html\">Unian<\/a> jest opisany <strong><a href=\"https:\/\/pl.wikipedia.org\/wiki\/Auschwitz-Birkenau\">Auschwitz-Birkenau<\/a><\/strong>. <strong>Niemiecki <a href=\"https:\/\/pl.wikipedia.org\/wiki\/Nazizm\">nazistowski<\/a> ob\u00f3z koncentracyjny i Zag\u0142ady<\/strong> (<a href=\"https:\/\/pl.wikipedia.org\/wiki\/III_Rzesza\">1940\u20131945<\/a>). <strong>Trzeba odrzuci\u0107 <a href=\"https:\/\/pl.wikipedia.org\/wiki\/Nazizm\">ideologi\u0119 nazizmu<\/a> i przeprowadzi\u0107 <a href=\"https:\/\/pl.wikipedia.org\/wiki\/Denazyfikacja\">denazyfikacj\u0119<\/a>.<\/strong><\/p>\n\n\n\n<p>10.03.2025 06.42 &#8222;Naprzeciwko siedziby Bundestagu ods\u0142oni\u0119ty ma zosta\u0107 <strong><a href=\"https:\/\/www.rp.pl\/spoleczenstwo\/art41899461-w-berlinie-stanie-tymczasowy-pomnik-polskich-ofiar-nie-tylko-polacy-go-potrzebuja\">tymczasowy pomnik<\/a><\/strong> upami\u0119tniaj\u0105cy polskie ofiary niemieckiej okupacji&#8221; <\/p>\n\n\n\n<p>\u0179r\u00f3d\u0142o: <a href=\"https:\/\/www.rp.pl\/spoleczenstwo\/art41899461-w-berlinie-stanie-tymczasowy-pomnik-polskich-ofiar-nie-tylko-polacy-go-potrzebuja\">rp.pl<\/a><\/p>\n\n\n\n<p><strong>&#8222;m\u0142odzi Niemcy nie wymieniaj\u0105 Polak\u00f3w w\u015br\u00f3d ofiar drugiej wojny \u015bwiatowej&#8221;. Poziom zak\u0142amania jest niewiarygodny, zgin\u0119\u0142o 10 milion\u00f3w Polak\u00f3w. Trzeba si\u0119 opami\u0119ta\u0107.<\/strong> <strong>To nasi odwieczni Germanie.<\/strong><\/p>\n\n\n\n<p><a href=\"https:\/\/topol.org.pl\/?page_id=6187\">Fundacja: Narodowe Si\u0142y Samoobrony \u201eGrot\u201d<\/a><\/p>\n\n\n\n<p><\/p>\n\n\n\n<p><\/p>\n","protected":false},"excerpt":{"rendered":"<p>72 lata temu Armia Czerwona wyzwoli\u0142a ob\u00f3z Auschwitz&nbsp;\u0179r\u00f3d\u0142o:&nbsp;tvn24.pl To artyku\u0142 z 2017 roku teraz jest 80 rocznica wyzwolenia obozu koncentracyjnego w Auschwitz-Birkenau przez Armi\u0119 Czerwon\u0105. plan nazistowskich Niemc\u00f3w 80. rocznica wyzwolenia Obozu Auschwitz \u0179r\u00f3d\u0142o: Super Express &#8222;Ob\u00f3z Auschwitz utworzony zosta\u0142 przez Niemc\u00f3w w&nbsp;po\u0142owie 1940&nbsp;r. na&nbsp;przedmie\u015bciach O\u015bwi\u0119cimia, w\u0142\u0105czonego przez Niemc\u00f3w do&nbsp;III&nbsp;Rzeszy. By\u0142 najwi\u0119kszym z&nbsp;niemieckich oboz\u00f3w koncentracyjnych [&hellip;]<\/p>\n","protected":false},"author":1,"featured_media":0,"parent":0,"menu_order":219,"comment_status":"closed","ping_status":"closed","template":"","meta":{"footnotes":""},"class_list":["post-9055","page","type-page","status-publish","hentry"],"_links":{"self":[{"href":"https:\/\/topol.org.pl\/index.php?rest_route=\/wp\/v2\/pages\/9055","targetHints":{"allow":["GET"]}}],"collection":[{"href":"https:\/\/topol.org.pl\/index.php?rest_route=\/wp\/v2\/pages"}],"about":[{"href":"https:\/\/topol.org.pl\/index.php?rest_route=\/wp\/v2\/types\/page"}],"author":[{"embeddable":true,"href":"https:\/\/topol.org.pl\/index.php?rest_route=\/wp\/v2\/users\/1"}],"replies":[{"embeddable":true,"href":"https:\/\/topol.org.pl\/index.php?rest_route=%2Fwp%2Fv2%2Fcomments&post=9055"}],"version-history":[{"count":58,"href":"https:\/\/topol.org.pl\/index.php?rest_route=\/wp\/v2\/pages\/9055\/revisions"}],"predecessor-version":[{"id":10163,"href":"https:\/\/topol.org.pl\/index.php?rest_route=\/wp\/v2\/pages\/9055\/revisions\/10163"}],"wp:attachment":[{"href":"https:\/\/topol.org.pl\/index.php?rest_route=%2Fwp%2Fv2%2Fmedia&parent=9055"}],"curies":[{"name":"wp","href":"https:\/\/api.w.org\/{rel}","templated":true}]}}