{"id":9292,"date":"2025-02-08T10:06:06","date_gmt":"2025-02-08T09:06:06","guid":{"rendered":"https:\/\/topol.org.pl\/?page_id=9292"},"modified":"2025-02-24T15:28:14","modified_gmt":"2025-02-24T14:28:14","slug":"identity-est-mater-societatis","status":"publish","type":"page","link":"https:\/\/topol.org.pl\/?page_id=9292","title":{"rendered":"\u201eIdentity est mater societatis\u201d"},"content":{"rendered":"\n<p>\u201eTo\u017csamo\u015b\u0107 jest matk\u0105 spo\u0142ecze\u0144stwa\u201d<\/p>\n\n\n\n<p>\u0179r\u00f3d\u0142o:&nbsp;<a href=\"https:\/\/pl.wikipedia.org\/wiki\/Wincenty_Kad%C5%82ubek\">Wincenty Kad\u0142ubek<\/a><\/p>\n\n\n\n<p>07.02.2025 20.06&nbsp;<a href=\"https:\/\/www.youtube.com\/watch?v=xe69EB_cNbU&amp;t=15s\">Prof. Andrzej Nowak<\/a>: Tragiczne konsekwencje wynaradawiania. \u0179r\u00f3d\u0142o:&nbsp;<a href=\"https:\/\/www.youtube.com\/watch?v=xe69EB_cNbU&amp;t=15s\">Bia\u0142y Kruk<\/a><\/p>\n\n\n\n<ol class=\"wp-block-list\">\n<li><strong><a href=\"https:\/\/pl.wikipedia.org\/wiki\/Rozbiory_Polski\">Rozbiory Polski<\/a><\/strong><\/li>\n\n\n\n<li><strong><a href=\"https:\/\/pl.wikipedia.org\/wiki\/Powstanie_listopadowe\">Powstanie listopadowe<\/a><\/strong><\/li>\n\n\n\n<li><a href=\"https:\/\/pl.wikipedia.org\/wiki\/Branka\"><strong>Branka<\/strong><\/a>. <strong><a href=\"https:\/\/pl.wikipedia.org\/wiki\/Powstanie_styczniowe\">Powstanie styczniowe<\/a><\/strong><\/li>\n\n\n\n<li><strong><a href=\"https:\/\/pl.wikipedia.org\/wiki\/Rugi_pruskie\">Rugi pruskie<\/a><\/strong><\/li>\n\n\n\n<li><a href=\"https:\/\/pl.wikipedia.org\/wiki\/I_wojna_%C5%9Bwiatowa\"><strong>I wojna \u015bwiatowa<\/strong><\/a><\/li>\n\n\n\n<li><a href=\"https:\/\/pl.wikipedia.org\/wiki\/II_wojna_%C5%9Bwiatowa\"><strong>II wojna \u015bwiatowa<\/strong><\/a><\/li>\n\n\n\n<li><strong><a href=\"https:\/\/pl.wikipedia.org\/wiki\/Auschwitz-Birkenau\">Auschwitz-Birkenau<\/a><\/strong>.&nbsp;<strong>Niemiecki&nbsp;<a href=\"https:\/\/pl.wikipedia.org\/wiki\/Nazizm\">nazistowski<\/a>&nbsp;ob\u00f3z koncentracyjny i Zag\u0142ady<\/strong>&nbsp;(<a href=\"https:\/\/pl.wikipedia.org\/wiki\/III_Rzesza\">1940\u20131945<\/a>).<\/li>\n\n\n\n<li><strong><a href=\"https:\/\/pl.wikipedia.org\/wiki\/Wysiedlenie_Polak%C3%B3w_z_Kres%C3%B3w_Wschodnich_w_latach_1944%E2%80%931946\">Wysiedlenie Polak\u00f3w z Kres\u00f3w Wschodnich w latach 1944\u20131946<\/a><\/strong><\/li>\n\n\n\n<li><strong>Te wszystkie p\u0142oty na ca\u0142ym \u015bwiecie&nbsp;<a href=\"https:\/\/www.youtube.com\/watch?v=aaihuiT24Vg\">1<\/a>,&nbsp;<a href=\"https:\/\/www.youtube.com\/watch?v=vZTuJHda2os\">2<\/a>,&nbsp;<a href=\"https:\/\/www.youtube.com\/watch?v=8nij6dCgXcI\">3<\/a>, \u2026 i u nas <a href=\"https:\/\/www.google.com\/search?q=p%C5%82ot+na+granicy&amp;oq=p%C5%82ot+na+granicy&amp;gs_lcrp=EgZjaHJvbWUyBggAEEUYOdIBCTgxNzlqMGoxNagCCLACAQ&amp;sourceid=chrome&amp;ie=UTF-8\">na granicy<\/a>? Normalnie <a href=\"https:\/\/pl.wikipedia.org\/wiki\/Getto\">getto<\/a>.<\/strong><\/li>\n\n\n\n<li><strong>\u201e<a href=\"https:\/\/topol.org.pl\/?page_id=3752\">relokacja imigrant\u00f3w do Polski<\/a>\u201d<\/strong><\/li>\n\n\n\n<li><strong>Kto zorganizowa\u0142&nbsp;<a href=\"https:\/\/pl.wikipedia.org\/wiki\/Ustawa_JUST\">447<\/a>, kto tam je\u017adzi\u0142 i&nbsp;<a href=\"https:\/\/www.google.com\/search?q=mataczy%C5%82&amp;oq=mataczy%C5%82&amp;gs_lcrp=EgZjaHJvbWUyBggAEEUYOdIBCTQ5NDFqMGoxNagCCLACAQ&amp;sourceid=chrome&amp;ie=UTF-8\">mataczy\u0142<\/a>.<\/strong><\/li>\n\n\n\n<li><strong>\u201e<a href=\"https:\/\/topol.org.pl\/?page_id=8695\">obni\u017cenie standard\u00f3w dla\u00a0kontroler\u00f3w lot\u00f3w oraz\u00a0promocja r\u00f3\u017cnorodno\u015bci i\u00a0inkluzywno\u015bci<\/a>\u201e<\/strong><\/li>\n\n\n\n<li><a href=\"https:\/\/topol.org.pl\/?page_id=3684\"><strong>Fundacje i Stowarzyszenia<\/strong><\/a><\/li>\n\n\n\n<li><strong><a href=\"https:\/\/www.google.com\/search?q=Sabota%C5%BC+pa%C5%84stwowy&amp;oq=Sabota%C5%BC+pa%C5%84stwowy&amp;gs_lcrp=EgZjaHJvbWUyBggAEEUYOdIBCTI0MThqMGoxNagCCLACAQ&amp;sourceid=chrome&amp;ie=UTF-8\">Sabota\u017c pa\u0144stwowy<\/a><\/strong><\/li>\n\n\n\n<li><strong>&#8222;<a href=\"https:\/\/pl.wikipedia.org\/wiki\/Syzyf\">Toczenie kuli pod g\u00f3r\u0119<\/a>&#8222;<\/strong><\/li>\n\n\n\n<li><a href=\"https:\/\/pl.wikipedia.org\/wiki\/Nihilizm\"><strong>Destrukcja warto\u015bci.<\/strong><\/a><\/li>\n<\/ol>\n\n\n\n<p><a href=\"https:\/\/topol.org.pl\/?page_id=6187\">Fundacja: Narodowe Si\u0142y Samoobrony \u201eGrot\u201d<\/a><\/p>\n\n\n\n<p><\/p>\n","protected":false},"excerpt":{"rendered":"<p>\u201eTo\u017csamo\u015b\u0107 jest matk\u0105 spo\u0142ecze\u0144stwa\u201d \u0179r\u00f3d\u0142o:&nbsp;Wincenty Kad\u0142ubek 07.02.2025 20.06&nbsp;Prof. Andrzej Nowak: Tragiczne konsekwencje wynaradawiania. \u0179r\u00f3d\u0142o:&nbsp;Bia\u0142y Kruk Fundacja: Narodowe Si\u0142y Samoobrony \u201eGrot\u201d<\/p>\n","protected":false},"author":1,"featured_media":0,"parent":0,"menu_order":262,"comment_status":"closed","ping_status":"closed","template":"","meta":{"footnotes":""},"class_list":["post-9292","page","type-page","status-publish","hentry"],"_links":{"self":[{"href":"https:\/\/topol.org.pl\/index.php?rest_route=\/wp\/v2\/pages\/9292","targetHints":{"allow":["GET"]}}],"collection":[{"href":"https:\/\/topol.org.pl\/index.php?rest_route=\/wp\/v2\/pages"}],"about":[{"href":"https:\/\/topol.org.pl\/index.php?rest_route=\/wp\/v2\/types\/page"}],"author":[{"embeddable":true,"href":"https:\/\/topol.org.pl\/index.php?rest_route=\/wp\/v2\/users\/1"}],"replies":[{"embeddable":true,"href":"https:\/\/topol.org.pl\/index.php?rest_route=%2Fwp%2Fv2%2Fcomments&post=9292"}],"version-history":[{"count":17,"href":"https:\/\/topol.org.pl\/index.php?rest_route=\/wp\/v2\/pages\/9292\/revisions"}],"predecessor-version":[{"id":9318,"href":"https:\/\/topol.org.pl\/index.php?rest_route=\/wp\/v2\/pages\/9292\/revisions\/9318"}],"wp:attachment":[{"href":"https:\/\/topol.org.pl\/index.php?rest_route=%2Fwp%2Fv2%2Fmedia&parent=9292"}],"curies":[{"name":"wp","href":"https:\/\/api.w.org\/{rel}","templated":true}]}}