{"id":9406,"date":"2025-02-11T15:56:31","date_gmt":"2025-02-11T14:56:31","guid":{"rendered":"https:\/\/topol.org.pl\/?page_id=9406"},"modified":"2025-05-17T11:16:12","modified_gmt":"2025-05-17T09:16:12","slug":"obrona-cywilna","status":"publish","type":"page","link":"https:\/\/topol.org.pl\/?page_id=9406","title":{"rendered":"100000. \ud83c\uddf5\ud83c\uddf1"},"content":{"rendered":"\n<p>14..03.2025 09.10 Co by\u0142o na pocz\u0105tku jest na ko\u0144cu. <a href=\"https:\/\/topol.org.pl\/?page_id=10180\">Staro\u017cytna Polska.<\/a><\/p>\n\n\n\n<p>14.03.2025 10.15&nbsp;<a href=\"https:\/\/www.google.com\/search?q=King+of+Avalon&amp;oq=King+of+Avalon&amp;gs_lcrp=EgZjaHJvbWUyBggAEEUYOTIGCAEQRRg9MgYIAhBFGD3SAQkyMTk1ajBqMTWoAgiwAgE&amp;sourceid=chrome&amp;ie=UTF-8\">King of Avalon<\/a>. Ciekawe jaka to gra. <a href=\"https:\/\/topol.org.pl\/?page_id=10365\">Nigdy nie gra\u0142em<\/a>.<\/p>\n\n\n\n<p>14.03.2025 14.03 Planuj\u0119 wyjazd do Warszawy 21.03.2025 o godz. 6.00 w celu zarejestrowania komitetu wyborczego. <a href=\"https:\/\/wybory.gov.pl\/prezydent2025\/pl\/kalendarz\">Kalendarz wyborczy<\/a>. <a href=\"https:\/\/topol.org.pl\/?page_id=8567\">Czas nagli<\/a>,<\/p>\n\n\n\n<figure class=\"wp-block-table\"><table class=\"has-fixed-layout\"><tbody><tr><td>do&nbsp;dnia 24&nbsp;marca&nbsp;2025&nbsp;r. do&nbsp;godziny 16:15<\/td><td>zawiadamianie Pa\u0144stwowej Komisji Wyborczej o utworzeniu komitet\u00f3w wyborczych kandydat\u00f3w na Prezydenta Rzeczypospolitej Polskiej<\/td><\/tr><\/tbody><\/table><\/figure>\n\n\n\n<figure class=\"wp-block-table\"><table class=\"has-fixed-layout\"><tbody><tr><td>do&nbsp;dnia 4&nbsp;kwietnia&nbsp;2025&nbsp;r. do&nbsp;godz.&nbsp;16:00<\/td><td>zg\u0142aszanie do Pa\u0144stwowej Komisji Wyborczej kandydat\u00f3w na Prezydenta Rzeczypospolitej Polskiej<\/td><\/tr><\/tbody><\/table><\/figure>\n\n\n\n<h6 class=\"wp-block-heading\"><\/h6>\n\n\n\n<p><strong>W\u0142a\u015bciwie mog\u0119 nie zd\u0105\u017cy\u0107, ale co by by\u0142 ze mnie za strateg. Prawdziwe bitwy wygrywamy zachowuj\u0105c \u017celazne nerwy. Emocje jak w teleturnieju o 100000 z\u0142. M\u0142odsze pokolenie nie zna <a href=\"https:\/\/pl.wikipedia.org\/wiki\/Stirlitz\">Stirlitza<\/a> i jego s\u0142ynnego powiedzenia.<\/strong> <strong>B\u0119d\u0119 przeje\u017cd\u017ca\u0142 przez <a href=\"https:\/\/topol.org.pl\/?page_id=10871\">Pacan\u00f3w<\/a> (pozdrowi\u0119 wszystkich, ale nie oczekuj\u0119 powitania. Dzia\u0142am w ukryciu i w samotno\u015bci), Szyd\u0142\u00f3w. Odwiedz\u0119 \u015awi\u0119ty Krzy\u017c (kupi\u0119 pami\u0105tkowy kubek w sklepiku, zbi\u0142em poprzedni), <a href=\"https:\/\/topol.org.pl\/?page_id=5901\">Starachowice<\/a>. Od Starachowic przemkn\u0119 do Warszawy. W Warszawie odwiedz\u0119 ulubione miejsca. Na pewno b\u0119d\u0119 ko\u0142o Domu S\u0142owa Polskiego. Ko\u0142o mojego boiska. Dalej <a href=\"https:\/\/topol.org.pl\/?page_id=7049\">Szlakiem Marszu Niepodleg\u0142o\u015bci<\/a>.<\/strong> <strong>Zrobi\u0119 pami\u0105tkowe zdj\u0119cia.<\/strong> <strong><a href=\"https:\/\/topol.org.pl\/?page_id=10544\">Umieszcz\u0119 na stronie<\/a>.<\/strong><\/p>\n\n\n\n<p>19.03.2025 08.14 <a href=\"https:\/\/www.youtube.com\/watch?v=Q83vqi5SaTQ\">REBELIA POLSKI PRZECIWKO PRAWU UE?<\/a> \u0179r\u00f3d\u0142o: <a href=\"https:\/\/www.youtube.com\/@interia_pl\">INTERIA<\/a><\/p>\n\n\n\n<p><strong>W momencie zaprzysi\u0119\u017cenia powo\u0142amy S\u0105d. (5. Rada Stanu powo\u0142uje nowy S\u0105d w Polsce) \u0179r\u00f3d\u0142o: <a href=\"https:\/\/topol.org.pl\/?page_id=47\">Fragment<\/a><\/strong><\/p>\n\n\n\n<p><strong>S\u0119dzia Dago-<a href=\"https:\/\/translate.google.com\/?sl=pl&amp;tl=la&amp;text=S%C4%99dzia%20Dago%0A&amp;op=translate\">Dago iudex<\/a><\/strong>.<\/p>\n\n\n\n<p><strong>Nab\u00f3r kandydat\u00f3w-<a href=\"https:\/\/translate.google.com\/?sl=pl&amp;tl=la&amp;text=Nab%C3%B3r%20kandydat%C3%B3w%0A%0A&amp;op=translate\">Cooptatione candidatorum<\/a><\/strong><\/p>\n\n\n\n<p><strong>Palestra s\u0119dzi\u00f3w-<a href=\"https:\/\/translate.google.com\/?sl=pl&amp;tl=la&amp;text=Palestra%20s%C4%99dzi%C3%B3w&amp;op=translate\">Bar iudicum<\/a><\/strong><\/p>\n\n\n\n<p><strong>G\u0142\u00f3wnym celem mojego s\u0105du jest przywr\u00f3cenie praworz\u0105dno\u015bci-                 <a href=\"https:\/\/translate.google.com\/?sl=pl&amp;tl=la&amp;text=G%C5%82%C3%B3wnym%20celem%20mojego%20s%C4%85du%20jest%20przywr%C3%B3cenie%20praworz%C4%85dno%C5%9Bci&amp;op=translate\">Praecipuum propositum meae curiae est regulam iuris restituere<\/a><\/strong><\/p>\n\n\n\n<p><a href=\"https:\/\/www.google.com\/search?q=palestra+s%C4%99dzi%C3%B3w&amp;oq=palestra+s%C4%99dzi%C3%B3w&amp;gs_lcrp=EgZjaHJvbWUyBggAEEUYOdIBCjEwMzI4ajBqMTWoAgiwAgE&amp;sourceid=chrome&amp;ie=UTF-8\">Czym by\u0142a Palestra?<\/a><\/p>\n\n\n\n<p><a href=\"https:\/\/pl.wikipedia.org\/wiki\/Adwokatura\">W dawnej Polsce palestr\u0105 nazywano<\/a> og\u00f3\u0142 os\u00f3b trudni\u0105cych si\u0119&nbsp;<a href=\"https:\/\/pl.wikipedia.org\/wiki\/Pe%C5%82nomocnictwo\">zast\u0119pstwem procesowym<\/a>. Palestra uzyska\u0142a du\u017ce znaczenie ju\u017c w&nbsp;<a href=\"https:\/\/pl.wikipedia.org\/wiki\/XVII_wiek\">XVII<\/a>&nbsp;i&nbsp;<a href=\"https:\/\/pl.wikipedia.org\/wiki\/XVIII_wiek\">XVIII<\/a>&nbsp;w., do czego walnie przyczyni\u0142o si\u0119&nbsp;<a href=\"https:\/\/pl.wikipedia.org\/wiki\/Agresja_(psychologia)\">pieniactwo<\/a>&nbsp;szlachty i przewlek\u0142o\u015b\u0107 proces\u00f3w s\u0105dowych. Prawo procesowe instytucj\u0119 zast\u0119pcy procesowego zna ju\u017c od&nbsp;<a href=\"https:\/\/pl.wikipedia.org\/wiki\/XV_wiek\">XV<\/a>&nbsp;w. Zawodowe, odp\u0142atne zast\u0119pstwo procesowe znano od prze\u0142.&nbsp;<a href=\"https:\/\/pl.wikipedia.org\/wiki\/XV_wiek\">XV<\/a>&nbsp;i&nbsp;<a href=\"https:\/\/pl.wikipedia.org\/wiki\/XVI_wiek\">XVI<\/a>&nbsp;w.&nbsp;<a href=\"https:\/\/pl.wikipedia.org\/wiki\/Statuty_nieszawskie\">Przywileje nieszawskie<\/a>&nbsp;nakazywa\u0142y da\u0107 stronie zast\u0119pc\u0119 na jej pro\u015bb\u0119, je\u015bli sama nie dawa\u0142a sobie rady. Pocz\u0105tkowo p\u0142atnych zast\u0119pc\u00f3w procesowych zwano&nbsp;<a href=\"https:\/\/pl.wikipedia.org\/wiki\/Prokurator\">prokuratorami<\/a>, a ich stanowisko i obowi\u0105zki zawodowe okre\u015bla\u0142y ordynacje kr\u00f3lewskie. Samodzielny zast\u0119pca procesowy zwany by\u0142 patronem, a jego zast\u0119pca dependentem. \u0179r\u00f3d\u0142o: <a href=\"https:\/\/pl.wikipedia.org\/wiki\/Adwokatura\">Wikipedia<\/a><\/p>\n\n\n\n<p><strong>W zwi\u0105zku z tym, \u017ce nie mam wiedzy, kto jest <a href=\"https:\/\/www.google.com\/search?q=paleo-s%C4%99dzi%C4%85&amp;oq=paleo-s%C4%99dzi%C4%85&amp;gs_lcrp=EgZjaHJvbWUyBggAEEUYOdIBCTI2NTdqMGoxNagCCLACAQ&amp;sourceid=chrome&amp;ie=UTF-8\">paleo-s\u0119dzi\u0105<\/a> a kto jest neo-s\u0119dzi\u0105 to zatwierdz\u0119 stan obecny. Ale bez powi\u0105za\u0144 z Uni\u0105. I <a href=\"https:\/\/www.google.com\/search?q=kleptokracja&amp;oq=kleptokracja&amp;gs_lcrp=EgZjaHJvbWUyBggAEEUYOdIBCTgzNTBqMGoxNagCCLACAQ&amp;sourceid=chrome&amp;ie=UTF-8\"><em>Kleptokracj<\/em>\u0105<\/a>.<\/strong><\/p>\n\n\n\n<p><strong>Nast\u0119pnie, ka\u017cdy S\u0119dzia z\u0142o\u017cy przysi\u0119g\u0119 na konstytucj\u0119 z 11.10.2023 r. wyg\u0142aszaj\u0105c&#8230;<\/strong> <strong>PREAMBU\u0141A.<\/strong><\/p>\n\n\n\n<p><strong>\u201eMiejcie nadziej\u0119, wytrwa\u0142o\u015b\u0107, odwag\u0119 i m\u00f3dlcie si\u0119, a ciemi\u0119\u017ccy wasi run\u0105 i Kr\u00f3lestwo Polskie powr\u00f3ci\u201d S\u0142owa Piusa IX* po 228 latach nabieraj\u0105 mocy.<br>Wojsko, zacz\u0119\u0142o wybiera\u0107 kr\u00f3l\u00f3w. Najwi\u0119ksz\u0105 w\u0142adz\u0119 w Kr\u00f3lestwie (<em>Corona Regni Poloniae<\/em>) ma w kolejno\u015bci Kr\u00f3l, Prezydent, Rz\u0105d i Sejm. Czw\u00f3rpodzia\u0142 w\u0142adzy. W bardzo wa\u017cnych sprawach decyduje Kr\u00f3l. Cywile nawet na najwy\u017cszym stanowisku w pa\u0144stwie nie odpowiadaj\u0105 za nic. Za bezpiecze\u0144stwo pa\u0144stwa odpowiada Kr\u00f3l, Wojsko Polskie i S\u0142u\u017cby. Jestem \u201eDux Poloniae\u201d od 09.02.2023 roku. W lipcu by\u0142em na \u0141ysej G\u00f3rze-<a href=\"https:\/\/pl.wikipedia.org\/wiki\/Krzy%C5%BC_Prawdziwy\">\u015awi\u0119ty Krzy\u017c<\/a>&nbsp;i z\u0142o\u017cy\u0142em przysi\u0119g\u0119 przed Bogiem i Krzy\u017cem Pana Jezusa. Zawo\u0142anie na powitanie w\u0142adcy Polski \u201eid\u017a, kr\u00f3lu\u201d po \u0142acinie \u201eGo wo rex\u201d<\/strong><\/p>\n\n\n\n<p><strong>\u0179r\u00f3d\u0142o: <a href=\"https:\/\/topol.org.pl\/?page_id=47\">Fragment<\/a><\/strong><\/p>\n\n\n\n<p><strong>W godzinach popo\u0142udniowych zbierzemy si\u0119 na Stadionie Narodowym.<\/strong> <\/p>\n\n\n\n<p><strong>Z okazji 1000-lecia Kr\u00f3lestwa Polskiego wybijemy monet\u0119 z\u0142ot\u0105, 1 uncja.<\/strong><\/p>\n\n\n\n<ol class=\"wp-block-list\">\n<li><a href=\"https:\/\/www.youtube.com\/watch?v=new9m0wyIeI\">ROTA &#8211; pie\u015b\u0144 patriotyczna<\/a> \u0179r\u00f3d\u0142o: <a href=\"https:\/\/www.youtube.com\/channel\/UCOIEJ9hx8GdR_ki52w1guqQ\">Julia Nowak<\/a><\/li>\n\n\n\n<li><a href=\"https:\/\/www.youtube.com\/watch?v=g0aTBYCJf-E\">Duch Narodu Polskiego<\/a> \u0179r\u00f3d\u0142o: <a href=\"https:\/\/www.youtube.com\/@ProHitsAI\">Pro Hits AI<\/a><\/li>\n\n\n\n<li>\u201e<a href=\"https:\/\/www.youtube.com\/watch?v=Cp54Dokf8ac\">Wolno\u015b\u0107<\/a> &#8211; <a href=\"https:\/\/pl.wikipedia.org\/wiki\/Te_Deum\">Te Deum<\/a>\u201d \u0179r\u00f3d\u0142o: <a href=\"https:\/\/www.youtube.com\/@WROCLAW.PL_WIDEO\">WROC\u0141AW_PL<\/a><\/li>\n\n\n\n<li><a href=\"https:\/\/www.youtube.com\/watch?v=ZTKT09aFzYA\">Bia\u0142e R\u00f3\u017ce \u2013 Tradycyjna polska pie\u015b\u0144 \u017co\u0142nierska<\/a> \u0179r\u00f3d\u0142o: <a href=\"https:\/\/www.youtube.com\/@Kto_Ty_Jeste%C5%9B_Polak_Ma%C5%82y\">Kto Ty Jeste\u015b?<\/a><\/li>\n\n\n\n<li><a href=\"https:\/\/www.youtube.com\/watch?v=kS2k7wJI7x4\">Marsz Triumfalny Jana III Sobieskiego<\/a> \u0179r\u00f3d\u0142o: <a href=\"https:\/\/www.youtube.com\/@polisheagle4346\">Polish Eagle<\/a><\/li>\n\n\n\n<li><a href=\"https:\/\/www.youtube.com\/watch?v=j0CN7o_Q07U\">Jak d\u0142ugo w sercach naszych<\/a> \u0179r\u00f3d\u0142o: <a href=\"https:\/\/www.youtube.com\/@polisheagle4346\">Polish Eagle<\/a> Hymn Wis\u0142y Krak\u00f3w<\/li>\n\n\n\n<li><a href=\"https:\/\/www.youtube.com\/watch?v=y3m2aFjnxCI\">&#8222;Sen o Warszawie&#8221;<\/a> Hymn Legii Warszawa <a href=\"https:\/\/www.youtube.com\/watch?v=y3m2aFjnxCI\">po raz pierwszy w 2015 roku<\/a><\/li>\n\n\n\n<li><a href=\"https:\/\/www.spiewnikniepodleglosci.pl\/wp-content\/uploads\/2017\/12\/rota-tekst.pdf\">Rota-tekst<\/a> \u0179r\u00f3d\u0142o: <a href=\"https:\/\/www.spiewnikniepodleglosci.pl\/\">spiewnikniepodleglosci.pl<\/a><\/li>\n<\/ol>\n\n\n\n<p class=\"has-primary-background-color has-background\">20.01.2025 14.00&nbsp;<strong>Od tego dnia<\/strong>&nbsp;<strong>staram si\u0119 o poparcie od os\u00f3b anonimowych (bez autorytetu naukowego), nie tworz\u0105cych \u017cadnego ugrupowania, si\u0142y politycznej. Po prostu trzeba&nbsp;<a href=\"https:\/\/pl.wikipedia.org\/wiki\/Szcz%C4%99%C5%9Bcie\">liczy\u0107 na szcz\u0119\u015bcie<\/a>,&nbsp;<a href=\"https:\/\/topol.org.pl\/?page_id=8567\">jak w grach liczbowych<\/a>. Musz\u0119 za\u0142o\u017cy\u0107&nbsp;komitet wyborczy. Mo\u017ce pod koniec lutego. B\u0119d\u0119 w Warszawie i stan\u0119 ze stolikiem wyborczym w centrum miasta. Wtedy(<a href=\"https:\/\/topol.org.pl\/wp-content\/uploads\/2025\/02\/Wazne-100000.odt\">wa\u017cne<\/a>) na stronie <a href=\"https:\/\/topol.org.pl\/wp-content\/uploads\/2025\/02\/Komitet-Wyborczy-Kandydata-na-Prezydenta-Rzeczypospolitej-Polskiej-DARIUSZ-GOWOREK-10.docx\">umieszcz\u0119&nbsp;Za\u0142\u0105cznik nr 10<\/a> Wykaz podpis\u00f3w<\/strong>. <strong>Podpisy poparcia mo\u017cna zbiera\u0107 dopiero jak za\u0142o\u017cymy komitet wyborczy <a href=\"https:\/\/wybory.gov.pl\/prezydent2025\/pl\/komitety\">widoczny w rejestrze<\/a>. Data musi by\u0107 widoczna na li\u015bcie poparcia.&nbsp;Jak zbior\u0119 100 tysi\u0119cy podpis\u00f3w przys\u0142anych listem poleconym na m\u00f3j adres domowy, zg\u0142osz\u0119 list\u0119 podpis\u00f3w do PKW. Niestety nie jestem osob\u0105 publiczn\u0105, czyli do czasu wybor\u00f3w nie b\u0119d\u0119 prowadzi\u0142, \u017cadnej kampanii wyborczej. Prosz\u0119 do\u0142\u0105czy\u0107 kartk\u0119 pocztow\u0105 z \u017cyczeniami \u201ePomy\u015blno\u015bci&nbsp;dla Polski\u201d.<\/strong><\/p>\n\n\n\n<p class=\"has-primary-background-color has-background\"><strong><a href=\"https:\/\/topol.org.pl\/?page_id=8094\">Adres do dor\u0119czenia list\u00f3w z podpisem poparcia wyborczego dla:<\/a><\/strong><\/p>\n\n\n\n<p class=\"has-primary-background-color has-background\"><strong><a href=\"https:\/\/topol.org.pl\/?page_id=8094\">Dariusz Goworek<\/a><\/strong><\/p>\n\n\n\n<p class=\"has-primary-background-color has-background\"><strong><a href=\"https:\/\/topol.org.pl\/?page_id=8094\">33-370 Muszyna Szczawnik 4 B<\/a><\/strong><\/p>\n\n\n\n<p><\/p>\n\n\n\n<p class=\"has-primary-background-color has-background\"><strong>Za\u0142o\u017c\u0119 w swojej siedzibie wyborczej muzeum \u201ePomy\u015blno\u015bci dla Polski\u201d z ekspozycj\u0105 kartek pocztowych z \u017cyczeniami.<\/strong>&nbsp;<strong>Mo\u017ce zbior\u0119 tyle podpis\u00f3w, \u017ce nie trzeba b\u0119dzie robi\u0107 wybor\u00f3w prezydenckich.<\/strong><\/p>\n\n\n\n<p><a href=\"https:\/\/www.google.com\/search?q=Jak+d%C5%82ugo+w+sercach+naszych&amp;oq=Jak+d%C5%82ugo+w+sercach+naszych&amp;gs_lcrp=EgZjaHJvbWUyBggAEEUYOTIGCAEQRRg80gEJMjM2N2owajE1qAIIsAIB&amp;sourceid=chrome&amp;ie=UTF-8#wptab=si:APYL9btOMaxI48tKjOYdlPW3RyBplN8gAQzBdTKkB2IKbJ7kM9T8RmW6e56f40nA_2X21d_7dy2-FFawK-pyTRNBEvvBYQrjabEPuouHM1PC_kkb-JHvWD8RF0Mnvl184zPyqpvoF8fP2PKRCMj56JrtMXAcdmi_z8svD0uo-aqJh1gydcY95riH1eYx7JqB1WuHb3Ja9oOM\">Jak d\u0142ugo na Wawelu<\/a> Hymn Wis\u0142y Krak\u00f3w<\/p>\n\n\n\n<p>Jak d\u0142ugo w sercach naszych<br>Cho\u0107 kropla polskiej krwi<br>Jak d\u0142ugo w sercach naszych<br>Ojczysta mi\u0142o\u015b\u0107 tkwi<\/p>\n\n\n\n<p>Sta\u0107 b\u0119dzie kraj nasz ca\u0142y<br>Sta\u0107 b\u0119dzie Piast\u00f3w gr\u00f3d<br>Zwyci\u0119\u017cy Orze\u0142 Bia\u0142y<br>Zwyci\u0119\u017cy polski lud<\/p>\n\n\n\n<p>Sta\u0107 b\u0119dzie kraj nasz ca\u0142y<br>Sta\u0107 b\u0119dzie Piast\u00f3w gr\u00f3d<br>Zwyci\u0119\u017cy Orze\u0142 Bia\u0142y<br>Zwyci\u0119\u017cy polski lud<\/p>\n\n\n\n<p>Jak d\u0142ugo na Wawelu<br>Brzmi Zygmuntowski dzwon<br>Jak d\u0142ugo z g\u00f3r karpackich<br>Rozbrzmiewa polski ton<\/p>\n\n\n\n<p>Sta\u0107 b\u0119dzie kraj nasz ca\u0142y<br>Sta\u0107 b\u0119dzie Piast\u00f3w gr\u00f3d<br>Zwyci\u0119\u017cy Orze\u0142 Bia\u0142y<br>Zwyci\u0119\u017cy polski lud<\/p>\n\n\n\n<p>Sta\u0107 b\u0119dzie kraj nasz ca\u0142y<br>Sta\u0107 b\u0119dzie Piast\u00f3w gr\u00f3d<br>Zwyci\u0119\u017cy Orze\u0142 Bia\u0142y<br>Zwyci\u0119\u017cy polski lud<\/p>\n\n\n\n<p>Jak d\u0142ugo Wis\u0142a wody<br>Na Ba\u0142tyk b\u0119dzie s\u0142a\u0107<br>Jak d\u0142ugo polskie grody<br>Nad Wis\u0142\u0105 b\u0119d\u0105 sta\u0107<\/p>\n\n\n\n<p>Sta\u0107 b\u0119dzie kraj nasz ca\u0142y<br>Sta\u0107 b\u0119dzie Piast\u00f3w gr\u00f3d<br>Zwyci\u0119\u017cy Orze\u0142 Bia\u0142y<br>Zwyci\u0119\u017cy polski lud<\/p>\n\n\n\n<p>Sta\u0107 b\u0119dzie kraj nasz ca\u0142y<br>Sta\u0107 b\u0119dzie Piast\u00f3w gr\u00f3d<br>Zwyci\u0119\u017cy Orze\u0142 Bia\u0142y<br>Zwyci\u0119\u017cy polski lud<\/p>\n\n\n\n<p>Jak d\u0142ugo \u015bwi\u0119ta wiara<br>O\u017cywia polsk\u0105 krew<br>Sta\u0107 b\u0119dzie polska ca\u0142a<br>Bo ka\u017cdy Polak lew<\/p>\n\n\n\n<p>Sta\u0107 b\u0119dzie kraj nasz ca\u0142y<br>Sta\u0107 b\u0119dzie Piast\u00f3w gr\u00f3d<br>Zwyci\u0119\u017cy Orze\u0142 Bia\u0142y<br>Zwyci\u0119\u017cy polski lud<\/p>\n\n\n\n<p>Sta\u0107 b\u0119dzie kraj nasz ca\u0142y<br>Sta\u0107 b\u0119dzie Piast\u00f3w gr\u00f3d<br>Zwyci\u0119\u017cy Orze\u0142 Bia\u0142y<br>Zwyci\u0119\u017cy polski lud<\/p>\n\n\n\n<p><a href=\"https:\/\/www.youtube.com\/watch?v=y3m2aFjnxCI\">Sen o Warszawie Hymn Legii Warszawa<\/a><img loading=\"lazy\" decoding=\"async\" width=\"88\" height=\"88\" class=\"wp-image-9481\" style=\"width: 88px;\" src=\"https:\/\/topol.org.pl\/wp-content\/uploads\/2025\/02\/Legia-Warszawa.jpg\" alt=\"\"><\/p>\n\n\n\n<p>Mam tak samo jak ty<br>Miasto moje, a w nim<br>Najpi\u0119kniejszy m\u00f3j \u015bwiat<br>Najpi\u0119kniejsze dni<br>Zostawi\u0142em tam kolorowe sny<br>Kiedy\u015b zatrzymam czas<br>I na skrzyd\u0142ach jak ptak<br>B\u0119d\u0119 lecia\u0142 co si\u0142-tam<br>Gdzie moje sny<br>I warszawski dzie\u0144<br>Kolorowe dni<\/p>\n\n\n\n<p>Gdyby\u015b ujrze\u0107 chcia\u0142 nadwi\u015bla\u0144ski \u015bwit<br>Ju\u017c dzi\u015b wyruszaj ze mn\u0105 tam<br>Zobaczysz jak przywita pi\u0119knie nas<br>Warszawski dzie\u0144<\/p>\n\n\n\n<p>Mam tak samo jak ty<br>Miasto moje a w nim<br>Najpi\u0119kniejszy m\u00f3j \u015bwiat<br>Najpi\u0119kniejsze dni<br>Zostawi\u0142em tam kolorowe sny<\/p>\n\n\n\n<p>Gdyby\u015b ujrze\u0107 chcia\u0142<br>Nadwi\u015bla\u0144ski \u015bwit<br>Ju\u017c dzi\u015b wyruszaj ze mn\u0105 tam<br>Zobaczysz jak przywita pi\u0119knie nas<br>Warszawski dzie\u0144<br>Zobaczysz jak przywita pi\u0119knie nas<br>Warszawski dzie\u0144<br>Warszawski dzie\u0144<br>Warszawski dzie\u0144<\/p>\n\n\n\n<p class=\"has-primary-background-color has-background\">Legia Warszawa 1982-1984<\/p>\n\n\n\n<p class=\"has-primary-background-color has-background\">Sarmata Warszawa 1975-1985<\/p>\n\n\n\n<figure class=\"wp-block-image size-large\"><img loading=\"lazy\" decoding=\"async\" width=\"875\" height=\"1024\" src=\"https:\/\/topol.org.pl\/wp-content\/uploads\/2025\/02\/Wejscie_na_stadion_RKS_Sarmata_ok_1971-875x1024.jpg\" alt=\"SARMATA WARSZAWA\" class=\"wp-image-9471\" srcset=\"https:\/\/topol.org.pl\/wp-content\/uploads\/2025\/02\/Wejscie_na_stadion_RKS_Sarmata_ok_1971-875x1024.jpg 875w, https:\/\/topol.org.pl\/wp-content\/uploads\/2025\/02\/Wejscie_na_stadion_RKS_Sarmata_ok_1971-256x300.jpg 256w, https:\/\/topol.org.pl\/wp-content\/uploads\/2025\/02\/Wejscie_na_stadion_RKS_Sarmata_ok_1971-768x899.jpg 768w, https:\/\/topol.org.pl\/wp-content\/uploads\/2025\/02\/Wejscie_na_stadion_RKS_Sarmata_ok_1971-1312x1536.jpg 1312w, https:\/\/topol.org.pl\/wp-content\/uploads\/2025\/02\/Wejscie_na_stadion_RKS_Sarmata_ok_1971-1749x2048.jpg 1749w, https:\/\/topol.org.pl\/wp-content\/uploads\/2025\/02\/Wejscie_na_stadion_RKS_Sarmata_ok_1971.jpg 1758w\" sizes=\"auto, (max-width: 875px) 100vw, 875px\" \/><figcaption class=\"wp-element-caption\">Sarmata Warszawa<\/figcaption><\/figure>\n\n\n\n<p>&#8222;<a href=\"https:\/\/www.youtube.com\/watch?v=gkpf0fkh4Jw\">NIGDY NIE ZAPOMNIJCIE!<\/a>&#8221; \u0179r\u00f3d\u0142o: <a href=\"https:\/\/www.youtube.com\/watch?v=gkpf0fkh4Jw\">PolishFans TV<\/a> <a href=\"https:\/\/www.youtube.com\/watch?v=T9ubKlZCbXY\">Cze\u015b\u0107 I Chwa\u0142a Bohaterom<\/a><\/p>\n\n\n\n<p><a href=\"https:\/\/www.youtube.com\/watch?v=TSpEBBwkpPc\">Hymn Polski \/Spodek odlecia\u0142 !!! Obejrzyj. Ka\u017cdy Polak powinien to kiedy\u015b prze\u017cy\u0107!:)<\/a> \u0179r\u00f3d\u0142o:&nbsp;<a href=\"https:\/\/www.youtube.com\/watch?v=TSpEBBwkpPc\">MichauB<\/a><\/p>\n\n\n\n<p><a href=\"https:\/\/topol.org.pl\/?page_id=6187\">Fundacja: Narodowe Si\u0142y Samoobrony \u201eGrot\u201d<\/a><\/p>\n\n\n\n<p><\/p>\n","protected":false},"excerpt":{"rendered":"<p>14..03.2025 09.10 Co by\u0142o na pocz\u0105tku jest na ko\u0144cu. Staro\u017cytna Polska. 14.03.2025 10.15&nbsp;King of Avalon. Ciekawe jaka to gra. Nigdy nie gra\u0142em. 14.03.2025 14.03 Planuj\u0119 wyjazd do Warszawy 21.03.2025 o godz. 6.00 w celu zarejestrowania komitetu wyborczego. Kalendarz wyborczy. Czas nagli, do&nbsp;dnia 24&nbsp;marca&nbsp;2025&nbsp;r. do&nbsp;godziny 16:15 zawiadamianie Pa\u0144stwowej Komisji Wyborczej o utworzeniu komitet\u00f3w wyborczych kandydat\u00f3w na [&hellip;]<\/p>\n","protected":false},"author":1,"featured_media":0,"parent":0,"menu_order":264,"comment_status":"closed","ping_status":"closed","template":"","meta":{"footnotes":""},"class_list":["post-9406","page","type-page","status-publish","hentry"],"_links":{"self":[{"href":"https:\/\/topol.org.pl\/index.php?rest_route=\/wp\/v2\/pages\/9406","targetHints":{"allow":["GET"]}}],"collection":[{"href":"https:\/\/topol.org.pl\/index.php?rest_route=\/wp\/v2\/pages"}],"about":[{"href":"https:\/\/topol.org.pl\/index.php?rest_route=\/wp\/v2\/types\/page"}],"author":[{"embeddable":true,"href":"https:\/\/topol.org.pl\/index.php?rest_route=\/wp\/v2\/users\/1"}],"replies":[{"embeddable":true,"href":"https:\/\/topol.org.pl\/index.php?rest_route=%2Fwp%2Fv2%2Fcomments&post=9406"}],"version-history":[{"count":124,"href":"https:\/\/topol.org.pl\/index.php?rest_route=\/wp\/v2\/pages\/9406\/revisions"}],"predecessor-version":[{"id":12235,"href":"https:\/\/topol.org.pl\/index.php?rest_route=\/wp\/v2\/pages\/9406\/revisions\/12235"}],"wp:attachment":[{"href":"https:\/\/topol.org.pl\/index.php?rest_route=%2Fwp%2Fv2%2Fmedia&parent=9406"}],"curies":[{"name":"wp","href":"https:\/\/api.w.org\/{rel}","templated":true}]}}