{"id":9655,"date":"2025-02-17T08:25:11","date_gmt":"2025-02-17T07:25:11","guid":{"rendered":"https:\/\/topol.org.pl\/?page_id=9655"},"modified":"2026-01-09T11:04:14","modified_gmt":"2026-01-09T10:04:14","slug":"obrona-cywilna-2","status":"publish","type":"page","link":"https:\/\/topol.org.pl\/?page_id=9655","title":{"rendered":"Obrona cywilna"},"content":{"rendered":"\n<p>14.02.2025 10.00 Obrona cywilna  <\/p>\n\n\n\n<p><strong>\u201eSi vis pacem, para bellum\u201d-Je\u015bli chcesz pokoju, szykuj si\u0119 do wojny.<\/strong><\/p>\n\n\n\n<p>&amp; 28&nbsp;<strong>Obrona cywilna.<\/strong>&nbsp;<strong>Wys\u0142ucha\u0142em nagrania, jestem zbulwersowany.<\/strong><\/p>\n\n\n\n<p><strong>Powstaje projekt, kt\u00f3ry stwarza zagro\u017cenie dla funkcjonowania pa\u0144stwa. Zdecydowanie go odrzucam. Ukraina dobrze zaplanowa\u0142a. Ludzie kt\u00f3rzy chc\u0105 budowa\u0107 form\u0119 cywilnego oporu musz\u0105 dzia\u0142a\u0107 na swoim terenie, b\u0119d\u0105 uzbrojeni. B\u0119dzie powszechny dost\u0119p do broni. W moim pa\u0144stwie nie b\u0119dzie cenzury, ogranicze\u0144 w przemieszczaniu i przymusu obrony ojczyzny. To co powiedzia\u0142 ten pan to zagro\u017cenie dla obywateli. Naprawd\u0119 sytuacja si\u0119 zmieni\u0142a. Jak wys\u0142ucha\u0142em, dochodz\u0119 do wniosku, \u017ce w ko\u0142o s\u0105 szale\u0144cy. Dochodz\u0105 do g\u0142osu niebezpieczni ludzie. Ci co b\u0119d\u0105 chcieli wyjecha\u0107 maj\u0105 do tego prawo. Nie zak\u0142adam, \u017ce Rosjanie nas zaatakuj\u0105. Bia\u0142oru\u015b te\u017c nam nie zagra\u017ca. Zagra\u017caj\u0105 nam nieodpowiedzialni ludzie. Dlatego na pewno przerw\u0119 te plany.<\/strong>&nbsp;<strong>Gdyby pa\u0144stwo zorganizowa\u0142o taki projekt lub go popar\u0142o, to ja b\u0119d\u0119 walczy\u0142 z takim pa\u0144stwem. To jest totalitaryzm.<\/strong>&nbsp;<strong>Obrona cywilna mo\u017ce by\u0107 tylko dobrowolna.<\/strong>&nbsp;<strong>Obrona cywilna ma dzia\u0142a\u0107 na terenie zamieszkania.<\/strong>&nbsp;<strong>Nie planujcie wojny na naszym terytorium.<\/strong>&nbsp;<strong>Ludzie maj\u0105 by\u0107 uzbrojeni poniewa\u017c w czasie 2W\u015a Niemcy po wej\u015bciu na nasze terytorium likwidowali Polak\u00f3w przez rozstrzelanie i wywozili ich do oboz\u00f3w.<\/strong>&nbsp;<strong>Mamy si\u0119 broni\u0107 na terytorium wroga. Czyli w razie ataku mamy przemie\u015bci\u0107 wojsko na terytorium wroga, b\u0119dziemy atakowali terytorium wroga. Przy pomocy dron\u00f3w, artylerii. Samolot\u00f3w helikopter\u00f3w. Na terytorium pa\u0144stwa b\u0119dzie broni\u0142a si\u0119 obrona cywilna i obrona terytorialna. Obrona ma by\u0107 rozproszona, jeszcze raz rozproszona.<\/strong>&nbsp;<strong>Ci co b\u0119d\u0105 chcieli ewakuowa\u0107 rodzin\u0119 maj\u0105 do tego prawo.<\/strong> \u0179r\u00f3d\u0142o: <a href=\"https:\/\/topol.org.pl\/?page_id=47\">Fragment<\/a><\/p>\n\n\n\n<p><a href=\"https:\/\/pl.wikipedia.org\/wiki\/Jednostki_organizacyjne_wojska\">Jednostki organizacyjne wojska<\/a> &#8211; Armii zawodowej<\/p>\n\n\n\n<p>Struktura organizacyjna <strong>Obrony Cywilnej<\/strong> powinna mie\u0107 takie za\u0142o\u017cenia jak wojskowa.<\/p>\n\n\n\n<p><strong>ZASADA<\/strong>-zajm\u0119 si\u0119 obron\u0105 cywiln\u0105 osobi\u015bcie, <strong>nie podlega armii zawodowej<\/strong>.<\/p>\n\n\n\n<p>&#8222;Nie ufam nikomu, szczeg\u00f3lnie sojusznikom, dlatego trzeba liczy\u0107 tylko na siebie&#8221;<\/p>\n\n\n\n<p>Szczeg\u00f3lnie skupimy si\u0119 na:<\/p>\n\n\n\n<ul class=\"wp-block-list\">\n<li><a href=\"https:\/\/pl.wikipedia.org\/wiki\/Plik:Infantry_Platoon_Nato.svg\"><\/a>&nbsp;<a href=\"https:\/\/pl.wikipedia.org\/wiki\/Pluton_(wojsko)\">pluton<\/a>&nbsp;(<a href=\"https:\/\/pl.wikipedia.org\/wiki\/Klucz_(lotnictwo)\">klucz<\/a> dron\u00f3w zwiadowczych i bojowych)<\/li>\n\n\n\n<li><a href=\"https:\/\/pl.wikipedia.org\/wiki\/Plik:Infantry_section_Nato.svg\"><\/a>&nbsp;<a href=\"https:\/\/pl.wikipedia.org\/wiki\/Dru%C5%BCyna_(wojsko)\">dru\u017cyna<\/a>&nbsp;(<a href=\"https:\/\/pl.wikipedia.org\/wiki\/Dzia%C5%82on\">dzia\u0142on<\/a>,&nbsp;<a href=\"https:\/\/pl.wikipedia.org\/wiki\/Obs%C5%82uga_(wojsko)\">obs\u0142uga<\/a>,&nbsp;<a href=\"https:\/\/pl.wikipedia.org\/wiki\/Za%C5%82oga_(wojsko)\">za\u0142oga<\/a>,&nbsp;dron zwiadowczy, dron bojowy)<\/li>\n\n\n\n<li><a href=\"https:\/\/pl.wikipedia.org\/wiki\/Plik:Infantry_squad_Nato.svg\"><\/a>&nbsp;<a href=\"https:\/\/pl.wikipedia.org\/wiki\/Sekcja_(wojsko)\">sekcja<\/a><\/li>\n<\/ul>\n\n\n\n<p><a href=\"https:\/\/topol.org.pl\/?page_id=5736\">Nie ujawniamy danych<\/a>. Pos\u0142ugujemy si\u0119 <a href=\"https:\/\/pl.wikipedia.org\/wiki\/Pseudonim\">Pseudonim<\/a>.<\/p>\n\n\n\n<p><strong>Obrona cywilna organizuje, przemieszczanie ludno\u015bci. Jest <a href=\"https:\/\/topol.org.pl\/?page_id=9657\">przygotowana logistycznie<\/a> i zorganizowana do obrony. Ci co chc\u0105 wyjecha\u0107, musz\u0105 to robi\u0107 rozs\u0105dnie. Najlepiej nieucz\u0119szczanymi drogami. W\u0142adze powinny umo\u017cliwi\u0107 ewakuacj\u0119. Szczeg\u00f3lnie dla os\u00f3b starszych, chorych i kobiet z dzie\u0107mi. Najlepiej wydosta\u0107 si\u0119 z miasta. Na wsi \u0142atwiej przetrwa\u0107. Schrony s\u0105 do bani na d\u0142u\u017csz\u0105 met\u0119. Ka\u017cdy ma przewa\u017cnie lokum na wsi lepiej wyjecha\u0107 z miasta. Granice pa\u0144stwa musz\u0105 by\u0107 otwarte. Mo\u017cliwe, \u017ce nie b\u0119dzie \u0142\u0105czno\u015bci. Trzeba zadba\u0107 o ciep\u0142e ubranie, leki i namiot. Przyda si\u0119 saperka. Najwa\u017cniejsze nie panikowa\u0107 i uda\u0107 si\u0119 z dala od wa\u017cnych miejsc. Te miejsca s\u0105 przede wszystkim atakowane. Trzeba unika\u0107 du\u017cych skupisk ludzkich.<\/strong><\/p>\n\n\n\n<p>Jak przygotowa\u0107 si\u0119 do obrony cywilnej ? Cykl szkole\u0144.<\/p>\n\n\n\n<p>Specjalista od organizacji strzelnic na terenie gminy. Z Konfederacji.<\/p>\n\n\n\n<p><strong>ZASADA<\/strong>-zajm\u0119 si\u0119 obron\u0105 cywiln\u0105 osobi\u015bcie, <strong>nie podlega armii zawodowej<\/strong>.<\/p>\n\n\n\n<p><strong>Moje spostrze\u017cenia. Pa\u0144stwo szasta po\u017cyczonymi pieni\u0119dzmi na bezu\u017cyteczne uzbrojenie zakupione u naszych German\u00f3w.<\/strong> \u0179r\u00f3d\u0142o: <a href=\"https:\/\/www.rp.pl\/biznes\/art41803831-trzech-faworytow-w-wyscigu-o-okrety-podwodne\">rp.pl<\/a><\/p>\n\n\n\n<p><a href=\"https:\/\/www.youtube.com\/watch?v=MVrugcTHxX0\">Polski dow\u00f3dca we wrze\u015bniu 1939 roku?<\/a> \u0179r\u00f3d\u0142o: <a href=\"https:\/\/www.youtube.com\/@historianieoczywista\">Historia Nieoczywista<\/a><\/p>\n\n\n\n<p><strong>Moja ocena jest pozytywna. Poniewa\u017c w du\u017cych bitwach decyduje zarz\u0105dzanie skupione w r\u0119kach jednostek. Cz\u0119sto decyduje przypadek. Mo\u017ce gdyby armia by\u0142a wspomagana przez obron\u0119 cywiln\u0105 w terenie, to sytuacja potoczy\u0142aby si\u0119 inaczej. Ale tak\u0105 obron\u0105 cywiln\u0105 nie da si\u0119 sterowa\u0107. Ludzie musz\u0105 by\u0107 \u015bwiadomi i sami podejmowa\u0107 decyzje w ma\u0142ych grupach zbrojnych, sekcji, dru\u017cyny i plutonu.<\/strong> <strong>Polega to na sabota\u017cu na ty\u0142ach wroga.<\/strong> <strong>Jak \u015bpi.<\/strong><\/p>\n\n\n\n<p>14.02.2025 13.26 <strong>Jeszcze jedno, nie damy si\u0119 podpu\u015bci\u0107 do obrony innego kraju albo Europejczyk\u00f3w. To polityka Unii sprzyja Rosji, te \u0142ady i inne&#8230; nas os\u0142abiaj\u0105. Dlatego w jeden dzie\u0144 wypowiemy wszystkie utopie. Trzeba dba\u0107 o \u015brodowisko, ale m\u0105drze.<\/strong> <strong>W Polsce trzeba przede wszystkim zatrzyma\u0107 wod\u0119 na naszym terytorium i czerpa\u0107 energi\u0119 odnawialn\u0105 <a href=\"https:\/\/topol.org.pl\/?page_id=2698\">z wody<\/a>; <a href=\"https:\/\/pl.wikipedia.org\/wiki\/Jezioro_Soli%C5%84skie\">zapory hydrologiczne<\/a>, <a href=\"https:\/\/pl.wikipedia.org\/wiki\/Elektrownia_szczytowo-pompowa\">elektrownie szczytowo pompowe<\/a>.<\/strong><\/p>\n\n\n\n<p>16.02.2025 16.32 <strong>Kolektywny system bezpiecze\u0144stwa nie istnieje. Sojusznicy&#8230; jak oddamy im dowodzenie popchn\u0105 nas do wojny.<\/strong> <strong>Nie ma \u017cadnej solidarno\u015bci.<\/strong> <strong>To oszustwo.<\/strong> <strong>Nie ma \u017cadnych Europejczyk\u00f3w tylko suwerenne pa\u0144stwa narodowe.<\/strong> <strong>Jak ca\u0142kiem zintegrujemy si\u0119 z Europ\u0105 to p\u00f3jdziemy na wojn\u0119 z Rosj\u0105.<\/strong> <strong>Ukraina ma milionow\u0105 armi\u0119 i <a href=\"https:\/\/dorzeczy.pl\/kraj\/691510\/komorowski-za-wyslaniem-polskich-wojsk-na-ukraine.html\">nie trzeba \u017cadnych si\u0142 pokojowych<\/a>.<\/strong> <strong>To taka przestroga dla Ukrainy. Jak b\u0119dziecie chcieli si\u0142 pokojowych to podziel\u0105 wasze pa\u0144stwo na strz\u0119py. A z\u0142o\u017ca bogactw naturalnych sprzedadz\u0105 na gie\u0142dzie.<\/strong> <strong>Zapami\u0119tajcie tych co chc\u0105 wam pomaga\u0107 w rozbiorze. Ju\u017c widz\u0119 5 Anglik\u00f3w <\/strong><a href=\"https:\/\/www.cygara24.pl\/produkt\/cygaro-partagas-churchill\/\"><strong>z cygarem(churchill<\/strong>)<\/a><strong> i <a href=\"https:\/\/pl.wikipedia.org\/wiki\/Whisky\">Whisky<\/a>, 5 Niemc\u00f3w w <a href=\"https:\/\/www.google.com\/search?q=he%C5%82mach+wojskowych&amp;oq=he%C5%82mach+wojskowych&amp;gs_lcrp=EgZjaHJvbWUyBggAEEUYOdIBCTIxODRqMGoxNagCCLACAQ&amp;sourceid=chrome&amp;ie=UTF-8\">he\u0142mach wojskowych<\/a> jednego <a href=\"https:\/\/pl.wikipedia.org\/wiki\/Algieria_Francuska\">Francuza<\/a> i <a href=\"https:\/\/dorzeczy.pl\/opinie\/691423\/polscy-zolnierze-na-ukrainie-blaszczak-wyslanie-na-rzez.html\">ca\u0142\u0105 armi\u0119 Wojska Polskiego<\/a>.<\/strong> <strong>Jak wci\u0105gniecie nas do wojny to nawet wasi <a href=\"https:\/\/www.google.com\/search?q=ziomale&amp;oq=ziomale&amp;gs_lcrp=EgZjaHJvbWUyBggAEEUYOdIBCTIyMjBqMGoxNagCCLACAQ&amp;sourceid=chrome&amp;ie=UTF-8\">ziomale<\/a> b\u0119d\u0105 musieli ucieka\u0107.<\/strong> <strong>Przeczyta\u0142em, \u017ce maj\u0105 stacjonowa\u0107 w pasie demarkacyjnym wojska <a href=\"https:\/\/dorzeczy.pl\/swiat\/691606\/chiny-i-brazylia-wysla-zolnierzy-na-ukraine-propozycja-usa.html\">Chi\u0144skie i Brazylijskie<\/a>. Moim zdaniem to plan globalist\u00f3w. Podsy\u0142aj\u0105 nam dwa komunistyczne pa\u0144stwa. Czyli Eurazja z Davos to nie jest fikcja. Ja proponuj\u0119 rozmie\u015bci\u0107 na granicy dwa miliony dron\u00f3w uzbrojonych po z\u0119by. A najlepiej skorzysta\u0107 z mojego planu pokojowego.<\/strong> <a href=\"https:\/\/topol.org.pl\/?page_id=8244\"><strong>Da\u0142em projekt pokojowy.<\/strong>&nbsp;\u201e<strong>Wilk syty i owca ca\u0142a\u201d.<\/strong>&nbsp;<strong>To my musimy wyj\u015b\u0107 z inicjatyw\u0105.<\/strong>&nbsp;<strong>Jeszcze raz.<\/strong>&nbsp;<strong>Powy\u017cej napisa\u0142em<\/strong><\/a><strong>.<\/strong><\/p>\n\n\n\n<p><strong>Wsz\u0119dzie s\u0105 ludzie, kt\u00f3rzy maj\u0105 co\u015b do przekazania potrzebnego.<\/strong><\/p>\n\n\n\n<p><a href=\"https:\/\/topol.org.pl\/?page_id=6187\">Fundacja: Narodowe Si\u0142y Samoobrony \u201eGrot\u201d<\/a><\/p>\n\n\n\n<p><\/p>\n","protected":false},"excerpt":{"rendered":"<p>14.02.2025 10.00 Obrona cywilna \u201eSi vis pacem, para bellum\u201d-Je\u015bli chcesz pokoju, szykuj si\u0119 do wojny. &amp; 28&nbsp;Obrona cywilna.&nbsp;Wys\u0142ucha\u0142em nagrania, jestem zbulwersowany. Powstaje projekt, kt\u00f3ry stwarza zagro\u017cenie dla funkcjonowania pa\u0144stwa. Zdecydowanie go odrzucam. Ukraina dobrze zaplanowa\u0142a. Ludzie kt\u00f3rzy chc\u0105 budowa\u0107 form\u0119 cywilnego oporu musz\u0105 dzia\u0142a\u0107 na swoim terenie, b\u0119d\u0105 uzbrojeni. B\u0119dzie powszechny dost\u0119p do broni. W [&hellip;]<\/p>\n","protected":false},"author":1,"featured_media":0,"parent":0,"menu_order":246,"comment_status":"closed","ping_status":"closed","template":"","meta":{"footnotes":""},"class_list":["post-9655","page","type-page","status-publish","hentry"],"_links":{"self":[{"href":"https:\/\/topol.org.pl\/index.php?rest_route=\/wp\/v2\/pages\/9655","targetHints":{"allow":["GET"]}}],"collection":[{"href":"https:\/\/topol.org.pl\/index.php?rest_route=\/wp\/v2\/pages"}],"about":[{"href":"https:\/\/topol.org.pl\/index.php?rest_route=\/wp\/v2\/types\/page"}],"author":[{"embeddable":true,"href":"https:\/\/topol.org.pl\/index.php?rest_route=\/wp\/v2\/users\/1"}],"replies":[{"embeddable":true,"href":"https:\/\/topol.org.pl\/index.php?rest_route=%2Fwp%2Fv2%2Fcomments&post=9655"}],"version-history":[{"count":16,"href":"https:\/\/topol.org.pl\/index.php?rest_route=\/wp\/v2\/pages\/9655\/revisions"}],"predecessor-version":[{"id":9731,"href":"https:\/\/topol.org.pl\/index.php?rest_route=\/wp\/v2\/pages\/9655\/revisions\/9731"}],"wp:attachment":[{"href":"https:\/\/topol.org.pl\/index.php?rest_route=%2Fwp%2Fv2%2Fmedia&parent=9655"}],"curies":[{"name":"wp","href":"https:\/\/api.w.org\/{rel}","templated":true}]}}