{"id":9657,"date":"2025-02-17T08:29:59","date_gmt":"2025-02-17T07:29:59","guid":{"rendered":"https:\/\/topol.org.pl\/?page_id=9657"},"modified":"2026-01-09T11:04:25","modified_gmt":"2026-01-09T10:04:25","slug":"logistyka","status":"publish","type":"page","link":"https:\/\/topol.org.pl\/?page_id=9657","title":{"rendered":"Logistyka"},"content":{"rendered":"\n<p>17.02.2025 08.29 Logistyka<\/p>\n\n\n\n<p>Termin&nbsp;<em>Logistyka<\/em>&nbsp;pocz\u0105tkowo zwi\u0105zany by\u0142 z wojskiem. Pojawi\u0142 si\u0119 on jako jeden z element\u00f3w sztuki prowadzenia walki (obok strategii i taktyki) ju\u017c w X wieku w traktacie wojennym cesarza Bizancjum&nbsp;<a href=\"https:\/\/pl.wikipedia.org\/wiki\/Leon_VI_Filozof\">Leona VI<\/a>&nbsp;pt.&nbsp;<em>Sumaryczne wy\u0142o\u017cenie sztuki wojennej<\/em>. Wsp\u00f3\u0142czesne znaczenie&nbsp;<a href=\"https:\/\/pl.wikipedia.org\/wiki\/Logistyka_(wojsko)\">logistyki wojskowej<\/a>&nbsp;zapocz\u0105tkowane zosta\u0142o w opublikowanym w 1838 roku dziele&nbsp;<em>Zarys sztuki wojennej<\/em>&nbsp;<a href=\"https:\/\/pl.wikipedia.org\/wiki\/Antoine-Henri_Jomini\">Antoine-Henriego Jominiego<\/a><sup><a href=\"https:\/\/pl.wikipedia.org\/wiki\/Logistyka#cite_note-rzeczynski-3\">[3]<\/a><\/sup>. \u0179r\u00f3d\u0142o: Wikipedia<\/p>\n\n\n\n<p>17.02.2025 16.02 <a href=\"https:\/\/www.pap.pl\/aktualnosci\/w-bydgoszczy-otwarto-centrum-analiz-szkolenia-i-edukacji-nato-ukraina\">W Bydgoszczy odby\u0142o si\u0119 w poniedzia\u0142ek otwarcie Centrum Analiz, Szkolenia i Edukacji NATO-Ukraina (JATEC)<\/a> \u0179r\u00f3d\u0142o: pap.pl<\/p>\n\n\n\n<p>17.02.2025 16.07 &#8222;Jeste\u015bmy hubem zabezpieczaj\u0105cym logistyczne wsparcie dla Ukrainy od ponad tysi\u0105ca dni &#8211; m\u00f3wi\u0142 na konferencji prasowej w Bydgoszczy wicepremier i minister obrony narodowej W\u0142adys\u0142aw Kosiniak-Kamysz&#8221; \u0179r\u00f3d\u0142o: <a href=\"https:\/\/www.rp.pl\/konflikty-zbrojne\/art41814581-wicepremier-nie-przygotowujemy-sie-do-wyslania-polskich-zolnierzy-na-ukraine\">rp.pl<\/a><\/p>\n\n\n\n<p>&#8222;Nie planujemy wysy\u0142ania \u017co\u0142nierzy polskich na Ukrain\u0119 i nie przygotowujemy si\u0119 do wys\u0142ania polskich \u017co\u0142nierzy na Ukrain\u0119-W\u0142adys\u0142aw Kosiniak-Kamysz&#8221; \u0179r\u00f3d\u0142o: <a href=\"https:\/\/www.rp.pl\/konflikty-zbrojne\/art41814581-wicepremier-nie-przygotowujemy-sie-do-wyslania-polskich-zolnierzy-na-ukraine\">rp.pl<\/a><\/p>\n\n\n\n<p>17.02.2025 19.11&#8243;<a href=\"https:\/\/www.youtube.com\/watch?v=lDNU5LkaYl4\">Nie przewidujemy wys\u0142ania wojsk na Ukrain\u0119<\/a>&#8221; \u0179r\u00f3d\u0142o: <a href=\"https:\/\/www.youtube.com\/@natematpl\">naTemat<\/a><\/p>\n\n\n\n<p>17.02.2025 20.06 <a href=\"https:\/\/www.youtube.com\/watch?v=8f5wip67Ups\">Szczyt Unii Europejskiej w Pary\u017cu! I co teraz? Zgoda na reset USA-Rosja? Komentuje P. Lisicki<\/a> \u0179r\u00f3d\u0142o: <a href=\"https:\/\/www.youtube.com\/@tygodnikDoRzeczy\">Tygodnik DoRzeczy<\/a><\/p>\n\n\n\n<p>18.02.2025 08.11 <strong>Zabezpieczenie logistyczne w zarz\u0105dzaniu kryzysowym<\/strong><\/p>\n\n\n\n<p>25.02.2025 10.42 <a href=\"https:\/\/dorzeczy.pl\/kraj\/694300\/francja-blokuje-przedluzenie-przez-nato-rurociagu-z-niemiec-do-polski.html\">Decyzje NATO dotycz\u0105ce Polski.<\/a> \u0179r\u00f3d\u0142o: DoRzeczy.pl<\/p>\n\n\n\n<p><strong>Nie planujemy dzia\u0142a\u0144 zbrojnych na naszym terytorium, dlatego nie chcemy przed\u0142u\u017ca\u0107 ruroci\u0105gu z Niemiec do Polski.<\/strong> <strong>Wojska Ameryka\u0144skie maj\u0105 baz\u0119 w Niemczech dlatego do tej pory nam nie zagra\u017caj\u0105.<\/strong> <strong>Obronimy si\u0119 sami.<\/strong><\/p>\n\n\n\n<p>25.02.2025 16.00 Jacek Bartosiak: USA Trumpa nie wymusz\u0105 na Ukrainie pokoju. To Polska jest g\u0142\u00f3wnym rozgrywaj\u0105cym \u0179r\u00f3d\u0142o: Radio Wnet<\/p>\n\n\n\n<p><strong>Niemcy chc\u0105 wsp\u00f3\u0142pracowa\u0107 z Chinami i z Rosj\u0105. Jak pozb\u0119d\u0105 si\u0119 Amerykan\u00f3w i ich zast\u0105pi\u0105 w Europie dogadaj\u0105 si\u0119 z Ukrain\u0105 i wch\u0142on\u0105 Polsk\u0119. Po prostu nie b\u0119dzie pa\u0144stwa polskiego. Powinni\u015bmy d\u0105\u017cy\u0107 do zawarcia pokoju na Ukrainie. Bo trzeba przede wszystkim szanowa\u0107 pok\u00f3j. Rzeczywi\u015bcie jeste\u015bmy najwa\u017cniejszym rozgrywaj\u0105cym. Jako &#8222;<a href=\"https:\/\/topol.org.pl\/?page_id=4512\">Pa\u0144stwo Z\u0142otego \u015arodka<\/a>&#8222;. Kr\u00f3lestwo S\u0142owia\u0144skie \u201eWielka Lechia\u201d<\/strong> (<strong>Mi\u0119dzymorze) wsp\u00f3\u0142pracuj\u0105ce z Amerykanami i z Rosj\u0105. Ja nie chc\u0119 \u017ceby\u015bmy znikn\u0119li w otch\u0142ani totalitarnej utopi komunistycznej, niemiecko- chi\u0144skiej. Czyli globalistycznej Eurazji pod patronatem z Davos. <a href=\"https:\/\/topol.org.pl\/?page_id=9406\">Musimy zachowa\u0107 suwerenno\u015b\u0107 i niepodleg\u0142o\u015b\u0107<\/a>.<\/strong> <strong>Oczywi\u015bcie sami powinni\u015bmy si\u0119 zbroi\u0107 na rynku lokalnym.<\/strong><\/p>\n\n\n\n<p>25.02.2025 19.00 <a href=\"https:\/\/youtu.be\/TBrhOJqAUDk?t=1982\">&#8222;Wygl\u0105da na to, \u017ce Ukraina przegra\u0142a wojn\u0119.&#8221; Miller wskazuje za kim powinna pod\u0105\u017ca\u0107 Polska<\/a> \u0179r\u00f3d\u0142o: <a href=\"https:\/\/www.youtube.com\/@polsatnewsplofc\">polsatnews.pl<\/a><\/p>\n\n\n\n<p><a href=\"https:\/\/topol.org.pl\/?page_id=6187\">Fundacja: Narodowe Si\u0142y Samoobrony \u201eGrot\u201d<\/a><\/p>\n\n\n\n<p><\/p>\n","protected":false},"excerpt":{"rendered":"<p>17.02.2025 08.29 Logistyka Termin&nbsp;Logistyka&nbsp;pocz\u0105tkowo zwi\u0105zany by\u0142 z wojskiem. Pojawi\u0142 si\u0119 on jako jeden z element\u00f3w sztuki prowadzenia walki (obok strategii i taktyki) ju\u017c w X wieku w traktacie wojennym cesarza Bizancjum&nbsp;Leona VI&nbsp;pt.&nbsp;Sumaryczne wy\u0142o\u017cenie sztuki wojennej. Wsp\u00f3\u0142czesne znaczenie&nbsp;logistyki wojskowej&nbsp;zapocz\u0105tkowane zosta\u0142o w opublikowanym w 1838 roku dziele&nbsp;Zarys sztuki wojennej&nbsp;Antoine-Henriego Jominiego[3]. \u0179r\u00f3d\u0142o: Wikipedia 17.02.2025 16.02 W Bydgoszczy odby\u0142o [&hellip;]<\/p>\n","protected":false},"author":1,"featured_media":0,"parent":0,"menu_order":247,"comment_status":"closed","ping_status":"closed","template":"","meta":{"footnotes":""},"class_list":["post-9657","page","type-page","status-publish","hentry"],"_links":{"self":[{"href":"https:\/\/topol.org.pl\/index.php?rest_route=\/wp\/v2\/pages\/9657","targetHints":{"allow":["GET"]}}],"collection":[{"href":"https:\/\/topol.org.pl\/index.php?rest_route=\/wp\/v2\/pages"}],"about":[{"href":"https:\/\/topol.org.pl\/index.php?rest_route=\/wp\/v2\/types\/page"}],"author":[{"embeddable":true,"href":"https:\/\/topol.org.pl\/index.php?rest_route=\/wp\/v2\/users\/1"}],"replies":[{"embeddable":true,"href":"https:\/\/topol.org.pl\/index.php?rest_route=%2Fwp%2Fv2%2Fcomments&post=9657"}],"version-history":[{"count":16,"href":"https:\/\/topol.org.pl\/index.php?rest_route=\/wp\/v2\/pages\/9657\/revisions"}],"predecessor-version":[{"id":9872,"href":"https:\/\/topol.org.pl\/index.php?rest_route=\/wp\/v2\/pages\/9657\/revisions\/9872"}],"wp:attachment":[{"href":"https:\/\/topol.org.pl\/index.php?rest_route=%2Fwp%2Fv2%2Fmedia&parent=9657"}],"curies":[{"name":"wp","href":"https:\/\/api.w.org\/{rel}","templated":true}]}}