{"id":9670,"date":"2025-02-17T13:50:26","date_gmt":"2025-02-17T12:50:26","guid":{"rendered":"https:\/\/topol.org.pl\/?page_id=9670"},"modified":"2025-02-24T15:30:19","modified_gmt":"2025-02-24T14:30:19","slug":"lacznosc","status":"publish","type":"page","link":"https:\/\/topol.org.pl\/?page_id=9670","title":{"rendered":"\u0141\u0105czno\u015b\u0107"},"content":{"rendered":"\n<p>17.02.2025 13.50 <strong>Planuj\u0119 przywr\u00f3ci\u0107 budki telefoniczne na monety. \u0141\u0105czno\u015b\u0107 przy pomocy kabla telefonicznego. W czasie katastrofy wy\u0142\u0105cz\u0105 kom\u00f3rki.<\/strong><\/p>\n\n\n\n<p><strong>Poza tym inne niekonwencjonalne sposoby \u0142\u0105czno\u015bci, ale o tym p\u00f3\u017aniej. <\/strong><\/p>\n\n\n\n<p><a href=\"https:\/\/topol.org.pl\/?page_id=6187\">Fundacja: Narodowe Si\u0142y Samoobrony \u201eGrot\u201d<\/a><\/p>\n","protected":false},"excerpt":{"rendered":"<p>17.02.2025 13.50 Planuj\u0119 przywr\u00f3ci\u0107 budki telefoniczne na monety. \u0141\u0105czno\u015b\u0107 przy pomocy kabla telefonicznego. W czasie katastrofy wy\u0142\u0105cz\u0105 kom\u00f3rki. Poza tym inne niekonwencjonalne sposoby \u0142\u0105czno\u015bci, ale o tym p\u00f3\u017aniej. Fundacja: Narodowe Si\u0142y Samoobrony \u201eGrot\u201d<\/p>\n","protected":false},"author":1,"featured_media":0,"parent":0,"menu_order":251,"comment_status":"closed","ping_status":"closed","template":"","meta":{"footnotes":""},"class_list":["post-9670","page","type-page","status-publish","hentry"],"_links":{"self":[{"href":"https:\/\/topol.org.pl\/index.php?rest_route=\/wp\/v2\/pages\/9670","targetHints":{"allow":["GET"]}}],"collection":[{"href":"https:\/\/topol.org.pl\/index.php?rest_route=\/wp\/v2\/pages"}],"about":[{"href":"https:\/\/topol.org.pl\/index.php?rest_route=\/wp\/v2\/types\/page"}],"author":[{"embeddable":true,"href":"https:\/\/topol.org.pl\/index.php?rest_route=\/wp\/v2\/users\/1"}],"replies":[{"embeddable":true,"href":"https:\/\/topol.org.pl\/index.php?rest_route=%2Fwp%2Fv2%2Fcomments&post=9670"}],"version-history":[{"count":4,"href":"https:\/\/topol.org.pl\/index.php?rest_route=\/wp\/v2\/pages\/9670\/revisions"}],"predecessor-version":[{"id":9726,"href":"https:\/\/topol.org.pl\/index.php?rest_route=\/wp\/v2\/pages\/9670\/revisions\/9726"}],"wp:attachment":[{"href":"https:\/\/topol.org.pl\/index.php?rest_route=%2Fwp%2Fv2%2Fmedia&parent=9670"}],"curies":[{"name":"wp","href":"https:\/\/api.w.org\/{rel}","templated":true}]}}