{"id":9745,"date":"2025-02-20T09:58:01","date_gmt":"2025-02-20T08:58:01","guid":{"rendered":"https:\/\/topol.org.pl\/?page_id=9745"},"modified":"2026-01-09T11:02:03","modified_gmt":"2026-01-09T10:02:03","slug":"rosja","status":"publish","type":"page","link":"https:\/\/topol.org.pl\/?page_id=9745","title":{"rendered":"Rosja"},"content":{"rendered":"\n<p>14.03.2025 21.23 <a href=\"https:\/\/www.youtube.com\/watch?v=pPDjbOMVnjA\">PUTIN i \u0141UKASZENKA &#8211; Ekskluzywna konferencja prasowa na Kremlu.<\/a> \u0179r\u00f3d\u0142o: Bednarski<\/p>\n\n\n\n<p>13.03.2025 16.17 <a href=\"https:\/\/www.youtube.com\/watch?v=67PmtBCfJnU\">\u0141AWROW &#8211; EKSKLUZYWNY WYWIAD<\/a> \u0179r\u00f3d\u0142o: Bednarski     <\/p>\n\n\n\n<p>06.03.2025 06.19 <a href=\"https:\/\/pl.wikipedia.org\/wiki\/W%C5%82adimir_Putin\">W\u0142adimir W\u0142adimirowicz Putin<\/a> \u0179r\u00f3d\u0142o: Wikipedia<\/p>\n\n\n\n<p>20.02.2025 09.50 <a href=\"https:\/\/www.youtube.com\/watch?v=Yc6N6aHivjY\">Putin komentuje ostatnie negocjacje z USA<\/a> <\/p>\n\n\n\n<p>\u0179r\u00f3d\u0142o: @ViacheslavZarutskii<\/p>\n\n\n\n<p>20.02.2025 10.05 <a href=\"https:\/\/www.youtube.com\/watch?v=YBnSKUFA5Lw\">Przebieg\u0142 pierwszy dzie\u0144 negocjacji Rosji i USA. Oto szczeg\u00f3\u0142y.<\/a><br><\/p>\n\n\n\n<p><\/p>\n","protected":false},"excerpt":{"rendered":"<p>14.03.2025 21.23 PUTIN i \u0141UKASZENKA &#8211; Ekskluzywna konferencja prasowa na Kremlu. \u0179r\u00f3d\u0142o: Bednarski 13.03.2025 16.17 \u0141AWROW &#8211; EKSKLUZYWNY WYWIAD \u0179r\u00f3d\u0142o: Bednarski 06.03.2025 06.19 W\u0142adimir W\u0142adimirowicz Putin \u0179r\u00f3d\u0142o: Wikipedia 20.02.2025 09.50 Putin komentuje ostatnie negocjacje z USA \u0179r\u00f3d\u0142o: @ViacheslavZarutskii 20.02.2025 10.05 Przebieg\u0142 pierwszy dzie\u0144 negocjacji Rosji i USA. Oto szczeg\u00f3\u0142y.<\/p>\n","protected":false},"author":1,"featured_media":0,"parent":0,"menu_order":242,"comment_status":"closed","ping_status":"closed","template":"","meta":{"footnotes":""},"class_list":["post-9745","page","type-page","status-publish","hentry"],"_links":{"self":[{"href":"https:\/\/topol.org.pl\/index.php?rest_route=\/wp\/v2\/pages\/9745","targetHints":{"allow":["GET"]}}],"collection":[{"href":"https:\/\/topol.org.pl\/index.php?rest_route=\/wp\/v2\/pages"}],"about":[{"href":"https:\/\/topol.org.pl\/index.php?rest_route=\/wp\/v2\/types\/page"}],"author":[{"embeddable":true,"href":"https:\/\/topol.org.pl\/index.php?rest_route=\/wp\/v2\/users\/1"}],"replies":[{"embeddable":true,"href":"https:\/\/topol.org.pl\/index.php?rest_route=%2Fwp%2Fv2%2Fcomments&post=9745"}],"version-history":[{"count":11,"href":"https:\/\/topol.org.pl\/index.php?rest_route=\/wp\/v2\/pages\/9745\/revisions"}],"predecessor-version":[{"id":10403,"href":"https:\/\/topol.org.pl\/index.php?rest_route=\/wp\/v2\/pages\/9745\/revisions\/10403"}],"wp:attachment":[{"href":"https:\/\/topol.org.pl\/index.php?rest_route=%2Fwp%2Fv2%2Fmedia&parent=9745"}],"curies":[{"name":"wp","href":"https:\/\/api.w.org\/{rel}","templated":true}]}}