{"id":9826,"date":"2025-02-24T15:11:36","date_gmt":"2025-02-24T14:11:36","guid":{"rendered":"https:\/\/topol.org.pl\/?page_id=9826"},"modified":"2025-04-21T15:44:08","modified_gmt":"2025-04-21T13:44:08","slug":"wytwornica-gazu","status":"publish","type":"page","link":"https:\/\/topol.org.pl\/?page_id=9826","title":{"rendered":"Zielony Zgazowany \u0141ad."},"content":{"rendered":"\n<p><strong>To na wypadek jak znajdziemy si\u0119 w stanie zagro\u017cenia. Zrobi\u0142em wszystko, \u017ceby nie dopu\u015bci\u0107 do&#8230;, ale wszyscy chc\u0105, \u017ceby &#8230;<\/strong> <strong>Cze\u015b\u0107 Siemandero.<\/strong><\/p>\n\n\n\n<p>24.02.2025 15.09 \u0179r\u00f3d\u0142o: <a href=\"https:\/\/www.youtube.com\/@siemandero2492\">SIEMANDERO<\/a><\/p>\n\n\n\n<p><a href=\"https:\/\/www.youtube.com\/watch?v=4HH5xxQEQLM\">Wytwornica gazu z wszystkiego co si\u0119 pali<\/a><\/p>\n\n\n\n<p><a href=\"https:\/\/www.youtube.com\/watch?v=WuHD3snM7r4&amp;t=16s\">Gaz z drewna na pocz\u0105tek, bez dymu i smrodu<\/a><\/p>\n\n\n\n<p><a href=\"https:\/\/www.youtube.com\/watch?v=r0xqKk-Guhg\">Zgazowa\u0142em w\u0119giel, 6 h grzania i zrobi\u0142em nowy opa\u0142, koks<\/a><\/p>\n\n\n\n<p><a href=\"https:\/\/www.youtube.com\/watch?v=7GAUb_sg7C8\">6 godzin zgazowania w\u0119gla a teraz palimy koksem w\u0142asnej produkcji<\/a><\/p>\n\n\n\n<p><a href=\"https:\/\/www.youtube.com\/watch?v=zY8WQ4-LtXA\">Kupujecie paliwa do kot\u0142\u00f3w, a te najbardziej ekologiczne gnije<\/a><\/p>\n\n\n\n<p><a href=\"https:\/\/www.youtube.com\/watch?v=IyWJoEwTWas\">Nigdy nie odpuszczam mo\u017cliwo\u015bci zarobienia pieni\u0119dzy<\/a><\/p>\n\n\n\n<p><a href=\"https:\/\/www.youtube.com\/watch?v=UuL86DDVLmI\">&#8222;Polowy wypa\u0142 cegie\u0142&#8221; (1959 r.) \/CA\u0141Y FILM\/<\/a> \u0179r\u00f3d\u0142o: Wytw\u00f3rnia Film\u00f3w O\u015bwiatowych<\/p>\n\n\n\n<p><strong>Trzeba wyda\u0107 zakaz stawiania wiatrak\u00f3w dewastuj\u0105cych krajobraz. I przykrywania ziemi panelami fotowoltaicznymi. To dewastacja \u015brodowiska. Mo\u017cna panele fotowoltaiczne  umieszcza\u0107 tylko wzd\u0142u\u017c dr\u00f3g szybkiego ruchu i na podk\u0142adach <strong>tor\u00f3w kolejowych<\/strong>.<\/strong><\/p>\n\n\n\n<p><a href=\"https:\/\/topol.org.pl\/?page_id=2698\">Europejski Zielony \u0141ad<\/a><\/p>\n\n\n\n<p><a href=\"https:\/\/topol.org.pl\/?page_id=6187\">Fundacja: Narodowe Si\u0142y Samoobrony \u201eGrot\u201d<\/a><\/p>\n\n\n\n<p><\/p>\n","protected":false},"excerpt":{"rendered":"<p>To na wypadek jak znajdziemy si\u0119 w stanie zagro\u017cenia. Zrobi\u0142em wszystko, \u017ceby nie dopu\u015bci\u0107 do&#8230;, ale wszyscy chc\u0105, \u017ceby &#8230; Cze\u015b\u0107 Siemandero. 24.02.2025 15.09 \u0179r\u00f3d\u0142o: SIEMANDERO Wytwornica gazu z wszystkiego co si\u0119 pali Gaz z drewna na pocz\u0105tek, bez dymu i smrodu Zgazowa\u0142em w\u0119giel, 6 h grzania i zrobi\u0142em nowy opa\u0142, koks 6 godzin zgazowania [&hellip;]<\/p>\n","protected":false},"author":1,"featured_media":0,"parent":0,"menu_order":272,"comment_status":"closed","ping_status":"closed","template":"","meta":{"footnotes":""},"class_list":["post-9826","page","type-page","status-publish","hentry"],"_links":{"self":[{"href":"https:\/\/topol.org.pl\/index.php?rest_route=\/wp\/v2\/pages\/9826","targetHints":{"allow":["GET"]}}],"collection":[{"href":"https:\/\/topol.org.pl\/index.php?rest_route=\/wp\/v2\/pages"}],"about":[{"href":"https:\/\/topol.org.pl\/index.php?rest_route=\/wp\/v2\/types\/page"}],"author":[{"embeddable":true,"href":"https:\/\/topol.org.pl\/index.php?rest_route=\/wp\/v2\/users\/1"}],"replies":[{"embeddable":true,"href":"https:\/\/topol.org.pl\/index.php?rest_route=%2Fwp%2Fv2%2Fcomments&post=9826"}],"version-history":[{"count":23,"href":"https:\/\/topol.org.pl\/index.php?rest_route=\/wp\/v2\/pages\/9826\/revisions"}],"predecessor-version":[{"id":11654,"href":"https:\/\/topol.org.pl\/index.php?rest_route=\/wp\/v2\/pages\/9826\/revisions\/11654"}],"wp:attachment":[{"href":"https:\/\/topol.org.pl\/index.php?rest_route=%2Fwp%2Fv2%2Fmedia&parent=9826"}],"curies":[{"name":"wp","href":"https:\/\/api.w.org\/{rel}","templated":true}]}}