{"id":9873,"date":"2025-02-26T12:20:10","date_gmt":"2025-02-26T11:20:10","guid":{"rendered":"https:\/\/topol.org.pl\/?page_id=9873"},"modified":"2025-04-17T10:38:43","modified_gmt":"2025-04-17T08:38:43","slug":"analiza","status":"publish","type":"page","link":"https:\/\/topol.org.pl\/?page_id=9873","title":{"rendered":"Analiza deregulacji"},"content":{"rendered":"\n<p>26.02.2025 20.04 Analiza poczyna\u0144 zespo\u0142u do spraw deregulacji<\/p>\n\n\n\n<p id=\"block-id-lWShCeDBwR\">&#8222;Zesp\u00f3\u0142 Rafa\u0142a Brzoski postuluje wprowadzenie uproszczonej egzekucji na podstawie faktury ustrukturyzowanej (wystawionej za po\u015brednictwem Krajowego Systemu e-Faktur) i zaksi\u0119gowanej w JPK przez d\u0142u\u017cnika\u201d. \u0179r\u00f3d\u0142o: rp.pl<\/p>\n\n\n\n<p><strong>Bardzo z\u0142e rozwi\u0105zanie dla mikro firm i ma\u0142ych firm. Korporacje, kt\u00f3re wprowadzi\u0142y \u0142ad korporacyjny mog\u0105 to wdro\u017cy\u0107 u siebie. Krajowy system e-faktur to z\u0142e rozwi\u0105zanie. Zostan\u0105 tylko korporacje. Trzeba was odsun\u0105\u0107.<\/strong>   <\/p>\n\n\n\n<p>27.02.2025 06.53 &#8222;<a href=\"https:\/\/www.rp.pl\/opinie-ekonomiczne\/art41855261-moja-propozycja-dla-zespolu-brzoski-prywatyzacja-przez-deregulacje\">Moja propozycja dla zespo\u0142u Brzoski: prywatyzacja przez deregulacj\u0119<\/a>&#8221; \u0179r\u00f3d\u0142o: rp.pl<\/p>\n\n\n\n<p>Pierwsze pytanie referendalne<\/p>\n\n\n\n<p>Czy popierasz wyprzeda\u017c pa\u0144stwowych przedsi\u0119biorstw? Odpowiedz \u201enie\u201d Popieram Kapitalizm interesariuszy pa\u0144stwowy ponad 51% udzia\u0142\u00f3w. \u0179r\u00f3d\u0142o: <a href=\"https:\/\/topol.org.pl\/?page_id=47\">Fragment<\/a><\/p>\n\n\n\n<p><a href=\"https:\/\/www.youtube.com\/shorts\/pZuencTPQrM?feature=share\">Czy rozw\u00f3j paczkomat\u00f3w by\u0142 dobry dla gospodarki<\/a> ?<\/p>\n\n\n\n<p><strong>Nie by\u0142 dobry, ju\u017c w czasie pandemii <a href=\"https:\/\/www.rp.pl\/uslugi\/art42138591-potezna-akwizycja-inpostu-w-wielkiej-brytanii-zagrozona-royal-mail\">rozw\u00f3j paczkomat\u00f3w zlikwidowa\u0142 sklepy stacjonarne<\/a>. Wszystko umiera: centra handlowe, pasa\u017ce handlowe, ma\u0142e firmy i <a href=\"https:\/\/topol.org.pl\/?page_id=2666\">Poczta Polska<\/a>. Pami\u0119tam jak ok\u0142adali klienta w pasa\u017cu handlowym za brak maseczki. Jak dojd\u0119 do w\u0142adzy w pierwszej kolejno\u015bci podpisz\u0119 akt \u0142aski za brak maseczki i utarczk\u0119 si\u0142ow\u0105 z egzekutorami pandemii w pasa\u017cu handlowym.<\/strong><\/p>\n\n\n\n<p><strong>Co trzeba zrobi\u0107 ? Na\u0142o\u017cy\u0107 podatek na paczkomaty. Pozwoli\u0107, ka\u017cdej firmie nawet nieb\u0119d\u0105cej p\u0142atnikiem VAT na handel internetowy. Zakaza\u0107 pomys\u0142\u00f3w na dostarczanie dronem towar\u00f3w (zagro\u017cenie dostarczenia \u0142adunku wybuchowego pod wskazany adres). Pozwoli\u0107 na wychodzenie z domu bez maseczki i zakupy w normalnych sklepach.<\/strong><\/p>\n\n\n\n<p><strong>O co mi chodzi ?<\/strong><\/p>\n\n\n\n<p>Ze wzgl\u0119du na plany globalist\u00f3w, \u017ceby zosta\u0142y na \u015bwiecie tylko korporacje Moja Rzeczpospolita Polska wprowadza program.<br>Potrzebna oferta bytowa \u0179r\u00f3d\u0142o: <a href=\"https:\/\/topol.org.pl\/?page_id=47\">Fragment<\/a><br>1. Bezwzgl\u0119dnie zachowanie got\u00f3wki jako \u015brodka p\u0142atniczego. Promujemy p\u0142atno\u015b\u0107 got\u00f3wk\u0105.<br>2. Przywr\u00f3cenie karty podatkowej<br>3.&nbsp;<a href=\"https:\/\/www.google.com\/search?client=firefox-b-d&amp;q=STAWIAMY+NA+RZEMIOS%C5%81O#ip=1\">Wdro\u017cenie ustawy Wilczka<\/a>&nbsp;z 1988 roku dla polskich ma\u0142ych firm do 250 os\u00f3b (zatrudnionych).<br>4.&nbsp;<a href=\"https:\/\/topol.org.pl\/?page_id=8678\">ESG<\/a>&nbsp;dobrowolne dla firm Polskich nie wprowadzaj\u0105cych \u0142adu korporacyjnego.<br>5. Chorobowe od pierwszego dnia na zwolnieniu dla przedsi\u0119biorc\u00f3w.<br>6. Ma\u0142y ZUS na sta\u0142e dla prowadz\u0105cych dzia\u0142alno\u015b\u0107 gospodarcz\u0105(JE\u015aLI CHC\u0104) i dla pracownik\u00f3w(JE\u015aLI CHC\u0104) zatrudnionych w polskich ma\u0142ych firmach do 250 os\u00f3b<br>7. Kwota wolna dla wszystkich 30000 z\u0142+ inflacja(chc\u0119 zap\u0142aci\u0107 podatek powy\u017cej) skala jedna dla wszystkich bez \u017cadnych prog\u00f3w podatkowych.<br>8. Dla rodziny zwolnienie z podatku do 9600 z\u0142 rocznie na jedno dziecko. Przy braku dochod\u00f3w 800 z\u0142 miesi\u0119cznie lub wyr\u00f3wnanie do 800 z\u0142. Pomoc dla maksymalnie 2 dzieci.<\/p>\n\n\n\n<p>11. Firma przechodzi na VAT przy przychodach wi\u0119kszych od 100 krotnej \u015bredniej krajowej. Albo dobrowolnie.<br>12. Ka\u017cda firma mo\u017ce prowadzi\u0107 handel ka\u017cdym asortymentem r\u00f3wnie\u017c w Internecie bez wzgl\u0119du czy jest zwolniona z VAT czy nie. \u0179r\u00f3d\u0142o: <a href=\"https:\/\/topol.org.pl\/?page_id=47\">Fragment<\/a><\/p>\n\n\n\n<p>11.03.2025 06.31 <\/p>\n\n\n\n<p><strong>&#8222;kwota woln\u0105 od&nbsp;podatku na&nbsp;poziomie 60 tys. z\u0142&#8221;-to z\u0142y pomys\u0142, kto\u015b musi p\u0142aci\u0107 podatki.<\/strong><\/p>\n\n\n\n<p><strong>&#8222;Dobrowolny ZUS dla przedsi\u0119biorc\u00f3w?&#8221;- to z\u0142y pomys\u0142, ka\u017cdy przedsi\u0119biorca musi by\u0107 ubezpieczony. np. ma\u0142y ZUS wliczony do sta\u017cu. P\u00f3\u017aniej najni\u017csza renta i emerytura r\u00f3wna najni\u017cszej pensji krajowej.<\/strong><\/p>\n\n\n\n<p><strong>S\u0142u\u017cba zdrowia musi ograniczy\u0107 wydatki do dochod\u00f3w NFZ. Najpierw trzeba pokry\u0107 wydatki, p\u00f3\u017aniej reszt\u0119 pieni\u0119dzy podzieli\u0107 na wynagrodzenia.<\/strong><\/p>\n\n\n\n<p>Verte &gt;<a href=\"https:\/\/topol.org.pl\/?page_id=6187\">Fundacja Narodowe Si\u0142y Samoobrony \u201eGrot\u201d<\/a><\/p>\n\n\n\n<p><\/p>\n","protected":false},"excerpt":{"rendered":"<p>26.02.2025 20.04 Analiza poczyna\u0144 zespo\u0142u do spraw deregulacji &#8222;Zesp\u00f3\u0142 Rafa\u0142a Brzoski postuluje wprowadzenie uproszczonej egzekucji na podstawie faktury ustrukturyzowanej (wystawionej za po\u015brednictwem Krajowego Systemu e-Faktur) i zaksi\u0119gowanej w JPK przez d\u0142u\u017cnika\u201d. \u0179r\u00f3d\u0142o: rp.pl Bardzo z\u0142e rozwi\u0105zanie dla mikro firm i ma\u0142ych firm. Korporacje, kt\u00f3re wprowadzi\u0142y \u0142ad korporacyjny mog\u0105 to wdro\u017cy\u0107 u siebie. Krajowy system e-faktur [&hellip;]<\/p>\n","protected":false},"author":1,"featured_media":0,"parent":0,"menu_order":273,"comment_status":"closed","ping_status":"closed","template":"","meta":{"footnotes":""},"class_list":["post-9873","page","type-page","status-publish","hentry"],"_links":{"self":[{"href":"https:\/\/topol.org.pl\/index.php?rest_route=\/wp\/v2\/pages\/9873","targetHints":{"allow":["GET"]}}],"collection":[{"href":"https:\/\/topol.org.pl\/index.php?rest_route=\/wp\/v2\/pages"}],"about":[{"href":"https:\/\/topol.org.pl\/index.php?rest_route=\/wp\/v2\/types\/page"}],"author":[{"embeddable":true,"href":"https:\/\/topol.org.pl\/index.php?rest_route=\/wp\/v2\/users\/1"}],"replies":[{"embeddable":true,"href":"https:\/\/topol.org.pl\/index.php?rest_route=%2Fwp%2Fv2%2Fcomments&post=9873"}],"version-history":[{"count":25,"href":"https:\/\/topol.org.pl\/index.php?rest_route=\/wp\/v2\/pages\/9873\/revisions"}],"predecessor-version":[{"id":11573,"href":"https:\/\/topol.org.pl\/index.php?rest_route=\/wp\/v2\/pages\/9873\/revisions\/11573"}],"wp:attachment":[{"href":"https:\/\/topol.org.pl\/index.php?rest_route=%2Fwp%2Fv2%2Fmedia&parent=9873"}],"curies":[{"name":"wp","href":"https:\/\/api.w.org\/{rel}","templated":true}]}}